{"id":138,"date":"2017-02-18T15:44:11","date_gmt":"2017-02-18T13:44:11","guid":{"rendered":"http:\/\/192.168.88.77\/?page_id=138"},"modified":"2019-08-28T08:55:41","modified_gmt":"2019-08-28T06:55:41","slug":"bijusie-2016-gada-saieti","status":"publish","type":"page","link":"https:\/\/www.3x3.lv\/?page_id=138","title":{"rendered":"Latvij\u0101 2009.-2019.gadu saieti"},"content":{"rendered":"\n<h2 class=\"wp-block-heading\">2019.gad\u0101<\/h2>\n\n\n\n<div class=\"wp-block-image\"><figure class=\"alignleft is-resized\"><img loading=\"lazy\" decoding=\"async\" src=\"https:\/\/www.3x3.lv\/wp-content\/uploads\/2019\/01\/3x3_Vecpiebalga_zime_2019maza.png\" alt=\"\" class=\"wp-image-1414\" width=\"75\" height=\"67\" srcset=\"https:\/\/www.3x3.lv\/wp-content\/uploads\/2019\/01\/3x3_Vecpiebalga_zime_2019maza.png 333w, https:\/\/www.3x3.lv\/wp-content\/uploads\/2019\/01\/3x3_Vecpiebalga_zime_2019maza-300x269.png 300w\" sizes=\"auto, (max-width: 75px) 100vw, 75px\" \/><\/figure><\/div>\n\n\n\n<p><b>Vecpiebalg\u0101 <\/b>no&nbsp;7. l\u012bdz 14. j\u016blijam, vad\u012bja&nbsp;<b>Inese&nbsp;<\/b>un&nbsp;<b>Ain\u0101rs Gr\u012bnvaldi<\/b><\/p>\n\n\n\n<p><a href=\"https:\/\/www.3x3.lv\/KRATUVE\/Vecpiebalga\/\">Lasi vair\u0101k <\/a><\/p>\n\n\n\n<p><\/p>\n\n\n\n<div class=\"wp-block-image\"><figure class=\"alignleft is-resized\"><img loading=\"lazy\" decoding=\"async\" src=\"https:\/\/www.3x3.lv\/wp-content\/uploads\/2019\/03\/Jaunpils-3x3.jpg\" alt=\"\" class=\"wp-image-1493\" width=\"69\" height=\"123\" srcset=\"https:\/\/www.3x3.lv\/wp-content\/uploads\/2019\/03\/Jaunpils-3x3.jpg 602w, https:\/\/www.3x3.lv\/wp-content\/uploads\/2019\/03\/Jaunpils-3x3-168x300.jpg 168w, https:\/\/www.3x3.lv\/wp-content\/uploads\/2019\/03\/Jaunpils-3x3-572x1024.jpg 572w\" sizes=\"auto, (max-width: 69px) 100vw, 69px\" \/><\/figure><\/div>\n\n\n\n<p><b>Jaunpil\u012b <\/b>no 21. l\u012bdz 28.j\u016blijam, vad\u012bja&nbsp;<strong>Ieva<\/strong> un <strong>Eduards<\/strong> <strong>Kr\u016bmi\u0146i<\/strong><\/p>\n\n\n\n<p><a href=\"https:\/\/www.3x3.lv\/KRATUVE\/Jaunpils2019\">Lasi vair\u0101k<\/a><\/p>\n\n\n\n<h2 class=\"wp-block-heading\">2018.gad\u0101<\/h2>\n\n\n\n<p><strong>Za\u013ceniekos<\/strong>, no 22. l\u012bdz 29.j\u016blijam,&nbsp;vadija&nbsp;<strong>Ilva Mieze<\/strong> un <strong>Edmunds Bark\u0101ns<\/strong><a href=\"https:\/\/www.3x3.lv\/KRATUVE\/Zalenieki2018\/\">   <\/a><a href=\"https:\/\/www.3x3.lv\/KRATUVE\/Zalenieki2018\/\">  Lasi vair\u0101k<\/a><\/p>\n\n\n\n<p><strong>Kr\u0101slav\u0101<\/strong>, no 8.j\u016blija l\u012bdz 15.j\u016blijam,&nbsp;vadija&nbsp;<strong>Ilze<\/strong> un<strong> Lauris<\/strong>&nbsp;<strong>Cekuli<\/strong>     <a href=\"https:\/\/www.3x3.lv\/KRATUVE\/Kraslava\/\">Lasi vair\u0101k<\/a><\/p>\n\n\n\n<h2 class=\"wp-block-heading\">2017.gad\u0101<\/h2>\n\n\n\n<p><strong>Salacgr\u012bv\u0101<\/strong>, no 23. l\u012bdz 30. j\u016blijam, vad\u012bja&nbsp;<strong>Dina un Reinis Cep\u013ci &nbsp;<\/strong><a href=\"https:\/\/www.3x3.lv\/KRATUVE\/Salacgriva2017\/\">Lasi vair\u0101k<\/a>&nbsp; &nbsp;<a href=\"https:\/\/www.3x3.lv\/KRATUVE\/Salacgriva2017\/Ievirzu_apraksti_2017_06_28.pdf\">Ievir\u017eu apraksts<\/a><br><strong>R\u016bjien\u0101<\/strong>, no 2.l\u012bdz 9.j\u016blijam, vad\u012bja&nbsp;<strong>Sannija un Madars Kalni\u0146i&nbsp;<\/strong><a href=\"https:\/\/www.3x3.lv\/KRATUVE\/Rujiena2017\">Lasi vair\u0101k<\/a>&nbsp; <a href=\"https:\/\/www.3x3.lv\/KRATUVE\/Rujiena2017\/IevirzesRujiena2017.pdf\">Ievir\u017eu apraksts<\/a><\/p>\n\n\n\n<h2 class=\"wp-block-heading\">2016.gad\u0101<\/h2>\n\n\n\n<p><strong>Pel\u010dos<\/strong> (pie Kuld\u012bgas), no 24. l\u012bdz 31. j\u016blijam, vad\u012bja&nbsp;<strong>Daiga un Aldis Bitinieki &nbsp;<\/strong><a href=\"https:\/\/www.3x3.lv\/KRATUVE\/Pelci\/\">Lasi vair\u0101k<\/a><br><strong>Sald\u016b<\/strong>, no 3. l\u012bdz 10. j\u016blijam, vad\u012bja&nbsp; <strong>Egija un Ingus Kr\u016bmi\u0146i &nbsp;<\/strong><a href=\"https:\/\/www.3x3.lv\/KRATUVE\/Saldus2016\/\">Lasi vair\u0101k<\/a><\/p>\n\n\n\n<h2 class=\"wp-block-heading\">2015.gad\u0101<\/h2>\n\n\n\n<p><strong>Prieku\u013cos<\/strong>&nbsp;(pie C\u0113s\u012bm), 19. &#8211; 26. j\u016blijam, saietu vad\u012bja&nbsp;<strong>Eduards Kr\u016bmi\u0146\u0161 un Ieva Plori\u0146a&nbsp;<\/strong><a href=\"https:\/\/www.3x3.lv\/KRATUVE\/Priekuli\/\">Lasi vair\u0101k<\/a><br><strong>Vi\u013c\u0101nos,<\/strong>&nbsp;no 28. j\u016bnija l\u012bdz 5. j\u016blijam, saietu vad\u012bja &nbsp;<strong>Aloida un Viktors Jur\u010denko&nbsp;<\/strong>&nbsp;&nbsp;<a href=\"https:\/\/www.3x3.lv\/KRATUVE\/Vilani\">Lasi vair\u0101k<\/a><\/p>\n\n\n\n<h2 class=\"wp-block-heading\">2014.gad\u0101<\/h2>\n\n\n\n<p><strong>Rucav\u0101,&nbsp;<\/strong>no 13. l\u012bdz 20.j\u016blijam, saietu vad\u012bja<strong>&nbsp;Inese Kr\u016bmi\u0146a&nbsp;<\/strong>ar \u0123imeni&nbsp;<a href=\"https:\/\/www.3x3.lv\/KRATUVE\/Rucava2014\/\">Lasi vair\u0101k<\/a><br><strong>Smilten\u0113<\/strong>, no 20. l\u012bdz 27.j\u016blijam, saietu vad\u012bja&nbsp;<strong>Inese<\/strong>&nbsp;un&nbsp;<strong>Ain\u0101rs Gr\u012bnvaldi&nbsp;<\/strong><a href=\"https:\/\/www.3x3.lv\/KRATUVE\/Smiltene2014\/\">Lasi vair\u0101k<\/a><\/p>\n\n\n\n<h2 class=\"wp-block-heading\">2013.gad\u0101<\/h2>\n\n\n\n<p><strong>Alsung\u0101,&nbsp;<\/strong>no 21. l\u012bdz 28.j\u016blijam, vad\u012bja<strong>&nbsp;Anna Gobzeme-Nulle&nbsp;<\/strong>un&nbsp;<strong>Guntis Nulle&nbsp;<\/strong><a href=\"http:\/\/3x3.lv\/KRATUVE\/Alsunga2013\/\">Lasi vair\u0101k<\/a><br><strong>Neret\u0101<\/strong>, no 7. l\u012bdz 14.j\u016blijam, vad\u012bja&nbsp;<strong>Aelita<\/strong>&nbsp;un&nbsp;<strong>Juris Bat\u0146as&nbsp;<\/strong>&nbsp;&nbsp;<a href=\"https:\/\/www.3x3.lv\/jus-gaida-3x3-nometne-neret.html\">Lasi vair\u0101k<\/a><\/p>\n\n\n\n<h2 class=\"wp-block-heading\">2012.gad\u0101<\/h2>\n\n\n\n<p><strong>Koc\u0113nos&nbsp;&nbsp;<\/strong><a href=\"https:\/\/www.3x3.lv\/KRATUVE\/Koceni\/\">Lasi vair\u0101k<\/a><br><strong>Kandav\u0101<\/strong>&nbsp;<a href=\"https:\/\/www.3x3.lv\/KRATUVE\/Kandava\/\">Lasi vair\u0101k<\/a>&nbsp; <a href=\"https:\/\/www.3x3.lv\/KRATUVE\/Kandava\/vairak-ka-pustukstotis.html\">Rasmas Zvejnieces raksts<\/a><\/p>\n\n\n\n<h2 class=\"wp-block-heading\">2011.gad\u0101<\/h2>\n\n\n\n<p><strong>Cesvain\u0113<\/strong>&nbsp; &nbsp; &nbsp; &nbsp; &nbsp;<a href=\"https:\/\/www.3x3.lv\/KRATUVE\/Cesvaine\">Lasi vair\u0101k<\/a><br><strong>Liepn\u0101 &nbsp; &nbsp; &nbsp; &nbsp; &nbsp; &nbsp;<\/strong><a href=\"https:\/\/www.3x3.lv\/KRATUVE\/Liepna\">Lasi vair\u0101k<\/a><\/p>\n\n\n\n<h2 class=\"wp-block-heading\">2010.gad\u0101<\/h2>\n\n\n\n<p><strong>M\u0101lpil\u012b &nbsp; &nbsp; &nbsp; &nbsp; &nbsp; &nbsp;&nbsp;<\/strong><a href=\"https:\/\/www.3x3.lv\/KRATUVE\/Malpils\">Lasi vair\u0101k<\/a><br><strong>Mazsalac\u0101 &nbsp; &nbsp; &nbsp;&nbsp;<\/strong><a href=\"https:\/\/www.3x3.lv\/KRATUVE\/Mazsalaca2010\">Lasi vair\u0101k<\/a><\/p>\n\n\n\n<h2 class=\"wp-block-heading\">2009.gad\u0101<\/h2>\n\n\n\n<p><strong>Nauk\u0161\u0113nos &nbsp; &nbsp;&nbsp;<\/strong><a href=\"https:\/\/www.3x3.lv\/KRATUVE\/Naukseni\/\">Lasi vair\u0101k<\/a><br><strong>Kazdang\u0101 &nbsp; &nbsp; &nbsp;&nbsp;<\/strong><a href=\"https:\/\/www.3x3.lv\/KRATUVE\/Kazdanga\/\">Lasi vair\u0101k<\/a><\/p>\n","protected":false},"excerpt":{"rendered":"<p>2019.gad\u0101 Vecpiebalg\u0101 no&nbsp;7. l\u012bdz 14. j\u016blijam, vad\u012bja&nbsp;Inese&nbsp;un&nbsp;Ain\u0101rs Gr\u012bnvaldi Lasi vair\u0101k Jaunpil\u012b no 21. l\u012bdz 28.j\u016blijam, vad\u012bja&nbsp;Ieva un Eduards Kr\u016bmi\u0146i Lasi vair\u0101k 2018.gad\u0101 Za\u013ceniekos, no 22. l\u012bdz 29.j\u016blijam,&nbsp;vadija&nbsp;Ilva Mieze un Edmunds&#8230;<\/p>\n","protected":false},"author":1,"featured_media":0,"parent":229,"menu_order":2,"comment_status":"closed","ping_status":"closed","template":"","meta":{"__cvm_playback_settings":[],"__cvm_video_id":"","footnotes":""},"class_list":["post-138","page","type-page","status-publish","hentry"],"_links":{"self":[{"href":"https:\/\/www.3x3.lv\/index.php?rest_route=\/wp\/v2\/pages\/138","targetHints":{"allow":["GET"]}}],"collection":[{"href":"https:\/\/www.3x3.lv\/index.php?rest_route=\/wp\/v2\/pages"}],"about":[{"href":"https:\/\/www.3x3.lv\/index.php?rest_route=\/wp\/v2\/types\/page"}],"author":[{"embeddable":true,"href":"https:\/\/www.3x3.lv\/index.php?rest_route=\/wp\/v2\/users\/1"}],"replies":[{"embeddable":true,"href":"https:\/\/www.3x3.lv\/index.php?rest_route=%2Fwp%2Fv2%2Fcomments&post=138"}],"version-history":[{"count":36,"href":"https:\/\/www.3x3.lv\/index.php?rest_route=\/wp\/v2\/pages\/138\/revisions"}],"predecessor-version":[{"id":1757,"href":"https:\/\/www.3x3.lv\/index.php?rest_route=\/wp\/v2\/pages\/138\/revisions\/1757"}],"up":[{"embeddable":true,"href":"https:\/\/www.3x3.lv\/index.php?rest_route=\/wp\/v2\/pages\/229"}],"wp:attachment":[{"href":"https:\/\/www.3x3.lv\/index.php?rest_route=%2Fwp%2Fv2%2Fmedia&parent=138"}],"curies":[{"name":"wp","href":"https:\/\/api.w.org\/{rel}","templated":true}]}}