{"id":1473,"date":"2019-03-17T23:17:31","date_gmt":"2019-03-17T21:17:31","guid":{"rendered":"http:\/\/www.3x3.lv\/?page_id=1473"},"modified":"2022-01-04T14:06:56","modified_gmt":"2022-01-04T12:06:56","slug":"3x3-nometne-garezera-katru-gadu-kops-1981-gada","status":"publish","type":"page","link":"https:\/\/www.3x3.lv\/?page_id=1473","title":{"rendered":"3&#215;3 nometne Garezer\u0101 \u2013 katru gadu kop\u0161 1981.gada !"},"content":{"rendered":"\n<p><br><\/p>\n\n\n\n<p style=\"text-align:left\">Jau 38. gadu p\u0113c k\u0101rtas Garezera 3&#215;3 gaid\u012bs dal\u012bbniekus no 4. \u2013 11. augustam.Organiz\u0113jot pirmo 3&#215;3 Garezer\u0101 1981. gad\u0101, r\u012bkot\u0101jiem vien\u012bg\u0101 doma bija godam novad\u012bt \u0161o ned\u0113\u013cu \u2013 latvisku, draudz\u012bgu, interesantu.  Dal\u012bbnieku atsauc\u012bba un pa\u0161u saj\u016bsma par izdevu\u0161os eksperimentu bija tik liela, ka bija drosme ne tikai \u0161o eksperimentu atk\u0101rtot n\u0101ko\u0161aj\u0101 gad\u0101, bet ar\u012b mekl\u0113t 3&#215;3 r\u012bkot\u0101jus citur . Kas to b\u016btu dom\u0101jis, ka 3&#215;3 kust\u012bba turpin\u0101s augt un 2019. gad\u0101 m\u016bsu saim\u0113 b\u016bs jau 10 nometnes\/saieti,  pa divi ASV, Latvij\u0101 un Anglij\u0101, pa vienam Austr\u0101lij\u0101, \u012arij\u0101, V\u0101cij\u0101 un Norv\u0113\u0123ij\u0101! K\u0101 vienm\u0113r, ar\u012b \u0161ovasar Garezera 3&#215;3 veidoj\u0101s lieliska programma, k\u0101 lieliem, t\u0101 maziem. Mazo tr\u012bsreiztr\u012bsinieku Garezer\u0101 netr\u016bkst, un vi\u0146us nodarbin\u0101s un iepriecin\u0101s vesela komanda, pie tam tr\u012bs no audzin\u0101t\u0101jiem \u2013 Guntis R\u016bti\u0146\u0161, L\u012bva Kalve un Reinis \u0160veikovskis savas gaitas Garezera 3&#215;3 uzs\u0101ka agr\u0101 b\u0113rn\u012bb\u0101. No Latvijas atgriez\u012bsies ar\u012b b\u0113rnu d\u0101rza vad\u012bt\u0101ja Laima Zvilna un J\u0101nis Atis Kr\u016bmi\u0146\u0161, kura vilku m\u0101c\u012bb\u0101 b\u0113rni ar lielu aizraut\u012bbu piedal\u0101s gadu p\u0113c gada. K\u0101 jau visus gadus 3&#215;3 programm\u0101 bus da\u017e\u0101das nodarb\u012bbas: lekciju un p\u0101rrunu ievirzes un vair\u0101kas ievirzes tiem, kuri v\u0113las ar sav\u0101m rok\u0101m kaut ko izgatavot. Arvien popul\u0101ro politikas ievirzi vad\u012bs Pauls Raudseps, kam ir pla\u0161as un dzi\u013cas zin\u0101\u0161anas par Latvijas v\u0113sturi, ekonomiku un pol\u012btiku, kurai vi\u0146\u0161 intens\u012bvi sekojis jau kop\u0161 Atmodas laikiem.<\/p>\n\n\n\n<figure class=\"wp-block-image\"><img loading=\"lazy\" decoding=\"async\" width=\"1024\" height=\"683\" src=\"https:\/\/www.3x3.lv\/wp-content\/uploads\/2019\/03\/Pauls-Raudseps20193x3copy-1-1024x683.jpg\" alt=\"\" class=\"wp-image-1477\" srcset=\"https:\/\/www.3x3.lv\/wp-content\/uploads\/2019\/03\/Pauls-Raudseps20193x3copy-1-1024x683.jpg 1024w, https:\/\/www.3x3.lv\/wp-content\/uploads\/2019\/03\/Pauls-Raudseps20193x3copy-1-300x200.jpg 300w, https:\/\/www.3x3.lv\/wp-content\/uploads\/2019\/03\/Pauls-Raudseps20193x3copy-1-768x512.jpg 768w, https:\/\/www.3x3.lv\/wp-content\/uploads\/2019\/03\/Pauls-Raudseps20193x3copy-1.jpg 1506w\" sizes=\"auto, (max-width: 1024px) 100vw, 1024px\" \/><\/figure>\n\n\n\n<p style=\"text-align:left\"> Pauls ir dzimis ASV, audzis Boston\u0101, kur beidza Harvarda universit\u0101ti ar gr\u0101du Krievijas un PSRS vestur\u0113.  1990. gad\u0101 Pauls iesaist\u012bj\u0101s Latvijas Tautas frontes darb\u0101 Latvij\u0101 un p\u0113c tam piedal\u012bj\u0101s laikraksta \u201cDiena\u201d dibin\u0101\u0161an\u0101.  Izdevum\u0101 vi\u0146\u0161 nostr\u0101d\u0101ja l\u012bdz 2009. gadam k\u0101 galven\u0101 redaktora pirmais vietnieks un k\u0101 koment\u0101ru lapas redaktors.  P\u0113c \u201cDienas\u201d \u012bpa\u0161nieku mai\u0146as, kop\u0101 ar domubiedru grupu Pauls izveidoja \u017eurn\u0101lu \u201cIr\u201d, kur kop\u0161 2010. gada str\u0101d\u0101 k\u0101 koment\u0113tajs.  Tagad, kad Latvija ir nosvin\u0113jusi simtgadi, ko t\u0101l\u0101k? Valsts simtu pirmais gads n\u0101k ar daudziem neatbild\u0113tiem jaut\u0101jumiem.  Vieni saka, ka \u0161ie ir lab\u0101kie laiki, k\u0101dus Latvija jebkad piedz\u012bvojusi.  Tad k\u0101p\u0113c citi v\u0113l arvien ir neapmierin\u0101ti?  Ko varam gaid\u012bt no jaun\u0101s Saeimas, kur\u0101 sav\u0113l\u0113ti daudzi jauni pol\u012btiskie sp\u0113ki un deput\u0101ti?  Kas \u0161obr\u012bd ir visliel\u0101kie draudi Latvijas att\u012bst\u012bbai?  Uz \u0161iem un citiem jaut\u0101jumiem cent\u012bsies atbild\u0113t politikas ievirz\u0113.  Latvijas universit\u0101tes p\u0113tniece, v\u0113stures zin\u0101tniece, etnolo\u0123e un rokdarbniece no Madonas  novada, Anete Karlsone folkloras ievirz\u0113 iepaz\u012bstin\u0101s ar seno latvie\u0161u kr\u0101su pasauli un ko m\u0113s par to zin\u0101m. Cik pel\u0113ki vai ko\u0161i k\u0101dreiz esam biju\u0161i?  Kr\u0101sas un kr\u0101sain\u012bba ir m\u016bsu dz\u012bves da\u013ca.  Gan sen\u0101k, gan tagad.  Vienm\u0113r.  K\u0101da bija seno latvie\u0161u kr\u0101su pasaule l\u012bdz sint\u0113tisko kr\u0101su atkl\u0101\u0161anai?  Dabas sniegt\u0101 kr\u0101su pasaule ir da\u013ca no m\u016bsu kult\u016bras v\u0113stures.  Kr\u0101su p\u0113tniec\u012bba m\u016bsdien\u0101s sp\u0113j sniegt atbildes uz \u013coti daudziem jaut\u0101jumiem. Vi\u0146as v\u012brs, keramikas meistars M\u0101ris Karlsons darbosies Garezera podnieku darbn\u012bc\u0101 kop\u0101 ar Uldi Stepi.  <\/p>\n\n\n\n<figure class=\"wp-block-image\"><img loading=\"lazy\" decoding=\"async\" width=\"1024\" height=\"682\" src=\"https:\/\/www.3x3.lv\/wp-content\/uploads\/2019\/03\/3x3KarlsoniAneteunMaris-1-1024x682.jpg\" alt=\"\" class=\"wp-image-1478\" srcset=\"https:\/\/www.3x3.lv\/wp-content\/uploads\/2019\/03\/3x3KarlsoniAneteunMaris-1-1024x682.jpg 1024w, https:\/\/www.3x3.lv\/wp-content\/uploads\/2019\/03\/3x3KarlsoniAneteunMaris-1-300x200.jpg 300w, https:\/\/www.3x3.lv\/wp-content\/uploads\/2019\/03\/3x3KarlsoniAneteunMaris-1-768x511.jpg 768w, https:\/\/www.3x3.lv\/wp-content\/uploads\/2019\/03\/3x3KarlsoniAneteunMaris-1.jpg 1513w\" sizes=\"auto, (max-width: 1024px) 100vw, 1024px\" \/><\/figure>\n\n\n\n<p>Turpin\u0101jum\u0101 no pag\u0101ju\u0161\u0101 gada p\u0101rrunu ievirzes par latvisko dz\u012bveszi\u0146u dievtur\u012bg\u0101 un krist\u012bg\u0101 skat\u012bjum\u0101, ev. lut m\u0101c\u012bt\u0101jai Gundegai Puidzai \u0161ogad n\u0101ks kl\u0101t kato\u013cu priesters no Liep\u0101jas Andris Vasi\u013cevsiks un Latvju dievturu sadraudzes vadone Ilze K\u013cavi\u0146a.  Literat\u016bras ievirzi \u201cM\u012blas dzeja 100 gados\u201d  vad\u012bs L\u012bga Balode. K\u0101 vienm\u0113r, 3&#215;3 pied\u0101v\u0101 vair\u0101kas roku darbu ievirzes un \u0161ogad var\u0113s izv\u0113l\u0113ties no vienpadsmit da\u017e\u0101d\u0101m nodarb\u012bb\u0101m: Kl\u016bgu p\u012b\u0161anu (vad\u012bs Olga Baltmane) , rotu kal\u0161anu (Lilita Spure, Astr\u012bde Otto, Andris R\u016bti\u0146\u0161, P\u0113teris Avens) , latvisko virtuvi (Inga Luc\u0101ne), kokgrie\u0161anu (Valdis Liepa, Allens D\u2019Aoust),  rokdarbus (Zinta Enzeli\u0146a), kokl\u0113\u0161anu (Dace Veinberga), podniec\u012bbu (Uldis Stepe, M\u0101ris Karlsons) , cilts koka sast\u0101di\u0161anu (Juris Jauntir\u0101ns), m\u0101kslas nodarb\u012bba visiem (L\u0101sma Maher), linogriezuma grafikas tehniku (Laima Ro\u017ekalna)  un ga\u013cas, siera un citu \u0113dienu k\u016bpin\u0101\u0161anu (Lauris Ro\u017ekalns). Nodarb\u012bbas nebeidzas ar vakari\u0146\u0101m, bet turpinas ar\u012b vakaros ar dzied\u0101\u0161anu, p\u0101rrun\u0101m, ugunskuru, dan\u010diem, rota\u013c\u0101m, film\u0101m, lekcij\u0101m un v\u0113l dzied\u0101\u0161anu.  <\/p>\n\n\n\n<p>Tuv\u0101ku inform\u0101ciju par 3&#215;3 Garezer\u0101 var dab\u016bt no <strong>Maijas Zaeskas<\/strong>  (mzaeska@  gmail.com  vai zvanot 763-972-2521 vai 952-454-4172)  Vad\u012bt\u0101j\u0101m <strong> M. Zaeskai<\/strong> un <strong>Daigai R\u016bti\u0146ai<\/strong> uz vietas n\u0101k kl\u0101t ar\u012b vad\u012bt\u0101ja <strong>Larisa Ka\u013ci\u0146a<\/strong>.<\/p>\n","protected":false},"excerpt":{"rendered":"<p>Jau 38. gadu p\u0113c k\u0101rtas Garezera 3&#215;3 gaid\u012bs dal\u012bbniekus no 4. \u2013 11. augustam.Organiz\u0113jot pirmo 3&#215;3 Garezer\u0101 1981. gad\u0101, r\u012bkot\u0101jiem vien\u012bg\u0101 doma bija godam novad\u012bt \u0161o ned\u0113\u013cu \u2013 latvisku, draudz\u012bgu,&#8230;<\/p>\n","protected":false},"author":1,"featured_media":0,"parent":229,"menu_order":1,"comment_status":"closed","ping_status":"closed","template":"","meta":{"__cvm_playback_settings":[],"__cvm_video_id":"","footnotes":""},"class_list":["post-1473","page","type-page","status-publish","hentry"],"_links":{"self":[{"href":"https:\/\/www.3x3.lv\/index.php?rest_route=\/wp\/v2\/pages\/1473","targetHints":{"allow":["GET"]}}],"collection":[{"href":"https:\/\/www.3x3.lv\/index.php?rest_route=\/wp\/v2\/pages"}],"about":[{"href":"https:\/\/www.3x3.lv\/index.php?rest_route=\/wp\/v2\/types\/page"}],"author":[{"embeddable":true,"href":"https:\/\/www.3x3.lv\/index.php?rest_route=\/wp\/v2\/users\/1"}],"replies":[{"embeddable":true,"href":"https:\/\/www.3x3.lv\/index.php?rest_route=%2Fwp%2Fv2%2Fcomments&post=1473"}],"version-history":[{"count":6,"href":"https:\/\/www.3x3.lv\/index.php?rest_route=\/wp\/v2\/pages\/1473\/revisions"}],"predecessor-version":[{"id":1547,"href":"https:\/\/www.3x3.lv\/index.php?rest_route=\/wp\/v2\/pages\/1473\/revisions\/1547"}],"up":[{"embeddable":true,"href":"https:\/\/www.3x3.lv\/index.php?rest_route=\/wp\/v2\/pages\/229"}],"wp:attachment":[{"href":"https:\/\/www.3x3.lv\/index.php?rest_route=%2Fwp%2Fv2%2Fmedia&parent=1473"}],"curies":[{"name":"wp","href":"https:\/\/api.w.org\/{rel}","templated":true}]}}