{"id":1883,"date":"2020-05-28T11:18:38","date_gmt":"2020-05-28T09:18:38","guid":{"rendered":"http:\/\/www.3x3.lv\/?page_id=1883"},"modified":"2023-01-16T12:44:09","modified_gmt":"2023-01-16T10:44:09","slug":"tiesraides-2020-gada","status":"publish","type":"page","link":"https:\/\/www.3x3.lv\/?page_id=1883","title":{"rendered":"Tie\u0161raides 2020.gad\u0101"},"content":{"rendered":"\n<figure class=\"wp-block-embed-vimeo wp-block-embed is-type-video is-provider-vimeo wp-embed-aspect-16-9 wp-has-aspect-ratio\"><div class=\"wp-block-embed__wrapper\">\n<iframe loading=\"lazy\" title=\"Brivais Mikrofons 2020\" src=\"https:\/\/player.vimeo.com\/video\/455080704?dnt=1&amp;app_id=122963\" width=\"740\" height=\"416\" frameborder=\"0\" allow=\"autoplay; fullscreen\" allowfullscreen><\/iframe>\n<\/div><\/figure>\n\n\n\n<h2 class=\"wp-block-heading\">29. j\u016blij\u0101<\/h2>\n\n\n\n<figure class=\"wp-block-image is-resized\"><img loading=\"lazy\" decoding=\"async\" src=\"https:\/\/www.3x3.lv\/wp-content\/uploads\/2020\/07\/ilza_un_anna_posts.png\" alt=\"\" class=\"wp-image-1972\" width=\"219\" height=\"212\" srcset=\"https:\/\/www.3x3.lv\/wp-content\/uploads\/2020\/07\/ilza_un_anna_posts.png 612w, https:\/\/www.3x3.lv\/wp-content\/uploads\/2020\/07\/ilza_un_anna_posts-300x291.png 300w\" sizes=\"auto, (max-width: 219px) 100vw, 219px\" \/><\/figure>\n\n\n\n<p>Tiksimies ar \u0161\u012bsvasaras izloloto, bet nenotiku\u0161o Latvijas saietu vad\u012bt\u0101j\u0101m Annu Gobzemi-Nulli un Ilzi Cekuli. Tikm\u0113r ar muzik\u0101l\u0101m pauz\u0113m m\u016bs priec\u0113s 3&#215;3 dan\u010du meistars \u0112riks Zeps.<\/p>\n\n\n\n<p>Ilze un Anna past\u0101st\u012bs par sevi, par darbu, kas j\u0101paveic, lai noorganiz\u0113tu 3&#215;3 saietu, par iecer\u0113to, kam b\u016bs lemts piepild\u012bties p\u0113c gada.<\/p>\n\n\n\n<p>Pirmais saiets bija iecer\u0113ts Saldus pus\u0113, N\u012bgrandes pagasta Kalnos. Saieta t\u0113ma ir KOKS. Koks k\u0101 izsenis popul\u0101rs materi\u0101ls, koks k\u0101 v\u0113rt\u012bgs augs pasaules ekosist\u0113m\u0101, koks k\u0101 izcelsmes koks, koks k\u0101 valodu koks. Tie\u0161i t\u0101d\u0113\u013c daudz\u0101s ievirz\u0113s un pas\u0101kumos paredz\u0113ts jaut\u0101t par m\u016bsu sakn\u0113m un ar\u012b roku ievirz\u0113s kokam k\u0101 materi\u0101lam b\u016bs ier\u0101d\u012bta goda vieta.<br>Kalnu 3&#215;3 saietu organiz\u0113 un vad\u012bs Anna Gobzeme-Nulle ar savu \u0123imeni. Anna 3&#215;3 kust\u012bb\u0101 darbojas \u013coti sen, vi\u0146as pirm\u0101 nometne bija 1995. gad\u0101 Alsung\u0101. Tur Anna (jau ar \u0123imeni) atgriez\u0101s atkal 2013.gad\u0101.<\/p>\n\n\n\n<p>Otrs saiets bija paredz\u0113ts Malt\u0101, Latgales sird\u012b net\u0101lu no R\u0113zeknes. To r\u012bko Ceku\u013cu \u0123imene, un t\u0101 vadmot\u012bvs ir BALTS. Daudzas ievirzes b\u016bs ar to saist\u012btas \u2013 b\u016bs balto darbu rakst\u012b\u0161ana, balt\u0101 galda sarunas, balto dziesmu dzied\u0101\u0161ana utt.<\/p>\n\n\n\n<p>Ilzei ar \u0123imeni \u0161is b\u016bs otrais saiets. Pirmais 2018. gad\u0101 notika Kr\u0101slav\u0101.<\/p>\n\n\n\n<figure class=\"wp-block-embed-vimeo wp-block-embed is-type-video is-provider-vimeo wp-embed-aspect-16-9 wp-has-aspect-ratio\"><div class=\"wp-block-embed__wrapper\">\n<iframe loading=\"lazy\" title=\"2021 gada vaditaji\" src=\"https:\/\/player.vimeo.com\/video\/452467527?dnt=1&amp;app_id=122963\" width=\"740\" height=\"416\" frameborder=\"0\" allow=\"autoplay; fullscreen\" allowfullscreen><\/iframe>\n<\/div><\/figure>\n\n\n\n<p><\/p>\n\n\n\n<p>_______________________________________________________________________________________________<\/p>\n\n\n\n<h2 class=\"wp-block-heading\">22.j\u016blij\u0101<\/h2>\n\n\n\n<figure class=\"wp-block-image is-resized\"><img loading=\"lazy\" decoding=\"async\" src=\"https:\/\/www.3x3.lv\/wp-content\/uploads\/2020\/07\/olte.png\" alt=\"\" class=\"wp-image-1955\" width=\"232\" height=\"225\" srcset=\"https:\/\/www.3x3.lv\/wp-content\/uploads\/2020\/07\/olte.png 612w, https:\/\/www.3x3.lv\/wp-content\/uploads\/2020\/07\/olte-300x291.png 300w\" sizes=\"auto, (max-width: 232px) 100vw, 232px\" \/><\/figure>\n\n\n\n<p>Sarun\u0101simies ar dabas p\u0113tnieku <strong>M\u0101ri Olti<\/strong>, kur\u0161 tic, ka visu var s\u0101kt no jauna un nekas nav neiesp\u0113jams. Vi\u0146\u0161 p\u0113c 20 R\u012bg\u0101 nodz\u012bvotiem gadiem atgriez\u0101s sav\u0101 sen\u010du dzimtaj\u0101 pus\u0113 \u0112rg\u013cos un s\u0101ka saimniekot pamest\u0101 dzelzce\u013ca stacij\u0101. K\u0101dreiz\u0113jo \u0112rg\u013cu staciju M\u0101ris ir nol\u0113mis p\u0101rv\u0113rst par neform\u0101lu viet\u0113jo kult\u016bras un t\u016brisma centru.<\/p>\n\n\n\n<p>Stacij\u0101 ar lielu m\u012blest\u012bbu un cie\u0146u pret v\u0113sturi tiek ieguld\u012bta liel\u0101k\u0101 da\u013ca no \u0123imenes bud\u017eeta. Tie\u0161i \u0123imene un b\u0113rni bija tie, kuru d\u0113\u013c tika pie\u0146emts l\u0113mums atgriezties \u0112rg\u013cos. Lai ieliktu b\u0113rnos pareizo kodeksu un \u013cautu tiem b\u016bt pa\u0161iem, saka M\u0101ris. Tie\u0161i no \u0161\u012b pamata ir izveidoju\u0161ies \u0112rg\u013cu stacijas darbo\u0161an\u0101s m\u0113r\u0137i &#8211; izgl\u012btot sabiedr\u012bbu par j\u0113gpilnu cilv\u0113ka uzved\u012bbu dab\u0101, videi draudz\u012bgu paradumu izkop\u0161anu un akt\u012bva dz\u012bvestila veido\u0161anu.&nbsp;<br>Tiekamies ne tikai sarun\u0101, bet ar\u012b kl\u0101tien\u0113 un pas\u0113\u017eam uz slied\u0113m k\u0101 b\u0113rn\u012bb\u0101: <a href=\"http:\/\/www.stacija.eu\/\">http:\/\/www.stacija.eu\/<\/a><\/p>\n\n\n\n<figure class=\"wp-block-embed-vimeo wp-block-embed is-type-video is-provider-vimeo wp-embed-aspect-16-9 wp-has-aspect-ratio\"><div class=\"wp-block-embed__wrapper\">\n<iframe loading=\"lazy\" title=\"Maris Ote\" src=\"https:\/\/player.vimeo.com\/video\/450232661?dnt=1&amp;app_id=122963\" width=\"740\" height=\"416\" frameborder=\"0\" allow=\"autoplay; fullscreen\" allowfullscreen><\/iframe>\n<\/div><\/figure>\n\n\n\n<h2 class=\"wp-block-heading\">15.j\u016blij\u0101<\/h2>\n\n\n\n<figure class=\"wp-block-image is-resized\"><img loading=\"lazy\" decoding=\"async\" src=\"https:\/\/www.3x3.lv\/wp-content\/uploads\/2020\/07\/Ulla_unLiga.png\" alt=\"\" class=\"wp-image-1951\" width=\"226\" height=\"219\" srcset=\"https:\/\/www.3x3.lv\/wp-content\/uploads\/2020\/07\/Ulla_unLiga.png 612w, https:\/\/www.3x3.lv\/wp-content\/uploads\/2020\/07\/Ulla_unLiga-300x291.png 300w\" sizes=\"auto, (max-width: 226px) 100vw, 226px\" \/><\/figure>\n\n\n\n<p><strong>Ulla Milberta un L\u012bga Brodu\u017ea<\/strong><br>Ulla&nbsp;ir 1. Baltij\u0101 zero waste jeb bezatkritumu kafejn\u012bcas (Cafe M) dibin\u0101t\u0101ja. Sav\u0101 ikdien\u0101 vi\u0146a m\u0113\u0123ina dz\u012bvot p\u0113c bezatkritumu principa un kafejn\u012bcu izmanto k\u0101 informat\u012bvo platformu, caur kuru r\u0101d\u012bt cilv\u0113kiem, ka samazin\u0101t atkritumus sav\u0101 ikdien\u0101 vai pat biznesa l\u012bmen\u012b, nemazinot ierasto dz\u012bves komfortu, ir daudz viegl\u0101k, nek\u0101 mums \u0161\u0137iet.<\/p>\n\n\n\n<p>L\u012bga Brodu\u017ea dz\u012bvo \u0136ekavas novada Plakanciema me\u017e\u0101. Muzic\u0113 div\u0101s folkloras kop\u0101s, sav\u0101 saimniec\u012bb\u0101 &#8220;Dabas zirgi&#8221; pulcina ap sevi domubiedrus, kam r\u016bp zirgu labkl\u0101j\u012bbas jaut\u0101jumi. L\u012bga cer, ka vi\u0146as veidotais uz\u0146\u0113mums b\u016bs pirmais dz\u012bvnieku aizsardz\u012bbas uz\u0146\u0113mums Latvij\u0101 ar soci\u0101la uz\u0146\u0113muma statusu. Vecpiebalgas 3&#215;3 L\u012bga&nbsp;sp\u0113l\u0113ja dan\u010dus un vad\u012bja&nbsp;ievirzi, kur\u0101 m\u0101c\u012bja&nbsp;saprast zirgu valodu.<br><br>Ar ab\u0101m d\u0101m\u0101m run\u0101sim par vides un dabas t\u0113m\u0101m, un vi\u0146as labpr\u0101t atbild\u0113s uz jaut\u0101jumiem.<br><\/p>\n\n\n\n<figure class=\"wp-block-embed-vimeo wp-block-embed is-type-video is-provider-vimeo wp-embed-aspect-16-9 wp-has-aspect-ratio\"><div class=\"wp-block-embed__wrapper\">\n<iframe loading=\"lazy\" title=\"Ulla un Liga\" src=\"https:\/\/player.vimeo.com\/video\/450235704?dnt=1&amp;app_id=122963\" width=\"740\" height=\"416\" frameborder=\"0\" allow=\"autoplay; fullscreen\" allowfullscreen><\/iframe>\n<\/div><\/figure>\n\n\n\n<h2 class=\"wp-block-heading\">Biju\u0161\u0101s tie\u0161raides<\/h2>\n\n\n\n<h2 class=\"wp-block-heading\">8.j\u016blij\u0101<\/h2>\n\n\n\n<figure class=\"wp-block-image is-resized\"><img loading=\"lazy\" decoding=\"async\" src=\"https:\/\/www.3x3.lv\/wp-content\/uploads\/2020\/07\/lipori_posts.png\" alt=\"\" class=\"wp-image-1946\" width=\"220\" height=\"213\" srcset=\"https:\/\/www.3x3.lv\/wp-content\/uploads\/2020\/07\/lipori_posts.png 612w, https:\/\/www.3x3.lv\/wp-content\/uploads\/2020\/07\/lipori_posts-300x291.png 300w\" sizes=\"auto, (max-width: 220px) 100vw, 220px\" \/><\/figure>\n\n\n\n<p>J\u016bs gaida interesanta tik\u0161an\u0101s ar Edgaru un Liliju Liporiem. Vi\u0146i past\u0101st\u012bs par vienu no savas rado\u0161\u0101s dz\u012bves projektu &#8211; Starptautisko laikmet\u012bg\u0101s dejas festiv\u0101lu \u201cVides deja\u201d. Tas jau desmito gadu p\u0113c k\u0101rtas pulc\u0113 m\u0101ksliniekus un dejas interesentus iedvesmoties un autentisk\u0101 gaisotn\u0113 rad\u012bt neparastas vides dejas performances. Festiv\u0101la galvenais m\u0113r\u0137is ir izaicin\u0101t m\u0101ksliniekus rad\u012bt darbus simbioz\u0113 ar apk\u0101rt\u0113jo vidi, k\u0101 ar\u012b veicin\u0101t kult\u016bras un m\u0101kslas daudzveid\u012bbu. Vide k\u0101 dejas partnere, vide k\u0101 scenogr\u0101fija, k\u0101 st\u0101stniece un impulss m\u0101ksliniekiem.&nbsp;<\/p>\n\n\n\n<p>2020. gada festiv\u0101ls b\u016bs velt\u012bts N\u0100KOTNEI UN EKOLO\u0122IJAI (3. &#8211; 9. augusts L\u012bgatn\u0113). Festiv\u0101l\u0101 tiek iestud\u0113tas vides dejas performances, organiz\u0113tas ar \u0137erme\u0146a un vides izp\u0113ti saist\u012btas nodarb\u012bbas gan skatuves m\u0101kslas profesion\u0101\u013ciem, gan laikmet\u012bg\u0101s dejas interesentiem neatkar\u012bgi no sagatavot\u012bbas l\u012bme\u0146a.T\u0101pat festiv\u0101la programm\u0101 ir iek\u013cautas da\u017e\u0101du valstu laikmet\u012bg\u0101s dejas izr\u0101des, kas ir guvu\u0161as nozares profesion\u0101\u013cu atzin\u012bbu.<\/p>\n\n\n\n<figure class=\"wp-block-embed-vimeo wp-block-embed is-type-video is-provider-vimeo wp-embed-aspect-16-9 wp-has-aspect-ratio\"><div class=\"wp-block-embed__wrapper\">\n<iframe loading=\"lazy\" title=\"Lipori\" src=\"https:\/\/player.vimeo.com\/video\/450233493?dnt=1&amp;app_id=122963\" width=\"740\" height=\"416\" frameborder=\"0\" allow=\"autoplay; fullscreen\" allowfullscreen><\/iframe>\n<\/div><\/figure>\n\n\n\n<h2 class=\"wp-block-heading\">1.j\u016blij\u0101<\/h2>\n\n\n\n<figure class=\"wp-block-image is-resized\"><img loading=\"lazy\" decoding=\"async\" src=\"https:\/\/www.3x3.lv\/wp-content\/uploads\/2020\/06\/SandraB.png\" alt=\"\" class=\"wp-image-1942\" width=\"212\" height=\"206\" srcset=\"https:\/\/www.3x3.lv\/wp-content\/uploads\/2020\/06\/SandraB.png 612w, https:\/\/www.3x3.lv\/wp-content\/uploads\/2020\/06\/SandraB-300x291.png 300w\" sizes=\"auto, (max-width: 212px) 100vw, 212px\" \/><\/figure>\n\n\n\n<p>M\u016bsu vakara viesi b\u016bs Sandra Bondarevska un Varis Sants. Varis kop\u0161 Pel\u010du 3&#215;3 saieta daudziem labi zin\u0101ms k\u0101 labs v\u012bndaris un lielisks fotogr\u0101fs. Tom\u0113r \u0161oreiz Varis atkl\u0101s v\u0113l k\u0101du senu aizrau\u0161anos&nbsp; \u2013 dzimtas koka p\u0113t\u012b\u0161anu&nbsp; \u2013 un dal\u012bsies ar praktiskiem padomiem, k\u0101 to var paveikt pa\u0161u sp\u0113kiem.&nbsp;<br>Sandra mums st\u0101st\u012bs st\u0101stu par mekl\u0113\u0161anu, atra\u0161anu un tur\u0113\u0161anos kop\u0101. Reiz Sandra ieg\u0101ja \u012arijas p\u012bpju veikal\u0101 ar izk\u0101rtni <em>Peterson of Dublin,<\/em> un, vi\u0146as v\u0101rdiem sakot, notika infic\u0113\u0161an\u0101s ar P\u0113tersonu v\u012brusu vair\u0101k nek\u0101 10 gadu garum\u0101. Sadarbojoties ar nelai\u0137i J\u0101ni Stradi\u0146u, v\u0113sturnieku Andri Toma\u0161\u016bnu, dodoties eksped\u012bcij\u0101s ar Gunu Grebi, tiekoties ar 17 Latvijas P\u0113tersoniem un daudziem, daudziem citiem da\u017e\u0101dos ce\u013cos satiktiem cilv\u0113kiem, tapa gr\u0101mata <em>P\u0113tersoni \u012arij\u0101.<\/em><\/p>\n\n\n\n<figure class=\"wp-block-embed-vimeo wp-block-embed is-type-video is-provider-vimeo wp-embed-aspect-16-9 wp-has-aspect-ratio\"><div class=\"wp-block-embed__wrapper\">\n<iframe loading=\"lazy\" title=\"Sandru Bondarevska un Varis Sants\" src=\"https:\/\/player.vimeo.com\/video\/452467194?dnt=1&amp;app_id=122963\" width=\"740\" height=\"416\" frameborder=\"0\" allow=\"autoplay; fullscreen\" allowfullscreen><\/iframe>\n<\/div><\/figure>\n\n\n\n<h2 class=\"wp-block-heading\">17.j\u016bnij\u0101<\/h2>\n\n\n\n<p><strong>Vakara viesis  &#8211; Ilga Reizniece<\/strong><\/p>\n\n\n\n<figure class=\"wp-block-image is-resized\"><img loading=\"lazy\" decoding=\"async\" src=\"https:\/\/www.3x3.lv\/wp-content\/uploads\/2020\/06\/Ilga_majaslapai.png\" alt=\"\" class=\"wp-image-1929\" width=\"219\" height=\"213\" srcset=\"https:\/\/www.3x3.lv\/wp-content\/uploads\/2020\/06\/Ilga_majaslapai.png 612w, https:\/\/www.3x3.lv\/wp-content\/uploads\/2020\/06\/Ilga_majaslapai-300x291.png 300w\" sizes=\"auto, (max-width: 219px) 100vw, 219px\" \/><\/figure>\n\n\n\n<p>Laiks pirms J\u0101\u0146iem ir Ilgas Reiznieces m\u012b\u013c\u0101kais laiks, un visi vi\u0146as b\u0113rni ir dab\u016bju\u0161i baud\u012bt \u012bstus J\u0101\u0146us. \u012ast\u0101 lauku s\u0113t\u0101, kur nekad nav bijusi elektr\u012bba, kur sen\u010du trad\u012bcijas top \u012bstas un patiesas. Bez skat\u012bt\u0101jiem, bez sve\u0161iniekiem, tikai sev un saviem vistuv\u0101kajiem draugiem.<br>Tom\u0113r daudzus gadus Ilga rad\u012bjusi tikpat \u012bstu J\u0101\u0146u saj\u016btu ar\u012b R\u012bgas augst\u0101kaj\u0101 kaln\u0101 &#8211; Dzegu\u017ekaln\u0101. Tie, kuri grib par to visu dzird\u0113t, aicin\u0101ti 17.j\u016bnij\u0101 pievienoties mums 3&#215;3 tie\u0161saist\u0113 pulksten 20.00.<br>Kop\u0101 ar skandiniec\u0113m sarun\u0101simies par senaj\u0101m J\u0101\u0146u vakara trad\u012bcij\u0101m. Atcer\u0113simies k\u0101du dziesmu, ko J\u0101\u0146u vakar\u0101 dzied\u0101t pie ugunskura, un b\u016bsim Z\u0101\u013cu vakara iel\u012bgo\u0161anas noska\u0146\u0101s.<\/p>\n\n\n\n<figure class=\"wp-block-embed-vimeo wp-block-embed is-type-video is-provider-vimeo wp-embed-aspect-16-9 wp-has-aspect-ratio\"><div class=\"wp-block-embed__wrapper\">\n<iframe loading=\"lazy\" title=\"Ilga Rezniece un burdons\" src=\"https:\/\/player.vimeo.com\/video\/452467898?dnt=1&amp;app_id=122963\" width=\"740\" height=\"416\" frameborder=\"0\" allow=\"autoplay; fullscreen\" allowfullscreen><\/iframe>\n<\/div><\/figure>\n\n\n\n<h2 class=\"wp-block-heading\"><br>10.j\u016bnij\u0101<\/h2>\n\n\n\n<p><strong>Vakara viesis  &#8211; Raisa Vieru<\/strong><\/p>\n\n\n\n<figure class=\"wp-block-image is-resized\"><img loading=\"lazy\" decoding=\"async\" src=\"https:\/\/www.3x3.lv\/wp-content\/uploads\/2020\/06\/raisa_fb_posts.png\" alt=\"This image has an empty alt attribute; its file name is raisa_fb_posts.png\" width=\"213\" height=\"207\"\/><\/figure>\n\n\n\n<p>Paragraph<\/p>\n\n\n\n<p><br>Raisa Vieru ir masiere un 3&#215;3 ievir\u017eu vad\u012bt\u0101ja, kuras v\u0101rdu dzirdot, daudziem sej\u0101 atplaukst smaids. Ne viena vien 3&#215;3-nieka mugura k\u013cuvusi taisn\u0101ka un sirds mier\u012bg\u0101ka p\u0113c tik\u0161an\u0101s ar vi\u0146u. Pa\u0161as v\u0101rdiem sakot: \u201cDarbs ir mans hobijs. Ja b\u016btu iesp\u0113jams, labpr\u0101t visu pasauli \u0101rst\u0113tu bez maksas. Mana stihija ir mugurkauls, redzu un j\u016btu cilv\u0113ku kopum\u0101.\u201d&nbsp;<\/p>\n\n\n\n<p>T\u0101 k\u0101 mugurkauls ir balsts katram no mums, m\u016bsu tik\u0161an\u0101s reiz\u0113 Raisa past\u0101st\u012bs, k\u0101 varam pal\u012bdz\u0113t sev un saviem tuv\u0101kajiem, k\u0101 varam r\u016bp\u0113ties par savu mugurkaulu, demonstr\u0113jot ar\u012b\u00a0 praktiskus vingrin\u0101jumus. Mekl\u0113jiet draugu, ko mas\u0113t tie\u0161saistes laik\u0101 un uz tik\u0161anos!<\/p>\n\n\n\n<figure class=\"wp-block-embed-vimeo wp-block-embed is-type-video is-provider-vimeo wp-embed-aspect-16-9 wp-has-aspect-ratio\"><div class=\"wp-block-embed__wrapper\">\n<iframe loading=\"lazy\" title=\"Raisa\" src=\"https:\/\/player.vimeo.com\/video\/450234244?dnt=1&amp;app_id=122963\" width=\"740\" height=\"416\" frameborder=\"0\" allow=\"autoplay; fullscreen\" allowfullscreen><\/iframe>\n<\/div><\/figure>\n\n\n\n<p><br><\/p>\n\n\n\n<h2 class=\"wp-block-heading\">3.j\u016bnij\u0101<\/h2>\n\n\n\n<p>M\u016bsu pirmie vakara viesi 3.j\u016bnij\u0101 bija L\u012bga Ruperte un Inese Kr\u016bmi\u0146a, m\u012b\u013ci sauktas ar\u012b par 3&#215;3 mamm\u0101m. Var\u0113j\u0101t dzird\u0113t vi\u0146u abu skat\u012bjumu un atmi\u0146as par 3&#215;3 kust\u012bbas pirms\u0101kumiem Latvij\u0101 pirms 30 gadiem. <\/p>\n\n\n\n<p>Ar k\u0101d\u0101m dom\u0101m un idej\u0101m L\u012bga pirmoreizi brauca no ASV uz Latviju? Kas \u0161aj\u0101 idej\u0101 bija t\u0101ds, kas Inesi, ilggad\u0113jo 3&#215;3 padomes priek\u0161s\u0113di Latvij\u0101, piesaist\u012bja uz visiem laikiem? Vai un k\u0101 30 gados ir att\u012bstiju\u0161ies un main\u012bju\u0161ies 3&#215;3 kust\u012bbas galvenie m\u0113r\u0137i &#8211; latvisk\u0101s identit\u0101tes un latvisko \u0123ime\u0146u stiprin\u0101\u0161ana?&nbsp;<\/p>\n\n\n\n<figure class=\"wp-block-image\"><img loading=\"lazy\" decoding=\"async\" width=\"990\" height=\"1024\" src=\"https:\/\/www.3x3.lv\/wp-content\/uploads\/2020\/06\/3jun2020TiesaiteLigaUnIneseStasta3x3vesturi-990x1024.jpg\" alt=\"\" class=\"wp-image-1914\" srcset=\"https:\/\/www.3x3.lv\/wp-content\/uploads\/2020\/06\/3jun2020TiesaiteLigaUnIneseStasta3x3vesturi-990x1024.jpg 990w, https:\/\/www.3x3.lv\/wp-content\/uploads\/2020\/06\/3jun2020TiesaiteLigaUnIneseStasta3x3vesturi-290x300.jpg 290w, https:\/\/www.3x3.lv\/wp-content\/uploads\/2020\/06\/3jun2020TiesaiteLigaUnIneseStasta3x3vesturi-768x794.jpg 768w, https:\/\/www.3x3.lv\/wp-content\/uploads\/2020\/06\/3jun2020TiesaiteLigaUnIneseStasta3x3vesturi.jpg 1980w\" sizes=\"auto, (max-width: 990px) 100vw, 990px\" \/><\/figure>\n\n\n\n<p>Kas ir 3&#215;3 apbr\u012bnojam\u0101 fenomena pamat\u0101 &#8211; daudzu cilv\u0113ku br\u012bvpr\u0101t\u012bga, nesavt\u012bga latviskuma kop\u0161ana un uztur\u0113\u0161ana, trad\u012bciju un v\u0113rt\u012bbu nodo\u0161ana b\u0113rniem. K\u0101das ir L\u012bgas un Ineses n\u0101kotnes v\u012bzijas?&nbsp;<\/p>\n\n\n\n<figure class=\"wp-block-embed-vimeo wp-block-embed is-type-video is-provider-vimeo wp-embed-aspect-16-9 wp-has-aspect-ratio\"><div class=\"wp-block-embed__wrapper\">\n<iframe loading=\"lazy\" title=\"3.j\u016bn 2020.g. Tie&amp;scaron;sait\u0113 L\u012bga un Inese st\u0101sta 3x3 v\u0113sturi\" src=\"https:\/\/player.vimeo.com\/video\/425775359?dnt=1&amp;app_id=122963\" width=\"640\" height=\"360\" frameborder=\"0\" allow=\"autoplay; fullscreen\" allowfullscreen><\/iframe>\n<\/div><\/figure>\n","protected":false},"excerpt":{"rendered":"<p>29. j\u016blij\u0101 Tiksimies ar \u0161\u012bsvasaras izloloto, bet nenotiku\u0161o Latvijas saietu vad\u012bt\u0101j\u0101m Annu Gobzemi-Nulli un Ilzi Cekuli. Tikm\u0113r ar muzik\u0101l\u0101m pauz\u0113m m\u016bs priec\u0113s 3&#215;3 dan\u010du meistars \u0112riks Zeps. Ilze un Anna&#8230;<\/p>\n","protected":false},"author":1,"featured_media":0,"parent":229,"menu_order":0,"comment_status":"closed","ping_status":"closed","template":"","meta":{"__cvm_playback_settings":[],"__cvm_video_id":"","footnotes":""},"class_list":["post-1883","page","type-page","status-publish","hentry"],"_links":{"self":[{"href":"https:\/\/www.3x3.lv\/index.php?rest_route=\/wp\/v2\/pages\/1883","targetHints":{"allow":["GET"]}}],"collection":[{"href":"https:\/\/www.3x3.lv\/index.php?rest_route=\/wp\/v2\/pages"}],"about":[{"href":"https:\/\/www.3x3.lv\/index.php?rest_route=\/wp\/v2\/types\/page"}],"author":[{"embeddable":true,"href":"https:\/\/www.3x3.lv\/index.php?rest_route=\/wp\/v2\/users\/1"}],"replies":[{"embeddable":true,"href":"https:\/\/www.3x3.lv\/index.php?rest_route=%2Fwp%2Fv2%2Fcomments&post=1883"}],"version-history":[{"count":31,"href":"https:\/\/www.3x3.lv\/index.php?rest_route=\/wp\/v2\/pages\/1883\/revisions"}],"predecessor-version":[{"id":2000,"href":"https:\/\/www.3x3.lv\/index.php?rest_route=\/wp\/v2\/pages\/1883\/revisions\/2000"}],"up":[{"embeddable":true,"href":"https:\/\/www.3x3.lv\/index.php?rest_route=\/wp\/v2\/pages\/229"}],"wp:attachment":[{"href":"https:\/\/www.3x3.lv\/index.php?rest_route=%2Fwp%2Fv2%2Fmedia&parent=1883"}],"curies":[{"name":"wp","href":"https:\/\/api.w.org\/{rel}","templated":true}]}}