{"id":1990,"date":"2020-08-25T10:56:34","date_gmt":"2020-08-25T08:56:34","guid":{"rendered":"http:\/\/www.3x3.lv\/?page_id=1990"},"modified":"2026-02-06T10:31:55","modified_gmt":"2026-02-06T08:31:55","slug":"kanada","status":"publish","type":"page","link":"https:\/\/www.3x3.lv\/?page_id=1990","title":{"rendered":"Kan\u0101da"},"content":{"rendered":"\n<h2 class=\"wp-block-heading\">3&#215;3 2025.gad\u0101<\/h2>\n\n\n\n<p class=\"has-text-align-left\">T\u0113rvet\u0113 20.augusta l\u012bdz 25.augustam<\/p>\n\n\n\n<p class=\"has-text-align-left\"><a href=\"https:\/\/3x3tervete.ca\/\">Lasi vair\u0101k<\/a> <a href=\"https:\/\/www.3x3.lv\/KRATUVE\/Kanada\/Tervete2024\/Tervete2024.jpg\">Plak\u0101ts<\/a> <a href=\"https:\/\/www.3x3.lv\/KRATUVE\/Kanada\/Tervete2024\/TV3x3Avize2024.pdf\">Av\u012bze<\/a><\/p>\n\n\n\n<h3 class=\"wp-block-heading\">3&#215;3 2024.gad\u0101<\/h3>\n\n\n\n<p>T\u0113rvet\u0113 20.augusta l\u012bdz 25.augustam<\/p>\n\n\n\n<p><a href=\"https:\/\/3x3tervete.ca\/\">Lasi vair\u0101k<\/a>&nbsp; <a href=\"https:\/\/www.3x3.lv\/KRATUVE\/Kanada\/Tervete2024\/Tervete2024.jpg\">Plak\u0101ts<\/a><\/p>\n\n\n\n<h3 class=\"wp-block-heading\"><strong>3&#215;3 2019.gad\u0101<\/strong><\/h3>\n\n\n\n<p>Kvebekas T\u0113rvet\u0113 (Kan\u0101das latvie\u0161u lauku \u012bpa\u0161um\u0101)<\/p>\n\n\n\n<p>no 29. augusta l\u012bdz 2. septembrim<\/p>\n\n\n\n<p>Nometni veidoja:<br><strong>In\u0101ra Paliepa, Dace Veinberga<\/strong>, <strong>T\u0113rvetes vad\u012bbas komiteja<\/strong><\/p>\n\n\n\n<p><a href=\"mailto:3x3@tervete.org\" target=\"_blank\" rel=\"noreferrer noopener\">3&#215;3@tervete.org<\/a><\/p>\n\n\n\n<p><a href=\"http:\/\/tervete.org\">Lasi vair\u0101k<\/a>&nbsp; &nbsp;<a href=\"http:\/\/www.tervete.org\/s\/Brosur1digitalx.pdf\">Bro\u0161\u016bra<\/a><\/p>\n\n\n\n<p><\/p>\n","protected":false},"excerpt":{"rendered":"<p>3&#215;3 2025.gad\u0101 T\u0113rvet\u0113 20.augusta l\u012bdz 25.augustam Lasi vair\u0101k Plak\u0101ts Av\u012bze 3&#215;3 2024.gad\u0101 T\u0113rvet\u0113 20.augusta l\u012bdz 25.augustam Lasi vair\u0101k&nbsp; Plak\u0101ts 3&#215;3 2019.gad\u0101 Kvebekas T\u0113rvet\u0113 (Kan\u0101das latvie\u0161u lauku \u012bpa\u0161um\u0101) no 29. augusta&#8230;<\/p>\n","protected":false},"author":1,"featured_media":0,"parent":229,"menu_order":7,"comment_status":"closed","ping_status":"closed","template":"","meta":{"__cvm_playback_settings":[],"__cvm_video_id":"","footnotes":""},"class_list":["post-1990","page","type-page","status-publish","hentry"],"_links":{"self":[{"href":"https:\/\/www.3x3.lv\/index.php?rest_route=\/wp\/v2\/pages\/1990","targetHints":{"allow":["GET"]}}],"collection":[{"href":"https:\/\/www.3x3.lv\/index.php?rest_route=\/wp\/v2\/pages"}],"about":[{"href":"https:\/\/www.3x3.lv\/index.php?rest_route=\/wp\/v2\/types\/page"}],"author":[{"embeddable":true,"href":"https:\/\/www.3x3.lv\/index.php?rest_route=\/wp\/v2\/users\/1"}],"replies":[{"embeddable":true,"href":"https:\/\/www.3x3.lv\/index.php?rest_route=%2Fwp%2Fv2%2Fcomments&post=1990"}],"version-history":[{"count":4,"href":"https:\/\/www.3x3.lv\/index.php?rest_route=\/wp\/v2\/pages\/1990\/revisions"}],"predecessor-version":[{"id":3593,"href":"https:\/\/www.3x3.lv\/index.php?rest_route=\/wp\/v2\/pages\/1990\/revisions\/3593"}],"up":[{"embeddable":true,"href":"https:\/\/www.3x3.lv\/index.php?rest_route=\/wp\/v2\/pages\/229"}],"wp:attachment":[{"href":"https:\/\/www.3x3.lv\/index.php?rest_route=%2Fwp%2Fv2%2Fmedia&parent=1990"}],"curies":[{"name":"wp","href":"https:\/\/api.w.org\/{rel}","templated":true}]}}