{"id":2101,"date":"2021-08-02T09:59:03","date_gmt":"2021-08-02T07:59:03","guid":{"rendered":"http:\/\/www.3x3.lv\/?page_id=2101"},"modified":"2021-09-02T20:26:31","modified_gmt":"2021-09-02T18:26:31","slug":"tiekamies-3x3-salidojuma-klatiene-vai-attalinati","status":"publish","type":"page","link":"https:\/\/www.3x3.lv\/?page_id=2101","title":{"rendered":"Tiekamies 3&#215;3 salidojum\u0101 \u2013 kl\u0101tien\u0113 vai att\u0101lin\u0101ti!"},"content":{"rendered":"\n<figure class=\"wp-block-embed-vimeo wp-block-embed is-type-video is-provider-vimeo wp-embed-aspect-16-9 wp-has-aspect-ratio\"><div class=\"wp-block-embed__wrapper\">\n<iframe loading=\"lazy\" title=\"Garezera3x3Apsveikums1920x1080.mp4\" src=\"https:\/\/player.vimeo.com\/video\/596718006?dnt=1&amp;app_id=122963&amp;h=0922f20900\" width=\"740\" height=\"416\" frameborder=\"0\" allow=\"autoplay; fullscreen; picture-in-picture\" allowfullscreen><\/iframe>\n<\/div><\/figure>\n\n\n\n<p style=\"text-align:right\"><a href=\"https:\/\/www.3x3.lv\/KRATUVE\/Salidojums2021\/BauskaSalidojums2021.pdf\"><img loading=\"lazy\" decoding=\"async\" width=\"150\" height=\"108\" class=\"wp-image-2152\" style=\"width: 150px;\" src=\"https:\/\/www.3x3.lv\/wp-content\/uploads\/2021\/08\/Salidojuma2021avize.png\" alt=\"\" srcset=\"https:\/\/www.3x3.lv\/wp-content\/uploads\/2021\/08\/Salidojuma2021avize.png 759w, https:\/\/www.3x3.lv\/wp-content\/uploads\/2021\/08\/Salidojuma2021avize-300x216.png 300w\" sizes=\"auto, (max-width: 150px) 100vw, 150px\" \/><\/a><\/p>\n\n\n\n<p style=\"text-align:right\"><a href=\"https:\/\/www.3x3.lv\/KRATUVE\/Salidojums2021\/BauskaSalidojums2021.pdf\">Salidojuma av\u012bze  <\/a><\/p>\n\n\n\n<figure class=\"wp-block-image\"><img loading=\"lazy\" decoding=\"async\" width=\"724\" height=\"1024\" src=\"https:\/\/www.3x3.lv\/wp-content\/uploads\/2021\/08\/Salidojums2021-724x1024.png\" alt=\"\" class=\"wp-image-2103\" srcset=\"https:\/\/www.3x3.lv\/wp-content\/uploads\/2021\/08\/Salidojums2021-724x1024.png 724w, https:\/\/www.3x3.lv\/wp-content\/uploads\/2021\/08\/Salidojums2021-212x300.png 212w, https:\/\/www.3x3.lv\/wp-content\/uploads\/2021\/08\/Salidojums2021-768x1086.png 768w, https:\/\/www.3x3.lv\/wp-content\/uploads\/2021\/08\/Salidojums2021.png 794w\" sizes=\"auto, (max-width: 724px) 100vw, 724px\" \/><\/figure>\n\n\n\n<p style=\"text-align:right\"><\/p>\n\n\n\n<p><strong>\u0160ogad glob\u0101lajai pasaules latvie\u0161u \u0123ime\u0146u 3&#215;3 kust\u012bbai aprit 40 gadu, un tr\u012bsreiztr\u012bsnieki aicin\u0101ti tikties salidojum\u0101 28. august\u0101 no 12.00 Bauskas pilskalna parka estr\u0101d\u0113 vai piedal\u012bties att\u0101lin\u0101ti.<\/strong><\/p>\n\n\n\n<figure class=\"wp-block-image\"><img loading=\"lazy\" decoding=\"async\" width=\"900\" height=\"601\" src=\"https:\/\/www.3x3.lv\/wp-content\/uploads\/2021\/08\/pilskalna-estrade2.jpg\" alt=\"\" class=\"wp-image-2119\" srcset=\"https:\/\/www.3x3.lv\/wp-content\/uploads\/2021\/08\/pilskalna-estrade2.jpg 900w, https:\/\/www.3x3.lv\/wp-content\/uploads\/2021\/08\/pilskalna-estrade2-300x200.jpg 300w, https:\/\/www.3x3.lv\/wp-content\/uploads\/2021\/08\/pilskalna-estrade2-768x513.jpg 768w\" sizes=\"auto, (max-width: 900px) 100vw, 900px\" \/><\/figure>\n\n\n\n<p>T\u0101 b\u016bs viena intens\u012bva, skaista diena, kur\u0101 kop\u012bgi var\u0113s izdz\u012bvot l\u012bdz \u0161im tik ierasto un \u013coti gaid\u012bto, bet kovida d\u0113\u013c jau divus gadus p\u0101rcelto tradicion\u0101lo saieta ned\u0113\u013cu.&nbsp;<\/p>\n\n\n\n<p>3\u00d73 salidojum\u0101 darbosies ievir\u017eu teltis, par aizvad\u012bto laiku liecin\u0101s izst\u0101de un atg\u0101din\u0101s 3&#215;3 ska\u0146u studijas ieraksti. Notiks ar\u012b daudzin\u0101jums, b\u016bs ierast\u0101 Lailas un J\u0101\u0146a Kirmu\u0161ku vakara pasaci\u0146a mazajiem utt. Un, lai b\u016btu kop\u012bbas izj\u016bta, vair\u0101kas reizes dienas laik\u0101 iecer\u0113ta virtu\u0101la sasl\u0113g\u0161an\u0101s ar latvie\u0161iem no cit\u0101m zem\u0113m.&nbsp;Un vakara izska\u0146\u0101 pirmizr\u0101di piedz\u012bvos Montas un Armanda Jakovelu veidot\u0101 pilnmetr\u0101\u017eas dokument\u0101l\u0101 filma <em>Tr\u012bsreiztr\u012bs.<\/em>&nbsp;Nosl\u0113gum\u0101, protams, dan\u010di ar iem\u012b\u013cotajiem 3&#215;3 muzikantiem.<\/p>\n\n\n\n<p>Tie\u0161raide no salidojuma no 12.00 tiks transl\u0113ta ar\u012b kust\u012bbas Facebook kont\u0101 <em>3x3_Latvija<\/em>, t\u0101d\u0113j\u0101di notikum\u0101 att\u0101lin\u0101ti piedal\u012bties var\u0113s ar\u012b no jebkuras vietas pasaul\u0113. Saprotam, ka ne visi, kas v\u0113las, var\u0113s b\u016bt kl\u0101t sare\u017e\u0123\u012bt\u0101s situ\u0101cijas d\u0113\u013c (piem., pielaide ar negat\u012bviem testiem prasa vis\u0101dus gr\u016bti izpild\u0101mus ierobe\u017eojumus, Covid-19 vakcin\u0101cijas sertifik\u0101ti no tre\u0161aj\u0101m Latvij\u0101 pagaid\u0101m netiek atz\u012bti utt.).<\/p>\n\n\n\n<p>Savuk\u0101rt dokument\u0101lo filmu <em>Tr\u012bsreiztr\u012bs<\/em> tie, kuri piedal\u012bsies att\u0101lin\u0101ti, var\u0113s noskat\u012bties vimeo vietn\u0113, pirms tam sa\u0146emot pieejas kodu. T\u0101tad, ja v\u0113laties to redz\u0113t, piesakieties e-past\u0101: <a href=\"mailto:3x3salidojums@gmail.com%22%20%5Ct%20%22_blank\">3x3salidojums@gmail.com<\/a>!&nbsp; \u0160\u012b filmas  pirmizr\u0101de s\u0101ksies 20:00 (LV).&nbsp; (Bet, iesp\u0113jams, jau septembr\u012b filmu demonstr\u0113s LTV 1.)<\/p>\n\n\n\n<ul class=\"wp-block-gallery columns-4 is-cropped wp-block-gallery-1 is-layout-flex wp-block-gallery-is-layout-flex\"><li class=\"blocks-gallery-item\"><figure><a href=\"https:\/\/www.3x3.lv\/wp-content\/uploads\/2021\/08\/image0-1024x576.jpeg\"><img loading=\"lazy\" decoding=\"async\" width=\"1024\" height=\"576\" src=\"https:\/\/www.3x3.lv\/wp-content\/uploads\/2021\/08\/image0-1024x576.jpeg\" alt=\"\" data-id=\"2121\" data-link=\"https:\/\/www.3x3.lv\/?attachment_id=2121\" class=\"wp-image-2121\" srcset=\"https:\/\/www.3x3.lv\/wp-content\/uploads\/2021\/08\/image0-1024x576.jpeg 1024w, https:\/\/www.3x3.lv\/wp-content\/uploads\/2021\/08\/image0-300x169.jpeg 300w, https:\/\/www.3x3.lv\/wp-content\/uploads\/2021\/08\/image0-768x432.jpeg 768w, https:\/\/www.3x3.lv\/wp-content\/uploads\/2021\/08\/image0.jpeg 1920w\" sizes=\"auto, (max-width: 1024px) 100vw, 1024px\" \/><\/a><\/figure><\/li><li class=\"blocks-gallery-item\"><figure><a href=\"https:\/\/www.3x3.lv\/wp-content\/uploads\/2021\/08\/image1-1024x576.jpeg\"><img loading=\"lazy\" decoding=\"async\" width=\"1024\" height=\"576\" src=\"https:\/\/www.3x3.lv\/wp-content\/uploads\/2021\/08\/image1-1024x576.jpeg\" alt=\"\" data-id=\"2122\" data-link=\"https:\/\/www.3x3.lv\/?attachment_id=2122\" class=\"wp-image-2122\" srcset=\"https:\/\/www.3x3.lv\/wp-content\/uploads\/2021\/08\/image1-1024x576.jpeg 1024w, https:\/\/www.3x3.lv\/wp-content\/uploads\/2021\/08\/image1-300x169.jpeg 300w, https:\/\/www.3x3.lv\/wp-content\/uploads\/2021\/08\/image1-768x432.jpeg 768w, https:\/\/www.3x3.lv\/wp-content\/uploads\/2021\/08\/image1.jpeg 1920w\" sizes=\"auto, (max-width: 1024px) 100vw, 1024px\" \/><\/a><\/figure><\/li><li class=\"blocks-gallery-item\"><figure><a href=\"https:\/\/www.3x3.lv\/wp-content\/uploads\/2021\/08\/image3-1024x576.jpeg\"><img loading=\"lazy\" decoding=\"async\" width=\"1024\" height=\"576\" src=\"https:\/\/www.3x3.lv\/wp-content\/uploads\/2021\/08\/image3-1024x576.jpeg\" alt=\"\" data-id=\"2123\" data-link=\"https:\/\/www.3x3.lv\/?attachment_id=2123\" class=\"wp-image-2123\" srcset=\"https:\/\/www.3x3.lv\/wp-content\/uploads\/2021\/08\/image3-1024x576.jpeg 1024w, https:\/\/www.3x3.lv\/wp-content\/uploads\/2021\/08\/image3-300x169.jpeg 300w, https:\/\/www.3x3.lv\/wp-content\/uploads\/2021\/08\/image3-768x432.jpeg 768w, https:\/\/www.3x3.lv\/wp-content\/uploads\/2021\/08\/image3.jpeg 1920w\" sizes=\"auto, (max-width: 1024px) 100vw, 1024px\" \/><\/a><\/figure><\/li><li class=\"blocks-gallery-item\"><figure><a href=\"https:\/\/www.3x3.lv\/wp-content\/uploads\/2021\/08\/image4-1024x576.jpeg\"><img loading=\"lazy\" decoding=\"async\" width=\"1024\" height=\"576\" src=\"https:\/\/www.3x3.lv\/wp-content\/uploads\/2021\/08\/image4-1024x576.jpeg\" alt=\"\" data-id=\"2124\" data-link=\"https:\/\/www.3x3.lv\/?attachment_id=2124\" class=\"wp-image-2124\" srcset=\"https:\/\/www.3x3.lv\/wp-content\/uploads\/2021\/08\/image4-1024x576.jpeg 1024w, https:\/\/www.3x3.lv\/wp-content\/uploads\/2021\/08\/image4-300x169.jpeg 300w, https:\/\/www.3x3.lv\/wp-content\/uploads\/2021\/08\/image4-768x432.jpeg 768w, https:\/\/www.3x3.lv\/wp-content\/uploads\/2021\/08\/image4.jpeg 1920w\" sizes=\"auto, (max-width: 1024px) 100vw, 1024px\" \/><\/a><\/figure><\/li><li class=\"blocks-gallery-item\"><figure><a href=\"https:\/\/www.3x3.lv\/wp-content\/uploads\/2021\/08\/image5-1024x576.jpeg\"><img loading=\"lazy\" decoding=\"async\" width=\"1024\" height=\"576\" src=\"https:\/\/www.3x3.lv\/wp-content\/uploads\/2021\/08\/image5-1024x576.jpeg\" alt=\"\" data-id=\"2125\" data-link=\"https:\/\/www.3x3.lv\/?attachment_id=2125\" class=\"wp-image-2125\" srcset=\"https:\/\/www.3x3.lv\/wp-content\/uploads\/2021\/08\/image5-1024x576.jpeg 1024w, https:\/\/www.3x3.lv\/wp-content\/uploads\/2021\/08\/image5-300x169.jpeg 300w, https:\/\/www.3x3.lv\/wp-content\/uploads\/2021\/08\/image5-768x432.jpeg 768w, https:\/\/www.3x3.lv\/wp-content\/uploads\/2021\/08\/image5.jpeg 1920w\" sizes=\"auto, (max-width: 1024px) 100vw, 1024px\" \/><\/a><\/figure><\/li><li class=\"blocks-gallery-item\"><figure><a href=\"https:\/\/www.3x3.lv\/wp-content\/uploads\/2021\/08\/image6-1024x576.jpeg\"><img loading=\"lazy\" decoding=\"async\" width=\"1024\" height=\"576\" src=\"https:\/\/www.3x3.lv\/wp-content\/uploads\/2021\/08\/image6-1024x576.jpeg\" alt=\"\" data-id=\"2126\" data-link=\"https:\/\/www.3x3.lv\/?attachment_id=2126\" class=\"wp-image-2126\" srcset=\"https:\/\/www.3x3.lv\/wp-content\/uploads\/2021\/08\/image6-1024x576.jpeg 1024w, https:\/\/www.3x3.lv\/wp-content\/uploads\/2021\/08\/image6-300x169.jpeg 300w, https:\/\/www.3x3.lv\/wp-content\/uploads\/2021\/08\/image6-768x432.jpeg 768w, https:\/\/www.3x3.lv\/wp-content\/uploads\/2021\/08\/image6.jpeg 1920w\" sizes=\"auto, (max-width: 1024px) 100vw, 1024px\" \/><\/a><\/figure><\/li><li class=\"blocks-gallery-item\"><figure><a href=\"https:\/\/www.3x3.lv\/wp-content\/uploads\/2021\/08\/image7-1024x576.jpeg\"><img loading=\"lazy\" decoding=\"async\" width=\"1024\" height=\"576\" src=\"https:\/\/www.3x3.lv\/wp-content\/uploads\/2021\/08\/image7-1024x576.jpeg\" alt=\"\" data-id=\"2127\" data-link=\"https:\/\/www.3x3.lv\/?attachment_id=2127\" class=\"wp-image-2127\" srcset=\"https:\/\/www.3x3.lv\/wp-content\/uploads\/2021\/08\/image7-1024x576.jpeg 1024w, https:\/\/www.3x3.lv\/wp-content\/uploads\/2021\/08\/image7-300x169.jpeg 300w, https:\/\/www.3x3.lv\/wp-content\/uploads\/2021\/08\/image7-768x432.jpeg 768w, https:\/\/www.3x3.lv\/wp-content\/uploads\/2021\/08\/image7.jpeg 1920w\" sizes=\"auto, (max-width: 1024px) 100vw, 1024px\" \/><\/a><\/figure><\/li><li class=\"blocks-gallery-item\"><figure><a href=\"https:\/\/www.3x3.lv\/wp-content\/uploads\/2021\/08\/image8-1024x576.jpeg\"><img loading=\"lazy\" decoding=\"async\" width=\"1024\" height=\"576\" src=\"https:\/\/www.3x3.lv\/wp-content\/uploads\/2021\/08\/image8-1024x576.jpeg\" alt=\"\" data-id=\"2128\" data-link=\"https:\/\/www.3x3.lv\/?attachment_id=2128\" class=\"wp-image-2128\" srcset=\"https:\/\/www.3x3.lv\/wp-content\/uploads\/2021\/08\/image8-1024x576.jpeg 1024w, https:\/\/www.3x3.lv\/wp-content\/uploads\/2021\/08\/image8-300x169.jpeg 300w, https:\/\/www.3x3.lv\/wp-content\/uploads\/2021\/08\/image8-768x432.jpeg 768w, https:\/\/www.3x3.lv\/wp-content\/uploads\/2021\/08\/image8.jpeg 1920w\" sizes=\"auto, (max-width: 1024px) 100vw, 1024px\" \/><\/a><\/figure><\/li><li class=\"blocks-gallery-item\"><figure><a href=\"https:\/\/www.3x3.lv\/wp-content\/uploads\/2021\/08\/image10-1024x576.jpeg\"><img loading=\"lazy\" decoding=\"async\" width=\"1024\" height=\"576\" src=\"https:\/\/www.3x3.lv\/wp-content\/uploads\/2021\/08\/image10-1024x576.jpeg\" alt=\"\" data-id=\"2129\" data-link=\"https:\/\/www.3x3.lv\/?attachment_id=2129\" class=\"wp-image-2129\" srcset=\"https:\/\/www.3x3.lv\/wp-content\/uploads\/2021\/08\/image10-1024x576.jpeg 1024w, https:\/\/www.3x3.lv\/wp-content\/uploads\/2021\/08\/image10-300x169.jpeg 300w, https:\/\/www.3x3.lv\/wp-content\/uploads\/2021\/08\/image10-768x432.jpeg 768w, https:\/\/www.3x3.lv\/wp-content\/uploads\/2021\/08\/image10.jpeg 1920w\" sizes=\"auto, (max-width: 1024px) 100vw, 1024px\" \/><\/a><\/figure><\/li><li class=\"blocks-gallery-item\"><figure><a href=\"https:\/\/www.3x3.lv\/wp-content\/uploads\/2021\/08\/image11-1024x576.jpeg\"><img loading=\"lazy\" decoding=\"async\" width=\"1024\" height=\"576\" src=\"https:\/\/www.3x3.lv\/wp-content\/uploads\/2021\/08\/image11-1024x576.jpeg\" alt=\"\" data-id=\"2130\" data-link=\"https:\/\/www.3x3.lv\/?attachment_id=2130\" class=\"wp-image-2130\" srcset=\"https:\/\/www.3x3.lv\/wp-content\/uploads\/2021\/08\/image11-1024x576.jpeg 1024w, https:\/\/www.3x3.lv\/wp-content\/uploads\/2021\/08\/image11-300x169.jpeg 300w, https:\/\/www.3x3.lv\/wp-content\/uploads\/2021\/08\/image11-768x432.jpeg 768w, https:\/\/www.3x3.lv\/wp-content\/uploads\/2021\/08\/image11.jpeg 1920w\" sizes=\"auto, (max-width: 1024px) 100vw, 1024px\" \/><\/a><\/figure><\/li><li class=\"blocks-gallery-item\"><figure><a href=\"https:\/\/www.3x3.lv\/wp-content\/uploads\/2021\/08\/image12-1024x576.jpeg\"><img loading=\"lazy\" decoding=\"async\" width=\"1024\" height=\"576\" src=\"https:\/\/www.3x3.lv\/wp-content\/uploads\/2021\/08\/image12-1024x576.jpeg\" alt=\"\" data-id=\"2131\" data-link=\"https:\/\/www.3x3.lv\/?attachment_id=2131\" class=\"wp-image-2131\" srcset=\"https:\/\/www.3x3.lv\/wp-content\/uploads\/2021\/08\/image12-1024x576.jpeg 1024w, https:\/\/www.3x3.lv\/wp-content\/uploads\/2021\/08\/image12-300x169.jpeg 300w, https:\/\/www.3x3.lv\/wp-content\/uploads\/2021\/08\/image12-768x432.jpeg 768w, https:\/\/www.3x3.lv\/wp-content\/uploads\/2021\/08\/image12.jpeg 1920w\" sizes=\"auto, (max-width: 1024px) 100vw, 1024px\" \/><\/a><\/figure><\/li><li class=\"blocks-gallery-item\"><figure><a href=\"https:\/\/www.3x3.lv\/wp-content\/uploads\/2021\/08\/image13-1-1024x576.jpeg\"><img loading=\"lazy\" decoding=\"async\" width=\"1024\" height=\"576\" src=\"https:\/\/www.3x3.lv\/wp-content\/uploads\/2021\/08\/image13-1-1024x576.jpeg\" alt=\"\" data-id=\"2133\" data-link=\"https:\/\/www.3x3.lv\/?attachment_id=2133\" class=\"wp-image-2133\" srcset=\"https:\/\/www.3x3.lv\/wp-content\/uploads\/2021\/08\/image13-1-1024x576.jpeg 1024w, https:\/\/www.3x3.lv\/wp-content\/uploads\/2021\/08\/image13-1-300x169.jpeg 300w, https:\/\/www.3x3.lv\/wp-content\/uploads\/2021\/08\/image13-1-768x432.jpeg 768w, https:\/\/www.3x3.lv\/wp-content\/uploads\/2021\/08\/image13-1.jpeg 1344w\" sizes=\"auto, (max-width: 1024px) 100vw, 1024px\" \/><\/a><\/figure><\/li><li class=\"blocks-gallery-item\"><figure><a href=\"https:\/\/www.3x3.lv\/wp-content\/uploads\/2021\/08\/image14-1024x576.jpeg\"><img loading=\"lazy\" decoding=\"async\" width=\"1024\" height=\"576\" src=\"https:\/\/www.3x3.lv\/wp-content\/uploads\/2021\/08\/image14-1024x576.jpeg\" alt=\"\" data-id=\"2134\" data-link=\"https:\/\/www.3x3.lv\/?attachment_id=2134\" class=\"wp-image-2134\" srcset=\"https:\/\/www.3x3.lv\/wp-content\/uploads\/2021\/08\/image14-1024x576.jpeg 1024w, https:\/\/www.3x3.lv\/wp-content\/uploads\/2021\/08\/image14-300x169.jpeg 300w, https:\/\/www.3x3.lv\/wp-content\/uploads\/2021\/08\/image14-768x432.jpeg 768w, https:\/\/www.3x3.lv\/wp-content\/uploads\/2021\/08\/image14.jpeg 1344w\" sizes=\"auto, (max-width: 1024px) 100vw, 1024px\" \/><\/a><\/figure><\/li><li class=\"blocks-gallery-item\"><figure><a href=\"https:\/\/www.3x3.lv\/wp-content\/uploads\/2021\/08\/image15-1024x576.jpeg\"><img loading=\"lazy\" decoding=\"async\" width=\"1024\" height=\"576\" src=\"https:\/\/www.3x3.lv\/wp-content\/uploads\/2021\/08\/image15-1024x576.jpeg\" alt=\"\" data-id=\"2135\" data-link=\"https:\/\/www.3x3.lv\/?attachment_id=2135\" class=\"wp-image-2135\" srcset=\"https:\/\/www.3x3.lv\/wp-content\/uploads\/2021\/08\/image15-1024x576.jpeg 1024w, https:\/\/www.3x3.lv\/wp-content\/uploads\/2021\/08\/image15-300x169.jpeg 300w, https:\/\/www.3x3.lv\/wp-content\/uploads\/2021\/08\/image15-768x432.jpeg 768w, https:\/\/www.3x3.lv\/wp-content\/uploads\/2021\/08\/image15.jpeg 1344w\" sizes=\"auto, (max-width: 1024px) 100vw, 1024px\" \/><\/a><\/figure><\/li><li class=\"blocks-gallery-item\"><figure><a href=\"https:\/\/www.3x3.lv\/wp-content\/uploads\/2021\/08\/image16-1024x576.jpeg\"><img loading=\"lazy\" decoding=\"async\" width=\"1024\" height=\"576\" src=\"https:\/\/www.3x3.lv\/wp-content\/uploads\/2021\/08\/image16-1024x576.jpeg\" alt=\"\" data-id=\"2136\" data-link=\"https:\/\/www.3x3.lv\/?attachment_id=2136\" class=\"wp-image-2136\" srcset=\"https:\/\/www.3x3.lv\/wp-content\/uploads\/2021\/08\/image16-1024x576.jpeg 1024w, https:\/\/www.3x3.lv\/wp-content\/uploads\/2021\/08\/image16-300x169.jpeg 300w, https:\/\/www.3x3.lv\/wp-content\/uploads\/2021\/08\/image16-768x432.jpeg 768w, https:\/\/www.3x3.lv\/wp-content\/uploads\/2021\/08\/image16.jpeg 1344w\" sizes=\"auto, (max-width: 1024px) 100vw, 1024px\" \/><\/a><\/figure><\/li><\/ul>\n\n\n\n<p>\u0160is e-pasts paredz\u0113ts ar\u012b sazi\u0146ai ar salidojuma organizatoriem Ceku\u013cu \u0123imeni, rodoties jebkuram ar sar\u012bkojumu saist\u012btam jaut\u0101jumam.<\/p>\n\n\n\n<p>V\u0113l da\u017ei praktiski apsv\u0113rumi un ieteikumi tie, kas paredz\u0113ju\u0161i b\u016bt Bauskas estr\u0101d\u0113.&nbsp;<\/p>\n\n\n\n<p>Salidojuma viet\u0101 darbosies kafejn\u012bca. Vakari\u0146as visiem b\u016bs kop\u012bgas, t\u0101p\u0113c ieteicams \u0146emt l\u012bdzi savu b\u013codi\u0146u un karoti, k\u0101 ar\u012b se\u0123eni sav\u0101m \u0113rt\u012bb\u0101m.&nbsp;<\/p>\n\n\n\n<p>Salidojumam iepriek\u0161 noteikti j\u0101piesakas e-past\u0101: <a href=\"%22mai\">3x3salidojums@gmail.com<\/a> vai aizpildot anketu <a rel=\"noreferrer noopener\" href=\"https:\/\/ieej.lv\/aizpildi3x3\" target=\"_blank\">https:\/\/ieej.lv\/aizpildi3x3<\/a>  . Tad ar\u012b katrs sa\u0146ems apstiprin\u0101jumu un konta numuru, uz kuru l\u012bdz 25. augustam p\u0101rskait\u012bt dal\u012bbas maksu (5 eiro no personas, 10 eiro kodol\u0123imenei).<\/p>\n\n\n\n<p>Uz pas\u0101kumu autobuss izbrauks no R\u012bgas 10.50 un, atgrie\u017eoties no Bauskas, 22.00. un 24.00. Ja v\u0113laties braukt ar kop\u0113jo autobusu, l\u016bdzu pieteikties l\u012bdz 20.augustam e-past\u0101: <a href=\"%22mailto:3x3salidojums@gma\">3x3salidojums@gmail.com<\/a>. Cena par autobusu 6 eiro abos virzienos.<\/p>\n\n\n\n<p>Un, \u0146emot v\u0113r\u0101 valst\u012b noteiktos ierobe\u017eojumus, ieeja pas\u0101kum\u0101 tikai ar der\u012bgu (EU) Covid-19 sertifik\u0101tu (personas, kuras ir vakcin\u0113tas pret Covid-19 vai p\u0113d\u0113j\u0101 pusgada laik\u0101 to izslimoju\u0161as ). Tas attiecas ar\u012b uz b\u0113rniem no 12 gadu vecuma.&nbsp;&nbsp;<\/p>\n\n\n\n<p><\/p>\n\n\n\n<p><strong>Daiga Bitiniece<\/strong>, Latvijas 3&#215;3 padomes locekle.<\/p>\n\n\n\n<p>&nbsp;<\/p>\n","protected":false},"excerpt":{"rendered":"<p>Salidojuma av\u012bze \u0160ogad glob\u0101lajai pasaules latvie\u0161u \u0123ime\u0146u 3&#215;3 kust\u012bbai aprit 40 gadu, un tr\u012bsreiztr\u012bsnieki aicin\u0101ti tikties salidojum\u0101 28. august\u0101 no 12.00 Bauskas pilskalna parka estr\u0101d\u0113 vai piedal\u012bties att\u0101lin\u0101ti. T\u0101 b\u016bs&#8230;<\/p>\n","protected":false},"author":1,"featured_media":0,"parent":229,"menu_order":0,"comment_status":"closed","ping_status":"closed","template":"","meta":{"__cvm_playback_settings":[],"__cvm_video_id":"","footnotes":""},"class_list":["post-2101","page","type-page","status-publish","hentry"],"_links":{"self":[{"href":"https:\/\/www.3x3.lv\/index.php?rest_route=\/wp\/v2\/pages\/2101","targetHints":{"allow":["GET"]}}],"collection":[{"href":"https:\/\/www.3x3.lv\/index.php?rest_route=\/wp\/v2\/pages"}],"about":[{"href":"https:\/\/www.3x3.lv\/index.php?rest_route=\/wp\/v2\/types\/page"}],"author":[{"embeddable":true,"href":"https:\/\/www.3x3.lv\/index.php?rest_route=\/wp\/v2\/users\/1"}],"replies":[{"embeddable":true,"href":"https:\/\/www.3x3.lv\/index.php?rest_route=%2Fwp%2Fv2%2Fcomments&post=2101"}],"version-history":[{"count":20,"href":"https:\/\/www.3x3.lv\/index.php?rest_route=\/wp\/v2\/pages\/2101\/revisions"}],"predecessor-version":[{"id":2175,"href":"https:\/\/www.3x3.lv\/index.php?rest_route=\/wp\/v2\/pages\/2101\/revisions\/2175"}],"up":[{"embeddable":true,"href":"https:\/\/www.3x3.lv\/index.php?rest_route=\/wp\/v2\/pages\/229"}],"wp:attachment":[{"href":"https:\/\/www.3x3.lv\/index.php?rest_route=%2Fwp%2Fv2%2Fmedia&parent=2101"}],"curies":[{"name":"wp","href":"https:\/\/api.w.org\/{rel}","templated":true}]}}