{"id":282,"date":"2017-02-21T23:41:36","date_gmt":"2017-02-21T21:41:36","guid":{"rendered":"http:\/\/192.168.88.77\/?page_id=282"},"modified":"2023-02-02T10:27:55","modified_gmt":"2023-02-02T08:27:55","slug":"kas-ir-3x3","status":"publish","type":"page","link":"https:\/\/www.3x3.lv\/?page_id=282","title":{"rendered":"Kas ir 3&#215;3?"},"content":{"rendered":"<div class=\"article\">\n<div class=\"article-content\">\n<div class=\"RichTextElement\">\n<div>\n<blockquote>\n<p style=\"text-align: left;\"><a href=\"https:\/\/www.3x3.lv\/?page_id=850\" target=\"_top\" rel=\"noopener noreferrer\">3\u00d73 darb\u012bbas vadl\u012bnijas<\/a><\/p>\n<\/blockquote>\n<p><b><i>Nevis slinkojot un p\u016bstot<\/i><\/b><i><br \/>\n<\/i><b><i>Tautu lab\u0101 god\u0101 ce\u013c:<br \/>\n<\/i><\/b><b><i>N\u0113! Pie pr\u0101ta gaismas k\u013c\u016bstot,<br \/>\n<\/i><\/b><b><i>Tauta zied un tauta ze\u013c.<\/i><\/b><br \/>\n<b>N\u0101c un veidosim latvie\u0161u kop\u012bbu pasaul\u0113!<\/b><\/p>\n<p><b>Tu atkl\u0101si sevi no jauna!<\/b><\/p>\n<p style=\"text-align: center;\"><b>M\u0113r\u0137i<\/b><\/p>\n<p style=\"text-align: center;\">3&#215;3 nometnes tiek r\u012bkotas visu vecumu latvie\u0161iem no visiem kontinentiem, lai<\/p>\n<p style=\"text-align: left; padding-left: 90px;\">\u25b2 \u00a0 <b>padzi\u013cin\u0101tu un papla\u0161in\u0101tu latvisk\u0101s zin\u0101\u0161anas,<\/b><\/p>\n<p style=\"text-align: left; padding-left: 90px;\">\u25b2 \u00a0 <b>stiprin\u0101tu latviskas \u0123imenes,<\/b><\/p>\n<p style=\"text-align: left; padding-left: 90px;\">\u25b2 \u00a0<b> sekm\u0113tu latviskas draudz\u012bbas,<\/b><\/p>\n<p style=\"text-align: left; padding-left: 90px;\">\u25b2 \u00a0 <b>veicin\u0101tu latvisku kop\u012bbas izj\u016btu,<\/b><\/p>\n<p style=\"text-align: left; padding-left: 90px;\">\u25b2 \u00a0 <b>att\u012bst\u012btu latvisko kult\u016brvidi (Latvij\u0101).<\/b><\/p>\n<p><b>Tr\u012bsreiztr\u012bs nomet\u0146u loma latvisk\u0101s identit\u0101tes saglab\u0101\u0161an\u0101 trimd\u0101<\/b><\/p>\n<p style=\"text-align: justify;\">1980\u2019to gadu s\u0101kum\u0101 bija k\u013cuvis skaidrs, ka trimdas latviskaj\u0101 izgl\u012bt\u012bbas sist\u0113m\u0101 tr\u016bkst regul\u0101ri pl\u0101nota un organiz\u0113ta pas\u0101kuma pieaugu\u0161ajiem, vispus\u012bgu, vi\u0146u interes\u0113m un pras\u012bb\u0101m atbilsto\u0161u latvisko zin\u0101\u0161anu ieg\u016b\u0161anai un pieredzei latvisk\u0101 vid\u0113, k\u0101du jaun\u0101k\u0101m vecuma grup\u0101m deva papildskolas, b\u0113rnu vasaras nometnes, vasaras vidusskolas un Divreizdivi nometnes. Bija ar\u012b skaidrs, ka m\u016bsu izgl\u012bt\u012bbas sist\u0113ma var tikai papildin\u0101t b\u0113rnu latvisk\u0101s zin\u0101\u0161anas un dot tiem izdev\u012bbu b\u016bt kop\u0101 ar citiem latvie\u0161u b\u0113rniem, bet galvenajai valodas apguvei un latviskajai audzin\u0101\u0161anai ir j\u0101notiek \u0123imen\u0113. T\u0101p\u0113c lik\u0101s svar\u012bgi pal\u012bdz\u0113t vec\u0101kiem, kuri pa\u0161i nav vair\u0101k izgl\u012btoju\u0161ies latvie\u0161u skol\u0101s k\u0101 vi\u0146u b\u0113rni, kuru \u0123imen\u0113s varb\u016bt latviskajai audzin\u0101\u0161anai un motiv\u0101cijai saglab\u0101t savu valodu un latviet\u012bbu velt\u012bja maz v\u0113r\u012bbas, un kuru latvisk\u0101 identit\u0101te bija tikpat v\u0101ra un neskaidra k\u0101 vi\u0146u b\u0113rniem.<\/p>\n<p style=\"text-align: justify;\">1980. gad\u0101 es veicu p\u0113t\u012bjumu par to, kas piesaista vai atraida tautie\u0161us no latvie\u0161u sabiedr\u012bbas. Man bija p\u0101rliec\u012bba, ka latviet\u012bba ir v\u0113rt\u012bba, un akt\u012bva pieder\u012bba latvie\u0161u sabiedr\u012bbai ir privil\u0113\u0123ija, jo tai ir sp\u0113ja dot saviem locek\u013ciem saites ar ilgsto\u0161u, stabilu un paredzamu grupu, kuru kop\u0101 tura kop\u012bgas saknes un kop\u012bgi m\u0113r\u0137i. P\u0113t\u012bjuma rezult\u0101ti r\u0101d\u012bja, ka latvie\u0161i latviet\u012bbu un latvie\u0161u kult\u016bru nov\u0113rt\u0113 visai augstu, bet bie\u017ei ne labprat piedal\u0101s latvie\u0161u sabiedriskaj\u0101s aktivit\u0101t\u0113s un v\u0113l ret\u0101k v\u0113las uz\u0146emties atbild\u012bbu par \u0161o aktivit\u0101\u0161u turpin\u0101\u0161anos. Neviena grupa vai sabiedr\u012bba nevar past\u0101v\u0113t bez form\u0101l\u0101m organiz\u0101cij\u0101m jeb instit\u016bcij\u0101m, jo bez t\u0101m nevar rasties kolekt\u012bva, paredzama pieredze, kas ir nepiecie\u0161ama lai grupas locek\u013ciem b\u016btu \u201cm\u0113s\u201d saj\u016bta. T\u0101 tad, lai m\u0113s var\u0113tu past\u0101v\u0113t k\u0101 latvie\u0161i mums bija j\u0101rod kop\u012bga pieredze, kop\u012bga m\u0101c\u012b\u0161an\u0101s, lietas, ko m\u0113s visi zinam un esam izjutu\u0161i un dar\u012bju\u0161i, cilv\u0113ki ko m\u0113s paz\u012bstam un kas paz\u012bst m\u016bs. Tr\u012bsreiztr\u012bs veidojot pamat\u0101 bija p\u0113t\u012bjum\u0101 g\u016bt\u0101s atzi\u0146as par to, kas latvie\u0161u sabiedr\u012bbas locek\u013ciem b\u016btu interesants, pievilc\u012bgs, saisto\u0161s, noder\u012bgs un v\u0113rt\u012bgs, k\u0101dos apst\u0101k\u013cos un k\u0101d\u0101s kop\u012bg\u0101s aktivit\u0101t\u0113s tie v\u0113l\u0113tos piedal\u012bties.<\/p>\n<p style=\"text-align: justify;\">Tr\u012bsreiztr\u012bs ir nometne visu paaud\u017eu latvie\u0161iem, un t\u0101s m\u0113r\u0137i ir latvisko zin\u0101\u0161anu papla\u0161in\u0101\u0161ana, latvisk\u0101s kop\u012bbas saj\u016btas veicin\u0101\u0161ana, latvisko \u0123ime\u0146u stiprin\u0101\u0161ana un draudz\u012bbu sekm\u0113\u0161ana latvie\u0161u starp\u0101. T\u0101 ir dom\u0101ta latviskai dz\u012bvei latvisk\u0101 vid\u0113, lai pal\u012bdz\u0113tu latvietim iepaz\u012bt pa\u0161am sevi, savu \u0123imeni, jaunus un vecus draugus pavisam neikdieni\u0161\u0137os apst\u0101k\u013cos. T\u0101 ir dom\u0101ta lai visu paaud\u017eu latvie\u0161i kop\u0101 baud\u012btu latvisko p\u0101rdz\u012bvojumu, m\u0101c\u012btos no da\u017e\u0101du nozaru lietprat\u0113jiem un cits no cita, k\u0101di ir latvie\u0161i un latviet\u012bba m\u016bsu dienas, kas tos dara at\u0161\u0137ir\u012bgus no cit\u0101m etnisk\u0101m grup\u0101m. T\u0101 ir dom\u0101ta lai vismaz vienu ned\u0113\u013cu gad\u0101 dz\u012bvotu t\u012bri latviski, darot to, kas sirdij dod prieku.<\/p>\n<p style=\"text-align: justify;\">Tr\u012bsreiztr\u012bs dal\u012bbnieku vecums ir neierobe\u017eots un aptver latvie\u0161us no p\u0101ris ned\u0113\u013cu l\u012bdz p\u0101ri par 90 gadu vecumam, kuri piedal\u0101s gan individu\u0101li gan divu un tr\u012bs paaud\u017eu \u0123ime\u0146u vien\u012bb\u0101s. Tr\u012bsreiztr\u012bs simbols ir Dieva z\u012bme, dziesma (\u0101rzem\u0113s) \u201cKo dzied\u0101\u0161u, ko run\u0101\u0161u, sve\u0161u zemi staig\u0101dama? Dzied\u0101\u0161\u2019 pati savu dziesmu, run\u0101\u0161\u2019savu valodi\u0146u.\u201d Nomet\u0146u garums ir vienu ned\u0113\u013cu un to programm\u0101s ietilpst v\u0113sture, sabiedriskie jaut\u0101jumi un politika, folklora, reli\u0123ija\/\u0113tika, m\u0101ksla \u2013 literat\u016bra, m\u016bzika, dr\u0101ma, glezniec\u012bba, latvie\u0161u valoda, latvisk\u0101 audzin\u0101\u0161ana skol\u0101 un \u0123imen\u0113, latvisk\u0101 identit\u0101te, alkoholisma, \u0123imenes un sabiedrisk\u0101s probl\u0113mas, tradicijas \u2013 sv\u0113tki, latvisk\u0101 virtuve un latvisk\u0101 m\u0101ja, rotkal\u0161ana, au\u0161ana un rokdarbi, kokgrie\u0161ana, keramika, \u0101das apdare, kokl\u0113\u0161ana, dzied\u0101\u0161ana, te\u0101tris, tautas dejas un rota\u013cas, un piem\u0113rotas nodarb\u012bbas visu vecumu b\u0113rniem. Bez atsevi\u0161\u0137o intere\u0161u grupu jeb ievir\u017eu nodarb\u012bb\u0101m notiek ar\u012b kop\u012bgi refer\u0101ti un kop\u012bgas vakara programmas \u2013 dzied\u0101\u0161ana, rota\u013cas un dan\u010di, pasaku st\u0101st\u012b\u0161ana un m\u012bklu min\u0113\u0161ana, ugunskuri, dzejas vakari, pane\u013cdiskusijas par da\u017e\u0101diem tematiem u.c. Ievir\u017eu vad\u012bt\u0101ji, lektori un dai\u013camatu meistari ir paz\u012bstami latvie\u0161u kult\u016bras, politiskie un sabiedriskie darbinieki un da\u017e\u0101du profesiju p\u0101rst\u0101vji ar izgl\u012bt\u012bbu un pieredzi attiec\u012bgaj\u0101 lauk\u0101. Visi, ieskaitot nomet\u0146u vad\u012bt\u0101jus un organiz\u0113t\u0101jus, str\u0101d\u0101 bez financi\u0101las samaksas, sa\u0146emot atl\u012bdzin\u0101jum\u0101 gandar\u012bjumu par padar\u012bto. Nomet\u0146u ievir\u017eu vad\u012bt\u0101ju un lektoru starp\u0101 ir Vaira V\u012b\u0137e-Freiberga un Imants Freibergs, M\u0101ra Z\u0101l\u012bte, Jan\u012bna Kurs\u012bte Ilga Reizniece, Helmi, Dainis un Julgi Stalti, Valdis Muktup\u0101vels, Oj\u0101rs Kalni\u0146\u0161, Uldis Grava, K\u0101rlis Streips, J\u0101nis Kukainis, Valters Nollendorfs, J\u0101nis Peni\u0137is, Ol\u0123erts un Valdis Pavlovski, Gun\u0101rs Meierovics, Pauls Gobels, Aleksandrs Kir\u0161teins, Vaira Paegle, Rasma Lielmane, Andrejs Jansons, Vilis V\u0101rsbergs, M\u0101ris \u0136irsons, Oj\u0101rs Celle un daudzi, daudzi citi. Tr\u012bsreiztr\u012bs kust\u012bbu glob\u0101li rosina, koordin\u0113 un atbalsta Pasaules br\u012bvo latvie\u0161u apvien\u012bbas Izgl\u012bt\u012bbas padome, bet atsevi\u0161\u0137\u0101s valst\u012bs nometnes r\u012bko latvie\u0161u centr\u0101lo organizaciju izgl\u012bt\u012bbas noda\u013cas vai \u012bpa\u0161i dibin\u0101tas Tr\u012bsreiztr\u012bs padomes (Zieme\u013camerik\u0101, Austr\u0101lij\u0101 un Latvij\u0101).<\/p>\n<p style=\"text-align: justify;\">Prm\u0101 Tr\u012bsreiztr\u012bs nometne notika Garezer\u0101, ASV, 1981. gad\u0101. R\u012bkot\u0101ju cer\u012bba, ka t\u0101 darbosies k\u0101 eksperiment\u0101la nometne, modelis latvie\u0161iem vis\u0101 pasaul\u0113 latvisk\u0101s izgl\u012bt\u012bbas un kop\u012bbas saj\u016btas ieg\u016b\u0161anai, piepild\u012bj\u0101s. 1980\u2019to gadu pirmaj\u0101 pus\u0113 nometnes jau bija izveidoju\u0161\u0101s ASV Rietumu krast\u0101, Katski\u013cos, Austr\u0101lij\u0101, Anglij\u0101, Zviedrij\u0101 un, mazliet v\u0113l\u0101k, Francij\u0101. Tagad vairs nedarbojas nometnes ASV Rietumu krast\u0101, Zviedrij\u0101 un Francij\u0101, toties kop\u0161 1990. gada tiek organiz\u0113tas nometnes Latvij\u0101 un kop\u0161 2002. gada \u2013 Kan\u0101d\u0101. L\u012bdz 2003. gada rudenim bija notiku\u0161as 144 nometnes (katru gadu asto\u0146as) ar 20,030 dal\u012bbniekiem. Latvij\u0101, ASV un Anglij\u0101 notiek divas nometnes gad\u0101, Austr\u0101lij\u0101 un Kan\u0101d\u0101 pa vienai. Viena no Anglijas nometn\u0113m notiek da\u013c\u0113ji ang\u013cu valod\u0101 lai ar\u012b tie, kuri latvie\u0161os ir ieprec\u0113ju\u0161ies un tie, kuru latvie\u0161u valodas zin\u0101\u0161anas ir ierobe\u017eotas citu iemeslu d\u0113\u013c, var iepaz\u012bties ar latvie\u0161u kult\u016bru un justies latvie\u0161u sabiedr\u012bbai pieder\u012bgi.Lai gan katrai nometnei ir sava seja un savas \u012bpatn\u012bbas, vis\u0101m nometn\u0113m ir vair\u0101k kop\u012bg\u0101 nek\u0101 at\u0161\u0137ir\u012bg\u0101. Kop\u012bgi ir m\u0113r\u0137i, pieeja, pamata idejas un darb\u012bbas vadl\u012bnijas. Nomet\u0146u programmas un lektori atbilst dal\u012bbnieku interes\u0113m un pras\u012bb\u0101m, atmosfaira ir neform\u0101la un draudz\u012bga, iev\u0113rojama da\u013ca no nometnes programmas ir diskusijas, mijiedarb\u012bba, uzskatu da\u017e\u0101d\u012bbas iepaz\u012b\u0161ana, m\u0101c\u012b\u0161an\u0101s citam no cita un citam par citu, kop\u0113ja dz\u012bvo\u0161ana un darbo\u0161an\u0101s gan nopietnos gan jautros br\u012b\u017eos. Dal\u012bbniekiem ir ieguvums gan pr\u0101tam gan sirdij. Latvijas nometnes at\u0161\u0137iras ar daudz liel\u0101ku dal\u012bbnieku un nodarb\u012bbu skaitu, k\u0101 ar\u012b ar to, ka dal\u012bbnieku caurm\u0113ra vecums ir krietni zem\u0101ks nek\u0101 \u0101rzemju nometn\u0113s, iz\u0146emot Anglij\u0101, kur piedal\u0101s proporcion\u0101li daudz b\u0113rnu un uzsvars tiek likts uz b\u0113rnu programm\u0101m.<\/p>\n<p style=\"text-align: justify;\">Ir gr\u016bti izv\u0113rt\u0113t kas ir svarig\u0101kais ko trimdas latvie\u0161u sabiedr\u012bba ir ieguvusi no Tr\u012bsreiztr\u012bs. Bez \u0161aub\u0101m, ka piedal\u012b\u0161an\u0101s nometn\u0113s ir pal\u012bdz\u0113jusi ar latvie\u0161u valodas apguvi un lieto\u0161anu t\u0101pat k\u0101 t\u0101 ir devusi citur neg\u016bstamu izdev\u012bbu iepaz\u012bties ar latvie\u0161u kult\u016bru un politiku un ar izciliem latvie\u0161iem un vi\u0146u specialit\u0101t\u0113m. Nometnes ir papla\u0161in\u0101ju\u0161as zin\u0101\u0161anas un dar\u012bju\u0161as latviet\u012bbu svar\u012bg\u0101ku un noz\u012bm\u012bg\u0101ku, devu\u0161as latviet\u012bbai liel\u0101ku lomu ne tikai dal\u012bbniekiem nometn\u0113 esot, bet ar\u012b ikdienas dz\u012bv\u0113. Daudzi, kas nometn\u0113s m\u0101c\u012bj\u0101s kalt rotas, m\u012bc\u012bt m\u0101lus un veidot b\u013codas un v\u0101zes, aust kr\u0101\u0161\u0146as priev\u012btes, cept rupjmaizi un p\u012br\u0101gus paz\u012bstamu meistaru vad\u012bb\u0101, tagad ir pa\u0161i k\u013ciuvu\u0161i par meistariem un dod savas zin\u0101\u0161anas t\u0101l\u0101k \u2013 n\u0101kamaj\u0101m latvie\u0161u paaudz\u0113m. Zin\u0101\u0161anas, kuras cit\u0101di pamaz\u0101m izzustu. Citi, kas nomet\u0146u gaitas kop\u0101 ar vec\u0101kiem uzs\u0101ka sav\u0101 b\u0113rn\u012bb\u0101, tagad ir k\u013cuvu\u0161i par ievir\u017eu un nomet\u0146u vad\u012bt\u0101jiem \u2013 tie ir ie\u0146\u0113mu\u0161i savu vietu latvie\u0161u sabiedr\u012bb\u0101 un dara savu da\u013cu latviet\u012bbas turpin\u0101\u0161an\u0101. Ta\u010du varb\u016bt v\u0113l svar\u012bg\u0101ks ieguvums ir apzi\u0146a, ka neskatoties uz to, ka dz\u012bvot divas dz\u012bves \u2013 m\u012btnes zemes un latvie\u0161u \u2013 prasa p\u016bles, l\u012bdzek\u013cus un lielu ap\u0146\u0113m\u012bbu, latviet\u012bba ir v\u0113rt\u012bba, kas neaprakst\u0101mi bag\u0101tina m\u016bsu dz\u012bves. Apzin\u0101ties kas m\u0113s esam, k\u0101das ir m\u016bsu kult\u016bras v\u0113rt\u012bbas, k\u0101di ir biju\u0161i m\u016bsu tautas likte\u0146i, paz\u012bt savu pieder\u012bbas grupu dod lepnumu, pa\u0161apzi\u0146u un v\u0113lmi pal\u012bdz\u0113t latvie\u0161u tautai izdz\u012bvot, nesamazin\u0101t jau t\u0101 niec\u012bgo latvie\u0161u skaitu aizejot no savas tautas. Tr\u012bsreiztr\u012bs nometne uzl\u0101d\u0113 m\u016bsu latvisk\u0101s baterijas un pal\u012bdz darboties latvie\u0161u sabiedr\u012bb\u0101, kopt savu latviet\u012bbu un to t\u0101l\u0101k nodot saviem b\u0113rniem. Ar\u012b tas, ka Tr\u012bsreiztr\u012bs ir k\u013cuvis m\u012bl\u0113ts un cien\u012bts Latvij\u0101, kur katru gadu simtiem cilv\u0113ku iesaist\u0101s nometn\u0113s, dod mums apstiprin\u0101jumu un kop\u012bbas saj\u016btu, jo Latvijas lektori bie\u017ei piedal\u0101s \u0101rzemju nometn\u0113s, bet \u0101rzemju latvie\u0161i no rietumiem un austrumiem gan k\u0101 lektori gan dal\u012bbnieki ir nometn\u0113s Latvij\u0101.<\/p>\n<figure style=\"width: 320px\" class=\"wp-caption aligncenter\"><img loading=\"lazy\" decoding=\"async\" class=\"first\" src=\"https:\/\/www.3x3.lv\/_Media\/pastedgraphic_med.png\" alt=\"image\" width=\"320\" height=\"263\" \/><figcaption class=\"wp-caption-text\">L\u012bga un Anolds Ruperti<\/figcaption><\/figure>\n<p style=\"text-align: justify;\">Tr\u012bsreiztr\u012bs st\u0101v par latviet\u012bbu, cie\u0146u pret sevi un savu l\u012bdzcilv\u0113ku, atbild\u012bbu un m\u012blest\u012bbu pret savu \u0123imeni un savu tautu. Tas st\u0101v par latvisk\u0101s identitit\u0101tes izkop\u0161anu, m\u0101coties par un m\u012blot savas tautas kult\u016bru. Tr\u012bsreiztr\u012bs pal\u012bdz \u0101rzem\u0113s dz\u012bvojo\u0161ajiem latvie\u0161iem veidot un saglab\u0101t savu latvisko identit\u0101ti un Latvij\u0101 dz\u012bvojo\u0161ajiem \u2013 savu latviet\u012bbu nov\u0113rt\u0113t. Un Tr\u012bsreiztr\u012bs dod iesp\u0113ju latvie\u0161iem no vis\u0101m zem\u0113m kop\u0101 m\u0101c\u012bties un priec\u0101ties, baud\u012bt savu latviet\u012bbu un to cik da\u017e\u0101di un tom\u0113r l\u012bdz\u012bgi m\u0113s visi esam. No pirm\u0101s nometnes Garezer\u0101, 1981. gad\u0101, l\u012bdz Staicelei 2004. gad\u0101, no Alm\u0113lijas l\u012bdz Alsungai, no Adelaides l\u012bdz Adamovai, no Pertas l\u012bdz P\u0101vilostai, no Katski\u013ciem l\u012bdz Kaucmindei, no Melburnas l\u012bdz Mazsalacai\u2026 no Amerikas, Austr\u0101lijas, Anglijas, Zviedrijas, Francijas un Kan\u0101das l\u012bdz Latvijai ir skan\u0113ju\u0161as latvie\u0161u balsis run\u0101s un dziesm\u0101s, dimd\u0113ju\u0161i latvie\u0161u so\u013ci dan\u010dos, \u0146irb\u0113ju\u0161i pirksti m\u0101coties darin\u0101t rotas, kr\u016bzes un pastalas. Tr\u012bs kontinentos un se\u0161\u0101s valst\u012bs visu paaud\u017eu latvie\u0161i ir gandr\u012bz ceturtda\u013cgadsimtu n\u0101ku\u0161i kop\u0101 Tr\u012bsreiztr\u012bs lai lab\u0101k iepaz\u012btu viens otru, savu tautu, savu v\u0113sturi, savu kult\u016bru un savas v\u0113rt\u012bbas, lai lab\u0101k izzin\u0101tu kas m\u0113s esam un par ko st\u0101vam, jo tikai apzinoties savas saknes un pa\u0161i sevi, m\u0113s varam lemt kurp lai m\u016bsu ce\u013c\u0161 ved n\u0101kotn\u0113.<\/p>\n<p style=\"text-align: right;\"><b>L\u012bga Ruperte \u00a0 <\/b><\/p>\n<p>2004.gads<\/p>\n<p><a href=\"https:\/\/www.3x3.lv\/?p=799\">L\u012bga Ruperte TEDxRiga2017 (angliski)<\/a><\/p>\n<\/div>\n<\/div>\n<\/div>\n<\/div>\n","protected":false},"excerpt":{"rendered":"<p>3\u00d73 darb\u012bbas vadl\u012bnijas Nevis slinkojot un p\u016bstot Tautu lab\u0101 god\u0101 ce\u013c: N\u0113! Pie pr\u0101ta gaismas k\u013c\u016bstot, Tauta zied un tauta ze\u013c. N\u0101c un veidosim latvie\u0161u kop\u012bbu pasaul\u0113! Tu atkl\u0101si sevi&#8230;<\/p>\n","protected":false},"author":1,"featured_media":0,"parent":4,"menu_order":3,"comment_status":"closed","ping_status":"closed","template":"","meta":{"__cvm_playback_settings":[],"__cvm_video_id":"","footnotes":""},"class_list":["post-282","page","type-page","status-publish","hentry"],"_links":{"self":[{"href":"https:\/\/www.3x3.lv\/index.php?rest_route=\/wp\/v2\/pages\/282","targetHints":{"allow":["GET"]}}],"collection":[{"href":"https:\/\/www.3x3.lv\/index.php?rest_route=\/wp\/v2\/pages"}],"about":[{"href":"https:\/\/www.3x3.lv\/index.php?rest_route=\/wp\/v2\/types\/page"}],"author":[{"embeddable":true,"href":"https:\/\/www.3x3.lv\/index.php?rest_route=\/wp\/v2\/users\/1"}],"replies":[{"embeddable":true,"href":"https:\/\/www.3x3.lv\/index.php?rest_route=%2Fwp%2Fv2%2Fcomments&post=282"}],"version-history":[{"count":13,"href":"https:\/\/www.3x3.lv\/index.php?rest_route=\/wp\/v2\/pages\/282\/revisions"}],"predecessor-version":[{"id":2664,"href":"https:\/\/www.3x3.lv\/index.php?rest_route=\/wp\/v2\/pages\/282\/revisions\/2664"}],"up":[{"embeddable":true,"href":"https:\/\/www.3x3.lv\/index.php?rest_route=\/wp\/v2\/pages\/4"}],"wp:attachment":[{"href":"https:\/\/www.3x3.lv\/index.php?rest_route=%2Fwp%2Fv2%2Fmedia&parent=282"}],"curies":[{"name":"wp","href":"https:\/\/api.w.org\/{rel}","templated":true}]}}