{"id":2986,"date":"2024-05-07T15:36:10","date_gmt":"2024-05-07T13:36:10","guid":{"rendered":"https:\/\/www.3x3.lv\/?page_id=2986"},"modified":"2026-02-06T10:14:06","modified_gmt":"2026-02-06T08:14:06","slug":"labdien-trisreiztrisniek-esosais-un-toposais","status":"publish","type":"page","link":"https:\/\/www.3x3.lv\/?page_id=2986","title":{"rendered":"Labdien, tr\u012bsreiztr\u012bsniek \u2013 eso\u0161ais un topo\u0161ais!"},"content":{"rendered":"\n<p><\/p>\n\n\n\n<figure class=\"wp-block-table\"><table><tbody><tr><td><a href=\"https:\/\/www.3x3.lv\/KRATUVE\/Limbazi\/BukletsLimbazi2024.pdf\">Buklets<\/a>&nbsp;<br><a href=\"https:\/\/www.3x3.lv\/KRATUVE\/Limbazi\/IevirzuApraksti3x3Limbazos.pdf\">Ievir\u017eu apraksts<\/a>&nbsp;<br><a href=\"https:\/\/www.3x3.lv\/KRATUVE\/Limbazi\/Nedelas_ritms_Limbazi2024.pdf\">Dienas ritms<\/a><\/td><td>Saieta av\u012bze<br><a href=\"https:\/\/www.3x3.lv\/KRATUVE\/Limbazi\/LEMISELE1Limbazi.pdf\">1.Lemisele<\/a><br><a href=\"https:\/\/www.3x3.lv\/KRATUVE\/Limbazi\/LEMISELE2Limbazi.pdf\">2.Lemisele<\/a><br><a href=\"https:\/\/www.3x3.lv\/KRATUVE\/Limbazi\/LEMISELE3Limbazi.pdf\">3.Lemisele<\/a><br><a href=\"https:\/\/www.3x3.lv\/KRATUVE\/Limbazi\/LEMISELE4Limbazi.pdf\">4.Lemisele<\/a><br><a href=\"https:\/\/www.3x3.lv\/KRATUVE\/Limbazi\/LEMISELE5Limbazi.pdf\">5.Lemisele<\/a><br><a href=\"https:\/\/www.3x3.lv\/KRATUVE\/Limbazi\/LEMISELE6Limbazi.pdf\">6.Lemisele<\/a><br><a href=\"https:\/\/www.3x3.lv\/KRATUVE\/Limbazi\/LEMISELE7Limbazi.pdf\">7.Lemisele<\/a><\/td><\/tr><\/tbody><\/table><\/figure>\n\n\n\n<p><\/p>\n\n\n\n<figure class=\"wp-block-image alignright size-full is-resized\"><img loading=\"lazy\" decoding=\"async\" width=\"791\" height=\"883\" src=\"https:\/\/www.3x3.lv\/wp-content\/uploads\/2024\/06\/Limbazu_zime.png\" alt=\"\" class=\"wp-image-3025\" style=\"width:171px;height:auto\" srcset=\"https:\/\/www.3x3.lv\/wp-content\/uploads\/2024\/06\/Limbazu_zime.png 791w, https:\/\/www.3x3.lv\/wp-content\/uploads\/2024\/06\/Limbazu_zime-269x300.png 269w, https:\/\/www.3x3.lv\/wp-content\/uploads\/2024\/06\/Limbazu_zime-768x857.png 768w\" sizes=\"auto, (max-width: 791px) 100vw, 791px\" \/><\/figure>\n\n\n\n<p><strong>Satik\u0161an\u0101s Limba\u017eos \u2013 ned\u0113\u013ca, kas paliks atmi\u0146\u0101<\/strong><\/p>\n\n\n\n<p><strong>J\u016blija nogal\u0113 Limba\u017eos uz \u0161\u012bs vasaras otro 3&#215;3 saietu Latvij\u0101 bija sabrauku\u0161i tuv\u0101ku un t\u0101l\u0101ku ce\u013cu brauc\u0113ji. 65. Latvijas saiets norisin\u0101j\u0101s no 21. l\u012bdz 28, j\u016blijam, un veselas ned\u0113\u013cas garum\u0101 caur t\u0113mu \u201cSatik\u0161an\u0101s\u201d pieskand\u0113ja gan pils\u0113tu, gan novadu. Visu ned\u0113\u013cu 3&#215;3 m\u0101jas bija Limba\u017eos, kur ne tikai ar latvisk\u0101m dziesm\u0101m un dej\u0101m, bet ar\u012b akt\u012bvi iesaistoties un sadarbojoties ar pa\u0161vald\u012bbas un viet\u0113jo organiz\u0101ciju darbo\u0146iem rad\u0101s jaunas paz\u012b\u0161an\u0101s, tika stiprin\u0101tas eso\u0161\u0101s draudz\u012bbas, un p\u0101ri visam \u2013 katrs satika sevi un savus domubiedrus. Saietu vad\u012bja Anna un Guntis Nulles ar meit\u0101m M\u0101ru un Dainu.<\/strong><\/p>\n\n\n\n<figure class=\"wp-block-embed is-type-video is-provider-youtube wp-block-embed-youtube wp-embed-aspect-16-9 wp-has-aspect-ratio\"><div class=\"wp-block-embed__wrapper\">\n<iframe loading=\"lazy\" title=\"Latvijas st\u0101sti S12E3. 3x3 nometne Limba\u017eos\" width=\"740\" height=\"416\" src=\"https:\/\/www.youtube.com\/embed\/QSXNbgX-IOg?feature=oembed\" frameborder=\"0\" allow=\"accelerometer; autoplay; clipboard-write; encrypted-media; gyroscope; picture-in-picture; web-share\" referrerpolicy=\"strict-origin-when-cross-origin\" allowfullscreen><\/iframe>\n<\/div><\/figure>\n\n\n\n<p>Kopum\u0101 uz Limba\u017eiem bija atbrauku\u0161i ap 350 dal\u012bbnieku no 16 da\u017e\u0101d\u0101m valst\u012bm, ieskaitot Latviju. Visvair\u0101k sabrauku\u0161o Limba\u017eu saiet\u0101 bija no Latvijas, konkr\u0113ti \u2013 R\u012bgas, bet otra liel\u0101k\u0101 grupa bija latvie\u0161i no ASV. Smelties latvisk\u0101s trad\u012bcijas, v\u0113rt\u012bbas un kop\u0101 b\u016b\u0161anu bija ieradu\u0161ies ar\u012b latvie\u0161i no Krievijas, V\u0101cijas, Be\u013c\u0123ijas, Zviedrijas, Norv\u0113\u0123ijas, Lietuvas, Jaunz\u0113landes, Austrijas, Turcijas, Somijas, Luksemburgas, D\u0101nijas, \u0136\u012bnas un Austr\u0101lijas. P\u0101rst\u0101v\u0113ti teju visi kontinenti!<\/p>\n\n\n\n<figure class=\"wp-block-image aligncenter size-full\"><img loading=\"lazy\" decoding=\"async\" width=\"640\" height=\"427\" src=\"https:\/\/www.3x3.lv\/wp-content\/uploads\/2024\/09\/1.jpeg\" alt=\"\" class=\"wp-image-3109\" srcset=\"https:\/\/www.3x3.lv\/wp-content\/uploads\/2024\/09\/1.jpeg 640w, https:\/\/www.3x3.lv\/wp-content\/uploads\/2024\/09\/1-300x200.jpeg 300w\" sizes=\"auto, (max-width: 640px) 100vw, 640px\" \/><figcaption class=\"wp-element-caption\">Limba\u017eu 3&#215;3 s\u0101k\u0101s ar dal\u012bbnieku Goda soli &#8211; visi iepazin\u0101s dej\u0101<\/figcaption><\/figure>\n\n\n\n<p>Pla\u0161a deleg\u0101cija bija no Baltij\u0101 sen\u0101k\u0101s m\u016bra celtnes m\u0101jvietas Ik\u0161\u0137iles \u2013 teju 20 dal\u012bbnieki. Ar\u012b vair\u0101k nek\u0101 10 limba\u017enieku, kuri izbaud\u012bja spraigo un aiz\u0146emto 3&#215;3 ned\u0113\u013cas dienas k\u0101rt\u012bbu, bija saieta dal\u012bbnieku vid\u016b.<\/p>\n\n\n\n<p>Kas tad \u012bsti notika Limba\u017eos? Visi 350 dal\u012bbnieki sadz\u012bvoja draudz\u012bg\u0101 saim\u0113, nak\u0161\u0146ojot Limba\u017eu vidusskolas kla\u0161u telp\u0101s, bet ikdienas nodarb\u012bbas jeb ievirzes, kas dienas ritm\u0101 iepl\u0101notas tr\u012bs reizes dien\u0101, apmekl\u0113ja p\u0101rsvar\u0101 Limba\u017eu \u0123imn\u0101zijas telp\u0101s. \u0160oreiz, \u0146emot v\u0113r\u0101 pla\u0161o jaun\u0101s paaudzes p\u0101rst\u0101vniec\u012bbu, bija \u012bpa\u0161i daudz un da\u017e\u0101du nodarbju b\u0113rniem \u2013 gan pirmsskolas, gan skolas vecum\u0101.&nbsp;<\/p>\n\n\n\n<figure class=\"wp-block-image aligncenter size-full\"><img loading=\"lazy\" decoding=\"async\" width=\"640\" height=\"427\" src=\"https:\/\/www.3x3.lv\/wp-content\/uploads\/2024\/09\/2.jpeg\" alt=\"\" class=\"wp-image-3110\" srcset=\"https:\/\/www.3x3.lv\/wp-content\/uploads\/2024\/09\/2.jpeg 640w, https:\/\/www.3x3.lv\/wp-content\/uploads\/2024\/09\/2-300x200.jpeg 300w\" sizes=\"auto, (max-width: 640px) 100vw, 640px\" \/><figcaption class=\"wp-element-caption\">Dej\u0101 visi dal\u012bbnieki satik\u0101s jau pirmaj\u0101 dien\u0101<\/figcaption><\/figure>\n\n\n\n<p>Bez ierast\u0101s Vilku m\u0101c\u012bbas J\u0101\u0146a Ata Kr\u016bmi\u0146a vad\u012bb\u0101, kas nor\u016bda un ier\u0101da b\u0113rniem, k\u0101 izdz\u012bvot me\u017e\u0101 un k\u0101 sadarboties ar izaicin\u0101jumiem dab\u0101, \u0161oreiz \u0161ai pa\u0161ai vecuma grupai bija ar\u012b Palda\u017eu piedz\u012bvojums. Andreja Kova\u013cova vad\u012bb\u0101 b\u0113rni piedz\u012bvoja aktivit\u0101tes lauku s\u0113t\u0101, apg\u016bstot jaunas prasmes lauku darbos un izaicin\u0101jumus.&nbsp;<\/p>\n\n\n\n<p>Maz\u0101ki b\u0113rni da\u017e\u0101d\u0101s vecuma grup\u0101s darbin\u0101ja savus pirksti\u0146us \u2013 gan \u010daklos, gan prasm\u012bgos \u2013 ne vien rado\u0161\u0101s m\u0101kslas izpausm\u0113s, bet ar\u012b, piem\u0113ram, robotik\u0101 un koka amatniec\u012bb\u0101. Pa\u0161i maz\u0101kie kop\u0101 ar vec\u0101kiem sild\u012bj\u0101s siltajos graudos Laimes b\u013cod\u0101, kur dro\u0161\u0101 vid\u0113 vec\u0101kiem bija iesp\u0113ja izrun\u0101t saj\u016btas jaunaj\u0101s vec\u0101ku lom\u0101s. Savuk\u0101rt mazie jau no divgadnieku vecuma tiek nodarbin\u0101ti sirsn\u012bgu apr\u016bp\u0113t\u0101ju g\u0101d\u012bb\u0101, lai vec\u0101ki tikm\u0113r var\u0113ti doties uz sevis izv\u0113l\u0113taj\u0101m nodarb\u012bb\u0101m.<\/p>\n\n\n\n<figure class=\"wp-block-image aligncenter size-full\"><img loading=\"lazy\" decoding=\"async\" width=\"640\" height=\"427\" src=\"https:\/\/www.3x3.lv\/wp-content\/uploads\/2024\/09\/3.jpeg\" alt=\"\" class=\"wp-image-3111\" srcset=\"https:\/\/www.3x3.lv\/wp-content\/uploads\/2024\/09\/3.jpeg 640w, https:\/\/www.3x3.lv\/wp-content\/uploads\/2024\/09\/3-300x200.jpeg 300w\" sizes=\"auto, (max-width: 640px) 100vw, 640px\" \/><figcaption class=\"wp-element-caption\">K\u0101 \u0161\u016bt un izs\u016bt m\u0101c\u0101s jaun\u0101s paaudzes tr\u012bsreiztr\u012bsnieces Anneles Sli\u0161\u0101nes vad\u012bb\u0101<\/figcaption><\/figure>\n\n\n\n<p>Limba\u017eos pieaugu\u0161ajiem \u2013 bez jau ierastaj\u0101m 3&#215;3 roku ievirz\u0113m \u2013 celo\u0161anas, linu kreklu \u0161\u016b\u0161anas, apavu darin\u0101\u0161anas, keramikas, rotkal\u0161anas \u2013 \u0161oreiz bija iesp\u0113ja gan darin\u0101t Vidzemes etnogr\u0101fisko vainagu, gan ar\u012b stikla vitr\u0101\u017eas, gardus \u0113dienus, un uz\u0161\u016bt arheolo\u0123isk\u0101 t\u0113rpa virsk\u0101rtu.&nbsp;<\/p>\n\n\n\n<figure class=\"wp-block-image aligncenter size-full\"><img loading=\"lazy\" decoding=\"async\" width=\"640\" height=\"426\" src=\"https:\/\/www.3x3.lv\/wp-content\/uploads\/2024\/09\/4.jpeg\" alt=\"\" class=\"wp-image-3112\" srcset=\"https:\/\/www.3x3.lv\/wp-content\/uploads\/2024\/09\/4.jpeg 640w, https:\/\/www.3x3.lv\/wp-content\/uploads\/2024\/09\/4-300x200.jpeg 300w\" sizes=\"auto, (max-width: 640px) 100vw, 640px\" \/><figcaption class=\"wp-element-caption\">Ko\u0161\u0101kie vainagi \u0161ovasar s\u0101rtoj\u0101s p\u012bl\u0101d\u017eu og\u0101s<\/figcaption><\/figure>\n\n\n\n<p>Bez dzied\u0101\u0161anas kor\u012b, dejo\u0161anas piecos ritmos un muzic\u0113\u0161anas kop\u0101 ar viet\u0113jo talant\u012bgo muzikantu Valteru Reiznieku, neat\u0146emama darb\u012bg\u0101s ned\u0113\u013cas sast\u0101vda\u013ca bija dan\u010di no vakara l\u012bdz teju r\u012btam un sadzied\u0101\u0161an\u0101s ener\u0123isk\u0101s akordeonistes Vivitas Skurules un citu gar\u0101mejo\u0161o muzikantu (ar \u0123it\u0101ru, pie klavier\u0113m vai ar bung\u0101m padus\u0113) pavad\u012bb\u0101. Tie, kuri pirmaj\u0101 vakar\u0113\u0161an\u0101 vien br\u012bn\u012bj\u0101s nezi\u0146\u0101, jau ned\u0113\u013cas vid\u016b ne tikai dzied\u0101ja l\u012bdzi, zin\u0101dami v\u0101rdus vis\u0101m dziesm\u0101m, bet bija ar\u012b pietiekami aizr\u0101vu\u0161ies, lai iekustin\u0101tu jaunpien\u0101c\u0113jus.&nbsp;<\/p>\n\n\n\n<figure class=\"wp-block-image aligncenter size-full\"><img loading=\"lazy\" decoding=\"async\" width=\"640\" height=\"426\" src=\"https:\/\/www.3x3.lv\/wp-content\/uploads\/2024\/09\/5.jpeg\" alt=\"\" class=\"wp-image-3113\" srcset=\"https:\/\/www.3x3.lv\/wp-content\/uploads\/2024\/09\/5.jpeg 640w, https:\/\/www.3x3.lv\/wp-content\/uploads\/2024\/09\/5-300x200.jpeg 300w\" sizes=\"auto, (max-width: 640px) 100vw, 640px\" \/><figcaption class=\"wp-element-caption\">Pa\u0161am savs gredzens &#8211; ar rotkal\u0161anu aizr\u0101v\u0101s ar\u012b pusaud\u017ei<\/figcaption><\/figure>\n\n\n\n<p>Dan\u010di vair\u0101k piest\u0101v\u0113ja jaunie\u0161iem, kuriem tulznas uz p\u0113d\u0101m un negul\u0113t\u0101s naktis ac\u012bmredzot nav tik kait\u012bgas k\u0101 maziem b\u0113rniem vai nobriedu\u0161iem cilv\u0113kiem. K\u0101 jau alla\u017e 3&#215;3 dan\u010dus kustin\u0101ja \u0112riks Zeps, kur\u0161 ik vakaru nenogurdams no jauna b\u0113rniem paciet\u012bgi m\u0101c\u012bja, k\u0101 ejamas tradicion\u0101l\u0101s rota\u013cas, k\u0101 dejojami popul\u0101r\u0101ko dan\u010du so\u013ci. Jo katru n\u0101kamo vakaru un nakti dal\u012bbnieku uz dan\u010du gr\u012bdas bija arvien vair\u0101k un vair\u0101k.<\/p>\n\n\n\n<figure class=\"wp-block-image aligncenter size-full\"><img loading=\"lazy\" decoding=\"async\" width=\"640\" height=\"426\" src=\"https:\/\/www.3x3.lv\/wp-content\/uploads\/2024\/09\/6.jpeg\" alt=\"\" class=\"wp-image-3114\" srcset=\"https:\/\/www.3x3.lv\/wp-content\/uploads\/2024\/09\/6.jpeg 640w, https:\/\/www.3x3.lv\/wp-content\/uploads\/2024\/09\/6-300x200.jpeg 300w\" sizes=\"auto, (max-width: 640px) 100vw, 640px\" \/><figcaption class=\"wp-element-caption\">Ar uguni att\u012bra saieta Daudzin\u0101juma vietu<\/figcaption><\/figure>\n\n\n\n<p>Neraugoties uz jestrajiem nakts pas\u0101kumiem un gr\u016bt\u012bb\u0101m piecelties uz brokast\u012bm, ar\u012b galvas ievirzes \u2013 t\u0101das k\u0101 \u201cAntropolo\u0123ija\u201d, \u201cPraktisk\u0101s politikas darbn\u012bca\u201d, \u201cKult\u016bras mantojums\u201d, \u201cEs, latvietis, kult\u016br\u0101\u201d, \u201cGodi un ritu\u0101li 21. gadsimt\u0101\u201d u.c. bija pla\u0161i apmekl\u0113tas un nov\u0113rt\u0113tas.&nbsp;<\/p>\n\n\n\n<figure class=\"wp-block-image aligncenter size-full\"><img loading=\"lazy\" decoding=\"async\" width=\"640\" height=\"426\" src=\"https:\/\/www.3x3.lv\/wp-content\/uploads\/2024\/09\/7.jpeg\" alt=\"\" class=\"wp-image-3115\" srcset=\"https:\/\/www.3x3.lv\/wp-content\/uploads\/2024\/09\/7.jpeg 640w, https:\/\/www.3x3.lv\/wp-content\/uploads\/2024\/09\/7-300x200.jpeg 300w\" sizes=\"auto, (max-width: 640px) 100vw, 640px\" \/><figcaption class=\"wp-element-caption\">Saposu\u0161ies ned\u0113\u013cas kulmin\u0101cijas pas\u0101kumam Daudzin\u0101jumam ar\u012b saieta vad\u012bt\u0101ji Anna un Guntis Nulles<\/figcaption><\/figure>\n\n\n\n<p>Ned\u0113\u013cas vid\u016b visi 350 dal\u012bbnieki autobusos dev\u0101s da\u017eneda\u017e\u0101dos virzienos. Pla\u0161ais Limba\u017eu novads pied\u0101v\u0101ja iesp\u0113jas gan iepaz\u012bt sen\u0101s pilis un mui\u017eas, gan ar\u012b iev\u0113rojamo cilv\u0113ku, tostarp himnas autora Bauma\u0146u K\u0101r\u013ca un romantisk\u0101 dzejnieka Fri\u010da B\u0101rdas dzimt\u0101s vietas. Bija iesp\u0113ja viesoties viet\u0113jo uz\u0146\u0113m\u0113ju un citu akt\u012bvu novadnieku sar\u016bp\u0113tos pas\u0101kumos.<\/p>\n\n\n\n<p><\/p>\n\n\n\n<p>Par piepild\u012bt\u0101s ned\u0113\u013cas tuvo\u0161anos beig\u0101m piektdienas vakar\u0101 liecin\u0101ja po\u0161an\u0101s Daudzin\u0101jumam. Tad vakarpus\u0113 p\u0113c akt\u012bv\u0101s programmas visi t\u0113rp\u0101s goda dr\u0101n\u0101s. Saposti, smaid\u012bgi un skaisti dal\u012bbnieki g\u0101jien\u0101 caur att\u012br\u012b\u0161an\u0101s v\u0101rtiem ien\u0101ca goda viet\u0101 ap ritu\u0101lo ugunskuru. Te ar \u012bpa\u0161\u0101m uzrun\u0101m un dziesm\u0101m, daudzin\u0101ja saieta t\u0113mu \u2013 satik\u0161anos. T\u0101 vij\u0101s cauri visai ned\u0113\u013cai un \u013coti labi atspogu\u013coja kop\u0113j\u0101s saj\u016btas ned\u0113\u013cas garum\u0101 \u2013 katrs dal\u012bbnieks ta\u010du satika k\u0101du citu pirmo reizi, satika k\u0101du sen un ilgi neredz\u0113tu, bet k\u0101dam noteikti bija iesp\u0113ja caur saieta saj\u016bt\u0101m, sarun\u0101m un jaunu pieredzi satikt pa\u0161am sevi.<\/p>\n\n\n\n<figure class=\"wp-block-image aligncenter size-full\"><img loading=\"lazy\" decoding=\"async\" width=\"640\" height=\"426\" src=\"https:\/\/www.3x3.lv\/wp-content\/uploads\/2024\/09\/8.jpeg\" alt=\"\" class=\"wp-image-3116\" srcset=\"https:\/\/www.3x3.lv\/wp-content\/uploads\/2024\/09\/8.jpeg 640w, https:\/\/www.3x3.lv\/wp-content\/uploads\/2024\/09\/8-300x200.jpeg 300w\" sizes=\"auto, (max-width: 640px) 100vw, 640px\" \/><figcaption class=\"wp-element-caption\">Dziesmas un uzrunas par v\u0113rt\u012bb\u0101m un satik\u0161anos pie ugunskura<\/figcaption><\/figure>\n\n\n\n<p>N\u0101kamie 3&#215;3 saieti Latvij\u0101 notiks 2025. gada vasar\u0101 Grobi\u0146\u0101 (29.j\u016bnijs \u2013 6. j\u016blijs) un Baldon\u0113 (20.-27. j\u016blijs).<\/p>\n\n\n\n<p>Inform\u0101cija par visiem 3&#215;3 pasaul\u0113 atrodama <a href=\"https:\/\/www.3x3.lv\">www.3&#215;3.lv<\/a><\/p>\n\n\n\n<p><strong>T\u012bna Sidorovi\u010da<\/strong><\/p>\n","protected":false},"excerpt":{"rendered":"<p>Buklets&nbsp;Ievir\u017eu apraksts&nbsp;Dienas ritms Saieta av\u012bze1.Lemisele2.Lemisele3.Lemisele4.Lemisele5.Lemisele6.Lemisele7.Lemisele Satik\u0161an\u0101s Limba\u017eos \u2013 ned\u0113\u013ca, kas paliks atmi\u0146\u0101 J\u016blija nogal\u0113 Limba\u017eos uz \u0161\u012bs vasaras otro 3&#215;3 saietu Latvij\u0101 bija sabrauku\u0161i tuv\u0101ku un t\u0101l\u0101ku ce\u013cu brauc\u0113ji. 65&#8230;.<\/p>\n","protected":false},"author":1,"featured_media":0,"parent":229,"menu_order":2,"comment_status":"closed","ping_status":"closed","template":"","meta":{"__cvm_playback_settings":[],"__cvm_video_id":"","footnotes":""},"class_list":["post-2986","page","type-page","status-publish","hentry"],"_links":{"self":[{"href":"https:\/\/www.3x3.lv\/index.php?rest_route=\/wp\/v2\/pages\/2986","targetHints":{"allow":["GET"]}}],"collection":[{"href":"https:\/\/www.3x3.lv\/index.php?rest_route=\/wp\/v2\/pages"}],"about":[{"href":"https:\/\/www.3x3.lv\/index.php?rest_route=\/wp\/v2\/types\/page"}],"author":[{"embeddable":true,"href":"https:\/\/www.3x3.lv\/index.php?rest_route=\/wp\/v2\/users\/1"}],"replies":[{"embeddable":true,"href":"https:\/\/www.3x3.lv\/index.php?rest_route=%2Fwp%2Fv2%2Fcomments&post=2986"}],"version-history":[{"count":20,"href":"https:\/\/www.3x3.lv\/index.php?rest_route=\/wp\/v2\/pages\/2986\/revisions"}],"predecessor-version":[{"id":3579,"href":"https:\/\/www.3x3.lv\/index.php?rest_route=\/wp\/v2\/pages\/2986\/revisions\/3579"}],"up":[{"embeddable":true,"href":"https:\/\/www.3x3.lv\/index.php?rest_route=\/wp\/v2\/pages\/229"}],"wp:attachment":[{"href":"https:\/\/www.3x3.lv\/index.php?rest_route=%2Fwp%2Fv2%2Fmedia&parent=2986"}],"curies":[{"name":"wp","href":"https:\/\/api.w.org\/{rel}","templated":true}]}}