{"id":3266,"date":"2025-02-09T21:31:58","date_gmt":"2025-02-09T19:31:58","guid":{"rendered":"https:\/\/www.3x3.lv\/?page_id=3266"},"modified":"2025-10-16T04:08:59","modified_gmt":"2025-10-16T02:08:59","slug":"sveiciens-milie-3x3-dalibnieki-esosie-un-toposie","status":"publish","type":"page","link":"https:\/\/www.3x3.lv\/?page_id=3266","title":{"rendered":"Sveiciens, m\u012b\u013cie 3&#215;3 dal\u012bbnieki, eso\u0161ie un topo\u0161ie!"},"content":{"rendered":"\n<p><a href=\"https:\/\/www.3x3.lv\/KRATUVE\/Irija\/2025\/Irija2025Buklets.pdf\">Ievir\u017eu apraksts<\/a><\/p>\n\n\n\n<p><a href=\"https:\/\/www.3x3.lv\/KRATUVE\/Irija\/2025\/Irija2025Programma.pdf\">Ned\u0113\u013cas ritms<\/a> <\/p>\n\n\n\n<p><a href=\"https:\/\/docs.google.com\/forms\/d\/e\/1FAIpQLSdpLJyYc-jQ6QROICDx28dzzUBF_qAQx9kGc8alvWOjIWpZaA\/viewform?pli=1\">Anketa<\/a><\/p>\n\n\n\n<p>Posieties, rosieties un s\u0101ciet jau krav\u0101t somas, jo beidzot varam jums pied\u0101v\u0101t inform\u0101ciju par 2025. gada 3&#215;3 saietu \u012arij\u0101.<\/p>\n\n\n\n<p>Saietu vada <strong>M\u0101rti\u0146\u0161 Punculis<\/strong> un <strong>Zane Laiz\u0101ne-Puncule<\/strong>.<\/p>\n\n\n\n<figure class=\"wp-block-image alignright size-large is-resized\"><img loading=\"lazy\" decoding=\"async\" width=\"768\" height=\"1024\" src=\"https:\/\/www.3x3.lv\/wp-content\/uploads\/2025\/02\/IMG_8600-768x1024.jpg\" alt=\"\" class=\"wp-image-3267\" style=\"width:347px;height:auto\" srcset=\"https:\/\/www.3x3.lv\/wp-content\/uploads\/2025\/02\/IMG_8600-768x1025.jpg 768w, https:\/\/www.3x3.lv\/wp-content\/uploads\/2025\/02\/IMG_8600-225x300.jpg 225w, https:\/\/www.3x3.lv\/wp-content\/uploads\/2025\/02\/IMG_8600.jpg 907w\" sizes=\"auto, (max-width: 768px) 100vw, 768px\" \/><\/figure>\n\n\n\n<p>T\u0113ma: <strong>M\u016b\u017es<\/strong>,<\/p>\n\n\n\n<p>Moto: \u201d<strong><em>Bur man buri, skau\u017e man skau\u0123i, nevar mani izpost\u012bt<\/em><\/strong>.\u201d<\/p>\n\n\n\n<p>Laiks: 2025.gada 10.-16. augusts<\/p>\n\n\n\n<p><\/p>\n\n\n\n<p>Vieta:<a href=\"http:\/\/www.loughlannagh.ie\/?fbclid=IwZXh0bgNhZW0CMTAAAR2byeQ_M-4_6_U7rsDUG5WgVGMu6FMkXu6uOeLTOftEs3zLK1oAjmlPsZE_aem_m6l8FtyW8sY9Kn0YlYq8uw\"> http:\/\/www.loughlannagh.ie\/<\/a><\/p>\n\n\n\n<p>Tiekamies!<\/p>\n\n\n\n<p><\/p>\n\n\n\n<p>3&#215;3 saietu \u012arij\u0101 atbalsta:&nbsp;<\/p>\n\n\n\n<p><a href=\"https:\/\/www.facebook.com\/profile.php?id=100027880016863&amp;__cft__%255B0%255D=AZVrPNNu_OVTw5A8QTUhC54Db3M5JEp3b4Skxi7uWW64BrrsPBjSxv6ElqVOmbzH1RlOl6smGCRgVpF1fjA7fe0XfMwtrpCBvEfmkR2IuUd-cZe9bXkgVgwD1wcN7noZipIl9oXPLQK6rqeuTgJSqT78BirGbMLd0gzgbqSITL0n4Q&amp;__tn__=-%255DK-R\">baltic-ireland.ie<\/a><\/p>\n\n\n\n<p><a href=\"https:\/\/www.facebook.com\/Kulturas.ministrija?__cft__%255B0%255D=AZVrPNNu_OVTw5A8QTUhC54Db3M5JEp3b4Skxi7uWW64BrrsPBjSxv6ElqVOmbzH1RlOl6smGCRgVpF1fjA7fe0XfMwtrpCBvEfmkR2IuUd-cZe9bXkgVgwD1wcN7noZipIl9oXPLQK6rqeuTgJSqT78BirGbMLd0gzgbqSITL0n4Q&amp;__tn__=-%255DK-R\">Latvijas Republikas Kult\u016bras ministrija<\/a><\/p>\n\n\n\n<p>Atbalsti ar\u012b Tu:<\/p>\n\n\n\n<p>Ir vajadz\u012bgs ciemats, lai izaudzin\u0101tu b\u0113rnu&#8230; Ir vajadz\u012bgs visai pasaulei sadoties rok\u0101s, lai taptu 3&#215;3!!!<\/p>\n\n\n\n<p>M\u0113s gribam, lai 3&#215;3 \u012arij\u0101 ir pieejams p\u0113c iesp\u0113jas vair\u0101kiem no mums, un t\u0101p\u0113c mums ir vajadz\u012bgs, lai visa pasaule sadodas rok\u0101s un mums pal\u012bdz!<\/p>\n\n\n\n<p>Visi ieg\u016btie l\u012bdzek\u013ci tiks izmantoti 3&#215;3 \u012arij\u0101 2025. gada saieta organiz\u0113\u0161anai.<\/p>\n\n\n\n<p><a href=\"https:\/\/www.buymeacoffee.com\/3x3ireland\">https:\/\/www.buymeacoffee.com\/3x3ireland<\/a><\/p>\n\n\n\n<p>\u0160ogad saieta dal\u012bbniekiem b\u016bs iesp\u0113ja g\u016bt gan praktiskas, gan teor\u0113tiskas zin\u0101\u0161anas un iema\u0146as 24 ievirz\u0113s lieliem un maziem, iepaz\u012bt jaunus cilv\u0113kus un uzzin\u0101t daudz ko interesantu vakara pas\u0101kumos, izkustin\u0101t k\u0101jas latvie\u0161u tradicion\u0101lajos dan\u010dos un izdzied\u0101ties N\u012bk\u0161an\u0101 \u2013 naksn\u012bg\u0101 un jautr\u0101 kop\u0101 b\u016b\u0161an\u0101 ar dziesm\u0101m, dej\u0101m, st\u0101stiem, jokiem un daudz ko citu. B\u016bs ar\u012b vakara pasaci\u0146a mazajiem, sv\u0113tbr\u012bdis, pastaigas, atp\u016btas br\u012b\u017ei un gards, latvisks \u0113diens.<\/p>\n\n\n\n<p>Tiek aicin\u0101ti gan tie, kas sevi jau uzskata par pieder\u012bgiem 3\u00d73 \u0123imenei, gan tie, kas v\u0113l\u0113tos k\u013c\u016bt par da\u013cu no t\u0101s.<br>Lai k\u013c\u016btu par dal\u012bbnieku, ir j\u0101aizpilda pieteikuma anketa par sevi un\/vai saviem \u0123imenes locek\u013ciem un j\u0101samaks\u0101 depoz\u012bta summa 50 apm\u0113r\u0101 par katru dal\u012bbnieku divu ned\u0113\u013cu laik\u0101 no pieteik\u0161an\u0101s br\u012b\u017ea. T\u0101d\u0113j\u0101di jums tiks rezerv\u0113ta vieta un nodro\u0161in\u0101ta j\u016bsu l\u012bdzdal\u012bba 3\u00d73 saiet\u0101. Atlikus\u012b dal\u012bbas maksas summa ir j\u0101samaks\u0101 l\u012bdz 2025.gada 1. maijam.<br>Dal\u012bbas maksa:<br>* pieaugu\u0161ajiem \u2013 280\u20ac,<br>* b\u0113rniem 4 \u2013 13 (ieskaitot) gadu vecum\u0101\u2013 140\u20ac<br>* b\u0113rniem l\u012bdz 3 (ieskaitot) gadu vecum\u0101 \u2013 bez maksas.<br>\u0160aj\u0101 maks\u0101 ietilpst \u0113din\u0101\u0161ana tr\u012bs reizes dien\u0101 \u2013 brokastis, pusdienas un vakari\u0146as, nak\u0161\u0146o\u0161ana Lough Lannagh (Castlebar, Co Mayo) br\u012bvdienu ciemata koted\u017e\u0101s un dal\u012bba nometnes aktivit\u0101t\u0113s. Nelieli papildus izdevumi iesp\u0113jami par materi\u0101liem atsevi\u0161\u0137\u0101s ievirz\u0113s, piem\u0113ram, rotkal\u0161an\u0101, sen\u0101 t\u0113rpa darin\u0101\u0161an\u0101, \u0101das apstr\u0101d\u0113 utt.<br>P\u0101rskait\u012bjums j\u0101veic uz sekojo\u0161u kontu, oblig\u0101ti nor\u0101dot dal\u012bbnieka v\u0101rdu un uzv\u0101rdu:<br>Account Name: 3 x 3 IRELAND<br>Account Number: 70198083<br>IBAN: IE60BOFI90116770198083<br><br>Jaut\u0101jumu gad\u012bjum\u0101 zvan\u012bt pa t\u0101lr. nr. +353(0)83 143 8997 (Zane) vai +353(0)85 770 7608 (M\u0101rti\u0146\u0161), vai ar\u012b rakst\u012bt epastu uz&nbsp;<a href=\"mailto:pieteikums3x3@gmail.com\" target=\"_blank\" rel=\"noreferrer noopener\">pieteikums3x3@gmail.com<\/a>.<\/p>\n\n\n\n<p>Inguna Mieze<br><a href=\"http:\/\/www.baltic-ireland.ie\/\" target=\"_blank\" rel=\"noreferrer noopener\">www.baltic-ireland.ie<\/a><\/p>\n\n\n\n<div class=\"wp-block-envira-envira-gallery\"><div id=\"envira-gallery-wrap-3298\" class=\"envira-gallery-wrap envira-gallery-theme-base envira-lightbox-theme-base\" itemscope itemtype=\"https:\/\/schema.org\/ImageGallery\"><div data-row-height=\"\" data-gallery-theme=\"\" id=\"envira-gallery-3298\" class=\"envira-gallery-public  envira-gallery-3-columns envira-clear enviratope envira-gallery-css-animations\" data-envira-columns=\"3\"><div id=\"envira-gallery-item-3296\" class=\"envira-gallery-item enviratope-item envira-gallery-item-1 envira-lazy-load\" style=\"padding-left: 5px; padding-bottom: 10px; padding-right: 5px;\"  itemscope itemtype=\"https:\/\/schema.org\/ImageObject\"><div class=\"envira-gallery-item-inner\"><div class=\"envira-gallery-position-overlay  envira-gallery-top-left\"><\/div><div class=\"envira-gallery-position-overlay  envira-gallery-top-right\"><\/div><div class=\"envira-gallery-position-overlay  envira-gallery-bottom-left\"><\/div><div class=\"envira-gallery-position-overlay  envira-gallery-bottom-right\"><\/div><a href=\"https:\/\/www.3x3.lv\/wp-content\/uploads\/2025\/03\/1.jpeg\" class=\"envira-gallery-3298 envira-gallery-link\" rel=\"enviragallery3298\" title=\"1\" data-envira-caption=\"1\" data-envira-retina=\"\" data-thumbnail=\"\"  itemprop=\"contentUrl\"><div class=\"envira-lazy\" data-test-width=\"640\" data-test-height=\"480\" style=\"padding-bottom:75%;\"><img decoding=\"async\" id=\"envira-gallery-image-3296\" class=\"envira-gallery-image envira-gallery-image-1\" data-envira-index=\"1\" src=\"https:\/\/www.3x3.lv\/wp-content\/uploads\/2025\/03\/1.jpeg\" data-envira-src=\"https:\/\/www.3x3.lv\/wp-content\/uploads\/2025\/03\/1.jpeg\" data-envira-gallery-id=\"3298\" data-envira-item-id=\"3296\" data-envira-caption=\"1\" alt=\"\" title=\"1\"  itemprop=\"thumbnailUrl\" data-envira-srcset=\"https:\/\/www.3x3.lv\/wp-content\/uploads\/2025\/03\/1.jpeg 400w,https:\/\/www.3x3.lv\/wp-content\/uploads\/2025\/03\/1.jpeg 2x\" srcset=\"data:image\/gif;base64,R0lGODlhAQABAIAAAP\/\/\/\/\/\/\/yH5BAEKAAEALAAAAAABAAEAAAICTAEAOw==\" \/><\/div><\/a><\/div><\/div><div id=\"envira-gallery-item-3295\" class=\"envira-gallery-item enviratope-item envira-gallery-item-2 envira-lazy-load\" style=\"padding-left: 5px; padding-bottom: 10px; padding-right: 5px;\"  itemscope itemtype=\"https:\/\/schema.org\/ImageObject\"><div class=\"envira-gallery-item-inner\"><div class=\"envira-gallery-position-overlay  envira-gallery-top-left\"><\/div><div class=\"envira-gallery-position-overlay  envira-gallery-top-right\"><\/div><div class=\"envira-gallery-position-overlay  envira-gallery-bottom-left\"><\/div><div class=\"envira-gallery-position-overlay  envira-gallery-bottom-right\"><\/div><a href=\"https:\/\/www.3x3.lv\/wp-content\/uploads\/2025\/03\/2.jpeg\" class=\"envira-gallery-3298 envira-gallery-link\" rel=\"enviragallery3298\" title=\"2\" data-envira-caption=\"2\" data-envira-retina=\"\" data-thumbnail=\"\"  itemprop=\"contentUrl\"><div class=\"envira-lazy\" data-test-width=\"640\" data-test-height=\"480\" style=\"padding-bottom:75%;\"><img decoding=\"async\" id=\"envira-gallery-image-3295\" class=\"envira-gallery-image envira-gallery-image-2\" data-envira-index=\"2\" src=\"https:\/\/www.3x3.lv\/wp-content\/uploads\/2025\/03\/2.jpeg\" data-envira-src=\"https:\/\/www.3x3.lv\/wp-content\/uploads\/2025\/03\/2.jpeg\" data-envira-gallery-id=\"3298\" data-envira-item-id=\"3295\" data-envira-caption=\"2\" alt=\"\" title=\"2\"  itemprop=\"thumbnailUrl\" data-envira-srcset=\"https:\/\/www.3x3.lv\/wp-content\/uploads\/2025\/03\/2.jpeg 400w,https:\/\/www.3x3.lv\/wp-content\/uploads\/2025\/03\/2.jpeg 2x\" srcset=\"data:image\/gif;base64,R0lGODlhAQABAIAAAP\/\/\/\/\/\/\/yH5BAEKAAEALAAAAAABAAEAAAICTAEAOw==\" \/><\/div><\/a><\/div><\/div><div id=\"envira-gallery-item-3294\" class=\"envira-gallery-item enviratope-item envira-gallery-item-3 envira-lazy-load\" style=\"padding-left: 5px; padding-bottom: 10px; padding-right: 5px;\"  itemscope itemtype=\"https:\/\/schema.org\/ImageObject\"><div class=\"envira-gallery-item-inner\"><div class=\"envira-gallery-position-overlay  envira-gallery-top-left\"><\/div><div class=\"envira-gallery-position-overlay  envira-gallery-top-right\"><\/div><div class=\"envira-gallery-position-overlay  envira-gallery-bottom-left\"><\/div><div class=\"envira-gallery-position-overlay  envira-gallery-bottom-right\"><\/div><a href=\"https:\/\/www.3x3.lv\/wp-content\/uploads\/2025\/03\/3.jpeg\" class=\"envira-gallery-3298 envira-gallery-link\" rel=\"enviragallery3298\" title=\"3\" data-envira-caption=\"3\" data-envira-retina=\"\" data-thumbnail=\"\"  itemprop=\"contentUrl\"><div class=\"envira-lazy\" data-test-width=\"640\" data-test-height=\"480\" style=\"padding-bottom:75%;\"><img decoding=\"async\" id=\"envira-gallery-image-3294\" class=\"envira-gallery-image envira-gallery-image-3\" data-envira-index=\"3\" src=\"https:\/\/www.3x3.lv\/wp-content\/uploads\/2025\/03\/3.jpeg\" data-envira-src=\"https:\/\/www.3x3.lv\/wp-content\/uploads\/2025\/03\/3.jpeg\" data-envira-gallery-id=\"3298\" data-envira-item-id=\"3294\" data-envira-caption=\"3\" alt=\"\" title=\"3\"  itemprop=\"thumbnailUrl\" data-envira-srcset=\"https:\/\/www.3x3.lv\/wp-content\/uploads\/2025\/03\/3.jpeg 400w,https:\/\/www.3x3.lv\/wp-content\/uploads\/2025\/03\/3.jpeg 2x\" srcset=\"data:image\/gif;base64,R0lGODlhAQABAIAAAP\/\/\/\/\/\/\/yH5BAEKAAEALAAAAAABAAEAAAICTAEAOw==\" \/><\/div><\/a><\/div><\/div><div id=\"envira-gallery-item-3293\" class=\"envira-gallery-item enviratope-item envira-gallery-item-4 envira-lazy-load\" style=\"padding-left: 5px; padding-bottom: 10px; padding-right: 5px;\"  itemscope itemtype=\"https:\/\/schema.org\/ImageObject\"><div class=\"envira-gallery-item-inner\"><div class=\"envira-gallery-position-overlay  envira-gallery-top-left\"><\/div><div class=\"envira-gallery-position-overlay  envira-gallery-top-right\"><\/div><div class=\"envira-gallery-position-overlay  envira-gallery-bottom-left\"><\/div><div class=\"envira-gallery-position-overlay  envira-gallery-bottom-right\"><\/div><a href=\"https:\/\/www.3x3.lv\/wp-content\/uploads\/2025\/03\/4.jpeg\" class=\"envira-gallery-3298 envira-gallery-link\" rel=\"enviragallery3298\" title=\"4\" data-envira-caption=\"4\" data-envira-retina=\"\" data-thumbnail=\"\"  itemprop=\"contentUrl\"><div class=\"envira-lazy\" data-test-width=\"640\" data-test-height=\"480\" style=\"padding-bottom:75%;\"><img decoding=\"async\" id=\"envira-gallery-image-3293\" class=\"envira-gallery-image envira-gallery-image-4\" data-envira-index=\"4\" src=\"https:\/\/www.3x3.lv\/wp-content\/uploads\/2025\/03\/4.jpeg\" data-envira-src=\"https:\/\/www.3x3.lv\/wp-content\/uploads\/2025\/03\/4.jpeg\" data-envira-gallery-id=\"3298\" data-envira-item-id=\"3293\" data-envira-caption=\"4\" alt=\"\" title=\"4\"  itemprop=\"thumbnailUrl\" data-envira-srcset=\"https:\/\/www.3x3.lv\/wp-content\/uploads\/2025\/03\/4.jpeg 400w,https:\/\/www.3x3.lv\/wp-content\/uploads\/2025\/03\/4.jpeg 2x\" srcset=\"data:image\/gif;base64,R0lGODlhAQABAIAAAP\/\/\/\/\/\/\/yH5BAEKAAEALAAAAAABAAEAAAICTAEAOw==\" \/><\/div><\/a><\/div><\/div><div id=\"envira-gallery-item-3292\" class=\"envira-gallery-item enviratope-item envira-gallery-item-5 envira-lazy-load\" style=\"padding-left: 5px; padding-bottom: 10px; padding-right: 5px;\"  itemscope itemtype=\"https:\/\/schema.org\/ImageObject\"><div class=\"envira-gallery-item-inner\"><div class=\"envira-gallery-position-overlay  envira-gallery-top-left\"><\/div><div class=\"envira-gallery-position-overlay  envira-gallery-top-right\"><\/div><div class=\"envira-gallery-position-overlay  envira-gallery-bottom-left\"><\/div><div class=\"envira-gallery-position-overlay  envira-gallery-bottom-right\"><\/div><a href=\"https:\/\/www.3x3.lv\/wp-content\/uploads\/2025\/03\/5.jpeg\" class=\"envira-gallery-3298 envira-gallery-link\" rel=\"enviragallery3298\" title=\"5\" data-envira-caption=\"5\" data-envira-retina=\"\" data-thumbnail=\"\"  itemprop=\"contentUrl\"><div class=\"envira-lazy\" data-test-width=\"640\" data-test-height=\"480\" style=\"padding-bottom:75%;\"><img decoding=\"async\" id=\"envira-gallery-image-3292\" class=\"envira-gallery-image envira-gallery-image-5\" data-envira-index=\"5\" src=\"https:\/\/www.3x3.lv\/wp-content\/uploads\/2025\/03\/5.jpeg\" data-envira-src=\"https:\/\/www.3x3.lv\/wp-content\/uploads\/2025\/03\/5.jpeg\" data-envira-gallery-id=\"3298\" data-envira-item-id=\"3292\" data-envira-caption=\"5\" alt=\"\" title=\"5\"  itemprop=\"thumbnailUrl\" data-envira-srcset=\"https:\/\/www.3x3.lv\/wp-content\/uploads\/2025\/03\/5.jpeg 400w,https:\/\/www.3x3.lv\/wp-content\/uploads\/2025\/03\/5.jpeg 2x\" srcset=\"data:image\/gif;base64,R0lGODlhAQABAIAAAP\/\/\/\/\/\/\/yH5BAEKAAEALAAAAAABAAEAAAICTAEAOw==\" \/><\/div><\/a><\/div><\/div><div id=\"envira-gallery-item-3291\" class=\"envira-gallery-item enviratope-item envira-gallery-item-6 envira-lazy-load\" style=\"padding-left: 5px; padding-bottom: 10px; padding-right: 5px;\"  itemscope itemtype=\"https:\/\/schema.org\/ImageObject\"><div class=\"envira-gallery-item-inner\"><div class=\"envira-gallery-position-overlay  envira-gallery-top-left\"><\/div><div class=\"envira-gallery-position-overlay  envira-gallery-top-right\"><\/div><div class=\"envira-gallery-position-overlay  envira-gallery-bottom-left\"><\/div><div class=\"envira-gallery-position-overlay  envira-gallery-bottom-right\"><\/div><a href=\"https:\/\/www.3x3.lv\/wp-content\/uploads\/2025\/03\/6.jpeg\" class=\"envira-gallery-3298 envira-gallery-link\" rel=\"enviragallery3298\" title=\"6\" data-envira-caption=\"6\" data-envira-retina=\"\" data-thumbnail=\"\"  itemprop=\"contentUrl\"><div class=\"envira-lazy\" data-test-width=\"640\" data-test-height=\"480\" style=\"padding-bottom:75%;\"><img decoding=\"async\" id=\"envira-gallery-image-3291\" class=\"envira-gallery-image envira-gallery-image-6\" data-envira-index=\"6\" src=\"https:\/\/www.3x3.lv\/wp-content\/uploads\/2025\/03\/6.jpeg\" data-envira-src=\"https:\/\/www.3x3.lv\/wp-content\/uploads\/2025\/03\/6.jpeg\" data-envira-gallery-id=\"3298\" data-envira-item-id=\"3291\" data-envira-caption=\"6\" alt=\"\" title=\"6\"  itemprop=\"thumbnailUrl\" data-envira-srcset=\"https:\/\/www.3x3.lv\/wp-content\/uploads\/2025\/03\/6.jpeg 400w,https:\/\/www.3x3.lv\/wp-content\/uploads\/2025\/03\/6.jpeg 2x\" srcset=\"data:image\/gif;base64,R0lGODlhAQABAIAAAP\/\/\/\/\/\/\/yH5BAEKAAEALAAAAAABAAEAAAICTAEAOw==\" \/><\/div><\/a><\/div><\/div><div id=\"envira-gallery-item-3290\" class=\"envira-gallery-item enviratope-item envira-gallery-item-7 envira-lazy-load\" style=\"padding-left: 5px; padding-bottom: 10px; padding-right: 5px;\"  itemscope itemtype=\"https:\/\/schema.org\/ImageObject\"><div class=\"envira-gallery-item-inner\"><div class=\"envira-gallery-position-overlay  envira-gallery-top-left\"><\/div><div class=\"envira-gallery-position-overlay  envira-gallery-top-right\"><\/div><div class=\"envira-gallery-position-overlay  envira-gallery-bottom-left\"><\/div><div class=\"envira-gallery-position-overlay  envira-gallery-bottom-right\"><\/div><a href=\"https:\/\/www.3x3.lv\/wp-content\/uploads\/2025\/03\/7.jpeg\" class=\"envira-gallery-3298 envira-gallery-link\" rel=\"enviragallery3298\" title=\"7\" data-envira-caption=\"7\" data-envira-retina=\"\" data-thumbnail=\"\"  itemprop=\"contentUrl\"><div class=\"envira-lazy\" data-test-width=\"640\" data-test-height=\"480\" style=\"padding-bottom:75%;\"><img decoding=\"async\" id=\"envira-gallery-image-3290\" class=\"envira-gallery-image envira-gallery-image-7\" data-envira-index=\"7\" src=\"https:\/\/www.3x3.lv\/wp-content\/uploads\/2025\/03\/7.jpeg\" data-envira-src=\"https:\/\/www.3x3.lv\/wp-content\/uploads\/2025\/03\/7.jpeg\" data-envira-gallery-id=\"3298\" data-envira-item-id=\"3290\" data-envira-caption=\"7\" alt=\"\" title=\"7\"  itemprop=\"thumbnailUrl\" data-envira-srcset=\"https:\/\/www.3x3.lv\/wp-content\/uploads\/2025\/03\/7.jpeg 400w,https:\/\/www.3x3.lv\/wp-content\/uploads\/2025\/03\/7.jpeg 2x\" srcset=\"data:image\/gif;base64,R0lGODlhAQABAIAAAP\/\/\/\/\/\/\/yH5BAEKAAEALAAAAAABAAEAAAICTAEAOw==\" \/><\/div><\/a><\/div><\/div><div id=\"envira-gallery-item-3289\" class=\"envira-gallery-item enviratope-item envira-gallery-item-8 envira-lazy-load\" style=\"padding-left: 5px; padding-bottom: 10px; padding-right: 5px;\"  itemscope itemtype=\"https:\/\/schema.org\/ImageObject\"><div class=\"envira-gallery-item-inner\"><div class=\"envira-gallery-position-overlay  envira-gallery-top-left\"><\/div><div class=\"envira-gallery-position-overlay  envira-gallery-top-right\"><\/div><div class=\"envira-gallery-position-overlay  envira-gallery-bottom-left\"><\/div><div class=\"envira-gallery-position-overlay  envira-gallery-bottom-right\"><\/div><a href=\"https:\/\/www.3x3.lv\/wp-content\/uploads\/2025\/03\/8.jpeg\" class=\"envira-gallery-3298 envira-gallery-link\" rel=\"enviragallery3298\" title=\"8\" data-envira-caption=\"8\" data-envira-retina=\"\" data-thumbnail=\"\"  itemprop=\"contentUrl\"><div class=\"envira-lazy\" data-test-width=\"640\" data-test-height=\"480\" style=\"padding-bottom:75%;\"><img decoding=\"async\" id=\"envira-gallery-image-3289\" class=\"envira-gallery-image envira-gallery-image-8\" data-envira-index=\"8\" src=\"https:\/\/www.3x3.lv\/wp-content\/uploads\/2025\/03\/8.jpeg\" data-envira-src=\"https:\/\/www.3x3.lv\/wp-content\/uploads\/2025\/03\/8.jpeg\" data-envira-gallery-id=\"3298\" data-envira-item-id=\"3289\" data-envira-caption=\"8\" alt=\"\" title=\"8\"  itemprop=\"thumbnailUrl\" data-envira-srcset=\"https:\/\/www.3x3.lv\/wp-content\/uploads\/2025\/03\/8.jpeg 400w,https:\/\/www.3x3.lv\/wp-content\/uploads\/2025\/03\/8.jpeg 2x\" srcset=\"data:image\/gif;base64,R0lGODlhAQABAIAAAP\/\/\/\/\/\/\/yH5BAEKAAEALAAAAAABAAEAAAICTAEAOw==\" \/><\/div><\/a><\/div><\/div><\/div><\/div><noscript><img decoding=\"async\" src=\"https:\/\/www.3x3.lv\/wp-content\/uploads\/2025\/03\/1.jpeg\" alt=\"\" \/><img decoding=\"async\" src=\"https:\/\/www.3x3.lv\/wp-content\/uploads\/2025\/03\/2.jpeg\" alt=\"\" \/><img decoding=\"async\" src=\"https:\/\/www.3x3.lv\/wp-content\/uploads\/2025\/03\/3.jpeg\" alt=\"\" \/><img decoding=\"async\" src=\"https:\/\/www.3x3.lv\/wp-content\/uploads\/2025\/03\/4.jpeg\" alt=\"\" \/><img decoding=\"async\" src=\"https:\/\/www.3x3.lv\/wp-content\/uploads\/2025\/03\/5.jpeg\" alt=\"\" \/><img decoding=\"async\" src=\"https:\/\/www.3x3.lv\/wp-content\/uploads\/2025\/03\/6.jpeg\" alt=\"\" \/><img decoding=\"async\" src=\"https:\/\/www.3x3.lv\/wp-content\/uploads\/2025\/03\/7.jpeg\" alt=\"\" \/><img decoding=\"async\" src=\"https:\/\/www.3x3.lv\/wp-content\/uploads\/2025\/03\/8.jpeg\" alt=\"\" \/><\/noscript><\/div>\n","protected":false},"excerpt":{"rendered":"<p>Ievir\u017eu apraksts Ned\u0113\u013cas ritms Anketa Posieties, rosieties un s\u0101ciet jau krav\u0101t somas, jo beidzot varam jums pied\u0101v\u0101t inform\u0101ciju par 2025. gada 3&#215;3 saietu \u012arij\u0101. Saietu vada M\u0101rti\u0146\u0161 Punculis un Zane&#8230;<\/p>\n","protected":false},"author":1,"featured_media":0,"parent":229,"menu_order":3,"comment_status":"closed","ping_status":"closed","template":"","meta":{"__cvm_playback_settings":[],"__cvm_video_id":"","footnotes":""},"class_list":["post-3266","page","type-page","status-publish","hentry"],"_links":{"self":[{"href":"https:\/\/www.3x3.lv\/index.php?rest_route=\/wp\/v2\/pages\/3266","targetHints":{"allow":["GET"]}}],"collection":[{"href":"https:\/\/www.3x3.lv\/index.php?rest_route=\/wp\/v2\/pages"}],"about":[{"href":"https:\/\/www.3x3.lv\/index.php?rest_route=\/wp\/v2\/types\/page"}],"author":[{"embeddable":true,"href":"https:\/\/www.3x3.lv\/index.php?rest_route=\/wp\/v2\/users\/1"}],"replies":[{"embeddable":true,"href":"https:\/\/www.3x3.lv\/index.php?rest_route=%2Fwp%2Fv2%2Fcomments&post=3266"}],"version-history":[{"count":11,"href":"https:\/\/www.3x3.lv\/index.php?rest_route=\/wp\/v2\/pages\/3266\/revisions"}],"predecessor-version":[{"id":3398,"href":"https:\/\/www.3x3.lv\/index.php?rest_route=\/wp\/v2\/pages\/3266\/revisions\/3398"}],"up":[{"embeddable":true,"href":"https:\/\/www.3x3.lv\/index.php?rest_route=\/wp\/v2\/pages\/229"}],"wp:attachment":[{"href":"https:\/\/www.3x3.lv\/index.php?rest_route=%2Fwp%2Fv2%2Fmedia&parent=3266"}],"curies":[{"name":"wp","href":"https:\/\/api.w.org\/{rel}","templated":true}]}}