{"id":3417,"date":"2025-10-16T03:40:43","date_gmt":"2025-10-16T01:40:43","guid":{"rendered":"https:\/\/www.3x3.lv\/?page_id=3417"},"modified":"2026-03-11T12:09:15","modified_gmt":"2026-03-11T10:09:15","slug":"aicinam-pec-janiem-pirms-peteriem-tikties-3x3-bebrene","status":"publish","type":"page","link":"https:\/\/www.3x3.lv\/?page_id=3417","title":{"rendered":"Bebren\u0113 vairosim savu pa\u0161apzi\u0146u un m\u0101c\u012bsimies m\u012bl\u0113t sevi"},"content":{"rendered":"\n<p class=\"has-text-align-right\"><a href=\"https:\/\/www.3x3.lv\/KRATUVE\/Bebrene\/3x3_BEBRENE_Buklets.pdf\">Buklets<\/a>&nbsp; <\/p>\n\n\n\n<p class=\"has-text-align-right\"><a href=\"https:\/\/www.3x3.lv\/KRATUVE\/Bebrene\/3x3_BEBRENE_NedelasRitms.pdf\">Ned\u0113\u013cas ritms<\/a><\/p>\n\n\n\n<p class=\"has-text-align-right\"><a href=\"https:\/\/www.3x3.lv\/KRATUVE\/Bebrene\/3x3_BEBRENE_Ievirzes.pdf\">Ievir\u017eu apraksts<\/a><\/p>\n\n\n\n<figure class=\"wp-block-image aligncenter size-full is-resized\"><img decoding=\"async\" src=\"https:\/\/www.3x3.lv\/wp-content\/uploads\/2026\/02\/3x3_BEBRENE_LOGO_MelnsTeksts-1.png\" alt=\"\" class=\"wp-image-3546\" style=\"width:250px\"\/><\/figure>\n\n\n\n<div class=\"wp-block-group is-nowrap is-layout-flex wp-container-core-group-is-layout-6c531013 wp-block-group-is-layout-flex\">\n<p><strong>Kas es esmu? Vai paz\u012bstu sevi? Vai esmu t\u0101 v\u0113rta un v\u0113rts? K\u0101da ir mana vieta Latvij\u0101, pasaul\u0113, visum\u0101? K\u0101da ir mana latvisk\u0101 da\u013ca? K\u0101da un k\u0101ds esmu es k\u0101 latvietis un latviete? Vai esmu labs latvietis? \u0160os svar\u012bgos jaut\u0101jumus ar sirds siltumu, gai\u0161umu, vieglumu un m\u012blest\u012bbu katrs pats un visi kop\u0101 mekl\u0113sim \u0161\u012bs vasaras 3\u00d73 saiet\u0101, kas no 28. j\u016bnija l\u012bdz 5. j\u016blijam notiks Bebren\u0113, un ko caurv\u012bs saieta galven\u0101 t\u0113ma \u201cEs\u201d.&nbsp;<\/strong><\/p>\n<\/div>\n\n\n\n<div class=\"wp-block-group is-nowrap is-layout-flex wp-container-core-group-is-layout-6c531013 wp-block-group-is-layout-flex\">\n<p>Ilzei un Laurim Ceku\u013ciem Bebrenes 3&#215;3 b\u016bs tre\u0161ais pa\u0161u organiz\u0113tais saiets \u2013 iepriek\u0161 vi\u0146i veidoju\u0161i saietus Kr\u0101slav\u0101 (2018.) un Zas\u0101 (2022.). Ar\u012b \u0161oreiz vi\u0146i turpina b\u016bt uztic\u012bgi S\u0113lijas pusei, kur kop\u0101 ar \u0123imeni dz\u012bvo sav\u0101s lauku m\u0101j\u0101s. Kop\u0101 ar darba grupu (att\u0113l\u0101) \u2013 Ceku\u013cu, Toma\u0161\u016bnu, Neima\u0146u, Sidorovi\u010du \u0123imen\u0113m, Krist\u012bni Savicku, Lauri Karpovu un Birutu El\u012bzu Auni\u0146u-Kirmu\u0161ku \u2013 piedz\u012bvosim miera un prieka pilnu ned\u0113\u013cu Bebren\u0113. Ikvienam dal\u012bbniekam \u2013 no viss\u012bk\u0101k\u0101 l\u012bdz visvaren\u0101kajam; no vissen\u0101k\u0101, l\u012bdz vissvaig\u0101kajam \u2013 b\u016bs iesp\u0113ja ne tikai lab\u0101k atrast saiet\u0101 sevi, bet ar\u012b justies Bebren\u0113 k\u0101 m\u0101j\u0101s.<\/p>\n<\/div>\n\n\n\n<figure class=\"wp-block-image alignleft size-full is-resized has-custom-border\"><img loading=\"lazy\" decoding=\"async\" width=\"596\" height=\"795\" src=\"https:\/\/www.3x3.lv\/wp-content\/uploads\/2026\/02\/BebrenesDarbaGrupa.png\" alt=\"\" class=\"wp-image-3533\" style=\"border-radius:16px;width:410px;height:auto\" srcset=\"https:\/\/www.3x3.lv\/wp-content\/uploads\/2026\/02\/BebrenesDarbaGrupa.png 596w, https:\/\/www.3x3.lv\/wp-content\/uploads\/2026\/02\/BebrenesDarbaGrupa-225x300.png 225w\" sizes=\"auto, (max-width: 596px) 100vw, 596px\" \/><\/figure>\n\n\n\n<p>Bebren\u0113 apdz\u012bvosim seno mui\u017eas \u0113ku, kur m\u016bsdien\u0101s m\u0101c\u012bbu laik\u0101 m\u0101c\u0101s Bebrenes vidusskolas b\u0113rni. Bebrenes mui\u017eas ansamblis ir viens no nedaudzajiem S\u0113lij\u0101, kur\u0101 piln\u012bb\u0101 ir saglab\u0101ju\u0161ies visi 19. gadsimta Bebrenes mui\u017eas apb\u016bves elementi \u2013 kungu m\u0101ja, pal\u012bg\u0113kas, parks ar v\u0101rtiem un \u017eogu. Bebrene ir viena no retaj\u0101m apdz\u012bvotaj\u0101m viet\u0101m Latvij\u0101, kur apb\u016bve tie\u0161i piek\u013caujas mui\u017eas ansamblim un veido ar to kop\u0113ju pl\u0101nojuma strukt\u016bru un vienotu Bebrenes kult\u016brv\u0113sturisko \u201eseju\u201d. Mui\u017eas kompleksa galven\u0101s \u0113kas celtniec\u012bba pabeigta 1896. gad\u0101, un t\u0101 projekt\u0113ta fran\u010du renesanses stila ietekm\u0113. Parka ieskaut\u0101s gr\u0101fu Pl\u0101teru \u2013 Z\u012bbergu mui\u017eas teritorij\u0101 var non\u0101kt caur grezniem 19. gadsimta stila v\u0101rtiem. Visu mui\u017eas kompleksa teritoriju ieskauj sarkano \u0137ie\u0123e\u013cu \u017eogs, kas p\u0101riet m\u016br\u0113tu stabi\u0146u \u017eog\u0101 ar koka starpsien\u0101m.&nbsp;<\/p>\n\n\n\n<p>Bebrenes mui\u017eas parks b\u016bs m\u016bs\u0113j\u0101 \u2013 3&#215;3 \u2013 pasaule, kas \u0161aj\u0101 ned\u0113\u013c\u0101 k\u013c\u016bs par katra iek\u0161\u0113j\u0101s pasaules atspulgu kop\u012bgaj\u0101. K\u0101 to vislab\u0101k pan\u0101kt? Protams, ar 3&#215;3 ierastaj\u0101m aktivit\u0101t\u0113m, darbi\u0146iem un piedz\u012bvojumiem, kas iegulstas ned\u0113\u013cas ritm\u0101. T\u0101s ir ikdienas ievirzes jeb nodarb\u012bbas, kur asin\u0101t k\u0101 pr\u0101ta, t\u0101 roku veikl\u012bbu, ik vakara un nakts notikumi \u2013 kult\u016bras, sporta, izzi\u0146as un atp\u016btas. T\u0101s b\u016bs tik\u0161an\u0101s ar svar\u012bg\u0101m, aizraujo\u0161\u0101m un drosm\u012bg\u0101m person\u012bb\u0101m, k\u0101 ar\u012b nemain\u012bg\u0101 un tradicion\u0101l\u0101 3&#215;3 saietu da\u013ca \u2013 dan\u010di un kop\u012bgas galda dziesmas.<\/p>\n\n\n\n<p>Tr\u012bsreiztr\u012bsnieku ikdienas gaitas ik r\u012btu var\u0113s skat\u012bt r\u012bta TV seansos, par ko g\u0101d\u0101s D\u012bva Reiznieka kino meistaru komanda. Savuk\u0101rt ne tikai svar\u012bg\u0101k\u0101s baumas, bet ar\u012b dal\u012bbnieku saj\u016btas un v\u0113rt\u012bgas p\u0101rdomas par sevi, savu latviet\u012bbu un Latvijas vietu pasaul\u0113 atrad\u012bsim bild\u0113s un tekstos, ko Gundegas Kalendras vad\u012bb\u0101 uzburs saieta av\u012bzes burtu un bil\u017eu m\u0101kslinieki.<\/p>\n\n\n\n<p>Ko kop\u0101 sadar\u012bsim? Pieredz\u0113ju\u0161ie saieta viesi zina, ka saietos nodarbin\u0101ti tiek visi \u2013 no liela l\u012bdz mazam. \u0160oreiz Ineses un Ain\u0101ra Gr\u012bnvaldu vad\u012bb\u0101 t\u0101 b\u016bs Laimes B\u013coda vismaz\u0101kajiem kop\u0101 ar vec\u0101kiem, jau liel\u0101kiem \u2013 rado\u0161as aktivit\u0101tes, koka darbi, alp\u012bnisms, eksperimenti, \u0113st gatavo\u0161ana u.c. Jau ierast\u0101s ievirzes k\u0101 piem\u0113ram, Vilku m\u0101c\u012bba, muzic\u0113\u0161ana un ar\u012b mak\u0161\u0137er\u0113\u0161ana b\u016bs iesp\u0113ja, k\u0101 b\u0113rniem te aizvad\u012bt aizraujo\u0161u un jautru ned\u0113\u013cu. B\u016bs ar\u012b sportiskas aktivit\u0101tes, b\u0113rnu dan\u010di un ikdienas ekskursijas.<\/p>\n\n\n\n<p>Lielajiem b\u016bs iesp\u0113ja iedzi\u013cin\u0101ties sev\u012b un savos sap\u0146os viedu v\u012bru un sievu komp\u0101nij\u0101 \u2013 \u201cMans sap\u0146u d\u0101rzs\u201d Edgara Neilanda, \u201cMani sp\u0113ka avoti\u201d \u2013 Ineses Kr\u016bmi\u0146as \u2013, bet \u201cMeditat\u012bv\u0101s kokles un gongi\u201d Madaras Kevome\u0123es vad\u012bb\u0101. Protams, k\u0101 alla\u017e neiztiksim bez \u0161\u016b\u0161anas, kal\u0161anas, p\u012b\u0161anas un \u0161oreiz \u2013 ar\u012b cimdu ad\u012b\u0161anas. Ar talant\u012bg\u0101 amatnieka Andra Rozes zi\u0146u var\u0113s izgatavot pats savas koka taures, bet pastalas darin\u0101t \u2013 pie prasm\u012bg\u0101s Agritas Krievi\u0146as-Sili\u0146as. Lielisk\u0101 pirtniece Olita Purvi\u0146a ievad\u012bs Pirts m\u0101c\u012bb\u0101, bet Laine Orbid\u0101ne \u2013 Zirgu m\u0101c\u012bb\u0101, t\u0101pat ar\u012b var\u0113s veidot m\u016bzikas instrumentus no koka J\u0101\u0146a Sausn\u012b\u0161a un v\u012bt s\u0113\u013cu vainagus D\u017eeinas Dzimt\u0101s vad\u012bb\u0101. Jaunie\u0161iem b\u016bs iesp\u0113ja izpausties gan pr\u0101ta, gan \u0137erme\u0146a veikl\u012bb\u0101, apspriest politiku un mekl\u0113t savu patieso versiju. B\u016bs v\u0113l daudz un citi p\u0101rsteigumi, k\u0101 ar\u012b pat\u012bkama atelpa no spraig\u0101 dienas ritma tre\u0161dien visiem kop\u0101 dodoties ekskursij\u0101s uz da\u017e\u0101diem Aug\u0161daugavas novada virzieniem, lai satiktu br\u012bni\u0161\u0137\u012bgus viet\u0113jos \u013caudis.<\/p>\n\n\n\n<p>Ik vakaru Bebren\u0113 satiksimies vakara notikumos, kur kop\u0101 baud\u012bsim daudzveid\u012bgu kult\u016bras programmu \u2013 dziesmas, dan\u010dus, sarunas un mirk\u013cus, kas \u013cauj dienai nos\u0113sties un pieredz\u0113tajam ieg\u016bt j\u0113gu. T\u0101 b\u016bs telpa gan priekam, gan klusumam, gan kop\u0101 b\u016b\u0161anai.<\/p>\n\n\n\n<p>Neat\u0146emama saieta da\u013ca b\u016bs ar\u012b ekskursijas, kur\u0101s, pateicoties Aug\u0161daugavas novada g\u0101d\u012bbai, iepaz\u012bsim novada skaist\u0101k\u0101s vietas un sastapsim cilv\u0113kus, kas \u0161o zemi veido ar saviem darbiem, st\u0101stiem un kl\u0101tb\u016btni.<\/p>\n\n\n\n<p><strong>K\u0101 pieteikties?&nbsp;<\/strong><\/p>\n\n\n\n<p>Pieteik\u0161an\u0101s ir atv\u0113rta <strong>no 1. febru\u0101ra l\u012bdz 30. apr\u012blim<\/strong>. Ikviens interesents aicin\u0101ts s\u016bt\u012bt pieteikuma v\u0113stuli, kur\u0101 iepaz\u012bstina ar sevi, un, ja brauc ar k\u0101du kop\u0101, iepaz\u012bstinot ar saviem l\u012bdzbrauc\u0113jiem, nor\u0101dot visu v\u0101rdus, uzv\u0101rdus un vecumu saieta laik\u0101. V\u0113stul\u0113 v\u0113lams \u012bsi aprakst\u012bt, k\u0101p\u0113c tu vai tava \u0123imene v\u0113las braukt uz 3\u00d73, vai k\u0101dreiz jau ir b\u016bts vai n\u0113. Priek\u0161roku alla\u017e dodam pirmreiz\u0113jiem dal\u012bbniekiem, kas v\u0113l l\u012bdz \u0161im nav baud\u012bju\u0161i 3\u00d73 gaisotni, k\u0101 ar\u012b \u0101rzemju latvie\u0161iem. P\u0101r\u0113jiem \u2013 rindas k\u0101rt\u012bb\u0101. Atbildes par dal\u012bbu tiks sniegtas <strong>l\u012bdz 15. maijam<\/strong>.&nbsp;<\/p>\n\n\n\n<p>Dal\u012bbas maksa Latvijas latvie\u0161iem no personas \u2013 230 eiro, b\u0113rniem no 2 l\u012bdz 6 gadiem puse \u2013 115 eiro (l\u012bdz 2 gadu vecumam bez maksas); kodol\u0123imenei (vec\u0101ki kop\u0101 ar nepilngad\u012bgajiem b\u0113rniem) ne vair\u0101k k\u0101 720 eiro.<\/p>\n\n\n\n<p>\u0100rzemju latvie\u0161iem no personas \u2013 320 eiro, b\u0113rniem no 2 l\u012bdz 6 gadiem puse \u2013 160 eiro (l\u012bdz 2 gadu vecumam bez maksas); kodol\u0123imenei (vec\u0101ki kop\u0101 ar nepilngad\u012bgajiem b\u0113rniem) ne vair\u0101k k\u0101 800 eiro. \u0100rzemju latvie\u0161i saglab\u0101 privil\u0113\u0123iju \u2013 priek\u0161roku \u2013 tikt uz\u0146emtiem saiet\u0101.<\/p>\n\n\n\n<p>Viet\u0113jie interesenti no Aug\u0161daugavas novada, kas pa\u0161i var sev nodro\u0161in\u0101t nak\u0161\u0146o\u0161anu un \u0113din\u0101\u0161anu, saiet\u0101 par simbolisku maksu (izsludin\u0101sim \u012bsi pirms saieta) aicin\u0101ti pieteikties ievirz\u0113m un vakara pas\u0101kumiem. To var dar\u012bt, laikus rakstot e-past\u0101:&nbsp; bebrenes3x3@gmail.com vai ar\u012b piesakoties kl\u0101tien\u0113 (ja v\u0113l b\u016bs vietas) saieta pirmaj\u0101 dien\u0101, 28. j\u016bnij\u0101.&nbsp;<\/p>\n\n\n\n<p>Atg\u0101din\u0101m, ka saieta laik\u0101 par nepilngad\u012bgajiem atbild to vec\u0101ki vai aizbild\u0146i, un par to b\u016bs j\u0101paraksta dokuments gan dal\u012bbniekiem no citurienes, gan viet\u0113jiem dal\u012bbniekiem. Tikl\u012bdz ievirze ir beigusies, vec\u0101kiem ir j\u0101ierodas b\u0113rnam paka\u013c. Nepilngad\u012bgie jaunie\u0161i saiet\u0101 var pieteikties tikai tad, ja brauc kop\u0101 ar k\u0101du pilngad\u012bgu personu.&nbsp;<\/p>\n\n\n\n<p>Otrais 3&#215;3 saiets Latvij\u0101 \u0161ovasar notiks Stren\u010dos no 12. l\u012bdz 19. j\u016blijam.<\/p>\n\n\n\n<p><strong>Ilze<\/strong> un <strong>Lauris<\/strong><\/p>\n\n\n\n<p>Sazi\u0146ai raksti: <a href=\"mailto:bebrenes3x3@gmail.com\">bebrenes3x3@gmail.com<\/a><\/p>\n\n\n\n<p>Seko: 3\u00d73.lv, FB 3x3_Latvija; IG 3x3_saieti<\/p>\n\n\n\n<p><\/p>\n\n\n\n<p><\/p>\n\n\n\n<div style=\"height:56px\" aria-hidden=\"true\" class=\"wp-block-spacer\"><\/div>\n\n\n\n<hr class=\"wp-block-separator has-alpha-channel-opacity\"\/>\n\n\n\n<h2 class=\"wp-block-heading\">Aicin\u0101m tikties 3\u00d73 Bebren\u0113! <\/h2>\n\n\n\n<p>2025.gada raksts<\/p>\n\n\n\n<p>Aicin\u0101m p\u0113c J\u0101\u0146iem, pirms P\u0113teriem, tikties 3&#215;3 Bebren\u0113. Vasaras pilnbried\u0101 \u2013 no 28. j\u016bnija l\u012bdz 5. j\u016blijam \u2013 3&#215;3 saime atkal pulc\u0113sies, lai ned\u0113\u013cu pavad\u012btu latvisk\u0101 gaisotn\u0113: dz\u012bvotu, dzied\u0101tu, dejotu, m\u0101c\u012btos un stiprin\u0101tu gan sevi, gan citus.&nbsp;<\/p>\n\n\n\n<p>Savas durvis pla\u0161i saieta dal\u012bbniekiem ver Aug\u0161daugavas novads \u2013 vieta, kur satiekas Latgale un S\u0113lija. \u0160oreiz b\u016bsim kr\u0101\u0161\u0146aj\u0101 S\u0113lij\u0101, skaistaj\u0101 Bebren\u0113. Ciems izce\u013cas ar savu unik\u0101lo apb\u016bvi \u2013 tas ir viens no retajiem Latvij\u0101, kur apdz\u012bvot\u0101 vieta organiski iek\u013caujas mui\u017eas ansambl\u012b. Pateicoties Aug\u0161daugavas novada atsauc\u012bgajiem \u013caud\u012bm, ned\u0113\u013cas garum\u0101 3&#215;3 saieta dal\u012bbnieku m\u0101jvieta b\u016bs Bebrenes mui\u017ea un parks, dzirnavas, k\u0101 ar\u012b tehnikuma telpas \u2013 S\u0113lijas p\u0113rle, kas ar nepaciet\u012bbu gaida pla\u0161o 3&#215;3 saimi. Bebren\u0113 ar prieku gaid\u012bsim gan lielus, gan mazus \u2013&nbsp; \u0123imenes, draugu komp\u0101nijas, k\u0101 ar\u012b tos, kuri 3&#215;3 saieta gaisotni v\u0113l tikai piedz\u012bvos pirmoreiz. T\u0101 b\u016bs iesp\u0113ja izjust kop\u0101 b\u016b\u0161anu, iepaz\u012bt Latvijas trad\u012bciju sp\u0113ku un uzl\u0101d\u0113ties ar jaunu ener\u0123iju.<\/p>\n\n\n\n<figure class=\"wp-block-image size-large has-custom-border\"><img loading=\"lazy\" decoding=\"async\" width=\"1024\" height=\"683\" src=\"https:\/\/www.3x3.lv\/wp-content\/uploads\/2025\/10\/Lauris-Viksne2-1024x683.jpg\" alt=\"Laura V\u012bksnes foto\" class=\"wp-image-3418\" style=\"border-radius:16px\" srcset=\"https:\/\/www.3x3.lv\/wp-content\/uploads\/2025\/10\/Lauris-Viksne2-1024x683.jpg 1024w, https:\/\/www.3x3.lv\/wp-content\/uploads\/2025\/10\/Lauris-Viksne2-300x200.jpg 300w, https:\/\/www.3x3.lv\/wp-content\/uploads\/2025\/10\/Lauris-Viksne2-768x512.jpg 768w, https:\/\/www.3x3.lv\/wp-content\/uploads\/2025\/10\/Lauris-Viksne2-1536x1024.jpg 1536w, https:\/\/www.3x3.lv\/wp-content\/uploads\/2025\/10\/Lauris-Viksne2.jpg 1600w\" sizes=\"auto, (max-width: 1024px) 100vw, 1024px\" \/><figcaption class=\"wp-element-caption\"><strong>Laura V\u012bksnes <\/strong>foto  Bebrenes mui\u017ea.<\/figcaption><\/figure>\n\n\n\n<p>Saieta vadmot\u012bvs ir \u201cES\u201d \u2013 tas ES, ko dzirdu, saprotu, kas r\u016bp\u0113jas par sevi ar m\u012blest\u012bbu un saudz\u012bbu. Kop\u0101 mekl\u0113sim atbildes uz jaut\u0101jumiem, kas ikdien\u0101 bie\u017ei vien paliek otraj\u0101 pl\u0101n\u0101: k\u0101 sadzird\u0113t sevi? K\u0101 nejaukt sevis m\u012bl\u0113\u0161anu ar egoismu? K\u0101 b\u016bt dro\u0161am sav\u0101 ce\u013c\u0101 un vienlaikus atv\u0113rtiem citiem? ES, kas ir gaisma un sp\u0113ks. ES, kas ar savu sp\u0113ku k\u013c\u016bst par M\u0112S \u2013 sev, savai zemei, savai tautai. \u0160\u012b t\u0113ma caurv\u012bs visu ned\u0113\u013cu un b\u016bs atkl\u0101jama caur nodarb\u012bb\u0101m, sarun\u0101m, ritu\u0101liem un vienk\u0101r\u0161u b\u016b\u0161anu kop\u0101.<\/p>\n\n\n\n<p>Pied\u0101v\u0101jum\u0101 b\u016bs tradicion\u0101l\u0101s ievirzes \u2013 pastalu darin\u0101\u0161ana, rotkal\u0161ana, dzied\u0101\u0161ana \u2013, k\u0101 ar\u012b pastaigas un p\u0101rg\u0101jieni, gardi \u0113dieni un rado\u0161as darbn\u012bcas skaistu t\u0113rpu veido\u0161anai. Darb\u012bbu netr\u016bks nevienam \u2013 rokdarbniekiem, pr\u0101ta asuma mekl\u0113t\u0101jiem un jaun\u0101kajai paaudzei, kas dosies uz me\u017eu, dzied\u0101s, dejos, iepaz\u012bs mui\u017eas parku, S\u0113lijas v\u0113sturi, viet\u0113jos saimniekus un lauku s\u0113tas. Bebrenes 3&#215;3 saiet\u0101 pl\u0101nots uz\u0146emt ap 400 dal\u012bbnieku, k\u0101 ar\u012b viet\u0113jos iedz\u012bvot\u0101jus, kuri v\u0113las pievienoties saieta noris\u0113m. Ned\u0113\u013cu dz\u012bvosim un darbosimies Bebrenes mui\u017e\u0101, dzirnav\u0101s un tehnikum\u0101 \u2013 apdz\u012bvosim parku un pla\u0161o teritoriju. Nak\u0161\u0146o\u0161ana liel\u0101koties paredz\u0113ta tehnikuma kopm\u012btn\u0113s un kla\u0161u telp\u0101s.<\/p>\n\n\n\n<p>Saietu \u0161ogad veidosim m\u0113s \u2013 Ilze un Lauris Cekuli \u2013 kop\u0101 ar saviem b\u0113rniem Ako K\u0101rli, Loti, un Elzu Herm\u012bni, k\u0101 ar\u012b darba grupu, kur\u0101 apvienoju\u0161ies pieredz\u0113ju\u0161i 3&#215;3 saietu dal\u012bbnieki: Sidorovi\u010du, Neima\u0146u, Toma\u0161\u016bnu, D\u0101boli\u0146u un Karpovu \u0123imenes, k\u0101 ar\u012b Biruta El\u012bza Auni\u0146a-Kirmu\u0161ka un Krist\u012bne Savicka. \u0160is b\u016bs jau m\u016bsu \u0123imenes r\u012bkotais tre\u0161ais saiets. Interesanti, ka visi l\u012bdz\u0161in\u0113jie saieti notiku\u0161i mui\u017e\u0101s vai pil\u012bs \u2014 pirmais gr\u0101fa Pl\u0101tera pil\u012b Kr\u0101slava, otrais Zasas mui\u017ea, un \u0161oreiz baud\u012bsim \u012bpa\u0161o mui\u017eas atmosf\u0113ru Bebren\u0113.<\/p>\n\n\n\n<figure class=\"wp-block-image aligncenter size-large is-resized has-custom-border is-style-default\" style=\"margin-top:var(--wp--preset--spacing--20);margin-right:var(--wp--preset--spacing--20);margin-bottom:var(--wp--preset--spacing--20);margin-left:var(--wp--preset--spacing--20)\"><img loading=\"lazy\" decoding=\"async\" width=\"909\" height=\"1024\" src=\"https:\/\/www.3x3.lv\/wp-content\/uploads\/2025\/10\/Bebrene-Cekulu-gim-1-909x1024.jpeg\" alt=\"\" class=\"wp-image-3471\" style=\"border-style:none;border-width:0px;border-radius:16px;width:474px;height:auto\" srcset=\"https:\/\/www.3x3.lv\/wp-content\/uploads\/2025\/10\/Bebrene-Cekulu-gim-1-909x1024.jpeg 909w, https:\/\/www.3x3.lv\/wp-content\/uploads\/2025\/10\/Bebrene-Cekulu-gim-1-266x300.jpeg 266w, https:\/\/www.3x3.lv\/wp-content\/uploads\/2025\/10\/Bebrene-Cekulu-gim-1-768x865.jpeg 768w, https:\/\/www.3x3.lv\/wp-content\/uploads\/2025\/10\/Bebrene-Cekulu-gim-1.jpeg 1280w\" sizes=\"auto, (max-width: 909px) 100vw, 909px\" \/><figcaption class=\"wp-element-caption\"><strong>Martas Ozolas <\/strong>foto<br>Ceku\u013cu \u0123imene \u2013 Ilze un Lauris Cekuli ar b\u0113rniem Ako K\u0101rli, Loti, Loriju un Elzu Herm\u012bni.<\/figcaption><\/figure>\n\n\n\n<p>Pieteikties Bebrenes saietam var\u0113s no 1.febru\u0101ra, bet jau tagad vari s\u0101kt dom\u0101t, ko rakst\u012bt pieteikuma v\u0113stul\u0113 \u2013 k\u0101p\u0113c v\u0113lies piedal\u012bties 3\u00d73. Priek\u0161roka tiks dota pirmreiz\u0113jiem dal\u012bbniekiem un \u0101rzemju latvie\u0161iem, p\u0101r\u0113jie tiks uz\u0146emti rindas k\u0101rt\u012bb\u0101. Raksti: <a href=\"mailto:bebrenes3x3@gmail.com\">bebrenes3x3@gmail.com<\/a>.<\/p>\n\n\n\n<p>Dal\u012bbas maksa Latvijas latvie\u0161iem ir 230 eiro par pieaugu\u0161o, b\u0113rniem no 2 l\u012bdz 6 gadiem puse \u2013 115 eiro (l\u012bdz 2 gadu vecumam bez maksas), kodol\u0123imenei (vec\u0101ki kop\u0101 ar nepilngad\u012bgajiem b\u0113rniem un jaunie\u0161iem l\u012bdz 24 gadu vecumam, kuri m\u0101c\u0101s un dz\u012bvo vec\u0101ku apg\u0101d\u012bb\u0101) \u2013 ne vair\u0101k k\u0101 720 eiro. \u0100rzemju latvie\u0161iem \u2013 320 eiro pieaugu\u0161ajam, b\u0113rniem no 2 l\u012bdz 6 gadiem&nbsp; \u2013 160 eiro (l\u012bdz 2 gadu vecumam bez maksas), kodol\u0123imenei \u2013 ne vair\u0101k k\u0101 800 eiro.<\/p>\n\n\n\n<p>3&#215;3 ir nekomerci\u0101ls saiets, ta\u010du dal\u012bbas maksa da\u017e\u0101m \u0123imen\u0113m var b\u016bt izaicin\u0101jums. Ja \u013coti v\u0113lies piedal\u012bties, bet dal\u012bbas maksa ir par augstu, raksti saieta vad\u012bt\u0101jiem \u2013 mekl\u0113sim iesp\u0113jas, k\u0101 to \u012bstenot. Ja tava roc\u012bba to at\u013cauj un v\u0113lies piepild\u012bt k\u0101das \u0123imenes vasaras sapni, apmaks\u0101jot vi\u0146u dal\u012bbu, l\u016bdzu, dod zi\u0146u saieta vad\u012bt\u0101jiem.&nbsp;<\/p>\n\n\n\n<p><strong>T\u012bna Sidorovi\u010da<\/strong><\/p>\n\n\n\n<p><\/p>\n\n\n\n<p><a href=\"https:\/\/www.3x3.lv\/?page_id=3432\" data-type=\"page\" data-id=\"3432\">\u0160ovasar otrs 3\u00d73 saiets Stren\u010di notiks no 12. l\u012bdz 19. j\u016blijam, un to vad\u012bs Auzi\u0146u \u0123imene.<\/a><\/p>\n","protected":false},"excerpt":{"rendered":"<p>Buklets&nbsp; Ned\u0113\u013cas ritms Ievir\u017eu apraksts Kas es esmu? Vai paz\u012bstu sevi? Vai esmu t\u0101 v\u0113rta un v\u0113rts? K\u0101da ir mana vieta Latvij\u0101, pasaul\u0113, visum\u0101? K\u0101da ir mana latvisk\u0101 da\u013ca? K\u0101da&#8230;<\/p>\n","protected":false},"author":1,"featured_media":0,"parent":4,"menu_order":0,"comment_status":"closed","ping_status":"closed","template":"page-templates\/no-sidebar.php","meta":{"__cvm_playback_settings":[],"__cvm_video_id":"","footnotes":""},"class_list":["post-3417","page","type-page","status-publish","hentry"],"_links":{"self":[{"href":"https:\/\/www.3x3.lv\/index.php?rest_route=\/wp\/v2\/pages\/3417","targetHints":{"allow":["GET"]}}],"collection":[{"href":"https:\/\/www.3x3.lv\/index.php?rest_route=\/wp\/v2\/pages"}],"about":[{"href":"https:\/\/www.3x3.lv\/index.php?rest_route=\/wp\/v2\/types\/page"}],"author":[{"embeddable":true,"href":"https:\/\/www.3x3.lv\/index.php?rest_route=\/wp\/v2\/users\/1"}],"replies":[{"embeddable":true,"href":"https:\/\/www.3x3.lv\/index.php?rest_route=%2Fwp%2Fv2%2Fcomments&post=3417"}],"version-history":[{"count":22,"href":"https:\/\/www.3x3.lv\/index.php?rest_route=\/wp\/v2\/pages\/3417\/revisions"}],"predecessor-version":[{"id":3616,"href":"https:\/\/www.3x3.lv\/index.php?rest_route=\/wp\/v2\/pages\/3417\/revisions\/3616"}],"up":[{"embeddable":true,"href":"https:\/\/www.3x3.lv\/index.php?rest_route=\/wp\/v2\/pages\/4"}],"wp:attachment":[{"href":"https:\/\/www.3x3.lv\/index.php?rest_route=%2Fwp%2Fv2%2Fmedia&parent=3417"}],"curies":[{"name":"wp","href":"https:\/\/api.w.org\/{rel}","templated":true}]}}