{"id":3432,"date":"2025-10-16T03:50:31","date_gmt":"2025-10-16T01:50:31","guid":{"rendered":"https:\/\/www.3x3.lv\/?page_id=3432"},"modified":"2026-03-11T12:11:32","modified_gmt":"2026-03-11T10:11:32","slug":"julija-vidu-3x3-saiets-strencos-pie-gaujas","status":"publish","type":"page","link":"https:\/\/www.3x3.lv\/?page_id=3432","title":{"rendered":"Stren\u010du 3&#215;3 \u2013 no m\u0101cek\u013ciem par meistariem J\u016blija vid\u016b \u2013 3&#215;3 saiets Stren\u010dos pie Gaujas"},"content":{"rendered":"\n<p class=\"has-text-align-right\"><a href=\"https:\/\/www.3x3.lv\/KRATUVE\/Strenci\/Strencu3x3Buklets.pdf\">Buklets<\/a> <\/p>\n\n\n\n<p class=\"has-text-align-right\"><a href=\"https:\/\/www.3x3.lv\/KRATUVE\/Strenci\/Strencu3x3NedelasRitms.pdf\">Ned\u0113\u013cas ritms<\/a><\/p>\n\n\n\n<p class=\"has-text-align-right\"><a href=\"https:\/\/www.3x3.lv\/KRATUVE\/Strenci\/Strencu3x3Ievirzu_apraksti.pdf\">Ievir\u017eu apraksts<\/a><\/p>\n\n\n\n<div class=\"wp-block-group alignwide is-content-justification-center is-nowrap is-layout-flex wp-container-core-group-is-layout-23441af8 wp-block-group-is-layout-flex\">\n<figure class=\"wp-block-image size-large is-resized is-style-default\"><img loading=\"lazy\" decoding=\"async\" width=\"1024\" height=\"839\" src=\"https:\/\/www.3x3.lv\/wp-content\/uploads\/2026\/02\/Strenci_2026Zime-1024x839.png\" alt=\"\" class=\"wp-image-3554\" style=\"width:200px\" srcset=\"https:\/\/www.3x3.lv\/wp-content\/uploads\/2026\/02\/Strenci_2026Zime-1024x839.png 1024w, https:\/\/www.3x3.lv\/wp-content\/uploads\/2026\/02\/Strenci_2026Zime-300x246.png 300w, https:\/\/www.3x3.lv\/wp-content\/uploads\/2026\/02\/Strenci_2026Zime-768x629.png 768w, https:\/\/www.3x3.lv\/wp-content\/uploads\/2026\/02\/Strenci_2026Zime-1536x1259.png 1536w, https:\/\/www.3x3.lv\/wp-content\/uploads\/2026\/02\/Strenci_2026Zime-2048x1678.png 2048w\" sizes=\"auto, (max-width: 1024px) 100vw, 1024px\" \/><\/figure>\n<\/div>\n\n\n\n<p><\/p>\n\n\n\n<p>Celies, celies! Gana gul\u0113t ziemas miegu, s\u0101c dom\u0101t par vasaru! Febru\u0101ris kl\u0101t \u2013 laiks rakst\u012bt pieteikuma v\u0113stuli dal\u012bbai Stren\u010du 3&#215;3 saiet\u0101.<\/p>\n\n\n\n<p>Stren\u010du 3\u00d73 saiets notiks \u0161ovasar no 12. l\u012bdz 19. j\u016blijam. T\u0101 moto ir <strong>amats<\/strong> \u2013 k\u0101 atg\u0101din\u0101jums un pier\u0101d\u012bjums tam, ka ar\u012b straujaj\u0101 un main\u012bgaj\u0101 laikmet\u0101 cilv\u0113ku pie zemes notur prasmes, zin\u0101\u0161anas un sp\u0113ja rad\u012bt ar sav\u0101m rok\u0101m vai pr\u0101tu.<\/p>\n\n\n\n<p><strong>Ned\u0113\u013ca \u2013 darbu un domu pilna<\/strong><\/p>\n\n\n\n<p>Kas t\u0101 b\u016bs par ra\u017eenu ned\u0113\u013cu! Sv\u0113tdien mast\u0101 uzvilksim sarkanbaltsarkano karogu, iegroz\u012bsimies sav\u0101 ned\u0113\u013cas m\u0101jviet\u0101, iepaz\u012bsimies ar Stren\u010diem, un tad \u2013 labr\u012bt, pirmdiena kl\u0101t! Gan lieli, gan mazi uzrot\u012bs piedurknes un asin\u0101s pr\u0101tu, lai no m\u0101cek\u013ciem un ze\u013c\u013ciem izaugtu par krietniem amata prat\u0113jiem. Ned\u0113\u013cas gait\u0101 amata t\u0113ma caurv\u012bs da\u017e\u0101das ievirzes, ko vad\u012bs savas jomas meistari.<\/p>\n\n\n\n<p>R\u012btos pa\u0161i maz\u0101kie kop\u0101 ar mamm\u0101m un t\u0113tiem dosies uz Laimes b\u013codas siltajiem graudiem pie Ineses Gr\u012bnvaldes. Spr\u012bdi gar\u0101kos Mazos amatniekus sav\u0101 pasp\u0101rn\u0113 \u0146ems Laura Sku\u0161\u0137e un Gundega B\u016btn\u0101re, bet Mazos izl\u016bkot\u0101jus \u2013 Anna un Vendija Rozenblatas. Kop\u0101 ar pusauga amatniekiem Oskars Rozenblats kals rotas, K\u0101rlis Tauka\u010ds dosies me\u017e\u0101, Madara Ati\u0137e m\u012bc\u012bs m\u0101lu Keramik\u0101, bet Kl\u0101ra Sidorovi\u010da aicin\u0101s uz Jaunie\u0161u brokast\u012bm.<\/p>\n\n\n\n<figure class=\"wp-block-image alignleft size-full is-resized has-custom-border\"><img loading=\"lazy\" decoding=\"async\" width=\"737\" height=\"913\" src=\"https:\/\/www.3x3.lv\/wp-content\/uploads\/2026\/02\/Vilde_2_raksts.jpg\" alt=\"\" class=\"wp-image-3528\" style=\"border-radius:16px;width:426px;height:auto\" srcset=\"https:\/\/www.3x3.lv\/wp-content\/uploads\/2026\/02\/Vilde_2_raksts.jpg 737w, https:\/\/www.3x3.lv\/wp-content\/uploads\/2026\/02\/Vilde_2_raksts-242x300.jpg 242w\" sizes=\"auto, (max-width: 737px) 100vw, 737px\" \/><\/figure>\n\n\n\n<p>Tikm\u0113r lielajiem r\u012bta c\u0113lien\u0101 b\u016bs savi darbi. Agrita Krievi\u0146a-Sili\u0146a ier\u0101d\u012bs \u0101das apavu \u0161\u016b\u0161anu, Vija un Ieva Liepas cil\u0101s adatas lina krekliem, vam\u017eiem un cepur\u0113m, Inga Gedu\u0161eva celos jostas, bet Uldis Melbergs un Klinta Rauti\u0146a kals rotas. Citiem ce\u013c\u0161 ved\u012bs uz pr\u0101ta ievirz\u0113m \u2013 Aloida Jur\u010denko aicin\u0101s dom\u0101t par savas dzimtas sp\u0113ku, El\u012bna Aps\u012bte sauks uz Runas m\u0101kslu, Armands Sidorovi\u010ds z\u012bm\u0113s un gleznos, Varis Sants ar saviem m\u0101cek\u013ciem fotograf\u0113s, Eva Kr\u016bmi\u0146a virpu\u013cos laikmet\u012bgaj\u0101 dej\u0101, bet K\u0101rlis Rokpelnis aicin\u0101s uz sarun\u0101m par diasporu \u2013 t\u0101 b\u016bs struktur\u0113ta saruna par da\u017e\u0101d\u0101m latvie\u0161u klaida kopien\u0101m un migr\u0101cijas periodiem.<\/p>\n\n\n\n<p>Un tad \u2013 jau kl\u0101t p\u0113cpusdienas ievirzes. Kam noguruma par daudz, var\u0113s doties uz \u010cu\u010dumui\u017eu \u2013 kas gu\u013c, tas negr\u0113ko. Tikm\u0113r Mazie izl\u016bkot\u0101ji p\u0113cpusdien\u0101 darbosies kop\u0101 ar Malti \u0160uti un D\u0101rtu Auzi\u0146u, L\u012bga Reitere aicin\u0101s Za\u013c\u0101 dab\u0101, Juris \u017dilko ar \u0123imeni \u2013 T\u016brism\u0101, bet Oskars L\u0101cis \u2013 uz Jaunie\u0161u klubu.<\/p>\n\n\n\n<p>Lielajiem atkal savi ce\u013ci ejami: uz Improvi\u0101cijas te\u0101tri pie Kirmu\u0161ku \u0123imenes vai Latvisko virtuvi pie Ievas Ku\u0161\u0137es un Ulvijas Br\u012bvlaukas. Tatjana \u0160\u0137ubure tikm\u0113r sauks uz Mezglo\u0161anu. \u0160\u0101da ievirze Latvijas 3&#215;3 saiet\u0101 b\u016bs pirmoreiz: m\u0101c\u012bsimies pamatmezglus un mezglosim pirmos darbus, bet tie, kas savulaik mezgloju\u0161i un nu zin\u0101\u0161anas atsvaidzin\u0101s, tiks pie skaist\u0101m un praktisk\u0101m liet\u0101m m\u0101jas interjeram, d\u0101rzam un d\u0101van\u0101m.<\/p>\n\n\n\n<p>Tikm\u0113r Inese Kr\u016bmi\u0146a gaid\u012bs Pirts m\u0101c\u012bb\u0101, bet Andris Toma\u0161\u016bns un M\u0101rti\u0146\u0161 Gaigals dosies ciemos Pie saimniekiem. \u0122ime\u0146u semin\u0101ru vad\u012bs M\u0101ra Tupese, L\u012bga Ruperte un Dora Rimkus, J\u0101nis Atis Kr\u016bmi\u0146\u0161 aicin\u0101s uz V\u012bru sp\u0113ku, bet M\u0101rti\u0146\u0161 Liepa atg\u0101din\u0101s par digit\u0101lo prat\u012bbu.<\/p>\n\n\n\n<p>Kam\u0113r vieni pie Laura Cekula m\u0101c\u012bsies alus dar\u012b\u0161anu, citi pos\u012bsies degust\u0113\u0161anai \u2013 J\u0101nis Granti\u0146\u0161 ier\u0101d\u012bs, k\u0101 gatavot alus kausu. Paklausies tik: tev b\u016bs \u012bsts ozolkoka alus kauss vai sulas kr\u016bze ar ner\u016bs\u0113jo\u0161\u0101 t\u0113rauda oderi. Te var\u0113s l\u012bdzi \u0146emt ar\u012b b\u0113rnus, lai pagatavotu k\u0101du rota\u013clietu.<\/p>\n\n\n\n<p>Pievakares ievirz\u0113s lieli un mazi satiksies. Bruno Silva m\u0101c\u012bs sporta sp\u0113les, K\u0101rlis un Alberts Rokpe\u013c\u0146i ier\u0101d\u012bs zoli tiem, kam p\u0101ri 13. Katr\u012bna un Rota Liepas sauks uz dan\u010diem \u0123imen\u0113m, Ilze Riceva skandin\u0101s gongus, Ausma Spalvi\u0146a darin\u0101s puzurus, Inga Kalvi\u0146a gaid\u012bs punkto\u0161an\u0101, bet Ilze un Elza Herm\u012bne Cekules apvienos hennu un gar\u0161vielas. Savuk\u0101rt Apv\u0101rsn\u012b ik dienu ar aizraujo\u0161iem st\u0101stiem b\u016bs cits run\u0101t\u0101js.<\/p>\n\n\n\n<p>Un ar\u012b tas v\u0113l neb\u016bs viss, jo brauksim ekskursij\u0101s, sadancosimies dan\u010dos, tiksimies ar vakara viesiem, pulc\u0113simies koncertos un citos pas\u0101kumos un, protams, draudz\u0113simies un trieksim jokus n\u012bk\u0161an\u0101.<\/p>\n\n\n\n<p><strong>Dz\u012bvosim k\u0101 liel\u0101 saim\u0113<\/strong><\/p>\n\n\n\n<p>Stren\u010du saiet\u0101 iecer\u0113ts pulc\u0113t ap 300 dal\u012bbnieku, un tas \u013caus saglab\u0101t \u012bpa\u0161i sirsn\u012bgu un \u0123imenisku noska\u0146u. Stren\u010dos saietu gaida ar siltu sirdi un atv\u0113rt\u0101m rok\u0101m \u2013 tas top cie\u0161\u0101 sadarb\u012bb\u0101 ar Valmieras novada domi.<\/p>\n\n\n\n<p>3\u00d73 saieta dal\u012bbniekus Stren\u010dos k\u0101 sav\u0113jos uz\u0146ems Auzi\u0146u \u0123imene no Siguldas \u2013 Baiba un Rolands kop\u0101 ar meit\u0101m Madaru, D\u0101rtu un El\u012bzu. Auzi\u0146i 3\u00d73 kust\u012bb\u0101 ir jau vair\u0101k nek\u0101 divdesmit gadus, un \u0161aj\u0101 laik\u0101 pieredz\u0113ju\u0161i to visda\u017e\u0101d\u0101kaj\u0101s lom\u0101s. Vi\u0146u l\u012bdz\u0161in\u0113j\u0101 pieredz\u0113 ir ar\u012b \u0123imenes vad\u012btais saiets M\u0101lpil\u012b 2022. gad\u0101.<\/p>\n\n\n\n<p>Auzi\u0146u \u0123imenei darba grup\u0101 jau krietni pirms saieta pal\u012bdz un pal\u012bdz\u0113s Stren\u010du pamatskolas direktore Dace Gaigala, kas no sirds iedegusies par 3\u00d73 saietu, k\u0101 ar\u012b Treima\u0146u, Zv\u012bgu\u013cu, Malzubru un Preisu \u0123imenes.<\/p>\n\n\n\n<p>Saieta ikdiena norisin\u0101sies Stren\u010du pamatskol\u0101, m\u016bzikas skol\u0101 un kult\u016bras nam\u0101, t\u0101p\u0113c var\u0113s izstaig\u0101t skaisto pils\u0113tu ar bag\u0101tu me\u017er\u016bpniec\u012bbas un plostniec\u012bbas v\u0113sturi, kas tai devusi Gaujas plostnieku galvaspils\u0113tas v\u0101rdu.<\/p>\n\n\n\n<p><strong>Laiks pieteikuma v\u0113stulei!<\/strong><\/p>\n\n\n\n<p>Un nu s\u0113dies pie baltas lapas un raksti pieteikuma v\u0113stuli. kur\u0101 iepaz\u012bstini ar sevi, un, ja brauc ar k\u0101du kop\u0101, iepaz\u012bstinot ar saviem l\u012bdzbrauc\u0113jiem, nor\u0101dot visu v\u0101rdus, uzv\u0101rdus un vecumu saieta laik\u0101, vai k\u0101dreiz jau ir b\u016bts vai n\u0113. V\u0113stul\u0113 \u012bsi past\u0101sti, k\u0101p\u0113c gribat piedal\u012bties 3\u00d73 saiet\u0101 Stren\u010dos, k\u0101 ar\u012b padalies p\u0101rdom\u0101s par Stren\u010du saieta vadmot\u012bvu \u2013 amats. Priek\u0161roka b\u016bs tiem, kuri 3\u00d73 gaisotni l\u012bdz \u0161im v\u0113l nav piedz\u012bvoju\u0161i, k\u0101 ar\u012b \u0101rzem\u0113s dz\u012bvojo\u0161ajiem latvie\u0161iem. P\u0101r\u0113jiem \u2013 rindas k\u0101rt\u012bb\u0101. Savu pieteikuma v\u0113stuli s\u016bti uz strenci3x3@gmail.com l\u012bdz 30. apr\u012blim. Atbildes par dal\u012bbu tiks sniegtas <strong>l\u012bdz 15. maijam<\/strong>.<\/p>\n\n\n\n<p><strong>Dal\u012bbas maksa<\/strong><\/p>\n\n\n\n<p>Latvijas latvie\u0161iem dal\u012bbas maksa ir 230 eiro, b\u0113rniem no 2 l\u012bdz 6 gadu vecumam \u2013 115 eiro, b\u0113rniem l\u012bdz 2 gadu vecumam dal\u012bba ir bez maksas. Kodol\u0123imenei \u2013 vec\u0101kiem kop\u0101 ar nepilngad\u012bgajiem b\u0113rniem un jaunie\u0161iem l\u012bdz 24 gadu vecumam, kuri m\u0101c\u0101s un dz\u012bvo vec\u0101ku apg\u0101d\u012bb\u0101, \u2013 dal\u012bbas maksa nep\u0101rsniedz 720 eiro.<\/p>\n\n\n\n<p>\u0100rzemju latvie\u0161iem dal\u012bbas maksa ir 320 eiro, b\u0113rniem no 2 l\u012bdz 6 gadu vecumam \u2013 160 eiro (l\u012bdz 2 gadu vecumam bez maksas), savuk\u0101rt kodol\u0123imenei \u2013 ne vair\u0101k k\u0101 800 eiro.<\/p>\n\n\n\n<p>Viet\u0113jie interesenti no Valmieras novada, kas pa\u0161i var sev nodro\u0161in\u0101t nak\u0161\u0146o\u0161anu un \u0113din\u0101\u0161anu, saiet\u0101 par simbolisku maksu (izsludin\u0101sim \u012bsi pirms saieta) aicin\u0101ti pieteikties ievirz\u0113m un vakara pas\u0101kumiem. To var dar\u012bt, laikus rakstot e-past\u0101:&nbsp; strenci3x3@gmail.com vai ar\u012b piesakoties kl\u0101tien\u0113 (ja v\u0113l b\u016bs vietas) saieta pirmaj\u0101 dien\u0101, 12. j\u016blij\u0101.&nbsp;<\/p>\n\n\n\n<p>Atg\u0101din\u0101m, ka saieta laik\u0101 par nepilngad\u012bgajiem saieta dal\u012bbniekiem atbild to vec\u0101ki vai aizbild\u0146i, un par to b\u016bs j\u0101paraksta dokuments gan dal\u012bbniekiem no citurienes, gan viet\u0113jiem dal\u012bbniekiem. Tikl\u012bdz ievirze ir beigusies, vec\u0101kiem ir j\u0101ierodas b\u0113rnam paka\u013c. Nepilngad\u012bgie jaunie\u0161i saiet\u0101 var pieteikties tikai tad, ja brauc kop\u0101 ar k\u0101du pilngad\u012bgu personu.&nbsp;<\/p>\n\n\n\n<p>Otrais 3&#215;3 saiets Latvij\u0101 \u0161ovasar notiks Bebren\u0113 no 28. j\u016bnija l\u012bdz 5. j\u016blijam.<\/p>\n\n\n\n<p>3\u00d73 ir nekomerci\u0101ls saiets, tom\u0113r dal\u012bbas maksa da\u017e\u0101m \u0123imen\u0113m var b\u016bt nopietns izaicin\u0101jums. Ja \u013coti v\u0113lies piedal\u012bties, bet finansi\u0101lie apst\u0101k\u013ci to apgr\u016btina, sazinies ar saieta vad\u012bt\u0101jiem \u2013 kop\u012bgi mekl\u0113sim risin\u0101jumu. Savuk\u0101rt, ja roc\u012bba \u013cauj piepild\u012bt k\u0101das \u0123imenes vasaras sapni, apmaks\u0101jot vi\u0146u dal\u012bbu saiet\u0101, ar\u012b aicin\u0101m dot zi\u0146u saieta r\u012bkot\u0101jiem.<\/p>\n\n\n\n<p>Baiba un Rolands<\/p>\n\n\n\n<p>Sazi\u0146ai raksti: <a href=\"mailto:strenci3x3@gmail.com\">strenci3x3@gmail.com<\/a><\/p>\n\n\n\n<p>Seko: 3\u00d73.lv, FB 3x3_Latvija; IG 3x3_saieti<\/p>\n\n\n\n<div style=\"height:74px\" aria-hidden=\"true\" class=\"wp-block-spacer\"><\/div>\n\n\n\n<hr class=\"wp-block-separator has-alpha-channel-opacity\"\/>\n\n\n\n<h2 class=\"wp-block-heading\">Stren\u010du 3&#215;3 \u2013 no m\u0101cek\u013ciem par meistariem J\u016blija vid\u016b \u2013 3&#215;3 saiets Stren\u010dos pie Gaujas<\/h2>\n\n\n\n<p>2025.gada raksts<\/p>\n\n\n\n<p>Vienu n\u0101kam\u0101s vasaras ned\u0113\u013cu jau tagad iekr\u0101so latviskos to\u0146os \u2013 no 12. l\u012bdz 19. j\u016blijam Tu b\u016bsi 3&#215;3 saiet\u0101 Stren\u010dos, Gaujas plostnieku galvaspils\u0113t\u0101.<\/p>\n\n\n\n<p>3&#215;3 saimi Stren\u010dos k\u0101 sav\u0101s m\u0101j\u0101s uz\u0146ems Auzi\u0146i no Siguldas \u2013 Baiba, Rolands un vi\u0146u tr\u012bs meitas: Madara, D\u0101rta un El\u012bza. Auzi\u0146i 3&#215;3 kust\u012bb\u0101 iz\u0113du\u0161i pudu s\u0101ls \u2013 taj\u0101 vi\u0146i darbojas jau vair\u0101k nek\u0101 20 gadus. Vi\u0146u p\u016br\u0101 ir vad\u012btais saiets M\u0101lpil\u012b 2022. gad\u0101. \u201cRolanda vec\u0101ki ir no M\u0101lpils, savuk\u0101rt Stren\u010di ir mana pils\u0113ta,\u201d saka Baiba. \u201cEsmu Stren\u010dos dzimusi un uzaugusi, t\u0101p\u0113c ceru, ka te pat sienas pal\u012bdz\u0113s. 3&#215;3 saietu gaidu ar patiesu v\u0113lmi visus satikt sav\u0101 dzimtaj\u0101 pils\u0113t\u0101 un pavad\u012bt ned\u0113\u013cu tik pilnv\u0113rt\u012bgi, lai t\u0101 ilgi paliek pr\u0101t\u0101. Mani vec\u0101ki Dace un Uldis Pried\u012b\u0161i joproj\u0101m dz\u012bvo Stren\u010dos un noteikti atn\u0101ks ar\u012b uz saietu. Savuk\u0101rt Stren\u010du skolas direktore Dace Gaigala, kas no sirds iedegusies par 3&#215;3 un pal\u012bdz saieta tap\u0161an\u0101, ir mana klasesbiedrene. M\u016bs jau tagad \u013coti gaida Stren\u010dos \u2013 saiets top sadarb\u012bb\u0101 ar Valmieras novada domi.\u201d<\/p>\n\n\n\n<figure class=\"wp-block-image aligncenter size-large has-custom-border\"><img loading=\"lazy\" decoding=\"async\" width=\"1024\" height=\"683\" src=\"https:\/\/www.3x3.lv\/wp-content\/uploads\/2025\/10\/Strenci-AUzinu-gimene--1024x683.jpg\" alt=\"\" class=\"wp-image-3464\" style=\"border-width:1px;border-radius:18px\" srcset=\"https:\/\/www.3x3.lv\/wp-content\/uploads\/2025\/10\/Strenci-AUzinu-gimene--1024x683.jpg 1024w, https:\/\/www.3x3.lv\/wp-content\/uploads\/2025\/10\/Strenci-AUzinu-gimene--300x200.jpg 300w, https:\/\/www.3x3.lv\/wp-content\/uploads\/2025\/10\/Strenci-AUzinu-gimene--768x512.jpg 768w, https:\/\/www.3x3.lv\/wp-content\/uploads\/2025\/10\/Strenci-AUzinu-gimene-.jpg 1200w\" sizes=\"auto, (max-width: 1024px) 100vw, 1024px\" \/><figcaption class=\"wp-element-caption\"><strong>Krist\u012bnes Valdmanes-Makrekovas <\/strong>foto<br>Auzi\u0146u \u0123imene \u2013&nbsp;Baiba, Rolands un vi\u0146u tr\u012bs meitas: Madara, D\u0101rta un El\u012bza.<\/figcaption><\/figure>\n\n\n\n<p>Stren\u010du 3&#215;3 saieta t\u0113ma b\u016bs amats, apliecinot, ka tik skrejo\u0161aj\u0101 laikmet\u0101 stingri pie zemes joproj\u0101m notur tas, ko proti un vari izdar\u012bt ar sav\u0101m rok\u0101m vai pr\u0101tu. Ned\u0113\u013cas garum\u0101 ap amatu groz\u012bsies daudzas roku ievirzes \u2013 taps \u0101das apavi un koka alus kausi, zib\u0113s adatas vam\u017eu darin\u0101\u0161an\u0101, skan\u0113s \u0101muri kokapstr\u0101d\u0113 un rotkal\u0161an\u0101, \u0146irb\u0113s pirksti mezglo\u0161an\u0101, un kaut kas saldi smar\u017eos no virtuves, kam\u0113r turpat net\u0101lu dzied\u0101s un dancos.&nbsp;<\/p>\n\n\n\n<p>Ar\u012b pr\u0101ta ievirz\u0113s gan ierastais, gan jaunais \u2013 \u0123ime\u0146u semin\u0101rs, politika, ciemo\u0161an\u0101s pie saimniekiem un sarunas par diasporu. Visu, kas pl\u0101nots Stren\u010du 3&#215;3 saiet\u0101, v\u0113l p\u0101ragri atkl\u0101t, ta\u010du dar\u0101m\u0101 pietiks gan lieliem, gan maziem, un b\u016bs ar\u012b nebiju\u0161i p\u0101rsteigumi.<\/p>\n\n\n\n<p>Stren\u010du saiet\u0101 pl\u0101noti apm\u0113ram 300 dal\u012bbnieki \u2013 t\u0101da lieluma nometn\u0113s vienm\u0113r j\u016btama sirsn\u012bga, \u0123imeniska noska\u0146a. Darba grup\u0101 Auzi\u0146iem pal\u012bdz\u0113s Treima\u0146u, Zv\u012bgu\u013cu, Malzubru un Preisu \u0123imenes. Saiets dz\u012bvosies gan skol\u0101, gan m\u016bzikas skol\u0101 un kult\u016bras nam\u0101 \u2013 b\u016bs mazliet j\u0101pastaig\u0101. Stren\u010du pils\u0113ta ir \u013coti skaista: izaugusi no me\u017er\u016bpniec\u012bbas un plostniec\u012bbas, t\u0101p\u0113c taut\u0101 iesaukta par Gaujas plostnieku galvaspils\u0113tu.&nbsp;<\/p>\n\n\n\n<p><\/p>\n\n\n\n<figure class=\"wp-block-image aligncenter size-full has-custom-border is-style-rounded\" style=\"margin-top:0;margin-right:var(--wp--preset--spacing--30);margin-bottom:0;margin-left:var(--wp--preset--spacing--30)\"><img loading=\"lazy\" decoding=\"async\" width=\"1210\" height=\"907\" src=\"https:\/\/www.3x3.lv\/wp-content\/uploads\/2025\/10\/IMG_71121.jpg\" alt=\"\" class=\"wp-image-3480\" style=\"border-width:1px;border-radius:16px\" srcset=\"https:\/\/www.3x3.lv\/wp-content\/uploads\/2025\/10\/IMG_71121.jpg 1210w, https:\/\/www.3x3.lv\/wp-content\/uploads\/2025\/10\/IMG_71121-300x225.jpg 300w, https:\/\/www.3x3.lv\/wp-content\/uploads\/2025\/10\/IMG_71121-1024x768.jpg 1024w, https:\/\/www.3x3.lv\/wp-content\/uploads\/2025\/10\/IMG_71121-768x576.jpg 768w\" sizes=\"auto, (max-width: 1210px) 100vw, 1210px\" \/><figcaption class=\"wp-element-caption\"><strong>Marta Ka\u0123e<\/strong> foto<br>Stren\u010du pamatskola.<\/figcaption><\/figure>\n\n\n\n<p>Pieteikties Stren\u010du saietam var\u0113s no 1.febru\u0101ra, bet jau tagad vari s\u0101kt dom\u0101t, ko rakst\u012bt pieteikuma v\u0113stul\u0113 \u2013 k\u0101p\u0113c v\u0113lies piedal\u012bties 3&#215;3. Priek\u0161roka tiks dota pirmreiz\u0113jiem dal\u012bbniekiem un \u0101rzemju latvie\u0161iem, p\u0101r\u0113jie tiks uz\u0146emti rindas k\u0101rt\u012bb\u0101.<\/p>\n\n\n\n<p>Dal\u012bbas maksa Latvijas latvie\u0161iem ir 230 eiro par pieaugu\u0161o, b\u0113rniem no 2 l\u012bdz 6 gadiem puse \u2014 115 eiro (l\u012bdz 2 gadu vecumam bez maksas), kodol\u0123imenei (vec\u0101ki kop\u0101 ar nepilngad\u012bgajiem b\u0113rniem un jaunie\u0161iem l\u012bdz 24 gadu vecumam, kuri m\u0101c\u0101s un dz\u012bvo vec\u0101ku apg\u0101d\u012bb\u0101) \u2014 ne vair\u0101k k\u0101 720 eiro. \u0100rzemju latvie\u0161iem \u2014 320 eiro pieaugu\u0161ajam, b\u0113rniem no 2 l\u012bdz 6 gadiem puse \u2014 160 eiro (l\u012bdz 2 gadu vecumam bez maksas), kodol\u0123imenei \u2014 ne vair\u0101k k\u0101 800 eiro.&nbsp;<\/p>\n\n\n\n<p>3&#215;3 ir nekomerci\u0101ls saiets, ta\u010du dal\u012bbas maksa da\u017e\u0101m \u0123imen\u0113m var b\u016bt izaicin\u0101jums. Ja \u013coti v\u0113lies piedal\u012bties, bet dal\u012bbas maksa ir par augstu, raksti saieta vad\u012bt\u0101jiem \u2014 mekl\u0113sim iesp\u0113jas, k\u0101 to \u012bstenot. Ja tava roc\u012bba to at\u013cauj un v\u0113lies piepild\u012bt k\u0101das \u0123imenes vasaras sapni, apmaks\u0101jot vi\u0146u dal\u012bbu, ar\u012b dod zi\u0146u saieta vad\u012bt\u0101jiem.<\/p>\n\n\n\n<p>Viet\u0113jie Stren\u010du \u013caudis, kas pa\u0161i var sev nodro\u0161in\u0101t nak\u0161\u0146o\u0161anu un \u0113din\u0101\u0161anu, saiet\u0101 par simbolisku maksu var\u0113s pieteikties ievirz\u0113m un vakara pas\u0101kumiem. To var\u0113s dar\u012bt, laikus rakstot e-past\u0101 <a href=\"mailto:strenci3x3@gmail.com\">strenci3x3@gmail.com<\/a>.&nbsp;<\/p>\n\n\n\n<p><\/p>\n\n\n\n<p><strong>Lolita L\u016bse<\/strong><\/p>\n\n\n\n<p><\/p>\n\n\n\n<p><a href=\"https:\/\/www.3x3.lv\/?page_id=3417\" data-type=\"page\" data-id=\"3417\">Otrs 3&#215;3 saiets 2026. gad\u0101 notiks Bebren\u0113 no 28. j\u016bnija l\u012bdz 5. j\u016blijam, to vad\u012bs Cekulu \u0123imene.<\/a><\/p>\n\n\n\n<p><\/p>\n","protected":false},"excerpt":{"rendered":"<p>Buklets Ned\u0113\u013cas ritms Ievir\u017eu apraksts Celies, celies! Gana gul\u0113t ziemas miegu, s\u0101c dom\u0101t par vasaru! Febru\u0101ris kl\u0101t \u2013 laiks rakst\u012bt pieteikuma v\u0113stuli dal\u012bbai Stren\u010du 3&#215;3 saiet\u0101. Stren\u010du 3\u00d73 saiets notiks&#8230;<\/p>\n","protected":false},"author":1,"featured_media":0,"parent":4,"menu_order":0,"comment_status":"closed","ping_status":"closed","template":"","meta":{"__cvm_playback_settings":[],"__cvm_video_id":"","footnotes":""},"class_list":["post-3432","page","type-page","status-publish","hentry"],"_links":{"self":[{"href":"https:\/\/www.3x3.lv\/index.php?rest_route=\/wp\/v2\/pages\/3432","targetHints":{"allow":["GET"]}}],"collection":[{"href":"https:\/\/www.3x3.lv\/index.php?rest_route=\/wp\/v2\/pages"}],"about":[{"href":"https:\/\/www.3x3.lv\/index.php?rest_route=\/wp\/v2\/types\/page"}],"author":[{"embeddable":true,"href":"https:\/\/www.3x3.lv\/index.php?rest_route=\/wp\/v2\/users\/1"}],"replies":[{"embeddable":true,"href":"https:\/\/www.3x3.lv\/index.php?rest_route=%2Fwp%2Fv2%2Fcomments&post=3432"}],"version-history":[{"count":23,"href":"https:\/\/www.3x3.lv\/index.php?rest_route=\/wp\/v2\/pages\/3432\/revisions"}],"predecessor-version":[{"id":3619,"href":"https:\/\/www.3x3.lv\/index.php?rest_route=\/wp\/v2\/pages\/3432\/revisions\/3619"}],"up":[{"embeddable":true,"href":"https:\/\/www.3x3.lv\/index.php?rest_route=\/wp\/v2\/pages\/4"}],"wp:attachment":[{"href":"https:\/\/www.3x3.lv\/index.php?rest_route=%2Fwp%2Fv2%2Fmedia&parent=3432"}],"curies":[{"name":"wp","href":"https:\/\/api.w.org\/{rel}","templated":true}]}}