{"id":3621,"date":"2026-03-26T09:14:02","date_gmt":"2026-03-26T07:14:02","guid":{"rendered":"https:\/\/www.3x3.lv\/?page_id=3621"},"modified":"2026-03-26T09:14:02","modified_gmt":"2026-03-26T07:14:02","slug":"garezera-2026","status":"publish","type":"page","link":"https:\/\/www.3x3.lv\/?page_id=3621","title":{"rendered":"Garezera\u00a02026"},"content":{"rendered":"\n<p><\/p>\n\n\n\n<p>45 gadi! Cilv\u0113ka m\u016b\u017e\u0101 tie ir ra\u017e\u012bg\u0101kie gadi, cilv\u0113ks nobriedis, pieaudzis. M\u016b\u017ea vidus, \u0123imene nodibin\u0101ta, bet v\u0113l daudz gadu priek\u0161\u0101. T\u0101pat ar 3&#215;3\u2013sasniegti 45 gadi, 3&#215;3 \u0123imene \u013coti kupla, b\u0113rni izkl\u012bdu\u0161i pa visu pasauli. Bet 3&#215;3 \u0161\u016bpulis tika k\u0101rts \u0161eit, Garezer\u0101 1981. gad\u0101.<\/p>\n\n\n\n<figure class=\"wp-block-image alignwide size-full\"><img loading=\"lazy\" decoding=\"async\" width=\"640\" height=\"427\" src=\"https:\/\/www.3x3.lv\/wp-content\/uploads\/2026\/03\/3x3_2025Garezers.jpeg\" alt=\"\" class=\"wp-image-3623\" srcset=\"https:\/\/www.3x3.lv\/wp-content\/uploads\/2026\/03\/3x3_2025Garezers.jpeg 640w, https:\/\/www.3x3.lv\/wp-content\/uploads\/2026\/03\/3x3_2025Garezers-300x200.jpeg 300w\" sizes=\"auto, (max-width: 640px) 100vw, 640px\" \/><\/figure>\n\n\n\n<p>&nbsp;L\u012bga Ruperte st\u0101sta: \u201cGlu\u017ei net\u012b\u0161\u0101m tiku iev\u0113l\u0113ta par ALA Kult\u016bras biroja vad\u012bt\u0101ju un man nebija nek\u0101das pieredzes, nezin\u0101ju kas \u0161aj\u0101 amat\u0101 b\u016btu j\u0101dara. Rotkalis Juris K\u013cavi\u0146\u0161 ierosin\u0101ja organiz\u0113t dai\u013camatnieku kursus.To ar\u012b izdar\u012bju, un tie notika Garezer\u0101 1978. un 1979. gad\u0101. Kursu dal\u012bbnieki ieteica r\u012bkot kaut ko, kur var\u0113tu piedal\u012bties ar\u012b vi\u0146u \u0123imenes locek\u013ci, un t\u0101, 1980. Gad\u0101 organiz\u0113ju Latvisk\u0101s kult\u016bras ned\u0113\u013cu, kur bez dai\u013camatniec\u012bbas bija ar\u012b \u201cgalvas\u201d ievirzes un nodarb\u012bbas b\u0113rniem. Paral\u0113li veicu p\u0113t\u012bjumu par to, kas piesaista un kas atstumj tautie\u0161us no latvie\u0161u sabiedriskiem pas\u0101kumiem. K\u0101 man, t\u0101 tiem kurus interv\u0113ju p\u0113t\u012bjumu veicot nebija \u0161aubu par sevi k\u0101 latvie\u0161iem, par savu latvisko identit\u0101ti, bet k\u0101dreiz saj\u016bta bija, ka ir pilnib\u0101 j\u0101iek\u013cauj\u0101s toreiz domin\u0113jo\u0161\u0101s sabiedr\u012bbas priek\u0161tatos par to k\u0101ds ir \u012bsts latvietis. Sabiedr\u012bba toreiz bija stipri konservat\u012bva, attur\u0113j\u0101s izm\u0113\u0123in\u0101t kautko jaunu un nebiju\u0161u, skeptiska sastopot cit\u0101di dom\u0101jo\u0161us, j\u016btami bija tolerances tr\u016bkums k\u0101 ar\u012b&nbsp; nebija v\u0113lmes papla\u0161in\u0101t latvie\u0161u sabiedr\u012bbu prasot \u201cko jums noz\u012bm\u0113 latviet\u012bba, ko j\u016bs grib\u0113tu dar\u012bt latvie\u0161u sabiedr\u012bb\u0101?\u201d. T\u0101p\u0113c s\u0101kuma gados Garezera 3&#215;3 \u0123ime\u0146u semin\u0101ri bija&nbsp; p\u0101rrunas par latvisko identit\u0101ti &#8211; ko katram tas noz\u012bm\u0113, k\u0101p\u0113c to izj\u016bt\u2026 Visi augstu v\u0113rt\u0113ja latvisko kult\u016bru un atzina, ka p\u0101r\u0101k maz zin par tradicij\u0101m, folkloru, literat\u016bru, m\u0101kslu, v\u0113l\u0101s uzzin\u0101t vair\u0101k\u2026&nbsp; \u012asum\u0101 laikam bija t\u0101, ka m\u0113s grib\u0113j\u0101m b\u016bt ar latvie\u0161iem, papla\u0161in\u0101t latvisk\u0101s zin\u0101\u0161anas un m\u0101kas, justies br\u012bvi b\u016bt t\u0101di k\u0101 esam bez nosac\u012bjumiem k\u0101dam ir j\u0101b\u016bt \u201c\u012bstam latvietim\u201d.&nbsp; M\u0113s grib\u0113j\u0101m justies atz\u012bti un pie\u0146emti k\u0101 labi latvie\u0161i&nbsp; ar\u012b neatbilstot t\u0101 laika latvie\u0161u sabiedr\u012bbas pras\u012bb\u0101m un noteikumiem. P\u0113t\u012bjuma rezult\u0101ti bija \u013coti l\u012bdz\u012bgi man\u0101m j\u016bt\u0101m, un tie man pal\u012bdz\u0113ja uzst\u0101d\u012bt 3&#215;3 m\u0113r\u0137us un justies, ka b\u016bsim sav\u0113jie. T\u0101, 1981. gad\u0101 notika pirmais 3&#215;3. Mums ar v\u012bru Arnoldu bailes bija lielas\u2013k\u0101 b\u016bs? Vai cilv\u0113ki pieteiksies un vai vi\u0146iem patiks? Pieteic\u0101s un patika!\u201d<\/p>\n\n\n\n<p>3&#215;3 ir nometne latvie\u0161iem da\u017e\u0101dos vecumos, kas velt\u012bta<\/p>\n\n\n\n<p>-latvisko zin\u0101\u0161anu papla\u0161in\u0101\u0161anai<\/p>\n\n\n\n<p>-latvisko gime\u0146u stiprin\u0101\u0161anai<\/p>\n\n\n\n<p>-latvisk\u0101s kop\u012bbas veicin\u0101\u0161anai<\/p>\n\n\n\n<p>-latvisko draudz\u012bbu sekm\u0113\u0161anai<\/p>\n\n\n\n<p>M\u0113s, \u0161\u012b gada 3&#215;3 Ga\u0157ezer\u0101 nometnes vad\u012bt\u0101jas, Maija Zaeska, Daiga R\u016bti\u0146a, un M\u0101ra Linde esam pagodin\u0101tas turpin\u0101t visu iepriek\u0161\u0113jo nomet\u0146u vad\u012bt\u0101ju darbu. Tie ir:&nbsp; L\u012bga un Arnolds Ruperti, Sandra Kron\u012bte-S\u012bpola, Anita Medne, Ieva Johnson, Amanda J\u0101tniece, Rita \u0160ulca, Ilze K\u013cavi\u0146a, Larisa Ka\u013ci\u0146a. Maija Zaeska \u0161ogad nometni vad\u012bja divdesmitpirmo gadu p\u0113c k\u0101rtas. Bet nometnes dal\u012bbniece Vizma Ka\u013ci\u0146a nometnes laik\u0101 nosvin\u0113ja savu 21. dzim\u0161anas dienu. Sak\u0101m lielu paldies visiem iepriek\u0161\u0113jo nomet\u0146u vad\u012bt\u0101jiem, ievir\u017eu vad\u012bt\u0101jiem, un ilggad\u012bgajiem nometnes dal\u012bbniekiem. Vienm\u0113r ir pat\u012bkami par atkalredz\u0113\u0161anos ar jau paz\u012bstamiem nomet\u0146ot\u0101jiem, un prieks satikt jaunus dal\u012bbniekus.&nbsp; K\u0101 vienm\u0113r, uz nometni ir aicin\u0101ti visi, vai pa vienam, vai ar \u0123imeni, vai draugiem, vai radiem, lai kop\u0101 skaitaj\u0101 Ga\u0157ezer\u0101 baud\u012btu ned\u0113\u013cu latvisk\u0101 vid\u0113, gan m\u0101coties apg\u016bt ko jaunu, gan atp\u016bsties.<\/p>\n\n\n\n<p>\u0160ovasar nometn\u0113 piedal\u012bj\u0101s 100 dal\u012bbnieku. B\u0113rni apmekl\u0113ja vecumam piem\u0113rotas nodarb\u012bbas un \u012bpa\u0161i pusaud\u017eiem bij\u0101m izveidoju\u0161i atsevi\u0161\u0137u grupu, kur\u0101 m\u0101c\u012bj\u0101mies dz\u012bv\u0113 noder\u012bgas iema\u0146as.Pirmie r\u012btos c\u0113l\u0101s vingrot\u0101ji V\u0113ja kaln\u0101. Politikas ievirzi vad\u012bja M\u0101ra S\u012bmane, v\u0113stures Viesturs Zari\u0146\u0161. Valda Muktup\u0101vela folkloras ievirze notika Zoom, dodot iesp\u0113ju piesl\u0113gties 3x3niekiem, kuri k\u0101du iemeslu p\u0113c nevar\u0113ja ierasties kl\u0101tien\u0113. Rotkal\u0161ana,k\u016bpin\u0101\u0161ana, rokdarbi, latvisk\u0101 virtuve, keramika, vitr\u0101\u017ea, m\u0101ksla &#8211; ierast\u0101s ievirzes, bet tie pa\u0161i un jauni vad\u012bt\u0101ji, dal\u012bbnieki un projekti. Vakara programm\u0101s iepazin\u0101m viens otru gudr\u012b\u0161u sp\u0113l\u0113, pr\u0101toj\u0101m, k\u0101ds b\u016bs 3&#215;3 Garezer\u0101 p\u0113c 10 gadiem, m\u0101c\u012bj\u0101mies par alu, jaun\u0101kie nometnes dal\u012bbnieki \u0161\u0137\u0113r\u0161\u013cu g\u0101jien\u0101 v\u0101ca sast\u0101vda\u013cas z\u0101l\u0113m, ciemoj\u0101mies V\u0113stures muzeja vainagu izst\u0101d\u0113 un piedal\u012bj\u0101mies ugunskura vakar\u0101. Pie S\u0113n\u012bt\u0113m m\u0101c\u012bj\u0101mies ret\u0101k dzied\u0101tas dziesmas un p\u0113c vakari\u0146\u0101m m\u0101c\u012bj\u0101mies sp\u0113l\u0113t kokli, ukuleli un zol\u012bti. Un v\u0113l\u0101k vakar\u0101 n\u012bk\u0161ana, \u0161ogad gan j\u0101saka vair\u0101k dan\u010du virzien\u0101. Un tam visam cauri atkalredz\u0113\u0161an\u0101s un iepaz\u012b\u0161an\u0101s prieks, smiekli, skaistais za\u013cais me\u017es un Garezera pludmale. Pirmo reizi nodarb\u012bb\u0101m un vakara programm\u0101m izmantoj\u0101m jauno \u201cB\u0113rzu\u201d \u0113ku. Visu nometnes laiku gaisa temperat\u016bra \u0101r\u0101 bija 80-90F, v\u0113sin\u0101t\u0101s telpas bija ka svaiga gaisa malks. Sestdienas izst\u0101de un tirdzi\u0146\u0161 B\u0113rzu gaism\u0101s uzmirdzeja jaun\u0101 spo\u017eum\u0101 un apmekl\u0113t\u0101ji kav\u0113j\u0101s neierasti ilgi v\u0113l p\u0113c tirdzi\u0146a nosl\u0113guma. Lai \u0161\u0101da nometne izdotos, roku liel\u0101k\u0101 vai maz\u0101k\u0101 apjom\u0101 pielika 35 nometnes dal\u012bbnieki.<\/p>\n\n\n\n<p>Lai atz\u012bm\u0113tu Garezera 3&#215;3 nometnes 45. gadu un \u0161o vietu k\u0101 pasaules 3&#215;3 kust\u012bbas \u0161\u016bpu\u013ca vietu, pie Saulgrie\u017eiem \u0161ovasar atkl\u0101j\u0101m piemi\u0146as pl\u0101ksni. Pl\u0101ksnes atkl\u0101\u0161an\u0101 piedal\u012bj\u0101s Latvie\u0161u centra \u201cGarezers\u201d&nbsp; prezidents Egons Kubuli\u0146\u0161 un&nbsp; jaun\u0101 administratore M\u0101ra \u0100belti\u0146a. Nosl\u0113guma vakar\u0101 kop\u012bgi no dego\u0161\u0101m svec\u012bt\u0113m izveidoj\u0101m skaitli 45.\u0160\u012bs klus\u0101s un mier\u012bg\u0101s min\u016btes m\u016bs visus aizkustin\u0101ja un daudzi izteica v\u0113l\u0113jumu \u201cUz tiem n\u0101kamajiem 45\u201d. Lai Top!<\/p>\n\n\n\n<p>Kop\u0161 pirm\u0101s 3&#215;3 nometnes Ga\u0157ezer\u0101 1981. gad\u0101 pasaul\u0113 ir notiku\u0161as 299 nometnes un nometnes apmekl\u0113ju\u0161i 44,326 dal\u012bbnieki, starp tiem 7086, kuri kop\u0161 1981.gada biju\u0161i Garezera 3&#215;3. Ar\u012b \u0161ogad b\u016bs nometne Garezer\u0101, t\u016bl\u012bt p\u0113c Garezera&nbsp; Vasaras Vidusskolas izlaiduma. B\u016bs praktiskas ievirzes un lekcijas, b\u0113rnu programma un izklaide.&nbsp; \u0160\u016bsim, dzied\u0101sim, klaus\u012bsimies, peld\u0113sim, staig\u0101sim, smiesimies un n\u012bksim! Brauc pats, ar \u0123imeni&nbsp; un draugiem!<\/p>\n","protected":false},"excerpt":{"rendered":"<p>45 gadi! Cilv\u0113ka m\u016b\u017e\u0101 tie ir ra\u017e\u012bg\u0101kie gadi, cilv\u0113ks nobriedis, pieaudzis. M\u016b\u017ea vidus, \u0123imene nodibin\u0101ta, bet v\u0113l daudz gadu priek\u0161\u0101. T\u0101pat ar 3&#215;3\u2013sasniegti 45 gadi, 3&#215;3 \u0123imene \u013coti kupla, b\u0113rni&#8230;<\/p>\n","protected":false},"author":1,"featured_media":0,"parent":0,"menu_order":0,"comment_status":"closed","ping_status":"closed","template":"","meta":{"__cvm_playback_settings":[],"__cvm_video_id":"","footnotes":""},"class_list":["post-3621","page","type-page","status-publish","hentry"],"_links":{"self":[{"href":"https:\/\/www.3x3.lv\/index.php?rest_route=\/wp\/v2\/pages\/3621","targetHints":{"allow":["GET"]}}],"collection":[{"href":"https:\/\/www.3x3.lv\/index.php?rest_route=\/wp\/v2\/pages"}],"about":[{"href":"https:\/\/www.3x3.lv\/index.php?rest_route=\/wp\/v2\/types\/page"}],"author":[{"embeddable":true,"href":"https:\/\/www.3x3.lv\/index.php?rest_route=\/wp\/v2\/users\/1"}],"replies":[{"embeddable":true,"href":"https:\/\/www.3x3.lv\/index.php?rest_route=%2Fwp%2Fv2%2Fcomments&post=3621"}],"version-history":[{"count":2,"href":"https:\/\/www.3x3.lv\/index.php?rest_route=\/wp\/v2\/pages\/3621\/revisions"}],"predecessor-version":[{"id":3624,"href":"https:\/\/www.3x3.lv\/index.php?rest_route=\/wp\/v2\/pages\/3621\/revisions\/3624"}],"wp:attachment":[{"href":"https:\/\/www.3x3.lv\/index.php?rest_route=%2Fwp%2Fv2%2Fmedia&parent=3621"}],"curies":[{"name":"wp","href":"https:\/\/api.w.org\/{rel}","templated":true}]}}