{"id":372,"date":"2017-02-28T20:34:25","date_gmt":"2017-02-28T18:34:25","guid":{"rendered":"http:\/\/www.3x3.lv\/?page_id=372"},"modified":"2017-05-18T08:26:44","modified_gmt":"2017-05-18T06:26:44","slug":"mums-palidz","status":"publish","type":"page","link":"https:\/\/www.3x3.lv\/?page_id=372","title":{"rendered":"Mums pal\u012bdz"},"content":{"rendered":"<div id=\"main\">\n<h5 id=\"main-top\">Mums pal\u012bdz<\/h5>\n<div id=\"main-content\">\n<div class=\"article\">\n<div class=\"article-content\">\n<div class=\"RichTextElement\">\n<p>2017.gada 16.maij\u0101 ar Kult\u016bras ministriju ir parakst\u012bts L\u012bdzdarb\u012bbas l\u012bgums Nr.2.5.-8-8 Par atsevi\u0161\u0137u valsts p\u0101rvaldes uzdevumu veik\u0161anu vasaras skolu programmu norisei Latvij\u0101 un Latvijas diasporas m\u012btnes zem\u0113s.<\/p>\n<p><a href=\"https:\/\/www.km.gov.lv\/lv\"><img loading=\"lazy\" decoding=\"async\" class=\"aligncenter wp-image-375\" src=\"https:\/\/www.3x3.lv\/wp-content\/uploads\/2017\/02\/divkrasu_rgb-45_m.jpg\" alt=\"\" width=\"170\" height=\"170\" srcset=\"https:\/\/www.3x3.lv\/wp-content\/uploads\/2017\/02\/divkrasu_rgb-45_m.jpg 600w, https:\/\/www.3x3.lv\/wp-content\/uploads\/2017\/02\/divkrasu_rgb-45_m-150x150.jpg 150w, https:\/\/www.3x3.lv\/wp-content\/uploads\/2017\/02\/divkrasu_rgb-45_m-300x300.jpg 300w\" sizes=\"auto, (max-width: 170px) 100vw, 170px\" \/><\/a><\/p>\n<\/div>\n<\/div>\n<\/div>\n<\/div>\n<\/div>\n","protected":false},"excerpt":{"rendered":"<p>Mums pal\u012bdz 2017.gada 16.maij\u0101 ar Kult\u016bras ministriju ir parakst\u012bts L\u012bdzdarb\u012bbas l\u012bgums Nr.2.5.-8-8 Par atsevi\u0161\u0137u valsts p\u0101rvaldes uzdevumu veik\u0161anu vasaras skolu programmu norisei Latvij\u0101 un Latvijas diasporas m\u012btnes zem\u0113s.<\/p>\n","protected":false},"author":1,"featured_media":0,"parent":0,"menu_order":8,"comment_status":"closed","ping_status":"closed","template":"","meta":{"__cvm_playback_settings":[],"__cvm_video_id":"","footnotes":""},"class_list":["post-372","page","type-page","status-publish","hentry"],"_links":{"self":[{"href":"https:\/\/www.3x3.lv\/index.php?rest_route=\/wp\/v2\/pages\/372","targetHints":{"allow":["GET"]}}],"collection":[{"href":"https:\/\/www.3x3.lv\/index.php?rest_route=\/wp\/v2\/pages"}],"about":[{"href":"https:\/\/www.3x3.lv\/index.php?rest_route=\/wp\/v2\/types\/page"}],"author":[{"embeddable":true,"href":"https:\/\/www.3x3.lv\/index.php?rest_route=\/wp\/v2\/users\/1"}],"replies":[{"embeddable":true,"href":"https:\/\/www.3x3.lv\/index.php?rest_route=%2Fwp%2Fv2%2Fcomments&post=372"}],"version-history":[{"count":8,"href":"https:\/\/www.3x3.lv\/index.php?rest_route=\/wp\/v2\/pages\/372\/revisions"}],"predecessor-version":[{"id":512,"href":"https:\/\/www.3x3.lv\/index.php?rest_route=\/wp\/v2\/pages\/372\/revisions\/512"}],"wp:attachment":[{"href":"https:\/\/www.3x3.lv\/index.php?rest_route=%2Fwp%2Fv2%2Fmedia&parent=372"}],"curies":[{"name":"wp","href":"https:\/\/api.w.org\/{rel}","templated":true}]}}