{"id":514,"date":"2017-05-20T08:56:23","date_gmt":"2017-05-20T06:56:23","guid":{"rendered":"http:\/\/www.3x3.lv\/?page_id=514"},"modified":"2018-02-06T14:27:59","modified_gmt":"2018-02-06T12:27:59","slug":"australija-2018","status":"publish","type":"page","link":"https:\/\/www.3x3.lv\/?page_id=514","title":{"rendered":"Austr\u0101lija 2018"},"content":{"rendered":"<p><a href=\"http:\/\/laikraksts.com\/raksti\/7677\">M\u0101kslas ievirzes 3&#215;3 saiet\u0101 Kanber\u0101<\/a><\/p>\n<p><a href=\"http:\/\/laikraksts.com\/raksti\/7528\">Raksts laikrakst\u0101 &#8220;Latvietis&#8221;<\/a><\/p>\n<p><a href=\"https:\/\/www.3x3.lv\/?p=914\">Ar Paulu Raudsepu sarun\u0101j\u0101s Ingr\u012bda Biezaite<\/a><\/p>\n<p><a href=\"https:\/\/www.3x3.lv\/KRATUVE\/Australija\/2018\/Pieteiksanas_lapa3x3_2018_2.pdf\">Pieteikties<\/a><\/p>\n<p><a href=\"https:\/\/www.3x3.lv\/KRATUVE\/Australija\/2018\/Pieteiksanas_lapa3x3_2018_1.pdf\">Buklets<\/a><\/p>\n<p><a href=\"https:\/\/www.3x3.lv\/KRATUVE\/Australija\/2018\/Taurikis1.pdf\">Tauri\u0137is1<\/a> \u00a0\u00a0<a href=\"https:\/\/www.3x3.lv\/KRATUVE\/Australija\/2018\/Taurikis2.pdf\">Tauri\u0137is2<\/a>\u00a0 \u00a0<a href=\"https:\/\/www.3x3.lv\/KRATUVE\/Australija\/2018\/Taurikis3.pdf\">Tauri\u0137is3<\/a>\u00a0 \u00a0<a href=\"https:\/\/www.3x3.lv\/KRATUVE\/Australija\/2018\/Taurikis4.pdf\">Tauri\u0137is4<\/a>\u00a0 \u00a0<a href=\"https:\/\/www.3x3.lv\/KRATUVE\/Australija\/2018\/Taurikis5.pdf\">Tauri\u0137is5<\/a>\u00a0 \u00a0<a href=\"https:\/\/www.3x3.lv\/KRATUVE\/Australija\/2018\/Taurikis6.pdf\">Tauri\u0137is6\u00a0\u00a0\u00a0<\/a><a href=\"https:\/\/www.3x3.lv\/KRATUVE\/Australija\/2018\/Taurikis6.pdf\">Tauri\u0137is7\u00a0<\/a><\/p>\n<h2 style=\"text-align: center;\"><strong><em>3&#215;3 Kanber\u0101 aicina<\/em><\/strong><\/h2>\n<p><center><img loading=\"lazy\" decoding=\"async\" class=\"aligncenter wp-image-515\" src=\"https:\/\/www.3x3.lv\/wp-content\/uploads\/2017\/05\/IMG_1919-300x225.jpg\" alt=\"\" width=\"538\" height=\"403\" srcset=\"https:\/\/www.3x3.lv\/wp-content\/uploads\/2017\/05\/IMG_1919-300x225.jpg 300w, https:\/\/www.3x3.lv\/wp-content\/uploads\/2017\/05\/IMG_1919.jpg 640w\" sizes=\"auto, (max-width: 538px) 100vw, 538px\" \/> <img loading=\"lazy\" decoding=\"async\" class=\"aligncenter wp-image-516\" src=\"https:\/\/www.3x3.lv\/wp-content\/uploads\/2017\/05\/IMG_1915-300x225.jpg\" alt=\"\" width=\"540\" height=\"405\" srcset=\"https:\/\/www.3x3.lv\/wp-content\/uploads\/2017\/05\/IMG_1915-300x225.jpg 300w, https:\/\/www.3x3.lv\/wp-content\/uploads\/2017\/05\/IMG_1915.jpg 640w\" sizes=\"auto, (max-width: 540px) 100vw, 540px\" \/> <img loading=\"lazy\" decoding=\"async\" class=\"aligncenter wp-image-517\" src=\"https:\/\/www.3x3.lv\/wp-content\/uploads\/2017\/05\/IMG_1855-300x225.jpg\" alt=\"\" width=\"542\" height=\"407\" srcset=\"https:\/\/www.3x3.lv\/wp-content\/uploads\/2017\/05\/IMG_1855-300x225.jpg 300w, https:\/\/www.3x3.lv\/wp-content\/uploads\/2017\/05\/IMG_1855.jpg 640w\" sizes=\"auto, (max-width: 542px) 100vw, 542px\" \/><\/center><a href=\"mailto:iveta_lainis@hotmail.com\">\u00a0<\/a><\/p>\n<p>3&#215;3 jau 35. reizi\u00a0 notiks Austr\u0101lij\u0101, 2018.gad\u0101 no 2-8.janv\u0101rim, p\u0113c Sidnejas Jaunatnes Dien\u0101m- net\u0101lu no Kanberas, Greenhill\u0101. \u00a0<a href=\"https:\/\/greenhillscentre.com\">Greenhills Centre, 1437 Cotter Road, Stromlo ACT 2611 <\/a><a href=\"https:\/\/greenhilscentre.com\">www.greenhillscentre.com<\/a><\/p>\n<p>\u0160oreiz ir izn\u0101cis patiesi Austr\u0101lijas 3&#215;3 \u2013 k\u0101rta vad\u012bt 3&#215;3 ir Sidnejai, t\u0101p\u0113c visas galven\u0101s vad\u012bt\u0101jas pal\u012bdzes ir no Sidnejas, vad\u012bt\u0101ja gan ir no Melburnas un pats 3&#215;3 notiks Kanber\u0101, bet apmekl\u0113t\u0101jus gaidam no visas Austr\u0101lijas un p\u0113c iesp\u0113jas vair\u0101k\u0101m zem\u0113m.<\/p>\n<p>Viesi no Latvijas &#8211; laikraksta \u201cIr\u201d dibin\u0101t\u0101js un respekt\u0113ts \u017eurn\u0101lists <strong>Pauls Raudseps <\/strong>. 3&#215;3 piedal\u012bsies ar\u012b <strong>Paula sieve Dace<\/strong>, vi\u0146as zin\u0101\u0161anai ir \u017eurn\u0101listik\u0101 un Latvijas kult\u016bras v\u0113stur\u0113.<\/p>\n<p>Folkloras ievirzes vad\u012bs jaunas, ener\u0123ijas pilnas, priec\u012bgas folkloristes <strong>Rasa Jansone un Roz\u012bte Katr\u012bna Sp\u012b\u010da<\/strong>, kuras\u00a0 kop\u0101 izveidoju\u0161as\u00a0 grupu \u201c<strong>Kas tie divi?<\/strong>\u201d. Vi\u0146u specialit\u0101te ir da\u017e\u0101du instrument sp\u0113l\u0113\u0161ana, kok\u013cu sp\u0113l\u0113\u0161ana un gatavo\u0161ana, dan\u010du un rota\u013cu vad\u012b\u0161ana un zin\u0101\u0161anas Latvijas folkloras v\u0113stur\u0113.<\/p>\n<p>Dr\u012bz tiks izveidota pilna programma, kur\u0101 esam dom\u0101ju\u0161i gan par rokdarbiem, dzied\u0101\u0161anu, pastaig\u0101m, refer\u0101tiem, apet\u012btes apmierin\u0101\u0161anu, vakara nodarb\u012bb\u0101m, gan par b\u0113rniem. Dzied\u0101\u0161anas ievirzi vad\u012bs <strong>kora no Latvijas <\/strong><strong>&#8220;Maska&#8221; dal\u012bbnieces<\/strong> un var\u0113s, l\u012bdz ar da\u017e\u0101d\u0101m latvie\u0161u dziesm\u0101m, apg\u016bt 2018. gada Dziesmu sv\u0113tku Latvij\u0101 Kora\u00a0 koncerta repertu\u0101ra dziesmas.<\/p>\n<p>Esam paredz\u0113ju\u0161i ar\u012b muzic\u0113\u0161anas ievirzi un l\u016bdzam visus interesentus \u0146emt l\u012bdzi savus instrumentus.<\/p>\n<p>Ja ir interese vad\u012bt k\u0101du Ievirzi, Puduri vai visp\u0101r pal\u012bdz\u0113t, b\u016bsim \u013coti pateic\u012bgi.<\/p>\n<p>L\u016bdzam rakst\u012bt Ivetai Lainei &#8211; <a href=\"mailto:iveta_lainis@hotmail.com\"><em>i<\/em><em>veta_lainis@hotmail.com<\/em><\/a> vai Valdai Taylor &#8211; <a href=\"mailto:valda.email@gmail.com\"><em>valda.email@gmail.com<\/em><\/a><\/p>\n<p>Kop\u0101 ar 3&#215;3 Austr\u0101lijas kasieri Andi B\u0113rzi\u0146u esam \u012bpa\u0161i str\u0101d\u0101ju\u0161i pie dal\u012bbas maksu samazin\u0101\u0161anas, lai visiem b\u016btu iesp\u0113ja piedal\u012bties tik svar\u012bg\u0101 latviskas iedvesmas veidot\u0101 saiet\u0101, k\u0101ds ir gadu gait\u0101 izveidojies 3&#215;3 Austr\u0101lij\u0101 saiets. Paredz\u0113t\u0101s dal\u012bbas maksas:<\/p>\n<p><strong>PILNA LAIKA DAL\u012aBAS MAKSAS<\/strong><\/p>\n<p>Pieaugu\u0161ais\u00a0\u00a0\u00a0\u00a0\u00a0\u00a0\u00a0\u00a0\u00a0\u00a0\u00a0\u00a0\u00a0\u00a0\u00a0\u00a0\u00a0\u00a0\u00a0\u00a0\u00a0\u00a0\u00a0\u00a0\u00a0\u00a0\u00a0\u00a0\u00a0\u00a0\u00a0\u00a0\u00a0\u00a0\u00a0\u00a0\u00a0\u00a0\u00a0\u00a0 \u00a0 \u00a0$400<\/p>\n<p>Viens vec\u0101ks, viens b\u0113rns\u00a0\u00a0\u00a0\u00a0\u00a0\u00a0\u00a0\u00a0\u00a0\u00a0\u00a0\u00a0\u00a0\u00a0\u00a0\u00a0\u00a0\u00a0 $600<\/p>\n<p>Viens vec\u0101ks, divi b\u0113rni\u00a0\u00a0\u00a0\u00a0\u00a0\u00a0\u00a0\u00a0\u00a0\u00a0\u00a0\u00a0\u00a0\u00a0\u00a0\u00a0\u00a0\u00a0\u00a0\u00a0\u00a0\u00a0 $750<\/p>\n<p>Divi vec\u0101ki, viens b\u0113rns\u00a0\u00a0\u00a0\u00a0\u00a0\u00a0\u00a0\u00a0\u00a0\u00a0\u00a0\u00a0\u00a0\u00a0\u00a0\u00a0\u00a0\u00a0\u00a0\u00a0\u00a0\u00a0 $850<\/p>\n<p>Divi vec\u0101ki, divi b\u0113rni\u00a0\u00a0\u00a0\u00a0\u00a0\u00a0\u00a0\u00a0\u00a0\u00a0\u00a0\u00a0\u00a0 \u00a0\u00a0\u00a0\u00a0\u00a0\u00a0\u00a0\u00a0\u00a0\u00a0\u00a0 $950<\/p>\n<p>Jaunie\u0161i 18-30 g.v.\u00a0\u00a0\u00a0\u00a0\u00a0\u00a0\u00a0\u00a0\u00a0\u00a0\u00a0\u00a0\u00a0\u00a0\u00a0\u00a0\u00a0\u00a0\u00a0\u00a0\u00a0\u00a0\u00a0\u00a0\u00a0\u00a0\u00a0\u00a0\u00a0\u00a0\u00a0\u00a0 $300<\/p>\n<p>Tre\u0161\u0101, un n\u0101ko\u0161o, b\u0113rnu maksu sedz LAAJ<\/p>\n<p>(b\u0113rniem zem 2 g. vecuma piedal\u012b\u0161an\u0101s ir bez maksas)<\/p>\n<p>L\u016bdzam izteikt interesi par piedal\u012b\u0161anos, rakstot Ivetai vai Valdai. Var ar\u012b sazin\u0101ties ar Ivetu Laini pa t\u0101lruni 0421018063.<\/p>\n<p>&nbsp;<\/p>\n<p>3&#215;3 Kanber\u0101 atbalsta Latvijas Kult\u016bras Ministrija.<\/p>\n<p><a href=\"https:\/\/www.km.gov.lv\/lv\"><img loading=\"lazy\" decoding=\"async\" class=\"x_aligncenter x_wp-image-375\" style=\"margin: 20px auto; padding: 0px; border: 0px none; font-style: inherit; line-height: inherit; vertical-align: baseline; clear: both; display: block;\" src=\"https:\/\/www.3x3.lv\/wp-content\/uploads\/2017\/02\/divkrasu_rgb-45_m.jpg\" alt=\"\" width=\"170\" height=\"170\" srcset=\"https:\/\/www.3x3.lv\/wp-content\/uploads\/2017\/02\/divkrasu_rgb-45_m.jpg 600w, https:\/\/www.3x3.lv\/wp-content\/uploads\/2017\/02\/divkrasu_rgb-45_m-150x150.jpg 150w, https:\/\/www.3x3.lv\/wp-content\/uploads\/2017\/02\/divkrasu_rgb-45_m-300x300.jpg 300w\" sizes=\"auto, (max-width: 170px) 100vw, 170px\" \/><\/a><\/p>\n","protected":false},"excerpt":{"rendered":"<p>M\u0101kslas ievirzes 3&#215;3 saiet\u0101 Kanber\u0101 Raksts laikrakst\u0101 &#8220;Latvietis&#8221; Ar Paulu Raudsepu sarun\u0101j\u0101s Ingr\u012bda Biezaite Pieteikties Buklets Tauri\u0137is1 \u00a0\u00a0Tauri\u0137is2\u00a0 \u00a0Tauri\u0137is3\u00a0 \u00a0Tauri\u0137is4\u00a0 \u00a0Tauri\u0137is5\u00a0 \u00a0Tauri\u0137is6\u00a0\u00a0\u00a0Tauri\u0137is7\u00a0 3&#215;3 Kanber\u0101 aicina \u00a0 3&#215;3 jau 35. reizi\u00a0&#8230;<\/p>\n","protected":false},"author":1,"featured_media":0,"parent":781,"menu_order":7,"comment_status":"closed","ping_status":"closed","template":"","meta":{"__cvm_playback_settings":[],"__cvm_video_id":"","footnotes":""},"class_list":["post-514","page","type-page","status-publish","hentry"],"_links":{"self":[{"href":"https:\/\/www.3x3.lv\/index.php?rest_route=\/wp\/v2\/pages\/514","targetHints":{"allow":["GET"]}}],"collection":[{"href":"https:\/\/www.3x3.lv\/index.php?rest_route=\/wp\/v2\/pages"}],"about":[{"href":"https:\/\/www.3x3.lv\/index.php?rest_route=\/wp\/v2\/types\/page"}],"author":[{"embeddable":true,"href":"https:\/\/www.3x3.lv\/index.php?rest_route=\/wp\/v2\/users\/1"}],"replies":[{"embeddable":true,"href":"https:\/\/www.3x3.lv\/index.php?rest_route=%2Fwp%2Fv2%2Fcomments&post=514"}],"version-history":[{"count":19,"href":"https:\/\/www.3x3.lv\/index.php?rest_route=\/wp\/v2\/pages\/514\/revisions"}],"predecessor-version":[{"id":950,"href":"https:\/\/www.3x3.lv\/index.php?rest_route=\/wp\/v2\/pages\/514\/revisions\/950"}],"up":[{"embeddable":true,"href":"https:\/\/www.3x3.lv\/index.php?rest_route=\/wp\/v2\/pages\/781"}],"wp:attachment":[{"href":"https:\/\/www.3x3.lv\/index.php?rest_route=%2Fwp%2Fv2%2Fmedia&parent=514"}],"curies":[{"name":"wp","href":"https:\/\/api.w.org\/{rel}","templated":true}]}}