{"id":652,"date":"2017-07-26T17:48:34","date_gmt":"2017-07-26T15:48:34","guid":{"rendered":"http:\/\/www.3x3.lv\/?page_id=652"},"modified":"2022-07-13T11:20:56","modified_gmt":"2022-07-13T09:20:56","slug":"atbalstiet-dokumentalo-filmu-par-3x3","status":"publish","type":"page","link":"https:\/\/www.3x3.lv\/?page_id=652","title":{"rendered":"Filma par 3&#215;3!"},"content":{"rendered":"\n<figure class=\"wp-block-embed-vimeo wp-block-embed is-type-video is-provider-vimeo wp-embed-aspect-16-9 wp-has-aspect-ratio\"><div class=\"wp-block-embed__wrapper\">\n<iframe loading=\"lazy\" title=\"TR\u012aSREIZTR\u012aS pasaules latvie&amp;scaron;u \u0123ime\u0146u kust\u012bba\" src=\"https:\/\/player.vimeo.com\/video\/592053133?h=18c549cff8&amp;dnt=1&amp;app_id=122963\" width=\"740\" height=\"400\" frameborder=\"0\" allow=\"autoplay; fullscreen; picture-in-picture\" allowfullscreen><\/iframe>\n<\/div><\/figure>\n\n\n<div dir=\"auto\">\n<p>Montas un Armanda Jakovelu dokument\u0101l\u0101 filma \u00abTr\u012bsreiztr\u012bs\u00bb\u00a0st\u0101sta par fenomenu, kas radies trimd\u0101 Amerik\u0101, bet l\u012bdz ar neatkar\u012bbas atg\u016b\u0161anu piedz\u012bvojis milzu popularit\u0101ti ar\u012b Latvij\u0101.\u00a0\u00abTr\u012bsreiztr\u012bs\u00bb\u00a0jeb 3&#215;3 nometnes vis\u0101 pasaul\u0113 k\u013cuvu\u0161as par unik\u0101lu nemateri\u0101lo v\u0113rt\u012bbu latviet\u012bbas saglab\u0101\u0161an\u0101 21. gadsimt\u0101.\u00a0\u00a0<\/p>\n<\/div>\n<div dir=\"auto\">\n<p>Nometnes nosaukums \u2013 \u00abTr\u012bsreiztr\u012bs\u00bb \u2013 simboliz\u0113 tr\u012bs paaudzes \u0123imen\u0113. Nometnes ir paredz\u0113tas visa gadag\u0101juma latvie\u0161iem, un taj\u0101s liel\u0101koties piedal\u0101s tr\u012bs paaudzes \u2013 b\u0113rni, vec\u0101ki un vecvec\u0101ki. Nosaukums raksturo ar\u012b tr\u012bs puses, no kur\u0101m latvie\u0161i san\u0101k kop\u0101 \u2013 no Latvijas, no rietumiem un no austrumiem.<\/p>\n<p><img loading=\"lazy\" decoding=\"async\" class=\"wp-image-656 alignright\" src=\"https:\/\/www.3x3.lv\/wp-content\/uploads\/2017\/07\/Monta_Armands-300x300.jpg\" alt=\"\" width=\"389\" height=\"389\" srcset=\"https:\/\/www.3x3.lv\/wp-content\/uploads\/2017\/07\/Monta_Armands-300x300.jpg 300w, https:\/\/www.3x3.lv\/wp-content\/uploads\/2017\/07\/Monta_Armands-150x150.jpg 150w\" sizes=\"auto, (max-width: 389px) 100vw, 389px\" \/><\/p>\n<p>Pirm\u0101 \u00abTr\u012bsreiztr\u012bs\u00bb nometne notika 1981. gad\u0101 Garezer\u0101, ASV. Toreiz r\u012bkot\u0101ji cer\u0113ja, ka \u0161\u012b eksperiment\u0101l\u0101 nometne k\u013c\u016bs par veidu, k\u0101 trimdas latvie\u0161i vis\u0101 pasaul\u0113 var\u0113s papla\u0161in\u0101t latvisk\u0101s zin\u0101\u0161anas un stiprin\u0101t pieder\u012bbas saj\u016btu Latvijai. \u0160\u012b cer\u012bba piepild\u012bj\u0101s, un eksperiments izdev\u0101s \u2013 jau 80. gadu pirmaj\u0101 pus\u0113 \u0161\u0101das nometnes notika ASV Rietumkrast\u0101 un Katski\u013cos, 1983. gad\u0101 t\u0101s s\u0101ka r\u012bkot ar\u012b Austr\u0101lijas latvie\u0161u kopiena, dr\u012bz p\u0113c tam 3&#215;3 uzplauka ar\u012b Anglij\u0101, Zviedrij\u0101, Kan\u0101d\u0101 un Francij\u0101.<\/p>\n<p>\u00a0<\/p>\n<p>Nomet\u0146u r\u012bkot\u0101ju kv\u0113l\u0101kais sapnis bija \u2013 kaut Latvija reiz atg\u016btu neatkar\u012bbu un \u0101rzemju latvie\u0161iem b\u016btu iesp\u0113ja \u0161\u0101d\u0101 nometn\u0113 san\u0101kt kop\u0101 ar Latvijas latvie\u0161iem! Tas \u012bstenoj\u0101s 1990. gad\u0101, kad notika pirm\u0101 nometne Latvij\u0101 \u2013 Madlien\u0101, tobr\u012bd v\u0113l \u013coti trauslaj\u0101 neatkar\u012bbas laik\u0101; \u0161\u0137\u0113r\u0161\u013cus tam cent\u0101s likt \u00ab\u010deka\u00bb, bet, par sp\u012bti stingrajai \u00ab\u010dekas\u00bb kontrolei, nometni tom\u0113r izdev\u0101s sar\u012bkot. Kop\u0161 t\u0101 laika Latvij\u0101 katru gadu notiek divas nometnes, un katr\u0101 no t\u0101m piedal\u0101s vair\u0101ki simti dal\u012bbnieku. \u0160o 40 gadu laik\u0101 nometn\u0113s kop\u0101 piedal\u012bju\u0161ies jau 40 t\u016bksto\u0161i cilv\u0113ku, stiprinot savu latvisko pa\u0161apzi\u0146u un sekm\u0113jot \u0123ime\u0146u draudz\u012bbu, dziedot, dejojot un bag\u0101tinoties no latviskaj\u0101m trad\u012bcij\u0101m. \u00abTr\u012bsreiztr\u012bs\u00bb dal\u012bbnieki atz\u012bst, ka nometne ir lab\u0101k\u0101 vieta, kur ik gadu uzl\u0101d\u0113t savas latvisk\u0101s baterijas.\u00a0<\/p>\n<\/div>\n<p>\u00a0<\/p>","protected":false},"excerpt":{"rendered":"<p>Montas un Armanda Jakovelu dokument\u0101l\u0101 filma \u00abTr\u012bsreiztr\u012bs\u00bb\u00a0st\u0101sta par fenomenu, kas radies trimd\u0101 Amerik\u0101, bet l\u012bdz ar neatkar\u012bbas atg\u016b\u0161anu piedz\u012bvojis milzu popularit\u0101ti ar\u012b Latvij\u0101.\u00a0\u00abTr\u012bsreiztr\u012bs\u00bb\u00a0jeb 3&#215;3 nometnes vis\u0101 pasaul\u0113 k\u013cuvu\u0161as par unik\u0101lu&#8230;<\/p>\n","protected":false},"author":1,"featured_media":0,"parent":0,"menu_order":5,"comment_status":"closed","ping_status":"closed","template":"","meta":{"__cvm_playback_settings":[],"__cvm_video_id":"","footnotes":""},"class_list":["post-652","page","type-page","status-publish","hentry"],"_links":{"self":[{"href":"https:\/\/www.3x3.lv\/index.php?rest_route=\/wp\/v2\/pages\/652","targetHints":{"allow":["GET"]}}],"collection":[{"href":"https:\/\/www.3x3.lv\/index.php?rest_route=\/wp\/v2\/pages"}],"about":[{"href":"https:\/\/www.3x3.lv\/index.php?rest_route=\/wp\/v2\/types\/page"}],"author":[{"embeddable":true,"href":"https:\/\/www.3x3.lv\/index.php?rest_route=\/wp\/v2\/users\/1"}],"replies":[{"embeddable":true,"href":"https:\/\/www.3x3.lv\/index.php?rest_route=%2Fwp%2Fv2%2Fcomments&post=652"}],"version-history":[{"count":16,"href":"https:\/\/www.3x3.lv\/index.php?rest_route=\/wp\/v2\/pages\/652\/revisions"}],"predecessor-version":[{"id":2440,"href":"https:\/\/www.3x3.lv\/index.php?rest_route=\/wp\/v2\/pages\/652\/revisions\/2440"}],"wp:attachment":[{"href":"https:\/\/www.3x3.lv\/index.php?rest_route=%2Fwp%2Fv2%2Fmedia&parent=652"}],"curies":[{"name":"wp","href":"https:\/\/api.w.org\/{rel}","templated":true}]}}