{"id":745,"date":"2017-08-21T10:37:36","date_gmt":"2017-08-21T08:37:36","guid":{"rendered":"http:\/\/www.3x3.lv\/?page_id=745"},"modified":"2019-11-07T11:59:22","modified_gmt":"2019-11-07T09:59:22","slug":"katskili","status":"publish","type":"page","link":"https:\/\/www.3x3.lv\/?page_id=745","title":{"rendered":"Katski\u013ci (ASV)"},"content":{"rendered":"<h3 style=\"text-align: left;\"><span style=\"color: #993300;\"><strong>3&#215;3 2019<\/strong><strong>.gad\u0101<\/strong><\/span><\/h3>\n<p style=\"text-align: left;\"><b>Katski\u013cos<\/b>, no 18.l\u012bdz 25. augustam, vad\u012bja\u00a0<b>Ingrida Jansone<\/b><\/p>\n<p style=\"text-align: left;\"><a href=\"https:\/\/www.3x3.lv\/KRATUVE\/Katskili\/2019\/2019_3X3_BROSURA.pdf\">Buklets<\/a> \u00a0 <a href=\"https:\/\/www.3x3.lv\/KRATUVE\/Katskili\/2019\/2019_Pieteiksanas_Lapa.pdf\">Pieteikties<\/a><\/p>\n<p>Saieta av\u012bze <a href=\"https:\/\/www.3x3.lv\/KRATUVE\/Katskili\/2019\/KatskiluAtskanas2019_1.pdf\">Katski\u013cu Atska\u0146as 1.<\/a>\u00a0 <a href=\"https:\/\/www.3x3.lv\/KRATUVE\/Katskili\/2019\/KatskiluAtskanas2019_2.pdf\">Katski\u013cu Atska\u0146as 2.<\/a>\u00a0 <a href=\"https:\/\/www.3x3.lv\/KRATUVE\/Katskili\/2019\/KatskiluAtskanas2019_3.pdf\">Katski\u013cu Atska\u0146as 3.<\/a><\/p>\n<p style=\"text-align: left;\"><a class=\"\" href=\"mailto:ibjansons@gmail.com\">ibjansons@gmail.com<\/a><\/p>\n<h3 style=\"text-align: left;\"><span style=\"color: #993300;\"><strong>3&#215;3 2018<\/strong><strong>.gad\u0101<\/strong><\/span><\/h3>\n<p><strong>Katski\u013cos<\/strong>, no 12. l\u012bdz 19.augustam,\u00a0vad.<strong> Hel\u0113na V\u012bksni\u0146a\u00a0<\/strong><a href=\"https:\/\/www.3x3.lv\/KRATUVE\/Katskili\/2018\/2018_3x3_brosura_maza.pdf\">Bro\u0161ura<\/a> \u00a0 <a href=\"https:\/\/www.3x3.lv\/KRATUVE\/Katskili\/2018\/Pieteiksanas2018.docx\">Pieteik\u0161an\u0101s anketa<\/a><br \/>\nAv\u012bze\u00a0<a href=\"https:\/\/www.3x3.lv\/KRATUVE\/Katskili\/2018\/KatskiluAtskanas2018_1.pdf\">Karski\u013cu Atska\u0146as 1.<\/a>\u00a0\u00a0\u00a0<a href=\"https:\/\/www.3x3.lv\/KRATUVE\/Katskili\/2018\/KatskiluAtskanas2018_2.pdf\">Karski\u013cu Atska\u0146as 2.<\/a><a href=\"https:\/\/www.3x3.lv\/KRATUVE\/Katskili\/2018\/KatskiluAtskanas2018_1.pdf\">\u00a0\u00a0\u00a0<\/a><a href=\"https:\/\/www.3x3.lv\/KRATUVE\/Katskili\/2018\/KatskiluAtskanas2018_3.pdf\">Karski\u013cu Atska\u0146as 3.<\/a><\/p>\n<h3 style=\"text-align: left;\"><span style=\"color: #993300;\"><strong>3&#215;3 2017<\/strong><strong>.gad\u0101<\/strong><\/span><\/h3>\n<p>no<strong>\u00a0<\/strong>13. l\u012bdz 20.augustam, vad\u012bja\u00a0<strong>Hel\u0113na V\u012bksni\u0146a\u00a0<\/strong><a href=\"https:\/\/www.3x3.lv\/KRATUVE\/Katskili\/2017\/3x3BrosuraKatskili2017.pdf\">Buklets<\/a>\u00a0 <a href=\"https:\/\/www.3x3.lv\/KRATUVE\/Katskili\/2017\/Pieteiksanas2017.docx\">Pieteik\u0161an\u0101s anketa<\/a><br \/>\nAv\u012bze \u00a0<a href=\"https:\/\/www.3x3.lv\/KRATUVE\/Katskili\/2017\/Katskilu_Atskanas1.pdf\">Karski\u013cu Atska\u0146as 1.<\/a> \u00a0\u00a0<a href=\"https:\/\/www.3x3.lv\/KRATUVE\/Katskili\/2017\/Katskilu_Atskanas2.pdf\">Katski\u013cu Atska\u0146as 2.<\/a>\u00a0 \u00a0 <a href=\"https:\/\/www.3x3.lv\/KRATUVE\/Katskili\/2016\/KatskiluAtskanas2016_3.pdf\">Katski\u013cu atska\u0146as 3.<\/a><\/p>\n<h3><span style=\"color: #993300;\"><strong>3&#215;3 2016<\/strong><strong>.gad\u0101<\/strong><\/span><\/h3>\n<p>no 14. l\u012bdz 21.augustam, vad\u012bja \u00a0<strong>Hel\u0113na V\u012bksni\u0146a\u00a0<\/strong><a href=\"https:\/\/www.3x3.lv\/KRATUVE\/Katskili\/2016\/2016Brosura.pdf\">Buklets<\/a>\u00a0\u00a0<a href=\"https:\/\/www.3x3.lv\/KRATUVE\/Katskili\/2016\/Pieteiksanas2016.docx\">Pieteik\u0161an\u0101s anketa<\/a><br \/>\nAv\u012bze <a href=\"https:\/\/www.3x3.lv\/KRATUVE\/Katskili\/2016\/KatskiluAtskanas2016_1.pdf\">Katski\u013cu atska\u0146as 1<\/a>\u00a0 \u00a0\u00a0 <a href=\"https:\/\/www.3x3.lv\/KRATUVE\/Katskili\/2016\/KatskiluAtskanas2016_2.pdf\">Katski\u013cu atska\u0146as 2<\/a>\u00a0 \u00a0 \u00a0 <a href=\"https:\/\/www.3x3.lv\/KRATUVE\/Katskili\/2016\/KatskiluAtskanas2016_1.pdf\">Katski\u013cu atska\u0146as 3<\/a><\/p>\n<h3><span style=\"color: #993300;\"><strong>3&#215;3 2015<\/strong><strong>.gad\u0101<\/strong><\/span><\/h3>\n<p>no\u00a016. l\u012bdz 23. augustam<strong>\u00a0<\/strong>saietu<strong>\u00a0<\/strong>vad\u012bja\u00a0<strong>Hel\u0113na V\u012bksni\u0146a \u00a0<\/strong><a href=\"https:\/\/www.3x3.lv\/KRATUVE\/Katskili\/2015\/3x3%20Katskili%202015%20brosura.pdf\">Buklets<\/a>\u00a0\u00a0<a href=\"https:\/\/www.facebook.com\/3x3Katskili\">Lasi vair\u0101k<\/a><br \/>\nAv\u012bze \u00a0<a href=\"https:\/\/www.3x3.lv\/KRATUVE\/Katskili\/2015\/KatskiluAtskanas2015_1.pdf\">Katski\u013cu atska\u0146as 1<\/a>\u00a0<a href=\"https:\/\/www.3x3.lv\/KRATUVE\/Katskili\/2015\/KatskiluAtskanas2015_2.pdf\">Katski\u013cu atska\u0146as 2<\/a>\u00a0<a href=\"https:\/\/www.3x3.lv\/KRATUVE\/Katskili\/2015\/KatskiluAtskanas2015_3.pdf\">Katski\u013cu atska\u0146as 3<\/a><\/p>\n<h3><span style=\"color: #993300;\"><strong>3&#215;3 2014<\/strong><strong>.gad\u0101<\/strong><\/span><\/h3>\n<p>no 17. l\u012bdz 24.augustam, nometni vad\u012bja <strong>Hel\u0113na V\u012bksni\u0146a\u00a0<\/strong><a href=\"https:\/\/www.facebook.com\/3x3Katskili\">Lasi vair\u0101k<\/a><br \/>\nNometnes av\u012bze \u00a0<a href=\"https:\/\/www.3x3.lv\/KRATUVE\/Katskili\/2014\/3x3_Katskilu_Atskanas_2014_1.pdf\">Katski\u013cu Atska\u0146as 1<\/a>\u00a0\u00a0<a href=\"https:\/\/www.3x3.lv\/KRATUVE\/Katskili\/2014\/3x3_Katskilu_Atskanas_2014_2.pdf\">Katski\u013cu Atska\u0146as 2<\/a>\u00a0\u00a0<a href=\"https:\/\/www.3x3.lv\/KRATUVE\/Katskili\/2014\/3x3_Katskilu_Atskanas_2014_3.pdf\">Katski\u013cu Atska\u0146as 3<\/a><\/p>\n<h3><span style=\"color: #993300;\"><strong>3&#215;3 2013<\/strong><strong>.gad\u0101<\/strong><\/span><\/h3>\n<p>no 18. l\u012bdz 25.augustam, vad\u012bja\u00a0<strong>Hel\u0113na V\u012bksni\u0146a \u00a0<\/strong><a href=\"https:\/\/www.facebook.com\/3x3Katskili\" target=\"_blank\" rel=\"noopener noreferrer\">Lasi vair\u0101k\u00a0\u00a0\u00a0<\/a><a href=\"https:\/\/www.facebook.com\/3x3Katskili\">Buklets<\/a><br \/>\nAv\u012bze\u00a0<a href=\"https:\/\/www.3x3.lv\/KRATUVE\/Katskili\/2013\/Katskilu_Atskanas_1.pdf\">Katski\u013cu atska\u0146as 1<\/a>\u00a0 \u00a0\u00a0<a href=\"https:\/\/www.3x3.lv\/KRATUVE\/Katskili\/2013\/Katskilu_Atskanas_2.pdf\">Katski\u013cu atska\u0146as 2<\/a>\u00a0 \u00a0\u00a0<a href=\"https:\/\/www.3x3.lv\/KRATUVE\/Katskili\/2013\/Katskilu_Atskanas_3.pdf\">Katski\u013cu atska\u0146as 3<\/a><\/p>\n<h3><span style=\"color: #993300;\"><strong>3&#215;3 2011.gad\u0101<\/strong><\/span><\/h3>\n<p><a href=\"https:\/\/www.3x3.lv\/KRATUVE\/Katskili\/2011\/3x3brosura2011.pdf\">Buklets<\/a><br \/>\nAv\u012bze\u00a0<a href=\"https:\/\/www.3x3.lv\/KRATUVE\/Katskili\/2011\/Katskilu%20Atskanas%20%231.pdf\">Katski\u013cu Atska\u0146as 1<\/a>\u00a0 \u00a0<a href=\"https:\/\/www.3x3.lv\/KRATUVE\/Katskili\/2011\/Katskilu%20Atskanas%20%232.pdf\">Katski\u013cu Atska\u0146as 2<\/a>\u00a0 \u00a0\u00a0<a href=\"https:\/\/www.3x3.lv\/KRATUVE\/Katskili\/2011\/Katskilu%20Atskanas%20%233.pdf\">Katski\u013cu Atska\u0146as 3<\/a>\u00a0 \u00a0<a href=\"https:\/\/www.3x3.lv\/KRATUVE\/Katskili\/2011\/Katskilu%20Atskanas%20%234.pdf\">Katski\u013cu Atska\u0146as 4<\/a>\u00a0 \u00a0<a href=\"https:\/\/www.3x3.lv\/KRATUVE\/Katskili\/2011\/Katskilu%20Atskanas%20%235.pdf\">Katski\u013cu Atska\u0146as 5<\/a><\/p>\n<h3><span style=\"color: #993300;\"><strong>3&#215;3 2010.gad\u0101<\/strong><\/span><\/h3>\n<p><strong>ASV,\u00a0Katski\u013cos \u00a0 \u00a0 \u00a0 \u00a0 \u00a0 \u00a0\u00a0<\/strong><a href=\"https:\/\/www.facebook.com\/3x3Katskili\/\">Lasi vair\u0101k<\/a><br \/>\nAv\u012bze\u00a0<a href=\"https:\/\/www.3x3.lv\/KRATUVE\/Katskili\/2010\/1-Melns%26Balts-16aug.pdf\">Melns un Balts 1<\/a>\u00a0 \u00a0<a href=\"https:\/\/www.3x3.lv\/KRATUVE\/Katskili\/2010\/2-Melns%26Balts-17aug.pdf\">Melns un Balts 2<\/a>\u00a0 \u00a0<a href=\"https:\/\/www.3x3.lv\/KRATUVE\/Katskili\/2010\/3-Melns%26Balts-18aug.pdf\">Melns un Balts 3<\/a>\u00a0 \u00a0<a href=\"https:\/\/www.3x3.lv\/KRATUVE\/Katskili\/2010\/4-Melns%26Balts-19aug.pdf\">Melns un Balts 4<\/a><br \/>\n<a href=\"https:\/\/www.3x3.lv\/KRATUVE\/Katskili\/2010\/5-Melns%26Balts-20aug.pdf\">Melns un Balts 5<\/a>\u00a0 \u00a0\u00a0<a href=\"https:\/\/www.3x3.lv\/KRATUVE\/Katskili\/2010\/6-Melns%26Balts-22aug.pdf\">Melns un Balts 6<\/a><\/p>\n<h3><span style=\"color: #993300;\"><strong>3&#215;3 2009.gad\u0101<\/strong><\/span><\/h3>\n<p><strong>\u00a0\u00a0<\/strong><a href=\"https:\/\/www.facebook.com\/3x3Katskili\/\">Skati lapu<\/a><\/p>\n","protected":false},"excerpt":{"rendered":"<p>3&#215;3 2019.gad\u0101 Katski\u013cos, no 18.l\u012bdz 25. augustam, vad\u012bja\u00a0Ingrida Jansone Buklets \u00a0 Pieteikties Saieta av\u012bze Katski\u013cu Atska\u0146as 1.\u00a0 Katski\u013cu Atska\u0146as 2.\u00a0 Katski\u013cu Atska\u0146as 3. ibjansons@gmail.com 3&#215;3 2018.gad\u0101 Katski\u013cos, no 12. l\u012bdz&#8230;<\/p>\n","protected":false},"author":1,"featured_media":0,"parent":229,"menu_order":0,"comment_status":"closed","ping_status":"closed","template":"","meta":{"__cvm_playback_settings":[],"__cvm_video_id":"","footnotes":""},"class_list":["post-745","page","type-page","status-publish","hentry"],"_links":{"self":[{"href":"https:\/\/www.3x3.lv\/index.php?rest_route=\/wp\/v2\/pages\/745","targetHints":{"allow":["GET"]}}],"collection":[{"href":"https:\/\/www.3x3.lv\/index.php?rest_route=\/wp\/v2\/pages"}],"about":[{"href":"https:\/\/www.3x3.lv\/index.php?rest_route=\/wp\/v2\/types\/page"}],"author":[{"embeddable":true,"href":"https:\/\/www.3x3.lv\/index.php?rest_route=\/wp\/v2\/users\/1"}],"replies":[{"embeddable":true,"href":"https:\/\/www.3x3.lv\/index.php?rest_route=%2Fwp%2Fv2%2Fcomments&post=745"}],"version-history":[{"count":21,"href":"https:\/\/www.3x3.lv\/index.php?rest_route=\/wp\/v2\/pages\/745\/revisions"}],"predecessor-version":[{"id":1818,"href":"https:\/\/www.3x3.lv\/index.php?rest_route=\/wp\/v2\/pages\/745\/revisions\/1818"}],"up":[{"embeddable":true,"href":"https:\/\/www.3x3.lv\/index.php?rest_route=\/wp\/v2\/pages\/229"}],"wp:attachment":[{"href":"https:\/\/www.3x3.lv\/index.php?rest_route=%2Fwp%2Fv2%2Fmedia&parent=745"}],"curies":[{"name":"wp","href":"https:\/\/api.w.org\/{rel}","templated":true}]}}