{"id":756,"date":"2017-08-21T11:11:12","date_gmt":"2017-08-21T09:11:12","guid":{"rendered":"http:\/\/www.3x3.lv\/?page_id=756"},"modified":"2026-02-06T09:59:27","modified_gmt":"2026-02-06T07:59:27","slug":"garezers","status":"publish","type":"page","link":"https:\/\/www.3x3.lv\/?page_id=756","title":{"rendered":"Garezers (ASV)"},"content":{"rendered":"\n<figure class=\"wp-block-image aligncenter size-full is-resized\"><img loading=\"lazy\" decoding=\"async\" width=\"426\" height=\"502\" src=\"https:\/\/www.3x3.lv\/wp-content\/uploads\/2022\/03\/Garezers.png\" alt=\"\" class=\"wp-image-2350\" style=\"width:141px;height:166px\" srcset=\"https:\/\/www.3x3.lv\/wp-content\/uploads\/2022\/03\/Garezers.png 426w, https:\/\/www.3x3.lv\/wp-content\/uploads\/2022\/03\/Garezers-255x300.png 255w\" sizes=\"auto, (max-width: 426px) 100vw, 426px\" \/><\/figure>\n\n\n<h3><span style=\"color: #993300;\"><strong>3&#215;3 2025.gad\u0101<\/strong><\/span><\/h3>\n<p class=\"has-text-align-left\">Garezer\u0101 no 3.augusta l\u012bdz 10.augustam, vad\u012bja <strong>Daiga R\u016bti\u0146a<\/strong>, <strong>M\u0101ra Linde<\/strong>, <strong>Maija Zaeska<\/strong>.<\/p>\n<p class=\"has-text-align-left\"><a href=\"https:\/\/3x3garezers.weebly.com\/\">Lasi vair\u0101k<\/a> <a href=\"https:\/\/www.3x3.lv\/KRATUVE\/Garezers\/2025\/2025g3x3Garezera.pdf\">Plak\u0101ts<\/a> <a href=\"https:\/\/www.3x3.lv\/KRATUVE\/Garezers\/2025\/2025_3x3_brochure.pdf\">Bro\u0161\u016bra<\/a> <a href=\"https:\/\/www.3x3.lv\/KRATUVE\/Garezers\/2025\/2025_3x3_application.docx\">Pieteikties<\/a><\/p>\n<p><a href=\"https:\/\/www.3x3.lv\/KRATUVE\/Garezers\/2025\/2025Garezera1.pdf\">Av\u012bze 1<\/a> <a href=\"https:\/\/www.3x3.lv\/KRATUVE\/Garezers\/2025\/2025Garezera2.pdf\">Av\u012bze 2<\/a><\/p>\n<h3><span style=\"color: #993300;\"><strong>3&#215;3 2024.gad\u0101<\/strong><\/span><\/h3>\n<p class=\"has-text-align-left\">Garezer\u0101 no 4. augusta l\u012bdz 11. augustam<\/p>\n<p class=\"has-text-align-left\"><a href=\"https:\/\/www.3x3.lv\/KRATUVE\/Garezers\/2024\/3x3%20Garezera%CC%84%202024.pdf\">Plak\u0101ts<\/a>\u00a0<a href=\"https:\/\/www.3x3.lv\/KRATUVE\/Garezers\/2024\/2024_3x3_brochure.pdf\">Buklets<\/a>\u00a0<a href=\"https:\/\/www.3x3.lv\/KRATUVE\/Garezers\/2024\/2024_3x3_application.pdf\">Pieteikties<\/a><\/p>\n<p><a href=\"https:\/\/www.3x3.lv\/KRATUVE\/Garezers\/2024\/3x32024Skanojums1.pdf\">Av\u012bze Ska\u0146ojums1<\/a>\u00a0<a href=\"https:\/\/www.3x3.lv\/KRATUVE\/Garezers\/2024\/3x32024Skanojums2.pdf\">Av\u012bze Ska\u0146ojums2<\/a><\/p>\n<h3><span style=\"color: #993300;\"><strong>3&#215;3 2023.gad\u0101<\/strong><\/span><\/h3>\n<p class=\"has-text-align-left\">Garezer\u0101 no 6.augusta l\u012bdz 13.augustam<\/p>\n<p class=\"has-text-align-left\"><a href=\"https:\/\/www.3x3.lv\/KRATUVE\/Garezers\/2023\/2023_3x3_programma.pdf\">Buklets <\/a>\u00a0\u00a0<a href=\"https:\/\/www.3x3.lv\/KRATUVE\/Garezers\/2023\/\">Lasi vair\u0101k<\/a>\u00a0 <a href=\"https:\/\/www.3x3.lv\/KRATUVE\/Garezers\/2023\/Gar%CC%A7ezera%CC%84_avi%CC%84ze1.pdf\">Av\u012bze 1<\/a>\u00a0<a href=\"https:\/\/www.3x3.lv\/KRATUVE\/Garezers\/2023\/Gar%CC%A7ezera%CC%84_avi%CC%84ze2.pdf\">Av\u012bze 2<\/a><\/p>\n<h3><span style=\"color: #993300;\"><strong>3&#215;3 2022.gad\u0101<\/strong><\/span><\/h3>\n<p><strong>Garezer\u0101<\/strong>,\u00a0no 31. j\u016blija l\u012bdz 7. augustam <a href=\"https:\/\/www.3x3.lv\/KRATUVE\/Garezers\/2022\/2022_3x3_brochure.pdf\">Buklets<\/a>\u00a0 <a href=\"https:\/\/www.3x3.lv\/KRATUVE\/Garezers\/2022\/3x3_2022Garezera_avize.pdf\">Av\u012bze<\/a><\/p>\n<h3><span style=\"color: #993300;\"><strong>3&#215;3 2019.gad\u0101<\/strong><\/span><\/h3>\n<p style=\"text-align: left;\"><b>Garezer\u0101<\/b>, no 4. l\u012bdz 11. augustam, vad\u012bja\u00a0<b>Maija Zaeska, Daiga R\u016bti\u0146a, Larisa Ka\u013ci\u0146a <\/b><a href=\"https:\/\/www.3x3.lv\/KRATUVE\/Garezers\/2019\/2019_3x3_brochure4_17_19.pdf\">Buklets<\/a> \u00a0 <a href=\"https:\/\/www.3x3.lv\/KRATUVE\/Garezers\/2019\/2019_3x3_application.pdf\">Pieteikties<\/a> \u00a0<a href=\"https:\/\/www.3x3.lv\/?page_id=1473\">\u00a0 Lasi vair\u0101k<\/a>\u00a0 Saieta av\u012bze <a href=\"https:\/\/www.3x3.lv\/KRATUVE\/Garezers\/2019\/TikumuTaure1.pdf\">TikumuTaure 1.<\/a>\u00a0 <a href=\"https:\/\/www.3x3.lv\/KRATUVE\/Garezers\/2019\/TikumuTaure2.pdf\">TikumuTaure 2.<\/a><\/p>\n<h3><span style=\"color: #993300;\"><strong>3&#215;3 2018.gad\u0101<\/strong><\/span><\/h3>\n<p style=\"text-align: left;\"><strong>Garezer\u0101<\/strong>, no 5. l\u012bdz 12. augustam,\u00a0vad. <strong>Maija Zaeska, Daiga R\u016bti\u0146a, Larisa Ka\u013ci\u0146a<\/strong> <a style=\"font-size: inherit;\" href=\"https:\/\/www.3x3.lv\/KRATUVE\/Garezers\/2018\/2018_3x3_brochure.pdf\">Bro\u0161\u016bra\u00a0\u00a0\u00a0<\/a><a style=\"font-size: inherit;\" href=\"https:\/\/www.3x3.lv\/KRATUVE\/Garezers\/2018\/2018_3x3_application.pdf\">Pieteik\u0161an\u0101s anketa \u00a0 <\/a><span style=\"font-size: inherit;\">Av\u012bze\u00a0<\/span><a style=\"font-size: inherit;\" href=\"https:\/\/www.3x3.lv\/KRATUVE\/Garezers\/2018\/3x3KurmisKlausas1.pdf\">Kurmis klaus\u0101s 1\u00a0\u00a0<\/a><a style=\"font-size: inherit;\" href=\"https:\/\/www.3x3.lv\/KRATUVE\/Garezers\/2018\/3x3KurmisKlausas2.pdf\">Kurmis klaus\u0101s 2<\/a>\u00a0 <a href=\"https:\/\/www.3x3.lv\/KRATUVE\/Garezers\/2018\/3x3KurmisKlausas1foto.pdf\">Kurmis klaus\u0101s 1(labi foto)\u00a0\u00a0<\/a><a href=\"https:\/\/www.3x3.lv\/KRATUVE\/Garezers\/2018\/3x3KurmisKlausas2foto.pdf\">Kurmis klaus\u0101s 2 (labi foto)<\/a><\/p>\n<h3><span style=\"color: #993300;\"><strong>3&#215;3 2017.gad\u0101<\/strong><\/span><\/h3>\n<p><strong>Garezer\u0101<\/strong>, no 6. l\u012bdz 13. augustam, nometni vad\u012bja<br \/><strong>Maija Zaeska, Daiga R\u016bti\u0146a, Larisa Ka\u013ci\u0146a<\/strong><br \/><a href=\"https:\/\/www.3x3.lv\/KRATUVE\/Garezers\/2017\/2017_3x3_brochure.pdf\">Buklets <\/a>\u00a0<a href=\"https:\/\/www.3x3.lv\/KRATUVE\/Garezers\/2017\/2017_3x3_application.pdf\">Pieteik\u0161an\u0101s anketa<\/a><br \/>Av\u012bze \u00a0\u00a0<a href=\"https:\/\/www.3x3.lv\/KRATUVE\/Garezers\/2017\/3x3ZemSegas1.pdf\">Zem Segas 1.<\/a>\u00a0 \u00a0<a href=\"https:\/\/www.3x3.lv\/KRATUVE\/Garezers\/2017\/3x3ZemSegas2.pdf\">Zem Segas 2<\/a>.<\/p>\n<h3><span style=\"color: #993300;\"><strong>3&#215;3 2016.gad\u0101<\/strong><\/span><\/h3>\n<p>no 7. l\u012bdz 14.augustam, vad\u012bja<br \/><strong>Maija Zaeska, Daiga R\u016bti\u0146a, Larisa Ka\u013ci\u0146a<\/strong><br \/><a href=\"https:\/\/www.3x3.lv\/KRATUVE\/Garezers\/2016\/3x3RakstsavizemLigaR2016.pdf\">Raksts<\/a>\u00a0\u00a0\u00a0<a href=\"https:\/\/www.3x3.lv\/KRATUVE\/Garezers\/2016\/2016_3x3_brochure.pdf\">Buklets<\/a>\u00a0\u00a0<a href=\"https:\/\/www.3x3.lv\/KRATUVE\/Garezers\/2016\/2016_3x3_application.pdf\">Pieteik\u0161an\u0101s anketa<\/a><\/p>\n<h3><span style=\"color: #993300;\"><strong>3&#215;3 2015.gad\u0101<\/strong><\/span><\/h3>\n<p>no 9. l\u012bdz 16. augustam, nometni vad\u012bja<strong>\u00a0<\/strong><br \/><strong>Maija Zaeska, Daiga R\u016bti\u0146a, Larisa Ka\u013ci\u0146a<\/strong><br \/><a href=\"https:\/\/www.3x3.lv\/KRATUVE\/Garezers\/2015\/2015_3x3_application2.pdf\">Pieteik\u0161an\u0101s anketa<\/a>\u00a0\u00a0<a href=\"https:\/\/www.3x3.lv\/KRATUVE\/Garezers\/2015\/2015_3x3_brochure.pdf\">Buklets<\/a>\u00a0\u00a0<a href=\"https:\/\/www.3x3.lv\/KRATUVE\/Garezers\/2015\/JurisKenins2015.pdf\">Raksts<\/a><br \/><a href=\"https:\/\/www.3x3.lv\/3x3-garezera-raina-un-aspaz.html\" target=\"_blank\" rel=\"noopener noreferrer\">Raksta\u00a0<strong>L\u012bga Ruperte<\/strong>\u00a0un\u00a0<strong>Maija Zaeska<\/strong><\/a><\/p>\n<h3><span style=\"color: #993300;\"><strong>3&#215;3 2014.gad\u0101<\/strong><\/span><\/h3>\n<p>no 10. l\u012bdz 17.augustam, nometni vad\u012bja\u00a0<strong>Maija Zaeska<\/strong><br \/><a href=\"https:\/\/www.3x3.lv\/KRATUVE\/Garezers\/2014\/2014_3x3_brochure.pdf\" target=\"_blank\" rel=\"noopener noreferrer\">Buklets<\/a>\u00a0\u00a0\u00a0<a href=\"https:\/\/www.3x3.lv\/KRATUVE\/Garezers\/2014\/2014_3x3_application.pdf\" target=\"_blank\" rel=\"noopener noreferrer\">Pieteik\u0161an\u0101s anketa<\/a>\u00a0 \u00a0<a href=\"https:\/\/www.3x3.lv\/~PAGEID~475B479E13994D19B317\" target=\"_blank\" rel=\"noopener noreferrer\">Lasi vair\u0101k<\/a><br \/>Nometnes av\u012bze\u00a0<a href=\"https:\/\/www.3x3.lv\/KRATUVE\/Garezers\/2014\/3x3_Melene_1.pdf\">M\u0113lene 1<\/a>\u00a0\u00a0<a href=\"https:\/\/www.3x3.lv\/KRATUVE\/Garezers\/2014\/3x3_Melene_2.pdf\">M\u0113lene 2<\/a><\/p>\n<h3><span style=\"color: #993300;\"><strong>3&#215;3 2013.gad\u0101<\/strong><\/span><\/h3>\n<p>no 11. l\u012bdz 18.augustam, vad\u012bja\u00a0<strong>Maija Zaeska \u00a0 \u00a0\u00a0<\/strong><a href=\"https:\/\/www.3x3.lv\/KRATUVE\/Garezers\/2013\/2013_3x3_brochure.pdf\">Buklets<\/a><br \/>Av\u012bze\u00a0<a href=\"https:\/\/www.3x3.lv\/KRATUVE\/Garezers\/2013\/Avize1.pdf\">Greizie rati 1<\/a>\u00a0 <a href=\"https:\/\/www.3x3.lv\/KRATUVE\/Garezers\/2013\/Avize2.pdf\">Greizie rati 2<\/a><br \/><a href=\"http:\/\/lr1.latvijasradio.lv\/lv\/raksts\/laikarata-riti\/latvieshu-tradiicijas-aizokeana-zeme.a28554\/\">Intervija Latvijas radio 1<\/a><\/p>\n<h3><span style=\"color: #993300;\"><strong>3&#215;3 2012.gad\u0101<\/strong><\/span><\/h3>\n<p><a href=\"https:\/\/www.3x3.lv\/3x3-nometne-garezera-veicin.html\">Raksta\u00a0<strong>Maija Str\u0113lniece<\/strong><\/a>\u00a0 \u00a0\u00a0<a href=\"https:\/\/www.3x3.lv\/ka-gaja-nometne.html\">Raksta\u00a0<strong>M\u0101ra Linde<\/strong><\/a><br \/>Av\u012bze\u00a0<a href=\"https:\/\/www.3x3.lv\/Garezers\/2012\/3x3iezi.pdf\">Garezera Skaidas 1\u00a0\u00a0<\/a>\u00a0<a href=\"https:\/\/www.3x3.lv\/Garezers\/2012\/3x3iezi2.pdf\">Garezera Skaidas 2<\/a><\/p>\n<h3><span style=\"color: #993300;\"><strong>3&#215;3 2011.gad\u0101<\/strong><\/span><\/h3>\n<p><a href=\"https:\/\/www.3x3.lv\/Garezers\/2011\/2011_3x3_brochure.pdf\">Buklets<\/a><br \/>Av\u012bze\u00a0<a href=\"https:\/\/www.3x3.lv\/KRATUVE\/Garezers\/2011\/Garezera%20Skaidas%20%231.pdf\">Garezera Skaidas1\u00a0<\/a>\u00a0<a href=\"https:\/\/www.3x3.lv\/KRATUVE\/Garezers\/2011\/Garezera%20Skaidas%20%232.pdf\">Garezera Skaidas 2<\/a> \u00a0<a href=\"https:\/\/www.3x3.lv\/KRATUVE\/Garezers\/2011\/Garezera%20Skaidas%20%233.pdf\">Garezera Skaidas 3<\/a><\/p>\n<h3><strong><span style=\"color: #993300;\">3&#215;3 2010.gad\u0101<\/span><\/strong><\/h3>\n<p><a href=\"https:\/\/www.3x3.lv\/KRATUVE\/Garezers\/2010\/2010_3x3brochure_fini.pdf\">Buklets<\/a><br \/>Av\u012bze \u00a0<a href=\"https:\/\/www.3x3.lv\/KRATUVE\/Garezers\/2010\/Garezera_Zvinas_1.pdf\">Garezera zv\u012b\u0146as 1<\/a>\u00a0\u00a0<a href=\"https:\/\/www.3x3.lv\/KRATUVE\/Garezers\/2010\/Garezera_Zvinas_2.pdf\">Garezera zv\u012b\u0146as 2\u00a0\u00a0\u00a0\u00a0<\/a><a href=\"https:\/\/www.3x3.lv\/KRATUVE\/Garezers\/2010\/Garezera_Zvinas_3.pdf\">Garezera zv\u012b\u0146as 3<\/a><\/p>\n<h3><span style=\"color: #993300;\"><strong>3&#215;3 2009.gad\u0101<\/strong><\/span><\/h3>\n<p><strong>\u00a0<\/strong><a href=\"https:\/\/www.3x3.lv\/~PAGEID~9BE15DBA45AD48099981\">Astr\u012bdas raksts<\/a>\u00a0 \u00a0<a href=\"https:\/\/www.3x3.lv\/Garezers\/2009\/2009avize.pdf\">Av\u012bze<\/a><\/p>","protected":false},"excerpt":{"rendered":"<p>3&#215;3 2025.gad\u0101 Garezer\u0101 no 3.augusta l\u012bdz 10.augustam, vad\u012bja Daiga R\u016bti\u0146a, M\u0101ra Linde, Maija Zaeska. Lasi vair\u0101k Plak\u0101ts Bro\u0161\u016bra Pieteikties Av\u012bze 1 Av\u012bze 2 3&#215;3 2024.gad\u0101 Garezer\u0101 no 4. augusta l\u012bdz&#8230;<\/p>\n","protected":false},"author":1,"featured_media":0,"parent":229,"menu_order":0,"comment_status":"closed","ping_status":"closed","template":"","meta":{"__cvm_playback_settings":[],"__cvm_video_id":"","footnotes":""},"class_list":["post-756","page","type-page","status-publish","hentry"],"_links":{"self":[{"href":"https:\/\/www.3x3.lv\/index.php?rest_route=\/wp\/v2\/pages\/756","targetHints":{"allow":["GET"]}}],"collection":[{"href":"https:\/\/www.3x3.lv\/index.php?rest_route=\/wp\/v2\/pages"}],"about":[{"href":"https:\/\/www.3x3.lv\/index.php?rest_route=\/wp\/v2\/types\/page"}],"author":[{"embeddable":true,"href":"https:\/\/www.3x3.lv\/index.php?rest_route=\/wp\/v2\/users\/1"}],"replies":[{"embeddable":true,"href":"https:\/\/www.3x3.lv\/index.php?rest_route=%2Fwp%2Fv2%2Fcomments&post=756"}],"version-history":[{"count":22,"href":"https:\/\/www.3x3.lv\/index.php?rest_route=\/wp\/v2\/pages\/756\/revisions"}],"predecessor-version":[{"id":3574,"href":"https:\/\/www.3x3.lv\/index.php?rest_route=\/wp\/v2\/pages\/756\/revisions\/3574"}],"up":[{"embeddable":true,"href":"https:\/\/www.3x3.lv\/index.php?rest_route=\/wp\/v2\/pages\/229"}],"wp:attachment":[{"href":"https:\/\/www.3x3.lv\/index.php?rest_route=%2Fwp%2Fv2%2Fmedia&parent=756"}],"curies":[{"name":"wp","href":"https:\/\/api.w.org\/{rel}","templated":true}]}}