{"id":779,"date":"2017-08-22T21:25:21","date_gmt":"2017-08-22T19:25:21","guid":{"rendered":"http:\/\/www.3x3.lv\/?page_id=779"},"modified":"2026-02-06T10:30:14","modified_gmt":"2026-02-06T08:30:14","slug":"irija","status":"publish","type":"page","link":"https:\/\/www.3x3.lv\/?page_id=779","title":{"rendered":"\u012arija"},"content":{"rendered":"\n<p><\/p>\n\n\n\n<h2 class=\"wp-block-heading\">2024.gad\u0101<\/h2>\n\n\n\n<p><img loading=\"lazy\" decoding=\"async\" width=\"150\" height=\"129\" class=\"wp-image-3028\" style=\"width: 150px;\" src=\"https:\/\/www.3x3.lv\/wp-content\/uploads\/2024\/06\/3x3_logo_2024_2.png\" alt=\"\" srcset=\"https:\/\/www.3x3.lv\/wp-content\/uploads\/2024\/06\/3x3_logo_2024_2.png 1655w, https:\/\/www.3x3.lv\/wp-content\/uploads\/2024\/06\/3x3_logo_2024_2-300x257.png 300w, https:\/\/www.3x3.lv\/wp-content\/uploads\/2024\/06\/3x3_logo_2024_2-1024x878.png 1024w, https:\/\/www.3x3.lv\/wp-content\/uploads\/2024\/06\/3x3_logo_2024_2-768x658.png 768w, https:\/\/www.3x3.lv\/wp-content\/uploads\/2024\/06\/3x3_logo_2024_2-1536x1317.png 1536w\" sizes=\"auto, (max-width: 150px) 100vw, 150px\" \/><br>no 11.l\u012bdz 17.augustam<br>Lough Lannagh br\u012bvdienu ciemat\u0101 Castlebar pils\u0113t\u0101 Mayo gr\u0101fist\u0113<br>saietu vad\u012bja <strong>Zane<\/strong> un <strong>M\u0101rti\u0146\u0161 Puncu\u013ci<\/strong><br><a href=\"http:\/\/baltic-ireland.ie\/2023\/12\/54579\/?fbclid=IwAR3nv0MnSSWRzTdvydA6hzyw8cl3fbt0_Vpb5HCs4aa49CTCtKsDB6r0voY_aem_AdB98h7c60GcL-j5Kh9yYys2gOmOhXlVEeCY7_UmX67U0ImGWBKE1vdbLmRxFwSKzC0\">Lasi vair\u0101k<\/a> <a href=\"https:\/\/forms.gle\/AfLPLp4Wq4PFBNiX6\">Pieteikuma anketa<\/a><br><a href=\"http:\/\/baltic-ireland.ie\/2024\/08\/55364\/\">Raksts p\u0113c saieta<\/a><br><br> <a href=\"https:\/\/www.3x3.lv\/KRATUVE\/Irija\/2024\/1_Trejlapis2024.pdf\">Trejlapis 1<\/a> <a href=\"https:\/\/www.3x3.lv\/KRATUVE\/Irija\/2024\/2_Trejlapis2024.pdf\">Trejlapis 2<\/a> <a href=\"https:\/\/www.3x3.lv\/KRATUVE\/Irija\/2024\/3_Trejlapis2024.pdf\">Trejlapis 3<\/a> <a href=\"https:\/\/www.3x3.lv\/KRATUVE\/Irija\/2024\/4_Trejlapis2024.pdf\">Trejlapis 4<\/a> <a href=\"https:\/\/www.3x3.lv\/KRATUVE\/Irija\/2024\/5_Trejlapis2024.pdf\">Trejlapis 5<\/a> <a href=\"https:\/\/www.3x3.lv\/KRATUVE\/Irija\/2024\/6_Trejlapis2024.pdf\">Trejlapis 6<\/a><\/p>\n\n\n\n<h2 class=\"wp-block-heading\">2023.gad\u0101<\/h2>\n\n\n\n<figure class=\"wp-block-image alignright is-resized\"><img loading=\"lazy\" decoding=\"async\" width=\"546\" height=\"546\" src=\"https:\/\/www.3x3.lv\/wp-content\/uploads\/2023\/07\/3x3_2023_zime.jpg\" alt=\"\" class=\"wp-image-2746\" style=\"width:123px;height:auto\" srcset=\"https:\/\/www.3x3.lv\/wp-content\/uploads\/2023\/07\/3x3_2023_zime.jpg 546w, https:\/\/www.3x3.lv\/wp-content\/uploads\/2023\/07\/3x3_2023_zime-300x300.jpg 300w, https:\/\/www.3x3.lv\/wp-content\/uploads\/2023\/07\/3x3_2023_zime-150x150.jpg 150w\" sizes=\"auto, (max-width: 546px) 100vw, 546px\" \/><\/figure>\n\n\n\n<p>No 13. l\u012bdz 19. augustam&nbsp;<\/p>\n\n\n\n<p>vad\u012bja <strong>Lauris Karpovs<\/strong>&nbsp;, t\u0113ma \u201cP\u016bra L\u0101de\u201d<\/p>\n\n\n\n<p>moto \u201cZied roz\u012btes, zied magones uz m\u0101si\u0146as p\u016bra v\u0101ka!\u201d<\/p>\n\n\n\n<p><a href=\"https:\/\/www.3x3.lv\/KRATUVE\/Irija\/2023\/3x3_Irija2023_Buklets.pdf\">Buklets<\/a>&nbsp; <a href=\"https:\/\/www.3x3.lv\/KRATUVE\/Irija\/2023\/Trejlapis_pirmais2023.pdf\">Trejlapis 1<\/a>&nbsp; <a href=\"https:\/\/www.3x3.lv\/KRATUVE\/Irija\/2023\/Trejlapis_otrais2023.pdf\">Trejlapis 2<\/a>&nbsp; <a href=\"https:\/\/www.3x3.lv\/KRATUVE\/Irija\/2023\/Trejlapis_tresais2023.pdf\">Trejlapis 3<\/a>&nbsp; <a href=\"https:\/\/www.3x3.lv\/KRATUVE\/Irija\/2023\/Trejlapis_ceturtais2023.pdf\">Trejlapis 4<\/a><\/p>\n\n\n<h2>2022.gad\u0101<\/h2>\n<p>no 14. l\u012bdz 20. augustam. \u0160ogad nometni vad\u012bja <strong>Lauris Karpovs<\/strong> un t\u0101s t\u0113ma b\u016bs Valoda un moto:<\/p>\n<p class=\"has-text-align-center\" style=\"text-align: left;\">\u201cTeici, teici, valodi\u0146a, ko up\u012bte burbul\u0113ja!\u201d<\/p>\n<p class=\"has-text-align-center\" style=\"text-align: left;\"><a href=\"https:\/\/www.3x3.lv\/KRATUVE\/Irija\/2022\/3x3_Irija2022_Buklets.pdf\">Buklets<\/a> <a href=\"http:\/\/baltic-ireland.ie\/2022\/03\/51651\/\">Lasi vair\u0101k<\/a><\/p>\n<p><a href=\"https:\/\/www.3x3.lv\/KRATUVE\/Irija\/2022\/Avize\/trejlapis2022_1.pdf\">Trejlapis 1. <\/a> <a href=\"https:\/\/www.3x3.lv\/KRATUVE\/Irija\/2022\/Avize\/trejlapis2022_2.pdf\"> Trejlapis 2.<\/a> <a href=\"https:\/\/www.3x3.lv\/KRATUVE\/Irija\/2022\/Avize\/trejlapis2022_3.pdf\">Trejlapis 3.<\/a> <a href=\"https:\/\/www.3x3.lv\/KRATUVE\/Irija\/2022\/Avize\/trejlapis2022_4.pdf\">Trejlapis 4.<\/a> <a href=\"https:\/\/www.3x3.lv\/KRATUVE\/Irija\/2022\/Avize\/trejlapis2022_5.pdf\">Trejlapis 5.<\/a> <a href=\"https:\/\/www.3x3.lv\/KRATUVE\/Irija\/2022\/Avize\/trejlapis2022_6.pdf\">Trejlapis 6.<\/a><\/p>\n<h2>\u00a0<\/h2>\n<h2>2021.gad\u0101<\/h2>\n<p>\u012arijas 3\u00d73 dienasgr\u0101mata. <a href=\"http:\/\/baltic-ireland.ie\/2021\/08\/50068\/\">Pirm\u0101 diena<\/a>\u00a0 <a href=\"http:\/\/baltic-ireland.ie\/2021\/08\/50070\/\">Otr\u0101 diena<\/a>\u00a0<a href=\"http:\/\/baltic-ireland.ie\/2021\/08\/50085\/\">Tre\u0161\u0101 diena<\/a>\u00a0<a href=\"http:\/\/baltic-ireland.ie\/2021\/08\/50093\/\">Ceturt\u0101 diena<\/a> <a href=\"http:\/\/baltic-ireland.ie\/2021\/08\/50102\/\">Piekt\u0101 diena<\/a> <a href=\"http:\/\/baltic-ireland.ie\/2021\/08\/50110\/\">Sest\u0101 diena<\/a><\/p>\n<p>Lasi jaun\u0101k\u0101s av\u012bzes <a href=\"https:\/\/www.3x3.lv\/KRATUVE\/Irija\/2019\/Trejlapis2019_8.pdf\">Trejlapis \u00a08.<\/a>\u00a0 <a href=\"https:\/\/www.3x3.lv\/KRATUVE\/Irija\/2019\/Trejlapis2019_9.pdf\">Trejlapis \u00a09.<\/a>\u00a0 <a href=\"https:\/\/www.3x3.lv\/KRATUVE\/Irija\/2019\/Trejlapis2019_10.pdf\">Trejlapis \u00a010.<\/a><\/p>\n<h2>2019.gad\u0101<\/h2>\n<p style=\"text-align: left;\">No 19. l\u012bdz 25. augustam, vad\u012bja\u00a0<b>Zane Kazotniece<\/b><\/p>\n<p style=\"text-align: left;\">Saieta av\u012bze \u00a0<a href=\"https:\/\/www.3x3.lv\/KRATUVE\/Irija\/2019\/Trejlapis2019_1.pdf\">Trejlapis 1.\u00a0<\/a>\u00a0 <a href=\"https:\/\/www.3x3.lv\/KRATUVE\/Irija\/2019\/Trejlapis2019_2.pdf\">Trejlapis 2.<\/a>\u00a0 <a href=\"https:\/\/www.3x3.lv\/KRATUVE\/Irija\/2019\/Trejlapis2019_3.pdf\">Trejlapis 3.<\/a>\u00a0 <a href=\"https:\/\/www.3x3.lv\/KRATUVE\/Irija\/2019\/Trejlapis2019_4.pdf\">Trejlapis \u00a04.<\/a>\u00a0 <a href=\"https:\/\/www.3x3.lv\/KRATUVE\/Irija\/2019\/Trejlapis2019_5.pdf\">Trejlapis \u00a05.<\/a>\u00a0 <a href=\"https:\/\/www.3x3.lv\/KRATUVE\/Irija\/2019\/Trejlapis2019_6.pdf\">Trejlapis \u00a06.<\/a>\u00a0 <a href=\"https:\/\/www.3x3.lv\/KRATUVE\/Irija\/2019\/Trejlapis2019_7.pdf\">Trejlapis \u00a07.<\/a><\/p>\n<p style=\"text-align: left;\"><a class=\"\" href=\"mailto:kazotniece@gmail.com\">kazotniece@gmail.com<\/a><\/p>\n<h3>2018.gad\u0101<\/h3>\n<p style=\"text-align: left;\">No 31.maija l\u012bdz 4.j\u016bnijam,\u00a0vad.<strong>L\u0101sma Andersone<\/strong> un <strong>Krists Bebri\u0161s\u00a0<\/strong><br \/><a href=\"https:\/\/www.3x3.lv\/KRATUVE\/Irija\/2018\/1_2018_Trejlapis.pdf\">Trejlapis 1.<\/a> \u00a0<a href=\"https:\/\/www.3x3.lv\/KRATUVE\/Irija\/2018\/2_2018_Trejlapis.pdf\">Trejlapis 2.<\/a> \u00a0<a href=\"https:\/\/www.3x3.lv\/KRATUVE\/Irija\/2018\/3_2018_Trejlapis.pdf\">Trejlapis 3.<\/a> \u00a0<a href=\"https:\/\/www.3x3.lv\/KRATUVE\/Irija\/2018\/4_2018_Trejlapis.pdf\">Trejlapis 4.<\/a> \u00a0<a href=\"https:\/\/www.3x3.lv\/KRATUVE\/Irija\/2018\/5_2018_Trejlapis.pdf\">Trejlapis 5.\u00a0<\/a><\/p>\n<h3 style=\"text-align: left;\">2017.gad\u0101<\/h3>\n<p>No 13.l\u012bdz 19.augustam, vad\u012bja\u00a0<strong>L\u0101sma Andersone un Krists Bebri\u0161s<\/strong><br \/>Av\u012bze <a href=\"https:\/\/www.3x3.lv\/KRATUVE\/Irija\/2017\/Trejlapis1_2017.pdf\">Trejlapis 1.<\/a>\u00a0 \u00a0<a href=\"https:\/\/www.3x3.lv\/KRATUVE\/Irija\/2017\/Trejlapis2_2017.pdf\">Trejlapis 2.<\/a>\u00a0 \u00a0<a href=\"https:\/\/www.3x3.lv\/KRATUVE\/Irija\/2017\/Trejlapis3_2017.pdf\">Trejlapis 3.<\/a>\u00a0 \u00a0<a href=\"https:\/\/www.3x3.lv\/KRATUVE\/Irija\/2017\/Trejlapis4_2017.pdf\">Trejlapis 4.<\/a>\u00a0 \u00a0<a href=\"https:\/\/www.3x3.lv\/KRATUVE\/Irija\/2017\/Trejlapis5_2017.pdf\">Trejlapis 5.<\/a>\u00a0 \u00a0<a href=\"https:\/\/www.3x3.lv\/KRATUVE\/Irija\/2017\/Trejlapis6_2017.pdf\">Trejlapis 6.<\/a>\u00a0\u00a0<a href=\"https:\/\/www.3x3.lv\/KRATUVE\/Irija\/2017\/Trejlapis7_2017.pdf\">Trejlapis 7.<\/a><\/p>\n<h3>2016.gad\u0101<\/h3>\n<p>No 15. l\u012bdz 21.augustam, vad\u012bja\u00a0<strong>Baiba Kalni\u0146a<\/strong><br \/><a href=\"https:\/\/www.3x3.lv\/KRATUVE\/Irija\/2016\/Trejlapis_1.pdf\">Trejlapis1<\/a>\u00a0\u00a0<a href=\"https:\/\/www.3x3.lv\/KRATUVE\/Irija\/2016\/Trejlapis_2.pdf\">Trejlapis2<\/a>\u00a0\u00a0<a href=\"https:\/\/www.3x3.lv\/KRATUVE\/Irija\/2016\/Trejlapis_3.pdf\">\u00a0Trejlapis3<\/a> \u00a0<a href=\"https:\/\/www.3x3.lv\/KRATUVE\/Irija\/2016\/Trejlapis_4.pdf\">Trejlapis4<\/a> \u00a0<a href=\"https:\/\/www.3x3.lv\/KRATUVE\/Irija\/2016\/Trejlapis_5.pdf\">Trejlapis5<\/a> \u00a0<a href=\"https:\/\/www.3x3.lv\/KRATUVE\/Irija\/2016\/Trejlapis_6.pdf\">Trejlapis6<\/a> \u00a0<a href=\"https:\/\/www.3x3.lv\/KRATUVE\/Irija\/2016\/Trejlapis_7.pdf\">Trejlapis7<\/a><\/p>\n<h3>2015.gad\u0101<\/h3>\n<p>no 16. l\u012bdz 23. augustam, saietu vad\u012bja\u00a0<strong>Baiba Kalni\u0146a<\/strong><br \/>Saieta av\u012bze\u00a0<a href=\"https:\/\/www.3x3.lv\/KRATUVE\/Irija\/2015\/3x3_AVIZE_1.pdf\" target=\"_blank\" rel=\"noopener noreferrer\">1.Trejlapis<\/a>\u00a0<a href=\"https:\/\/www.3x3.lv\/KRATUVE\/Irija\/2015\/3x3_AVIZE_2.pdf\">2.Trejlapis<\/a>\u00a0<a href=\"https:\/\/www.3x3.lv\/KRATUVE\/Irija\/2015\/3x3_AVIZE_3.pdf\">3.Trejlapis<\/a>\u00a0<a href=\"https:\/\/www.3x3.lv\/KRATUVE\/Irija\/2015\/3x3_AVIZE_4.pdf\">4.Trejlapis<\/a>\u00a0<a href=\"https:\/\/www.3x3.lv\/KRATUVE\/Irija\/2015\/3x3_AVIZE_5.pdf\">5.Trejlapis<\/a>\u00a0<a href=\"https:\/\/www.3x3.lv\/KRATUVE\/Irija\/2015\/3x3_AVIZE_6.pdf\">6.Trejlapis\u00a0<\/a><a href=\"https:\/\/www.3x3.lv\/KRATUVE\/Irija\/2015\/3x3_AVIZE_7.pdf\" target=\"_blank\" rel=\"noopener noreferrer\">7.Trejlapis<\/a><\/p>\n<h3>2014.gad\u0101<\/h3>\n<p>no 10. l\u012bdz 17.augustam, saietu vad\u012bja\u00a0<strong>Ing\u016bna<\/strong>\u00a0un\u00a0<strong>Imants Mie\u017ei<\/strong><br \/>Nometnes av\u012bze<br \/><a href=\"https:\/\/www.3x3.lv\/KRATUVE\/Irija\/2014\/3x3_1.pdf\">Trejlapis 1<\/a>\u00a0\u00a0<a href=\"https:\/\/www.3x3.lv\/KRATUVE\/Irija\/2014\/3x3_2.pdf\">Trejlapis 2<\/a>\u00a0\u00a0<a href=\"https:\/\/www.3x3.lv\/KRATUVE\/Irija\/2014\/3x3_3.pdf\">Trejlapis 3<\/a>\u00a0\u00a0<a href=\"https:\/\/www.3x3.lv\/KRATUVE\/Irija\/2014\/3x3_3.pdf\">Trejlapis 4<\/a>\u00a0\u00a0<a href=\"https:\/\/www.3x3.lv\/KRATUVE\/Irija\/2014\/3x3_5mazais.pdf\">Trejlapis 5<\/a>\u00a0\u00a0<a href=\"https:\/\/www.3x3.lv\/KRATUVE\/Irija\/2014\/3x3_6mazais.pdf\">Trejlapis 6<\/a>\u00a0\u00a0<a href=\"https:\/\/www.3x3.lv\/KRATUVE\/Irija\/2014\/3x3_7mazais.pdf\">Trejlapis 7<\/a><\/p>\n<h3>2013.gad\u0101<\/h3>\n<p>no 11. l\u012bdz 18. augustam, vad\u012bja<strong>\u00a0<\/strong><strong>Ing\u016bna Mieze\u00a0<\/strong>\u00a0<a href=\"https:\/\/www.3x3.lv\/3x3-irija-notiks-no-11-lidz.html\" target=\"_blank\" rel=\"noopener noreferrer\">Lasi vair\u0101k<\/a><\/p>\n<h3>2012.gad\u0101<\/h3>\n<p><a href=\"http:\/\/www.3x3irija.com\/topic\/3x3-irija\/2012\/\">Lasi vair\u0101k<\/a><\/p>","protected":false},"excerpt":{"rendered":"<p>2024.gad\u0101 no 11.l\u012bdz 17.augustamLough Lannagh br\u012bvdienu ciemat\u0101 Castlebar pils\u0113t\u0101 Mayo gr\u0101fist\u0113saietu vad\u012bja Zane un M\u0101rti\u0146\u0161 Puncu\u013ciLasi vair\u0101k Pieteikuma anketaRaksts p\u0113c saieta Trejlapis 1 Trejlapis 2 Trejlapis 3 Trejlapis 4 Trejlapis&#8230;<\/p>\n","protected":false},"author":1,"featured_media":0,"parent":229,"menu_order":0,"comment_status":"closed","ping_status":"closed","template":"","meta":{"__cvm_playback_settings":[],"__cvm_video_id":"","footnotes":""},"class_list":["post-779","page","type-page","status-publish","hentry"],"_links":{"self":[{"href":"https:\/\/www.3x3.lv\/index.php?rest_route=\/wp\/v2\/pages\/779","targetHints":{"allow":["GET"]}}],"collection":[{"href":"https:\/\/www.3x3.lv\/index.php?rest_route=\/wp\/v2\/pages"}],"about":[{"href":"https:\/\/www.3x3.lv\/index.php?rest_route=\/wp\/v2\/types\/page"}],"author":[{"embeddable":true,"href":"https:\/\/www.3x3.lv\/index.php?rest_route=\/wp\/v2\/users\/1"}],"replies":[{"embeddable":true,"href":"https:\/\/www.3x3.lv\/index.php?rest_route=%2Fwp%2Fv2%2Fcomments&post=779"}],"version-history":[{"count":14,"href":"https:\/\/www.3x3.lv\/index.php?rest_route=\/wp\/v2\/pages\/779\/revisions"}],"predecessor-version":[{"id":3591,"href":"https:\/\/www.3x3.lv\/index.php?rest_route=\/wp\/v2\/pages\/779\/revisions\/3591"}],"up":[{"embeddable":true,"href":"https:\/\/www.3x3.lv\/index.php?rest_route=\/wp\/v2\/pages\/229"}],"wp:attachment":[{"href":"https:\/\/www.3x3.lv\/index.php?rest_route=%2Fwp%2Fv2%2Fmedia&parent=779"}],"curies":[{"name":"wp","href":"https:\/\/api.w.org\/{rel}","templated":true}]}}