{"id":781,"date":"2017-08-22T21:45:42","date_gmt":"2017-08-22T19:45:42","guid":{"rendered":"http:\/\/www.3x3.lv\/?page_id=781"},"modified":"2026-02-06T10:08:07","modified_gmt":"2026-02-06T08:08:07","slug":"australija","status":"publish","type":"page","link":"https:\/\/www.3x3.lv\/?page_id=781","title":{"rendered":"Austr\u0101lija"},"content":{"rendered":"\n<figure class=\"wp-block-image size-full is-resized\"><img loading=\"lazy\" decoding=\"async\" width=\"852\" height=\"887\" src=\"https:\/\/www.3x3.lv\/wp-content\/uploads\/2021\/08\/3x3SaktaVardi.png\" alt=\"\" class=\"wp-image-3178\" style=\"width:183px;height:auto\" srcset=\"https:\/\/www.3x3.lv\/wp-content\/uploads\/2021\/08\/3x3SaktaVardi.png 852w, https:\/\/www.3x3.lv\/wp-content\/uploads\/2021\/08\/3x3SaktaVardi-288x300.png 288w, https:\/\/www.3x3.lv\/wp-content\/uploads\/2021\/08\/3x3SaktaVardi-768x800.png 768w\" sizes=\"auto, (max-width: 852px) 100vw, 852px\" \/><\/figure>\n\n\n<header class=\"entry-header\">\n<h3><span style=\"color: #993300;\"><strong>3&#215;3 2025.gad\u0101<\/strong><\/span><\/h3>\n<p>Saiets notika no 1. lidz 6.janv\u0101rim<\/p>\n<p class=\"has-text-align-left\"><a href=\"https:\/\/www.3x3.lv\/?p=2992\" data-type=\"post\" data-id=\"2992\">Lasi vair\u0101k<\/a> <a href=\"https:\/\/www.laikraksts.com\/raksti\/13048\">Raksts<\/a> <a href=\"https:\/\/www.canva.com\/design\/DAGVw6XYzxU\/ng_woRnZPmpW6zsDRln3AQ\/view?utm_content=DAGVw6XYzxU&amp;utm_campaign=designshare&amp;utm_medium=link&amp;utm_source=editor&amp;fbclid=IwY2xjawHE5WxleHRuA2FlbQIxMAABHX8btC0zCAYV5wyRzA8LLwNakJ7EJ6nmUDbUB6pgaxaFu7u24JtPWqmmDw_aem_CiNa2KnOhrqNXvVPYgNV7g\">Buklets<\/a><\/p>\n<p>Av\u012bze<\/p>\n<p><a href=\"https:\/\/www.3x3.lv\/KRATUVE\/Australija\/2025\/Taurikis_1_2025.pdf\">Tauri\u0137is 1<\/a>\u00a0<a href=\"https:\/\/www.3x3.lv\/KRATUVE\/Australija\/2025\/Taurikis_2_2025.pdf\">Tauri\u0137is 2<\/a>\u00a0<a href=\"https:\/\/www.3x3.lv\/KRATUVE\/Australija\/2025\/Taurikis_3_2025.pdf\">Tauri\u0137is 3<\/a>\u00a0<a href=\"https:\/\/www.3x3.lv\/KRATUVE\/Australija\/2025\/Taurikis_4_2025.pdf\">Tauri\u0137is 4<\/a>\u00a0<a href=\"https:\/\/www.3x3.lv\/KRATUVE\/Australija\/2025\/Taurikis_5_2025.pdf\">Tauri\u0137is 5<\/a>\u00a0<a href=\"https:\/\/www.3x3.lv\/KRATUVE\/Australija\/2025\/Taurikis_6_2025.pdf\">Tauri\u0137is 6<\/a><\/p>\n<h3><span style=\"color: #993300;\"><strong>3&#215;3 2024.gad\u0101<\/strong><\/span><\/h3>\n<p class=\"has-text-align-left\">Saiets notika \u00a0no 2. l\u012bdz 8.janv\u0101rim<\/p>\n<p class=\"has-text-align-left\">Howsons Gap Alpine Centre, Falls Creek, Austr\u0101lijas alpos<\/p>\n<p class=\"has-text-align-left\">Vad\u012bja Anta Brahmane \u00a0un Art\u016brs Landsbergs\u00a0<\/p>\n<p class=\"has-text-align-left\"><a href=\"http:\/\/3x3.lv\/KRATUVE\/Australija\/2024\/3x3plakats.pdf\">Plak\u0101ts<\/a>\u00a0<a href=\"http:\/\/3x3.lv\/KRATUVE\/Australija\/2024\/Anta_Arturs_Ministrijas.pdf\">Lasi vair\u0101k <\/a><\/p>\n<p><a href=\"https:\/\/www.3x3.lv\/KRATUVE\/Australija\/2024\/Taurikis_1_2024.pdf\">Tauri\u0137is 1<\/a>\u00a0<a href=\"https:\/\/www.3x3.lv\/KRATUVE\/Australija\/2024\/Taurikis_2_2024.pdf\">Tauri\u0137is 2<\/a>\u00a0<a href=\"https:\/\/www.3x3.lv\/KRATUVE\/Australija\/2024\/Taurikis_3_2024.pdf\">Tauri\u0137is 3<\/a>\u00a0<a href=\"https:\/\/www.3x3.lv\/KRATUVE\/Australija\/2024\/Taurikis_4_2024.pdf\">Tauri\u0137is 4<\/a>\u00a0<a href=\"https:\/\/www.3x3.lv\/KRATUVE\/Australija\/2024\/Taurikis_5_2024.pdf\">Tauri\u0137is 5<\/a> <a href=\"https:\/\/www.3x3.lv\/KRATUVE\/Australija\/2024\/Taurikis_6_2024.pdf\">Tauri\u0137is 6<\/a>\u00a0<a href=\"https:\/\/www.3x3.lv\/KRATUVE\/Australija\/2024\/Taurikis_7_2024.pdf\">Tauri\u0137is 7<\/a><\/p>\n<h3><span style=\"color: #993300;\"><strong>3&#215;3 2023.gad\u0101<\/strong><\/span><\/h3>\n<p class=\"has-text-align-left\">Saiets notika no 2. l\u012bdz 7.janv\u0101rim 2023.g. Saieta t\u0113ma: \u201cDzintarkrasts\u201d<\/p>\n<p class=\"has-text-align-left\">Saiera r\u012bkot\u0101jas: M\u0101r\u012bte Rumpe \u2013 epasts:\u00a0<a>m.rumpe@gmail.com<\/a><\/p>\n<p class=\"has-text-align-left\">Dace Freija \u2013 epasts:\u00a0<a>dace123@inbox.lv<\/a><\/p>\n<p class=\"has-text-align-left\"><a href=\"https:\/\/www.3x3.lv\/?page_id=2626\" data-type=\"page\" data-id=\"2626\">Lasi vair\u0101k<\/a><\/p>\n<p class=\"has-text-align-left\"><a href=\"https:\/\/www.3x3.lv\/KRATUVE\/Australija\/2023\/Taurikis1.pdf\">Tauri\u0137is 1<\/a>\u00a0<a href=\"https:\/\/www.3x3.lv\/KRATUVE\/Australija\/2023\/Taurikis2.pdf\">Tauri\u0137is 2<\/a>\u00a0<a href=\"https:\/\/www.3x3.lv\/KRATUVE\/Australija\/2023\/Taurikis3.pdf\">Tauri\u0137is 3<\/a>\u00a0<a href=\"https:\/\/www.3x3.lv\/KRATUVE\/Australija\/2023\/Taurikis4.pdf\">Tauri\u0137is 4<\/a>\u00a0<a href=\"https:\/\/www.3x3.lv\/KRATUVE\/Australija\/2023\/Taurikis5.pdf\">Tauri\u0137is 5<\/a>\u00a0<a href=\"https:\/\/www.3x3.lv\/KRATUVE\/Australija\/2023\/Taurikis6.pdf\">Tauri\u0137is 6 <\/a><\/p>\n<p><a href=\"https:\/\/www.3x3.lv\/KRATUVE\/Australija\/2023\/Laikraksts%20%22Latvietis%22%3A%20Intervija%C2%A0%E2%80%93%20Guna%20Segar.pdf\">Raksts laikrakst\u0101 &#8220;Latvietis&#8221;<\/a><\/p>\n<p><a href=\"https:\/\/www.3x3.lv\/KRATUVE\/Australija\/2023\/Laikraksts%20%22Latvietis%22%3A%20Intervija.pdf\">Raksts laikrakst\u0101 &#8220;Latvietis&#8221;<\/a><\/p>\n<p><a href=\"https:\/\/www.3x3.lv\/KRATUVE\/Australija\/2023\/Laikraksts%20%22Latvietis%22%3A%20Pievienojies%203x3%20saietam!.pdf\">Raksts laikrakst\u0101 &#8220;Latvietis&#8221;<\/a><\/p>\n<p><a href=\"https:\/\/www.3x3.lv\/KRATUVE\/Australija\/2023\/Laikraksts%20%22Latvietis%22%3A%20Uldis%20Ozolin%CC%A7s%CC%8C%20sta%CC%84sta%20par%203x3!.pdf\">Raksts laikrakst\u0101 &#8220;Latvietis&#8221;<\/a><\/p>\n<h3><span style=\"color: #993300;\"><strong>3&#215;3 2020.gad\u0101<\/strong><\/span><\/h3>\n<\/header>\n<div class=\"entry-content\">\n<p>Sveiki latvie\u0161i un latvie\u0161u \u0123imenes Austr\u0101lij\u0101!<\/p>\n<p><a href=\"http:\/\/laikraksts.com\/raksti\/9348\">Raksts \u00a0 <\/a>\u00a0 \u00a0<a href=\"https:\/\/www.3x3.lv\/KRATUVE\/Australija\/2019\/2020Taurikis.pdf\">Av\u012bze<\/a><\/p>\n<p><strong>Norises laiks: 02.01.2020. \u2013 08.01.2020.<\/strong><\/p>\n<p><a>3x3australia@gmail.com<\/a><\/p>\n<p><a href=\"https:\/\/www.facebook.com\/Australia3x3\">Facebook \u00a0<\/a>\u00a0 \u00a0\u00a0<a href=\"https:\/\/www.instagram.com\/3x3_australia\/\">Instagram<\/a><\/p>\n<\/div>\n<h3><span style=\"color: #993300;\"><strong>3&#215;3 2019.gad\u0101<\/strong><\/span><\/h3>\n<p style=\"text-align: left;\">36.\u00a0k\u0101rt\u0113jais saiets notika<br \/><em>Adare\u00a0<\/em>\u012bpa\u0161um\u0101 Viktorharbor\u0101 (Victor Harbor),\u00a0net\u0101lu no Adelaides,<br \/>s\u0101kot no 2018.\u00a0g.\u00a0Vecgada vakara l\u012bdz 2019.\u00a0g. 6.\u00a0janv\u0101rim<\/p>\n<p><a href=\"https:\/\/3x3aus.wixsite.com\/3x3aus\">Lasi vair\u0101k<\/a>\u00a0 \u00a0 \u00a0 \u00a0 \u00a0<a href=\"http:\/\/laikraksts.com\/raksti\/8216\">Raksts<\/a><\/p>\n<h3><span style=\"color: #993300;\"><strong>3&#215;3 2018.gad\u0101<\/strong><\/span><\/h3>\n<p>no 2 janv\u0101ra lidz 8. janv\u0101rim\u00a0<strong>Kanberas pasakain\u0101<\/strong>, eikaliptu koku un kalnu iev\u012bt\u0101 Greenhil.<br \/>Vad\u012bja\u00a0<strong>Iveta Lainis<\/strong> ar pal\u012bdz\u0113m <strong>Baibu Harirngtonu, Sandru Drag\u016bnu, <\/strong><br \/><strong>Ievu Lapi\u0146u<\/strong> un <strong>Valdu Taylor <\/strong><strong>\u00a0\u00a0<\/strong><a href=\"https:\/\/www.3x3.lv\/KRATUVE\/Australija\/2018\/Pieteiksanas_lapa3x3_2018_2.pdf\">Pietei\u0161an\u0101s anketa<\/a>\u00a0\u00a0<a href=\"https:\/\/www.3x3.lv\/KRATUVE\/Australija\/2018\/Pieteiksanas_lapa3x3_2018_1.pdf\">Buklets\u00a0\u00a0\u00a0<\/a><a href=\"https:\/\/www.3x3.lv\/?page_id=514\">Lasi vair\u0101k<\/a><br \/><a href=\"https:\/\/www.3x3.lv\/KRATUVE\/Australija\/2018\/Taurikis1.pdf\">Tauri\u0137is1<\/a> \u00a0\u00a0<a href=\"https:\/\/www.3x3.lv\/KRATUVE\/Australija\/2018\/Taurikis2.pdf\">Tauri\u0137is2<\/a>\u00a0 \u00a0<a href=\"https:\/\/www.3x3.lv\/KRATUVE\/Australija\/2018\/Taurikis3.pdf\">Tauri\u0137is3<\/a>\u00a0 \u00a0<a href=\"https:\/\/www.3x3.lv\/KRATUVE\/Australija\/2018\/Taurikis4.pdf\">Tauri\u0137is4<\/a>\u00a0 \u00a0<a href=\"https:\/\/www.3x3.lv\/KRATUVE\/Australija\/2018\/Taurikis5.pdf\">Tauri\u0137is5<\/a>\u00a0 \u00a0<a href=\"https:\/\/www.3x3.lv\/KRATUVE\/Australija\/2018\/Taurikis6.pdf\">Tauri\u0137is6\u00a0\u00a0\u00a0<\/a><a href=\"https:\/\/www.3x3.lv\/KRATUVE\/Australija\/2018\/Taurikis6.pdf\">Tauri\u0137is7\u00a0<\/a><\/p>\n<h3><span style=\"color: #993300;\"><strong>3&#215;3 2017.gad\u0101<\/strong><\/span><\/h3>\n<p>3\u00d73 Falls Creek saiets,\u00a0no 2. l\u012bdz 8. janv\u0101rim<br \/><a href=\"https:\/\/www.3x3.lv\/saiets-australija.html\">Lasi vair\u0101k<\/a>\u00a0\u00a0 <a href=\"https:\/\/www.3x3.lv\/KRATUVE\/Australija\/2017\/3x3_2017Buklets.pdf\">Buklets\u00a0\u00a0<\/a><a href=\"http:\/\/laikraksts.com\/raksti\/6741\">Raksts \u201cLATVIETIS\u201d av\u012bz\u0113\u00a0\u00a0\u00a0\u00a0<\/a><a href=\"http:\/\/laikraksts.com\/raksti\/6914\">Raksts \u201cLATVIETIS\u201d av\u012bz\u0113 04.02.2017.<\/a><br \/><a href=\"https:\/\/www.3x3.lv\/KRATUVE\/Australija\/2017\/3x3Taurikis1_2017.pdf\">Tauri\u0137is1<\/a>\u00a0 <a href=\"https:\/\/www.3x3.lv\/KRATUVE\/Australija\/2017\/3x3Taurikis2_2017.pdf\">Tauri\u0137is2\u00a0<\/a> <a href=\"https:\/\/www.3x3.lv\/KRATUVE\/Australija\/2017\/3x3Taurikis3_2017.pdf\">Tauri\u0137is3<\/a>\u00a0 <a href=\"https:\/\/www.3x3.lv\/KRATUVE\/Australija\/2017\/3x3Taurikis4_2017.pdf\">Tauri\u0137is4<\/a>\u00a0 <a href=\"https:\/\/www.3x3.lv\/KRATUVE\/Australija\/2017\/3x3Taurikis5_2017.pdf\">Tauri\u0137is5<\/a>\u00a0 <a href=\"https:\/\/www.3x3.lv\/KRATUVE\/Australija\/2017\/3x3Taurikis6_2017.pdf\">Tauri\u0137is6<\/a>\u00a0 <a href=\"https:\/\/www.3x3.lv\/KRATUVE\/Australija\/2017\/3x3Taurikis7_2017.pdf\">Tauri\u0137is7<\/a><\/p>\n<h3><span style=\"color: #993300;\"><strong>3&#215;3 2016.gad\u0101<\/strong><\/span><\/h3>\n<p><a href=\"https:\/\/www.3x3.lv\/aicinam-piedalities-nakosaj.html\">Lasi vair\u0101k<\/a><\/p>\n<h3><span style=\"color: #993300;\"><strong>3&#215;3 2015.gad\u0101<\/strong><\/span><\/h3>\n<p><a href=\"https:\/\/sites.google.com\/site\/3x3australijaieprieksejiegadi\/2015-sidneja\">Lasi vair\u0101k<\/a><\/p>\n<h3><span style=\"color: #993300;\"><strong>3&#215;3 2014.gad\u0101<\/strong><\/span><\/h3>\n<p><a href=\"https:\/\/sites.google.com\/site\/3x3australijaieprieksejiegadi\/2014-melburna\">Lasi vair\u0101k<\/a><\/p>\n<h3><span style=\"color: #993300;\"><strong>3&#215;3 2013.gad\u0101<\/strong><\/span><\/h3>\n<p><a href=\"https:\/\/sites.google.com\/site\/3x3australijaieprieksejiegadi\/2013-adelaide\">Lasi vair\u0101k<\/a><\/p>\n<h3><span style=\"color: #993300;\"><strong>3&#215;3 2012.gad\u0101<\/strong><\/span><\/h3>\n<h3><span style=\"color: #993300;\"><strong>3&#215;3 2011.gad\u0101<\/strong><\/span><\/h3>\n<p><a href=\"https:\/\/sites.google.com\/site\/3x3australijaieprieksejiegadi\/2011-viktorija-falls-cree\">Lasi vair\u0101k<\/a><\/p>\n<h3><span style=\"color: #993300;\"><strong>3&#215;3 2010.gad\u0101<\/strong><\/span><\/h3>\n<p><a href=\"https:\/\/sites.google.com\/site\/3x3australijaieprieksejiegadi\/home\">Lasi vair\u0101k<\/a><\/p>\n<h3><span style=\"color: #993300;\"><strong>3&#215;3 2009.gad\u0101<\/strong><\/span><\/h3>\n<p><a href=\"https:\/\/www.3x3.lv\/australija\/2007\/\">Lasi vair\u0101k<\/a><\/p>","protected":false},"excerpt":{"rendered":"<p>3&#215;3 2025.gad\u0101 Saiets notika no 1. lidz 6.janv\u0101rim Lasi vair\u0101k Raksts Buklets Av\u012bze Tauri\u0137is 1\u00a0Tauri\u0137is 2\u00a0Tauri\u0137is 3\u00a0Tauri\u0137is 4\u00a0Tauri\u0137is 5\u00a0Tauri\u0137is 6 3&#215;3 2024.gad\u0101 Saiets notika \u00a0no 2. l\u012bdz 8.janv\u0101rim Howsons Gap&#8230;<\/p>\n","protected":false},"author":1,"featured_media":0,"parent":229,"menu_order":0,"comment_status":"closed","ping_status":"closed","template":"","meta":{"__cvm_playback_settings":[],"__cvm_video_id":"","footnotes":""},"class_list":["post-781","page","type-page","status-publish","hentry"],"_links":{"self":[{"href":"https:\/\/www.3x3.lv\/index.php?rest_route=\/wp\/v2\/pages\/781","targetHints":{"allow":["GET"]}}],"collection":[{"href":"https:\/\/www.3x3.lv\/index.php?rest_route=\/wp\/v2\/pages"}],"about":[{"href":"https:\/\/www.3x3.lv\/index.php?rest_route=\/wp\/v2\/types\/page"}],"author":[{"embeddable":true,"href":"https:\/\/www.3x3.lv\/index.php?rest_route=\/wp\/v2\/users\/1"}],"replies":[{"embeddable":true,"href":"https:\/\/www.3x3.lv\/index.php?rest_route=%2Fwp%2Fv2%2Fcomments&post=781"}],"version-history":[{"count":15,"href":"https:\/\/www.3x3.lv\/index.php?rest_route=\/wp\/v2\/pages\/781\/revisions"}],"predecessor-version":[{"id":3578,"href":"https:\/\/www.3x3.lv\/index.php?rest_route=\/wp\/v2\/pages\/781\/revisions\/3578"}],"up":[{"embeddable":true,"href":"https:\/\/www.3x3.lv\/index.php?rest_route=\/wp\/v2\/pages\/229"}],"wp:attachment":[{"href":"https:\/\/www.3x3.lv\/index.php?rest_route=%2Fwp%2Fv2%2Fmedia&parent=781"}],"curies":[{"name":"wp","href":"https:\/\/api.w.org\/{rel}","templated":true}]}}