{"id":791,"date":"2017-08-26T16:46:06","date_gmt":"2017-08-26T14:46:06","guid":{"rendered":"http:\/\/www.3x3.lv\/?page_id=791"},"modified":"2026-02-06T10:19:19","modified_gmt":"2026-02-06T08:19:19","slug":"straumeni","status":"publish","type":"page","link":"https:\/\/www.3x3.lv\/?page_id=791","title":{"rendered":"Straum\u0113ni (Anglija)"},"content":{"rendered":"<h1>Anglija<\/h1>\n<h3><span style=\"color: #993300;\"><strong>3&#215;3 2024.gad\u0101<\/strong><\/span><\/h3>\n<p><em>Straum\u0113nos (ang\u013cu valod\u0101)<\/em><\/p>\n<p>no 28.j\u016blija l\u012bdz 4.augustam <a href=\"https:\/\/www.3x3.lv\/KRATUVE\/Lielbritanija\/2024\/3x3Straumenos2024.pdf\">Lasi vair\u0101k<\/a><\/p>\n<h3><span style=\"color: #993300;\"><strong>3&#215;3 2023.gad\u0101<\/strong><\/span><\/h3>\n<p><em>Straum\u0113nos (ang\u013cu valod\u0101)<\/em><br \/>\n<em>2023. gada 23. \u2013 30. j\u016blijs<\/em><br \/>\n<em>Caroline Clements<\/em><br \/>\n<a href=\"https:\/\/www.3x3.lv\/KRATUVE\/Lielbritanija\/2023\/3x3%20Newsletter%20and%20Information%20pack%202023.pdf\">Lasi vair\u0101k<\/a><\/p>\n<h3><span style=\"color: #993300;\"><strong>3&#215;3 2022.gad\u0101<\/strong><\/span><\/h3>\n<p><a href=\"https:\/\/youtu.be\/eNJorNLVweQ\">Video<\/a><\/p>\n<h3><span style=\"color: #993300;\"><strong>3&#215;3 2018.gad\u0101<\/strong><\/span><\/h3>\n<p style=\"text-align: left;\"><b>Straum\u0113nos<\/b>, (ang\u013cu valod\u0101) no 28. j\u016blija l\u012bdz 4. augustam, vad\u012bja\u00a0<b>Ingr\u012bda Dzeri\u0146a <\/b><a class=\"\" href=\"mailto:ritharrison@hotmail.com\">ritharrison@hotmail.com<\/a><\/p>\n<p style=\"text-align: left;\"><b>Straum\u0113nos<\/b>, latvie\u0161u valod\u0101 no 4. l\u012bdz 11. augustam<\/p>\n<p style=\"text-align: left;\"><b><\/b>vad\u012bja\u00a0<strong>Avita O&#8217;Donnell<\/strong> un \u0161\u012b gada t\u0113ma Z\u012bmes, moto &#8220;Saules r\u012bti, Dieva r\u012bti &#8211; z\u012bmju z\u012bm\u0113m izrakst\u012bti&#8221;<\/p>\n<p>Saieta av\u012bze <a href=\"https:\/\/www.3x3.lv\/KRATUVE\/Lielbritanija\/2019\/Zimes_I.pdf\">Z\u012bmes I<\/a>\u00a0 <a href=\"https:\/\/www.3x3.lv\/KRATUVE\/Lielbritanija\/2019\/Zimes_II.pdf\">Z\u012bmes II<\/a>\u00a0 <a href=\"https:\/\/www.3x3.lv\/KRATUVE\/Lielbritanija\/2019\/Zimes_III.pdf\">Z\u012bmes III<\/a>\u00a0 <a href=\"https:\/\/www.3x3.lv\/KRATUVE\/Lielbritanija\/2019\/Zimes_IV.pdf\">Z\u012bmes IV <\/a><\/p>\n<p><a class=\"\" href=\"mailto:avitaodonnell@gmail.com\">avitaodonnell@gmail.com<\/a><\/p>\n<h3><span style=\"color: #993300;\"><strong>3&#215;3 2018.gad\u0101<\/strong><\/span><\/h3>\n<p style=\"text-align: left;\"><strong>Straum\u0113nos<\/strong>, no 5.l\u012bdz 12. augustam,<\/p>\n<p><iframe loading=\"lazy\" title=\"3 x 3 nometne Straum\u0113nos\" width=\"740\" height=\"416\" src=\"https:\/\/www.youtube.com\/embed\/ojl3BvbRZ5k?feature=oembed\" frameborder=\"0\" allow=\"accelerometer; autoplay; clipboard-write; encrypted-media; gyroscope; picture-in-picture; web-share\" referrerpolicy=\"strict-origin-when-cross-origin\" allowfullscreen><\/iframe><\/p>\n<p style=\"text-align: left;\">vad\u012bt\u0101ja <strong>Avita O\u2019Donnell<\/strong><\/p>\n<h5 style=\"text-align: left;\"><em><a href=\"mailto:avita.odonnell@gmail.com\">Avita.Odonnell@gmail.com<\/a><\/em><\/h5>\n<hr \/>\n<p style=\"text-align: left;\"><strong>Straum\u0113nos<\/strong>, ang\u013cu val., no 30.j\u016blija l\u012bdz 6.augustam,<\/p>\n<p style=\"text-align: left;\">kontaktpersona <strong>Rita Harrison<\/strong><\/p>\n<p style=\"text-align: left;\"><a href=\"mailto:ritharrison@hotmail.com\"><em>Ritharrison@hotmail.com<\/em><\/a><\/p>\n<h3><span style=\"color: #993300;\"><strong>3&#215;3 2017.gad\u0101<\/strong><\/span><\/h3>\n<p>Straum\u0113nos latvie\u0161u valod\u0101, no 13. l\u012bdz 18.augustam,\u00a0vad\u012bja\u00a0<strong>Avita O Donnell<\/strong><\/p>\n<h5><a href=\"https:\/\/www.3x3.lv\/KRATUVE\/Lielbritanija\/2017\/3x3_aktuala_informacija.pdf\">Lasi vair\u0101k<\/a>\u00a0 \u00a0<a href=\"http:\/\/www.latviansinuk.co.uk\/3x3\">Noder\u012bga saite<\/a><\/h5>\n<p>Av\u012bze <a href=\"https:\/\/www.3x3.lv\/KRATUVE\/Lielbritanija\/2017\/Aka1.pdf\">Aka 1.<\/a>\u00a0 \u00a0\u00a0<a href=\"https:\/\/www.3x3.lv\/KRATUVE\/Lielbritanija\/2017\/Aka2.pdf\">Aka 2.<\/a>\u00a0 \u00a0\u00a0<a href=\"https:\/\/www.3x3.lv\/KRATUVE\/Lielbritanija\/2017\/Aka3.pdf\">Aka 3.<\/a>\u00a0 <a href=\"https:\/\/www.3x3.lv\/KRATUVE\/Lielbritanija\/2017\/Aka4.pdf\">Aka 4.<\/a><br \/>\nAng\u013cu valod\u0101, no 30.j\u016blija l\u012bdz 6.augustam,\u00a0vad\u012bja\u00a0<strong>Rita Harrison<\/strong> un vad\u012bbas grupa<br \/>\n<a href=\"http:\/\/www.delfi.lv\/a\/48673229\">Raksts par Ritu Harrison<\/a><\/p>\n<h3><span style=\"color: #993300;\"><strong>3&#215;3 2016.gad\u0101<\/strong><\/span><\/h3>\n<p>Ang\u013cu valod\u0101, no 24. l\u012bdz 31. j\u016blijam, kontaktpersona <strong>Rita Harrison<\/strong><br \/>\nLatvie\u0161u\u00a0 valod\u0101, no 1.augusta l\u012bdz 6.augustam, vad\u012bja<br \/>\n<a href=\"https:\/\/www.3x3.lv\/KRATUVE\/Lielbritanija\/2016\/Avize\/Mantojums_Nr_1.pdf\">Mantojums1<\/a>\u00a0 <a href=\"https:\/\/www.3x3.lv\/KRATUVE\/Lielbritanija\/2016\/Avize\/Mantojums_Nr_2.pdf\">Mantojums2<\/a>\u00a0 <a href=\"https:\/\/www.3x3.lv\/KRATUVE\/Lielbritanija\/2016\/Avize\/Mantojums_Nr_3.pdf\">Mantojums3<\/a>\u00a0 <a href=\"https:\/\/www.3x3.lv\/KRATUVE\/Lielbritanija\/2016\/Avize\/Mantojums_Nr_4.pdf\">Mantojums4<\/a>\u00a0 <a href=\"https:\/\/www.3x3.lv\/KRATUVE\/Lielbritanija\/2016\/Avize\/Mantojums_Nr_5.pdf\">Mantojums5\u00a0 <\/a><a href=\"https:\/\/www.3x3.lv\/KRATUVE\/Lielbritanija\/2016\/Avize\/Mantojums_Nr_6.pdf\">Mantojums6<\/a><br \/>\nNometne latvie\u0161u valod\u0101 no 1.augusta \u00a0l\u012bdz 6.augustam<br \/>\n<strong>Aija un Sandris Leonovi\u010di<\/strong><br \/>\n<a href=\"https:\/\/www.3x3.lv\/KRATUVE\/Lielbritanija\/2016\/Kreklu_rezervacija_2016.doc\">Krekli<\/a>\u00a0 <a href=\"https:\/\/www.3x3.lv\/KRATUVE\/Lielbritanija\/2016\/3x3_programma_2016.pdf\">Programma<\/a><\/p>\n<h3><span style=\"color: #993300;\"><strong>3&#215;3 2015.gad\u0101<\/strong><\/span><\/h3>\n<p>Nometne latvie\u0161u valod\u0101, no 23. l\u012bdz 27.augustam, nometni vad\u012bja\u00a0<strong>Aija<\/strong>\u00a0un\u00a0<strong>Sandris Leonovi\u010di<\/strong><br \/>\n<a href=\"https:\/\/www.3x3.lv\/KRATUVE\/Lielbritanija\/2015\/Saieta_apraksts.pdf\">Lasi vair\u0101k<\/a>\u00a0 \u00a0<a href=\"https:\/\/www.3x3.lv\/KRATUVE\/Lielbritanija\/2015\/Pieteiksanas_anketa_UK3x3_2015.doc\">\u00a0Pieteikties<\/a>\u00a0 \u00a0<a href=\"https:\/\/www.3x3.lv\/KRATUVE\/Lielbritanija\/2015\/Ievirzes_anotacijas.pdf\">\u00a0Ievirzes<\/a>\u00a0\u00a0<a href=\"https:\/\/www.3x3.lv\/KRATUVE\/Lielbritanija\/2015\/Kreklu_rezervacija_2015.docx\">Krekli<\/a><br \/>\nNometnes av\u012bze\u00a0<a href=\"https:\/\/www.3x3.lv\/KRATUVE\/Lielbritanija\/2015\/Avize_1.pdf\">1.Saime<\/a>\u00a0<a href=\"https:\/\/www.3x3.lv\/KRATUVE\/Lielbritanija\/2015\/Avize_2.pdf\">2.Saime<\/a>\u00a0<a href=\"https:\/\/www.3x3.lv\/KRATUVE\/Lielbritanija\/2015\/Avize_3.pdf\">3.Saime<\/a><\/p>\n<h3><span style=\"color: #993300;\"><strong>3&#215;3 2014.gad\u0101<\/strong><\/span><\/h3>\n<p>no 27.j\u016blija l\u012bdz 3.augustam, nometni vad\u012bja\u00a0<strong>In\u0101ra Harrison, Monika Hall, Maija Lenik\u00a0<\/strong><strong>Ingr\u012bda Dzeri\u0146a, Jo Gr\u012bnberga, Dace Fisher un Rita Harrison<\/strong><\/p>\n<h3><span style=\"color: #993300;\"><strong>3&#215;3 2013.gad\u0101<\/strong><\/span><\/h3>\n<p>no 21. l\u012bdz 28.j\u016blijam, vad\u012bja\u00a0<strong>In\u0101ra Harrison, Monika Hall, Maija Lenik, Ingr\u012bda Dzeri\u0146a, Jo Gr\u012bnberga\u00a0<\/strong>un\u00a0<strong>Rita Harrison<\/strong><\/p>\n<h3><span style=\"color: #993300;\"><strong>3&#215;3 2012.gad\u0101<\/strong><\/span><\/h3>\n<h3><span style=\"color: #993300;\"><strong>3&#215;3 2011.gad\u0101<\/strong><\/span><\/h3>\n<h3><span style=\"color: #993300;\"><strong>3&#215;3 2010.gad\u0101<\/strong><\/span><\/h3>\n<p>no 25. l\u012bdz 31. j\u016blijam<\/p>\n","protected":false},"excerpt":{"rendered":"<p>Anglija 3&#215;3 2024.gad\u0101 Straum\u0113nos (ang\u013cu valod\u0101) no 28.j\u016blija l\u012bdz 4.augustam Lasi vair\u0101k 3&#215;3 2023.gad\u0101 Straum\u0113nos (ang\u013cu valod\u0101) 2023. gada 23. \u2013 30. j\u016blijs Caroline Clements Lasi vair\u0101k 3&#215;3 2022.gad\u0101 Video&#8230;<\/p>\n","protected":false},"author":1,"featured_media":0,"parent":229,"menu_order":0,"comment_status":"closed","ping_status":"closed","template":"","meta":{"__cvm_playback_settings":[],"__cvm_video_id":"","footnotes":""},"class_list":["post-791","page","type-page","status-publish","hentry"],"_links":{"self":[{"href":"https:\/\/www.3x3.lv\/index.php?rest_route=\/wp\/v2\/pages\/791","targetHints":{"allow":["GET"]}}],"collection":[{"href":"https:\/\/www.3x3.lv\/index.php?rest_route=\/wp\/v2\/pages"}],"about":[{"href":"https:\/\/www.3x3.lv\/index.php?rest_route=\/wp\/v2\/types\/page"}],"author":[{"embeddable":true,"href":"https:\/\/www.3x3.lv\/index.php?rest_route=\/wp\/v2\/users\/1"}],"replies":[{"embeddable":true,"href":"https:\/\/www.3x3.lv\/index.php?rest_route=%2Fwp%2Fv2%2Fcomments&post=791"}],"version-history":[{"count":14,"href":"https:\/\/www.3x3.lv\/index.php?rest_route=\/wp\/v2\/pages\/791\/revisions"}],"predecessor-version":[{"id":3582,"href":"https:\/\/www.3x3.lv\/index.php?rest_route=\/wp\/v2\/pages\/791\/revisions\/3582"}],"up":[{"embeddable":true,"href":"https:\/\/www.3x3.lv\/index.php?rest_route=\/wp\/v2\/pages\/229"}],"wp:attachment":[{"href":"https:\/\/www.3x3.lv\/index.php?rest_route=%2Fwp%2Fv2%2Fmedia&parent=791"}],"curies":[{"name":"wp","href":"https:\/\/api.w.org\/{rel}","templated":true}]}}