{"id":850,"date":"2017-09-30T10:55:04","date_gmt":"2017-09-30T08:55:04","guid":{"rendered":"http:\/\/www.3x3.lv\/?page_id=850"},"modified":"2023-02-01T19:57:40","modified_gmt":"2023-02-01T17:57:40","slug":"3x3-darbibas-vadlinijas","status":"publish","type":"page","link":"https:\/\/www.3x3.lv\/?page_id=850","title":{"rendered":"3&#215;3 darb\u012bbas vadl\u012bnijas"},"content":{"rendered":"\n\n\n<p>Pie\u0146emtas PBLA Izgl\u012bt\u012bbas padom\u0113. Pilnveidotas un apstiprin\u0101tas vad\u012bbas loka nometn\u0113 Mazsalac\u0101 2008. gada 26. j\u016blij\u0101. Papildin\u0101tas ASV 3&#215;3 padomes s\u0113d\u0113 2010. gada oktobr\u012b, papildin\u0101jums pie\u0146emts Latvijas 3&#215;3 padomes s\u0113d\u0113 2011. gada j\u016bnij\u0101. Labojumi no Zieme\u013camerikas 3&#215;3 padomes s\u0113des 2020. gada 30. septembr\u012b. Ieteikumi, papildin\u0101jumi no L\u012bgas Rupertes un citiem 2023. gada janv\u0101r\u012b.<\/p>\n\n\n\n<p>\u0160\u012bs vadl\u012bnijas ir rakst\u012btas, lai p\u0113c iesp\u0113jas sekm\u0113tu izpratni par 3&#215;3 un pal\u012bdz\u0113tu nodro\u0161in\u0101t, ka galvenie 3&#215;3 pamatprincipi tiek iev\u0113roti vis\u0101 3&#215;3 kust\u012bb\u0101.<\/p>\n\n\n\n<p>3&#215;3 ir pasaules m\u0113roga kust\u012bba, kur\u0101 iek\u013caujas nometnes\/saieti visu vecumu latvie\u0161iem da\u017e\u0101d\u0101s zem\u0113s. 3&#215;3 kust\u012bbu koordin\u0113 PBLA Izgl\u012bt\u012bbas padome.<\/p>\n\n\n\n<p>3&#215;3 m\u0113r\u0137i ir :<\/p>\n\n\n\n<ul class=\"wp-block-list\">\n<li>latvisko zin\u0101\u0161anu papla\u0161in\u0101\u0161ana,<\/li>\n\n\n\n<li>latvisk\u0101s kop\u012bbas izj\u016btas veicin\u0101\u0161ana,<\/li>\n\n\n\n<li>latvisko \u0123ime\u0146u stiprin\u0101\u0161ana,<\/li>\n\n\n\n<li>latvisko draudz\u012bbu sekm\u0113\u0161ana,<\/li>\n\n\n\n<li>latviskas kult\u016brvides att\u012bst\u012b\u0161ana (Latvij\u0101).<\/li>\n<\/ul>\n\n\n\n<p class=\"has-text-align-center\"><strong>3&#215;3 pamat\u012bpa\u0161\u012bbas<\/strong><\/p>\n\n\n\n<ol class=\"wp-block-list\">\n<li>3&#215;3 norises notiek latvie\u0161u valod\u0101, iz\u0146emot nometnes vai ievirzes, kuras r\u012bkotas latviski mazrun\u0101jo\u0161ajiem. 3&#215;3 \u012bpa\u0161i atbalsta un daudzina \u0123imenes, kuras b\u0113rnus audzina latviski. \u0100rzemju nomet\u0146u galven\u0101 atbild\u012bba ir pret to sabiedr\u012bbas da\u013cu, kura augstu v\u0113rt\u0113 latviet\u012bbu un latvie\u0161u valodu. 3&#215;3 ir sp\u0113ka avots t\u0101m \u0123imen\u0113m, kuras ir audzin\u0101ju\u0161as b\u0113rnus latvisk\u0101 vid\u0113 ar latvie\u0161u valodu un sagaida 3&#215;3 nometn\u0113 l\u012bdz\u012bgi dom\u0101jo\u0161us cilv\u0113kus.<\/li>\n\n\n\n<li>Nodarb\u012bb\u0101s tiek uzsv\u0113rts latviskais. Tikpat svar\u012bgas k\u0101 latvisk\u0101s v\u0113rt\u012bbas ir univers\u0101l\u0101s, cilv\u0113cisk\u0101s v\u0113rt\u012bbas \u2013 cie\u0146a, demokr\u0101tija, vienl\u012bdz\u012bba, pie\u0146em\u0161ana\/tolerance, atbalsts, draudz\u012bba, atv\u0113rt\u012bba, uztic\u0113\u0161an\u0101s u.c.<\/li>\n\n\n\n<li>Nometn\u0113 tiek veicin\u0101ta dal\u012bbnieku savstarp\u0113ja iepaz\u012b\u0161an\u0101s, vienm\u0113r<br>n\u0113s\u0101jot v\u0101rda kartes, uzturot neform\u0101lu, draudz\u012bgu atmosf\u0113ru, lietojot<br>uzrunu \u201cTu\u201d, k\u0101 ar\u012b malt\u012bt\u0113s un nodarb\u012bb\u0101s cen\u0161oties s\u0113d\u0113t kop\u0101 ar<br>iepriek\u0161 neiepaz\u012btiem cilv\u0113kiem.<\/li>\n\n\n\n<li>3&#215;3 simbols ir Dieva z\u012bme. Katra nometne var izstr\u0101d\u0101t savu Dieva z\u012bmes variantu.<\/li>\n\n\n\n<li>Pirms malt\u012bt\u0113m dzied galda dziesmu vai skaita galda l\u016bg\u0161anu. \u201cMet, Dievi\u0146i, zelta krustu\u201d ir visbie\u017e\u0101k lietot\u0101 galda dziesma.<\/li>\n\n\n\n<li>P\u0113c vis\u0101m nodarb\u012bb\u0101m dzied vakara dziesmu. \u201c\u0160\u0137iramies(i) m\u0113s \u013cauti\u0146i\u201d ir visbie\u017e\u0101k lietot\u0101 vakara dziesma.<\/li>\n\n\n\n<li>P\u0113c p\u0113d\u0113j\u0101s malt\u012btes pateicas virtuves person\u0101lam ar dziesmu \u201cTe bij\u2019 laba saiminiece.\u201d<\/li>\n\n\n\n<li>Nometni atkl\u0101jot, uzvelk Latvijas karogu un dzied \u201cDievs, sv\u0113t\u012b Latviju.\u201d<\/li>\n\n\n\n<li>Nometni sl\u0113dzot, novelk karogu un dzied \u201cDaugav\u2019 abas malas.\u201d<\/li>\n\n\n\n<li>Nodarb\u012bbas s\u0101k un beidz prec\u012bzi noteiktaj\u0101 laik\u0101.<\/li>\n\n\n\n<li>V\u0113lams izdot nometnes av\u012bzi un, ja iesp\u0113jams, veidot video. Inform\u0101cija par nometni ievietojama www.3&#215;3.lv un medijos.<\/li>\n\n\n\n<li>Ja likumi to at\u013cauj, dara pieejamu to nometnes dal\u012bbnieku adre\u0161u sarakstu, kuri v\u0113las tikt taj\u0101 iek\u013cauti.<\/li>\n\n\n\n<li>Dal\u012bbnieki var pieteikties individu\u0101li vai divu un tr\u012bs paaud\u017eu \u0123ime\u0146u vien\u012bb\u0101s. Kodol\u0123imenei ar 2+ b\u0113rniem tiek piem\u0113rota \u0123imenes dal\u012bbas maksa. Ide\u0101li ir, ja nomet\u0146u dal\u012bbnieki ir no vis\u0101m vecuma grup\u0101m. Iesp\u0113ju robe\u017e\u0101s ir j\u0101veicina un j\u0101atbalsta daudzb\u0113rnu \u0123ime\u0146u un tr\u012bs paaud\u017eu \u0123ime\u0146u piedal\u012b\u0161an\u0101s.<\/li>\n\n\n\n<li>B\u0113rni, kuri ir jaun\u0101ki par 18 gadiem, nometn\u0113 var piedal\u012bties tikai kop\u0101 ar vec\u0101kiem\/vecvec\u0101kiem vai vec\u0101ku rakstiski apstiprin\u0101tiem aizbild\u0146iem.<\/li>\n\n\n\n<li>Lai sasniegtu savus m\u0113r\u0137us, nometn\u0113m ir nepiecie\u0161ams r\u016bp\u012bgs organiz\u0101cijas un administr\u0101cijas darbs, ko veic vad\u012bt\u0101js un vi\u0146a izv\u0113l\u0113t\u0101 darba grupa. Ir svar\u012bgi, ka ar\u012b dal\u012bbnieki j\u016btas iesaist\u012bti un l\u012bdzatbild\u012bgi nometnes darb\u012bbas un gaisotnes veido\u0161an\u0101.<\/li>\n\n\n\n<li>Nometnei ir nepiecie\u0161ami \u013coti labi kvalific\u0113ti lektori un meistari, kuri savu vielu var pasniegt visiem saprotam\u0101 un saisto\u0161\u0101 veid\u0101, maksim\u0101li veicinot mijiedarb\u012bbu. Nometnes sagatavo\u0161anas gait\u0101 vad\u012bt\u0101ji vienojas ar katru lektoru par ievirzes saturu. V\u0113lams, lai vairums lektoru nometn\u0113 piedal\u012btos visu laiku.<\/li>\n\n\n\n<li>Organiz\u0113jot 3&#215;3, ir j\u0101izstr\u0101d\u0101 ievir\u017eu apraksti un ar tiem j\u0101iepaz\u012bstina iesp\u0113jamie 3&#215;3 dal\u012bbnieki. J\u0101izstr\u0101d\u0101 ar\u012b iek\u0161\u0113j\u0101s k\u0101rt\u012bbas noteikumi un ar tiem j\u0101iepaz\u012bstina dal\u012bbnieki. V\u0113lams ierobe\u017eot alkohola lieto\u0161anu.<\/li>\n\n\n\n<li>3&#215;3 programmas ir p\u0113c iesp\u0113jas daudzveid\u012bgas, atbilsto\u0161as da\u017e\u0101du vecuma grupu vajadz\u012bb\u0101m un interes\u0113m.<\/li>\n\n\n\n<li>3&#215;3 programm\u0101s tradicion\u0101li ietilpst da\u017e\u0101di darb\u012bbas veidi:<br>\u2022 ievirzes \u2013 teor\u0113tisk\u0101s un praktisk\u0101s (galvas un roku), kam paredz\u0113tais laiks ir apm\u0113ram 2,5 stundas x 6 dienas. Dienas garum\u0101 notiek 2-3 ievirzes; dal\u012bbnieku skaitu nosaka ievirzes vad\u012bt\u0101js<br>\u2022 1\/2&#215;1\/2 ir nodarb\u012bbas b\u0113rniem zem 12 gadu vecuma, kuru skaitu un saturu veido atbilsto\u0161i b\u0113rnu skaitam, vecumam un interes\u0113m<br>\u2022 koprefer\u0101ti<br>\u2022 vakara programmas, bie\u017ei divas ik vakaru, pirm\u0101 p\u0113c iesp\u0113jas piem\u0113rota ar\u012b b\u0113rnu l\u012bdzdal\u012bbai<br>\u2022 n\u012bk\u0161ana \u2013 p\u0113c vakara nodarb\u012bb\u0101m \u2013 neform\u0101la dzied\u0101\u0161ana, dan\u010di, zol\u012btes turn\u012brs, galda sp\u0113les, sabiedrisk\u0101 dz\u012bve utt.<\/li>\n\n\n\n<li>3&#215;3 vad\u012bbas loks (vad\u012bt\u0101ji, lektori, meistari u.c. darbinieki) nesa\u0146em atalgojumu naud\u0101, bet 3&#215;3 sedz vi\u0146u ce\u013ca izdevumus, gultas vietu un malt\u012btes.<\/li>\n\n\n\n<li>Ievir\u017eu un citu nodarb\u012bbu skaitu un garumu, t\u0101pat k\u0101 nometnes dienas k\u0101rt\u012bbu nosaka nometnes vad\u012bt\u0101js un vad\u012bbas loks, \u0146emot v\u0113r\u0101 dal\u012bbnieku skaitu, intereses un pieejamos resursus.<\/li>\n\n\n\n<li>Vad\u012bt\u0101ju un nometnes vietu ir v\u0113lams izv\u0113l\u0113ties vienu vai pat divus gadus pirms nometnes s\u0101kuma.<\/li>\n\n\n\n<li>Programmai v\u0113lams b\u016bt 3&#215;3 padomes un nometnes vad\u012bbas loka preciz\u0113tai un apstiprin\u0101tai.<\/li>\n\n\n\n<li>Nometnes dal\u012bbnieku skaits ir atkar\u012bgs no situ\u0101cijas da\u017e\u0101d\u0101s zem\u0113s.<\/li>\n<\/ol>\n","protected":false},"excerpt":{"rendered":"<p>Pie\u0146emtas PBLA Izgl\u012bt\u012bbas padom\u0113. Pilnveidotas un apstiprin\u0101tas vad\u012bbas loka nometn\u0113 Mazsalac\u0101 2008. gada 26. j\u016blij\u0101. Papildin\u0101tas ASV 3&#215;3 padomes s\u0113d\u0113 2010. gada oktobr\u012b, papildin\u0101jums pie\u0146emts Latvijas 3&#215;3 padomes s\u0113d\u0113 2011&#8230;.<\/p>\n","protected":false},"author":1,"featured_media":0,"parent":4,"menu_order":4,"comment_status":"closed","ping_status":"closed","template":"page-templates\/no-sidebar.php","meta":{"__cvm_playback_settings":[],"__cvm_video_id":"","footnotes":""},"class_list":["post-850","page","type-page","status-publish","hentry"],"_links":{"self":[{"href":"https:\/\/www.3x3.lv\/index.php?rest_route=\/wp\/v2\/pages\/850","targetHints":{"allow":["GET"]}}],"collection":[{"href":"https:\/\/www.3x3.lv\/index.php?rest_route=\/wp\/v2\/pages"}],"about":[{"href":"https:\/\/www.3x3.lv\/index.php?rest_route=\/wp\/v2\/types\/page"}],"author":[{"embeddable":true,"href":"https:\/\/www.3x3.lv\/index.php?rest_route=\/wp\/v2\/users\/1"}],"replies":[{"embeddable":true,"href":"https:\/\/www.3x3.lv\/index.php?rest_route=%2Fwp%2Fv2%2Fcomments&post=850"}],"version-history":[{"count":4,"href":"https:\/\/www.3x3.lv\/index.php?rest_route=\/wp\/v2\/pages\/850\/revisions"}],"predecessor-version":[{"id":2663,"href":"https:\/\/www.3x3.lv\/index.php?rest_route=\/wp\/v2\/pages\/850\/revisions\/2663"}],"up":[{"embeddable":true,"href":"https:\/\/www.3x3.lv\/index.php?rest_route=\/wp\/v2\/pages\/4"}],"wp:attachment":[{"href":"https:\/\/www.3x3.lv\/index.php?rest_route=%2Fwp%2Fv2%2Fmedia&parent=850"}],"curies":[{"name":"wp","href":"https:\/\/api.w.org\/{rel}","templated":true}]}}