{"id":920,"date":"2017-11-15T09:16:49","date_gmt":"2017-11-15T07:16:49","guid":{"rendered":"http:\/\/www.3x3.lv\/?page_id=920"},"modified":"2018-08-21T18:46:07","modified_gmt":"2018-08-21T16:46:07","slug":"aicinam-pieteikties-uz-pirmo-3x3-saietu-vacija","status":"publish","type":"page","link":"https:\/\/www.3x3.lv\/?page_id=920","title":{"rendered":"Aicin\u0101m pieteikties uz pirmo 3&#215;3 saietu V\u0101cij\u0101!"},"content":{"rendered":"<p style=\"text-align: justify;\">Latvie\u0161u centr\u0101 <a href=\"https:\/\/www.latviesi.com\/berzaine\"><i>B\u0113rzaine<\/i><\/a>, Dienvidv\u0101cijas pils\u0113t\u0101 Freiburg\u0101, no 2018.gada 29. j\u016blija l\u012bdz 5. augustam notiks pasaules latvie\u0161u \u0123ime\u0146u saiets 3&#215;3, kas Viduseirop\u0101 atgriez\u012bsies p\u0113c vair\u0101k k\u0101 25 gadu p\u0101rtraukuma, kad 3&#215;3 notika pie Austra Gra\u0161a Abrenes pil\u012b, Francij\u0101.<\/p>\n<p><img loading=\"lazy\" decoding=\"async\" class=\"size-full wp-image-922\" src=\"https:\/\/www.3x3.lv\/wp-content\/uploads\/2017\/11\/Berzaine.jpg\" alt=\"\" width=\"1664\" height=\"1248\" srcset=\"https:\/\/www.3x3.lv\/wp-content\/uploads\/2017\/11\/Berzaine.jpg 1664w, https:\/\/www.3x3.lv\/wp-content\/uploads\/2017\/11\/Berzaine-300x225.jpg 300w, https:\/\/www.3x3.lv\/wp-content\/uploads\/2017\/11\/Berzaine-768x576.jpg 768w, https:\/\/www.3x3.lv\/wp-content\/uploads\/2017\/11\/Berzaine-1024x768.jpg 1024w\" sizes=\"auto, (max-width: 1664px) 100vw, 1664px\" \/><\/p>\n<p>Starp daudz\u0101m lielisk\u0101m iesp\u0113j\u0101m, ko dar\u012bt Latvijas simtgades gad\u0101, tie\u0161i B\u0113rzaines 3&#215;3 Tavai \u0123imenei var\u0113tu b\u016bt viens no interesant\u0101kajiem piedz\u012bvojumiem.\u00a0Ar\u012b pirmaj\u0101 3&#215;3 V\u0101cij\u0101 t\u0101 m\u0113r\u0137i un vadl\u012bnijas b\u016bs t\u0101pat k\u0101 p\u0101r\u0113jiem saietiem 3&#215;3 kust\u012bb\u0101 ASV, Austr\u0101lij\u0101, Lielbrit\u0101nij\u0101, \u012arij\u0101 un Latvij\u0101, jo esam viena saime, lai kur\u0101 pasaules mal\u0101 neb\u016btu!\u00a0 3\u00d73 tiek r\u012bkotas visu vecumu latvie\u0161iem no visiem kontinentiem, lai padzi\u013cin\u0101tu un papla\u0161in\u0101tu latvisk\u0101s zin\u0101\u0161anas, stiprin\u0101tu latviskas \u0123imenes, sekm\u0113tu latviskas draudz\u012bbas un veicin\u0101tu latvisku kop\u012bbas izj\u016btu.<\/p>\n<p style=\"text-align: justify;\">3&#215;3 B\u0113rzain\u0113 vad\u012bs Inese Avena, \u0100ris Avens un Indulis B\u0113rzi\u0146\u0161. Inese ir B\u0113rzaines saimniece un vad\u012bjusi \u010detrus 3&#215;3 Latvij\u0101 &#8211;\u00a0 <a href=\"https:\/\/www.3x3.lv\/KRATUVE\/Mazsalaca2010\/\">Mazsalac\u0101 <\/a>un Neret\u0101. \u0100ris k\u0101 B\u0113rzaines saimnieks r\u016bp\u0113sies, lai dal\u012bbniekiem viss ar sadz\u012bvisk\u0101m liet\u0101m b\u016btu k\u0101rt\u012bb\u0101, t.sk., \u016bdens uz galvas tec\u0113tu, kad vajag, un netec\u0113tu, kad nevajag. Savuk\u0101rt Indulis pats par sevi saka, ka ir izaudzis 3&#215;3 un \u0161obr\u012bd vada interneta port\u0101lu Latviesi.com un akt\u012bvi str\u0101d\u0101 organiz\u0101cij\u0101s Daugavas Vanagi V\u0101cij\u0101, Eiropas Latvie\u0161u apvien\u012bb\u0101 un Pasaules Br\u012bvo latvie\u0161u apvien\u012bb\u0101, lai 3&#215;3 ieg\u016bt\u0101s zin\u0101\u0161anas pal\u012bdz\u0113tu nodot t\u0101l\u0101k ar\u012b n\u0101kamaj\u0101m paaudz\u0113m un latvie\u0161iem vis\u0101 pasaul\u0113.<\/p>\n<p style=\"text-align: justify;\">B\u0113rzaine, kas nu jau vair\u0101k \u00a0nek\u0101 65 gadus pieder latvie\u0161u organiz\u0101cijai <i>Daugavas Vanagi<\/i> <i>V\u0101cij\u0101<\/i>, ir \u012bsta <i>maz\u0101 Latvija<\/i>, kur iegriezties ikvienam ce\u013ciniekam. B\u0113rzaines sen\u0101 viesu m\u0101ja, kas s\u0101kotn\u0113ji bija dom\u0101ta k\u0101 latvie\u0161u kara inval\u012bdu m\u012btne, pak\u0101peniski ir p\u0101rv\u0113rtusies m\u016bsdien\u012bg\u0101 viesu nam\u0101. No B\u0113rzaines pakalniem paveras pasakaini skati uz \u0160varcvaldes, Kaizer\u0161t\u016bla un Elzasas kalniem un ielej\u0101m. Ar vair\u0101k nek\u0101 5 hekt\u0101ru plat\u012bbu B\u0113rzaine ir br\u012bni\u0161\u0137\u012bgi skaista vieta latvie\u0161u kop\u0101 san\u0101k\u0161an\u0101m. Ceturtdien, ekskursiju dien\u0101, b\u016bs iesp\u0113jams izbaud\u012bt vienu no <a href=\"https:\/\/www.latviesi.com\/lapas\/34845-latviesu-centrs-freiburga\/vienas-dienas-izbraucieni\">daudzaj\u0101m apk\u0101rtnes br\u012bni\u0161\u0137\u012bgaj\u0101m iesp\u0113j\u0101m<\/a> &#8211; <a href=\"https:\/\/www.latviesi.com\/jaunumi\/raksts\/111339-europapark-rust-labakais-piedzivojumu-parks-pasaule\/\">Europark<\/a>; <a href=\"https:\/\/www.latviesi.com\/jaunumi\/raksts\/111668-zentas-maurinas-iela-pieminas-istaba-un-kapa-vieta-bad-krozingen\/\">Zentas Mauri\u0146as p\u0113das Bad Krozingen<\/a> un term\u0101los baseinus; \u0160varcvaldes kalnus un ielejas; <a href=\"https:\/\/www.latviesi.com\/jaunumi\/raksts\/111338-puku-rotatais-elzasas-vina-cels-francija\/\">Elzasas v\u012bna ce\u013ca gleznain\u0101s pils\u0113tas<\/a>, <a href=\"https:\/\/www.latviesi.com\/jaunumi\/raksts\/111667-elzasas-majestatiska-pils-hoh-kenigsburga-jeb-hoch-konigsburg\/\">majest\u0101tisko pili Hoh-K\u0113nigsburga<\/a>, <a href=\"https:\/\/www.latviesi.com\/jaunumi\/raksts\/112245-erglu-parks-la-volerie-des-aigles-kintzheim-francija\/\">putnu \u0161ovu \u0112rg\u013cu park\u0101<\/a> un m\u0113rka\u0137u parku Kincheim\u0101; <a href=\"https:\/\/www.latviesi.com\/jaunumi\/raksts\/111376-debeskiga-puku-sala-mainau\/\">Pasakaino pu\u0137u salu Mainau<\/a> un <a href=\"https:\/\/www.latviesi.com\/jaunumi\/raksts\/111303-iespaidigais-reinas-udenskritums-safhauzena\/\">Eiropas liel\u0101ko \u016bdenskritumu Rheinfal \u0160veic\u0113<\/a>.<\/p>\n<p style=\"text-align: justify;\">Pa\u0161iem maz\u0101kajiem katru dienu notiks b\u0113b\u012b\u0161u skoli\u0146a. B\u0113rniem no 3 l\u012bdz 7 gadu vecumam b\u016bs iesp\u0113jams piedal\u012bties Spr\u012bd\u012b\u0161u skoli\u0146\u0101.<\/p>\n<p style=\"text-align: justify;\">Dal\u012bbnieki visu ned\u0113\u013cu\u00a0 katrs var\u0113s piedal\u012bties div\u0101s ievirz\u0113s. S\u0101kot no 7 gadu vecuma, b\u016bs vilku m\u0101c\u012bba, notis un dzied\u0101\u0161ana, kokl\u0113\u0161ana, dan\u010du so\u013ci un dejas pamati \u0123imen\u0113m ar b\u0113rniem, le\u013c\u013cu te\u0101tris un masku rado\u0161\u0101s darbn\u012bcas, folklora un tautasdziesmas \u0123imen\u0113m ar b\u0113rniem, latvisk\u0101s gadsk\u0101rtas, \u017eurn\u0101listika un film\u0113\u0161ana, mont\u0113\u0161ana, public\u0113\u0161ana ar viedt\u0101lru\u0146iem.<\/p>\n<p style=\"text-align: justify;\">Dal\u012bbnieki, s\u0101kot no 13 gadu vecuma, var\u0113s izv\u0113l\u0113ties \u0161\u0101das ievirzes: \u0123imenes semin\u0101rs, kur \u012bpa\u0161u v\u0113r\u012bbu piev\u0113rs\u012bs dz\u012bvei divkult\u016bru vid\u0113, latvisk\u0101 virtuve jeb latvie\u0161u \u0113dieni pasaul\u0113, v\u0101rda sp\u0113ks un p\u013cavas m\u0101c\u012bba &#8211; z\u0101\u013cu sievas zelta padomi, rakstaino celai\u0146u au\u0161ana, politika un pilsonisk\u0101 latviet\u012bba &#8211; apzi\u0146a, l\u012bzdal\u012bba un publisk\u0101 diplom\u0101tija. B\u016bs ievirze \u0123imenes locek\u013ciem, kas nav latvie\u0161i, lai tie var\u0113tu tuv\u0101k iepaz\u012bt latvisk\u0101s trad\u012bcijas, apspriest kop\u012bgos izaicin\u0101jumus (piem\u0113ram, &#8220;k\u0101p\u0113c latvie\u0161i vienm\u0113r dzied, ar\u012b \u0101rpus du\u0161as?&#8221; un &#8220;vai j\u016bsu d\u0101rz\u0101 ar\u012b visos st\u016bros aug dilles?&#8221;).<\/p>\n<p style=\"text-align: justify;\">Pievakar\u0113 katru dienu var\u0113s piedal\u012bties cit\u0101 nodarb\u0113- gatavot d\u0101vanas pa\u0161u rok\u0101m vai rotas no dabas materi\u0101liem, gleznot, p\u012bt vainagus, ad\u012bt, sportot (novuss, badmintons, izj\u0101des ar zirgiem un ponijiem, zol\u012bte u.c.). B\u016bs ar\u012b jaunie\u0161u semin\u0101rs, dan\u010di, n\u012bk\u0161ana, dzied\u0101\u0161ana un vakar\u0113\u0161ana pie t\u0113jas.<\/p>\n<p style=\"text-align: justify;\">Lai B\u0113rzain\u0113 ieliktu labus pamatus 3&#215;3 kust\u012bbai Viduseirop\u0101, ievir\u017eu vad\u012b\u0161anu \u0161obr\u012bd apstiprin\u0101ju\u0161i lektori ar ilggad\u0113ju pieredzi: L\u012bga Ruperte, M\u0101ra Tupese, Inese un J\u0101nis Atis Kr\u016bmi\u0146i, Austris Grasis un Ieva Freinberga, Ingus un Egija Kr\u016bmi\u0146i, Laila un J\u0101nis Kirmu\u0161kas, L\u012bga Reitere un Gunta Jakovela.<\/p>\n<p style=\"text-align: justify;\">Dal\u012bbu apstiprin\u0101jusi ar\u012b Latvijas Republikas Kult\u016bras ministre Dace Melb\u0101rde. Saietam piesaist\u012bti ar\u012b citi pieredz\u0113ju\u0161i lektori un savas jomas profesion\u0101\u013ci no Latvijas un latvie\u0161u kopien\u0101m Eirop\u0101: tie b\u016bs M\u0101rti\u0146\u0161 Sirmais, El\u012bna Pinto, Vinija Folkmane, Aiga O\u017eehovska, Ilze Atardo, Laura Put\u0101ne, Inta Paulsone, Antra G\u016btmane\u00a0 u.c. Saieta TV nodro\u0161in\u0101s Juris S\u0113j\u0101ns, av\u012bzes izdo\u0161anu organiz\u0113s Daiga un Aldis Bitinieki. Saieta laik\u0101 Monta un Armands Jakoveli film\u0113s materi\u0101lu dokument\u0101lajai filmai par 3&#215;3.<\/p>\n<p style=\"text-align: justify;\">Saiet\u0101 aicin\u0101tas pieteikties k\u0101 \u0123imenes t\u0101 individu\u0101li dal\u012bbnieki\u00a0no V\u0101cijas, Centr\u0101leiropas un visas pasaules. Organizatori priec\u0101sies par dal\u012bbnieku ap\u0146\u0113m\u012bbu B\u0113rzaines 3&#215;3 ieg\u016bt pieredzi un zin\u0101\u0161anas, lai jau \u0161aj\u0101 saiet\u0101 vai n\u0101kamajos gados pa\u0161i var\u0113tu uz\u0146emties k\u0101das ievirzes vad\u012b\u0161anu vai str\u0101d\u0101t n\u0101kamo saietu darba grup\u0101s!<\/p>\n<p style=\"text-align: justify;\">Dal\u012bbas maksa vienai personai ir 290 eiro, b\u0113rniem l\u012bdz 7 gadu vecumam &#8211; puscena. B\u0113rniem l\u012bdz 2 gadu vecumam par dal\u012bbu nav j\u0101maks\u0101. Dal\u012bbas maksa kodol\u0123imenei (vec\u0101ki ar nepilngad\u012bgiem b\u0113rniem) nep\u0101rsniedz 700 eiro par visiem dal\u012bbniekiem. Ja dal\u012bbnieki nev\u0113las nak\u0161\u0146ot B\u0113rzain\u0113, tad cena vienai personai- 190 eiro, b\u0113rnam l\u012bdz 7 gadiem -90 eiro.<\/p>\n<p style=\"text-align: justify;\">R\u012bkot\u0101ji aicina dal\u012bbniekus pieteikties par br\u012bvpr\u0101t\u012bgiem pal\u012bgiem mai\u0146\u0101s pal\u012bdz\u0113t virtuv\u0113 pie k\u0101das no \u0113dienreiz\u0113m. T\u0101pat organizatori cer, ka dal\u012bbnieku vid\u016b b\u016bs k\u0101ds medic\u012bnas darbinieks, kas vajadz\u012bbas gad\u012bjum\u0101 var\u0113s pal\u012bdz\u0113t mazu traumu gad\u012bjum\u0101. Br\u012bvpr\u0101t\u012bgajiem pal\u012bgiem j\u0101maks\u0101 puse no dal\u012bbas maksas.<\/p>\n<p style=\"text-align: justify;\">Pieteikuma v\u0113stuli s\u016btiet uz <a href=\"mailto:3x3vacija@latviesi.com\">3&#215;3@latviesi.com<\/a>. Taj\u0101, l\u016bdzu, past\u0101stiet, k\u0101d\u0113\u013c esiet nol\u0113mu\u0161i piedal\u012bties 3&#215;3 saiet\u0101!\u00a0 P\u0113d\u0113jais termi\u0146\u0161 ir 1.febru\u0101ris, tom\u0113r aicin\u0101m pieteikties savlaic\u012bgi, lai visi dal\u012bbnieki var\u0113tu pl\u0101not n\u0101kam\u0101s vasaras atva\u013cin\u0101jumus. Iesp\u0113ju robe\u017e\u0101s apstiprin\u0101jumus dal\u012bbai 3&#215;3 dosim jau l\u012bdz Ziemassv\u0113tkiem.<\/p>\n<p>Uz tik\u0161anos B\u0113rzain\u0113!<\/p>\n<p><strong>Indulis B\u0113rzi\u0146\u0161<\/strong><\/p>\n<p>2017.gada 11.novembr\u012b<\/p>\n","protected":false},"excerpt":{"rendered":"<p>Latvie\u0161u centr\u0101 B\u0113rzaine, Dienvidv\u0101cijas pils\u0113t\u0101 Freiburg\u0101, no 2018.gada 29. j\u016blija l\u012bdz 5. augustam notiks pasaules latvie\u0161u \u0123ime\u0146u saiets 3&#215;3, kas Viduseirop\u0101 atgriez\u012bsies p\u0113c vair\u0101k k\u0101 25 gadu p\u0101rtraukuma, kad 3&#215;3&#8230;<\/p>\n","protected":false},"author":1,"featured_media":0,"parent":1262,"menu_order":0,"comment_status":"closed","ping_status":"closed","template":"","meta":{"__cvm_playback_settings":[],"__cvm_video_id":"","footnotes":""},"class_list":["post-920","page","type-page","status-publish","hentry"],"_links":{"self":[{"href":"https:\/\/www.3x3.lv\/index.php?rest_route=\/wp\/v2\/pages\/920","targetHints":{"allow":["GET"]}}],"collection":[{"href":"https:\/\/www.3x3.lv\/index.php?rest_route=\/wp\/v2\/pages"}],"about":[{"href":"https:\/\/www.3x3.lv\/index.php?rest_route=\/wp\/v2\/types\/page"}],"author":[{"embeddable":true,"href":"https:\/\/www.3x3.lv\/index.php?rest_route=\/wp\/v2\/users\/1"}],"replies":[{"embeddable":true,"href":"https:\/\/www.3x3.lv\/index.php?rest_route=%2Fwp%2Fv2%2Fcomments&post=920"}],"version-history":[{"count":4,"href":"https:\/\/www.3x3.lv\/index.php?rest_route=\/wp\/v2\/pages\/920\/revisions"}],"predecessor-version":[{"id":926,"href":"https:\/\/www.3x3.lv\/index.php?rest_route=\/wp\/v2\/pages\/920\/revisions\/926"}],"up":[{"embeddable":true,"href":"https:\/\/www.3x3.lv\/index.php?rest_route=\/wp\/v2\/pages\/1262"}],"wp:attachment":[{"href":"https:\/\/www.3x3.lv\/index.php?rest_route=%2Fwp%2Fv2%2Fmedia&parent=920"}],"curies":[{"name":"wp","href":"https:\/\/api.w.org\/{rel}","templated":true}]}}